{"id":9357,"date":"2025-08-08T16:09:16","date_gmt":"2025-08-08T19:09:16","guid":{"rendered":"https:\/\/toledo.ufpr.br\/medicinatoledo\/?page_id=9357"},"modified":"2026-02-19T13:06:02","modified_gmt":"2026-02-19T16:06:02","slug":"monitoria-digital-2025","status":"publish","type":"page","link":"https:\/\/toledo.ufpr.br\/medicinatoledo\/monitoria-digital-2025\/","title":{"rendered":"Monitoria Digital 2025"},"content":{"rendered":"\n<p><strong>MONITORIA \u2013 Sele\u00e7\u00e3o ano letivo 2025\/2:<\/strong><\/p>\n\n\n\n<p><strong>MONITORIA<\/strong> \u2013 HABILIDADES M\u00c9DICAS III \u2013 2025\/2<\/p>\n\n\n\n<p><strong>Data para inscri\u00e7\u00f5es:<\/strong> 11\/08\/2025 \u00e0 12\/08\/2025 (at\u00e9 \u00e0s 18:00h)<br><strong>Data da prova\/entrevista:<\/strong> Ser\u00e3o avisados via Whatsapp<\/p>\n\n\n\n<p><a href=\"https:\/\/toledo.ufpr.br\/wp-content\/uploads\/2025\/08\/Edital-selecao-de-monitores-em-HM-III-2025.pdf\" target=\"_blank\" rel=\"noreferrer noopener\">Edital sele\u00e7\u00e3o monitoria HM III &#8211; 2025\/02<\/a><\/p>\n\n\n\n<p><strong>MONITORIA<\/strong> \u2013 BASES FARMACOL\u00d3GICAS DA TERAP\u00caUTICA &#8211; TLDM143 \u2013 2025\/2<\/p>\n\n\n\n<p><strong>Data para inscri\u00e7\u00f5es:<\/strong> 09\/08\/2025 \u00e0 12\/08\/2025<br><strong>Data da prova\/entrevista:<\/strong> 15\/08\/2025<\/p>\n\n\n\n<p><a href=\"https:\/\/toledo.ufpr.br\/wp-content\/uploads\/2025\/08\/Edital-Monitoria-Bases-Farmacologicas-da-Terapeutica-assinado.pdf\" target=\"_blank\" rel=\"noreferrer noopener\">Edital sele\u00e7\u00e3o monitoria TLDM143 &#8211; 2025\/02<\/a><br><a href=\"https:\/\/toledo.ufpr.br\/wp-content\/uploads\/2025\/08\/Resultado-da-Prova-de-Selecao-de-Monitores-Bases-farmacologicas-da-terapeutica-assinado.pdf\" target=\"_blank\" rel=\"noreferrer noopener\">Edital Resultado Monitoria TLDM143 &#8211; 2025\/02<\/a><\/p>\n\n\n\n<p><strong>MONITORIA<\/strong> \u2013 URG\u00caNCIAS E EMERG\u00caNCIAS I \u2013 2025\/2<\/p>\n\n\n\n<p><strong>Data para inscri\u00e7\u00f5es:<\/strong> at\u00e9 10\/08\/2025 (23:59h)<br><strong>Data da sele\u00e7\u00e3o\/entrevista:<\/strong> 12\/08\/2025<br><strong>Publica\u00e7\u00e3o do resultado: <\/strong>13\/08\/2025<\/p>\n\n\n\n<p><a href=\"https:\/\/toledo.ufpr.br\/wp-content\/uploads\/2025\/08\/SEI_8027493_Edital_1.pdf\" target=\"_blank\" rel=\"noreferrer noopener\">Edital sele\u00e7\u00e3o monitoria UE I &#8211; 2025\/02<\/a><br><a href=\"https:\/\/toledo.ufpr.br\/medicinatoledo\/wp-content\/uploads\/sites\/3\/2025\/08\/SEI_8038395_Edital_2-resultado.pdf\" target=\"_blank\" rel=\"noreferrer noopener\">Resultado Edital UEP I &#8211; 2025\/02<\/a><\/p>\n\n\n\n<p><strong>MONITORIA<\/strong> \u2013 PRINC\u00cdPIOS DE ANATOMIA E FISIOLOGIA \u2013 ANATOMIA HUMANA &#8211; 2025\/2<\/p>\n\n\n\n<p><strong>Data para inscri\u00e7\u00f5es:<\/strong> 07\/08\/2025 \u00e0 12\/08\/2025<br><strong>Data da prova e entrevista:<\/strong> QUARTA-FEIRA 13\/08\/2025 das 13h \u00e0s 14h.<br><strong>Publica\u00e7\u00e3o do resultado: <\/strong>at\u00e9 18\/08\/2025.<\/p>\n\n\n\n<p><a href=\"https:\/\/toledo.ufpr.br\/medicinatoledo\/wp-content\/uploads\/sites\/3\/2025\/08\/Edital-selecao-monitoria-PAF-2025-2.pdf\" target=\"_blank\" rel=\"noreferrer noopener\">Edital sele\u00e7\u00e3o monitoria PAF &#8211; 2025-2<\/a><br><a href=\"https:\/\/toledo.ufpr.br\/medicinatoledo\/wp-content\/uploads\/sites\/3\/2025\/08\/Edital-resultado-monitoria-PAF-2025.2.pdf\" target=\"_blank\" rel=\"noreferrer noopener\">Edital resultado monitoria PAF &#8211; 2025-2<\/a><\/p>\n\n\n\n<p><strong>MONITORIA<\/strong> \u2013 AGENTES AGRESSORES E MECANISMOS DE DEFESA I \u2013 PARASITOLOGIA &#8211; 2025\/2<\/p>\n\n\n\n<p><strong>Data para inscri\u00e7\u00f5es:<\/strong> 07\/08\/2025 \u00e0 12\/08\/2025<br><strong>Data da prova e entrevista:<\/strong> : QUARTA-FEIRA 13\/08\/2025 das 13h \u00e0s 14h.<br><strong>Publica\u00e7\u00e3o do resultado: <\/strong>at\u00e9 18\/08\/2025.<\/p>\n\n\n\n<p><a href=\"https:\/\/toledo.ufpr.br\/medicinatoledo\/wp-content\/uploads\/sites\/3\/2025\/08\/Edital-selecao-monitoria-AAMDI-Parasitologia-2025-2.pdf\" target=\"_blank\" rel=\"noreferrer noopener\">Edital sele\u00e7\u00e3o monitoria AAMDI &#8211; Parasitologia &#8211; 2025-2<\/a><br><a href=\"https:\/\/toledo.ufpr.br\/medicinatoledo\/wp-content\/uploads\/sites\/3\/2025\/08\/Edital-resultado-monitoria-AAMDI-2025.2.pdf\" target=\"_blank\" rel=\"noreferrer noopener\">Edital resultado monitoria AAMDI &#8211; 2025-2<\/a><\/p>\n\n\n\n<p><strong>MONITORIA<\/strong> \u2013 Urg\u00eancias e Emerg\u00eancias III \u2013 Per\u00edodo letivo 2025\/02<\/p>\n\n\n\n<p><strong>Data para inscri\u00e7\u00f5es:<\/strong> 06\/08\/2025 (at\u00e9 23:59h).<br><strong>Data da prova e entrevista:<\/strong> at\u00e9 13\/08\/2025 pela manh\u00e3.<br><strong>Publica\u00e7\u00e3o do resultado: <\/strong>13\/08\/2025 \u00e0 tarde.<\/p>\n\n\n\n<p><a href=\"https:\/\/toledo.ufpr.br\/wp-content\/uploads\/2025\/08\/Edital_monitoria_UEP-III_2025_02.pdf\" target=\"_blank\" rel=\"noreferrer noopener\">Edital Monitoria &#8211; UEP III &#8211; 2025\/2<\/a><br><a href=\"https:\/\/toledo.ufpr.br\/wp-content\/uploads\/2025\/08\/Resultado-Monitoria-UEP-III_2025_02.docx.pdf\" target=\"_blank\" rel=\"noreferrer noopener\">Edital Resultado Monitoria &#8211; UEP III &#8211; 2025\/02<\/a><\/p>\n\n\n\n<p><strong>MONITORIA<\/strong> \u2013 Urg\u00eancias e Emerg\u00eancias V \u2013 Per\u00edodo letivo 2025\/02<\/p>\n\n\n\n<p><strong>Data para inscri\u00e7\u00f5es:<\/strong> 06\/08\/2025 (at\u00e9 23:59h).<br><strong>Data da prova e entrevista:<\/strong> at\u00e9 13\/08\/2025 pela manh\u00e3.<br><strong>Publica\u00e7\u00e3o do resultado: <\/strong>13\/08\/2025 \u00e0 tarde.<\/p>\n\n\n\n<p><a href=\"https:\/\/toledo.ufpr.br\/wp-content\/uploads\/2025\/08\/Edital_monitoria-UEP-V_2025_02-1.pdf\" target=\"_blank\" rel=\"noreferrer noopener\">Edital Monitoria &#8211; UEP V &#8211; 2025\/2<\/a><br><a href=\"https:\/\/toledo.ufpr.br\/wp-content\/uploads\/2025\/08\/Resultado-Monitoria-UEP-V_2025_02.pdf\" target=\"_blank\" rel=\"noreferrer noopener\">Edital Resultado Monitoria UEP V &#8211; 2025\/02<\/a><\/p>\n\n\n\n<p><strong>MONITORIA<\/strong> \u2013 PCM \u2013 HISTOLOGIA \u2013 Per\u00edodo letivo&nbsp;2025\/02<\/p>\n\n\n\n<p><strong>Data para inscri\u00e7\u00f5es:<\/strong> 05\/08\/2025 \u00e0 10\/08\/2025.<br><strong>Data da prova e entrevista:<\/strong> at\u00e9 15\/08\/2025.<\/p>\n\n\n\n<p><a href=\"https:\/\/toledo.ufpr.br\/medicinatoledo\/wp-content\/uploads\/sites\/3\/2025\/07\/Edital-selecao-monitoria-histologia-2025-2.pdf\" target=\"_blank\" rel=\"noreferrer noopener\">Edital Monitoria &#8211; Histologia &#8211; 2025-2<\/a><br><a href=\"https:\/\/toledo.ufpr.br\/wp-content\/uploads\/2025\/08\/Resultado-selecao-monitoria-histologia-2025-2.pdf\" target=\"_blank\" rel=\"noreferrer noopener\">Edital Resultado &#8211; Histologia &#8211; 2025\/02<\/a><\/p>\n\n\n\n<p><strong>MONITORIA<\/strong> \u2013 Urg\u00eancias e Emerg\u00eancias VI \u2013 Per\u00edodo letivo 2025\/02<\/p>\n\n\n\n<p><strong>Data para inscri\u00e7\u00f5es:<\/strong> 04\/08\/2025 (at\u00e9 as 23:59)<br><strong>Data da prova e entrevista:<\/strong> 07\/08\/2025<\/p>\n\n\n\n<p><a href=\"https:\/\/toledo.ufpr.br\/medicinatoledo\/wp-content\/uploads\/sites\/3\/2025\/07\/SEI_7987298_Edital_1.pdf\" target=\"_blank\" rel=\"noreferrer noopener\">Edital Urg\u00eancias e Emerg\u00eancias VI &#8211; 2025\/2<\/a><\/p>\n\n\n\n<hr class=\"wp-block-separator has-alpha-channel-opacity\"\/>\n\n\n\n<p><strong>MONITORIA \u2013 Sele\u00e7\u00e3o ano letivo 2025\/1:<\/strong><\/p>\n\n\n\n<p><strong>MONITORIA<\/strong> \u2013 ANATOMIA &#8211; (TLDM021)<\/p>\n\n\n\n<p><strong>Data para inscri\u00e7\u00f5es:<\/strong> 25\/03\/2025 a 27\/03\/2025<br><strong>Data da prova e entrevista:<\/strong> 28\/03\/2025<\/p>\n\n\n\n<p><a href=\"https:\/\/toledo.ufpr.br\/wp-content\/uploads\/2025\/03\/2025_1_Edital_Anatomia_monitoria.pdf\" target=\"_blank\" rel=\"noreferrer noopener\">Edital Monitoria ANATOMIA 2025\/1<\/a>&nbsp;<br><a href=\"https:\/\/toledo.ufpr.br\/wp-content\/uploads\/2025\/03\/2025_1_Resultado_Edital_Anatomia_monitoria.pdf\" target=\"_blank\" rel=\"noreferrer noopener\">Resultado Monitoria ANATOMIA 2025\/1<\/a>&nbsp;<\/p>\n\n\n\n<p><strong>MONITORIA<\/strong> \u2013 FUNDAMENTOS DE PATOLOGIA<\/p>\n\n\n\n<p><strong>Data para inscri\u00e7\u00f5es:<\/strong> 24\/03\/2025 e 25\/03\/2025 (at\u00e9 \u00e0s 18h)<br><strong>Data da entrevista on-line:<\/strong>&nbsp;24\/03\/2025<br><strong>Publica\u00e7\u00e3o do resultado:<\/strong> at\u00e9 27\/03\/2025<\/p>\n\n\n\n<p><a href=\"https:\/\/toledo.ufpr.br\/wp-content\/uploads\/2025\/03\/2025_1_Edital_PATO_monitoria.pdf\" target=\"_blank\" rel=\"noreferrer noopener\">Edital Monitoria PATOLOGIA 2025\/1<\/a>&nbsp;<\/p>\n\n\n\n<p><strong>MONITORIA<\/strong> \u2013 HISTOLOGIA \u2013 (SCPH)<\/p>\n\n\n\n<p><strong>Data para inscri\u00e7\u00f5es:<\/strong> 23\/03\/2025 a 25\/03\/2025 (at\u00e9 \u00e0s 18h)<br><strong>Data da entrevista on-line:<\/strong>&nbsp;24\/03\/2025<br><strong>Publica\u00e7\u00e3o do resultado:<\/strong> at\u00e9 27\/03\/2025<\/p>\n\n\n\n<p><a href=\"https:\/\/toledo.ufpr.br\/wp-content\/uploads\/2025\/03\/2025_1_Edital_SCPH_monitoria.pdf\" target=\"_blank\" rel=\"noreferrer noopener\">Edital Monitoria SCPH 2025\/1<\/a>&nbsp;<\/p>\n\n\n\n<p><strong>MONITORIA<\/strong> \u2013 BASES FARMACOL\u00d3GICAS DA TERAP\u00caUTICA \u2013 (TLDM022)<\/p>\n\n\n\n<p><strong>Data para inscri\u00e7\u00f5es:<\/strong> 17\/03\/2025 a 20\/03\/2025 (at\u00e9 \u00e0s 23:59 horas)<br><strong>Data da prova e entrevista:<\/strong>&nbsp;24\/03\/2025<br><strong>Local:<\/strong> Sala do 4\u00ba per\u00edodo \u2013 Campus da UFPR\/Biopark<\/p>\n\n\n\n<p><a href=\"https:\/\/toledo.ufpr.br\/wp-content\/uploads\/2025\/03\/2025_1_Edital_TLDM022_monitoria.pdf\" target=\"_blank\" rel=\"noreferrer noopener\">Edital Monitoria TLDM022 2025\/1<\/a><br><a href=\"https:\/\/toledo.ufpr.br\/wp-content\/uploads\/2025\/03\/Resultado-da-Prova-de-Selecao-de-Monitores-Bases-farmacologicas-da-terapeutica.pdf\" target=\"_blank\" rel=\"noreferrer noopener\">Resultado Monitoria TLDM022 2025\/1<\/a><\/p>\n\n\n\n<p><strong>MONITORIA<\/strong> \u2013 HABILIDADES OPERAT\u00d3RIAS II \u2013 (HO II)<\/p>\n\n\n\n<p><strong>Data para inscri\u00e7\u00f5es:<\/strong>&nbsp;13\/03\/2025 a 16\/03\/2025<\/p>\n\n\n\n<p><a href=\"https:\/\/toledo.ufpr.br\/wp-content\/uploads\/2025\/03\/2025_1_Edital_HO-II_monitoria.pdf\" target=\"_blank\" rel=\"noreferrer noopener\">Edital Monitoria HO II 2025\/1<\/a>&nbsp;<\/p>\n\n\n\n<p><strong>MONITORIA<\/strong> \u2013 HABILIDADES OPERAT\u00d3RIAS I \u2013 (HO I)<\/p>\n\n\n\n<p><strong>Data para inscri\u00e7\u00f5es:<\/strong> 13\/03\/2025 a 16\/03\/2025<\/p>\n\n\n\n<p><a href=\"https:\/\/toledo.ufpr.br\/wp-content\/uploads\/2025\/03\/2025_1_Edital_HO-I_monitoria.pdf\" target=\"_blank\" rel=\"noreferrer noopener\">Edital Monitoria HO I 2025\/1<\/a>&nbsp;<\/p>\n\n\n\n<p><strong>MONITORIA<\/strong> \u2013 HABILIDADES M\u00c9DICAS III \u2013 (HM III)<\/p>\n\n\n\n<p><strong>Data para inscri\u00e7\u00f5es:<\/strong> 11\/03\/2025 a 14\/03\/2025<br><strong>Data da entrevista on-line:<\/strong> Ser\u00e1 avisado por Whatsapp<\/p>\n\n\n\n<p><a href=\"https:\/\/toledo.ufpr.br\/wp-content\/uploads\/2025\/03\/2025_1_Edital_HM-III_monitoria.pdf\" target=\"_blank\" rel=\"noreferrer noopener\">Edital Monitoria HM III 2025\/1<\/a>&nbsp;<\/p>\n\n\n\n<p><strong>MONITORIA<\/strong> \u2013 HABILIDADES M\u00c9DICAS I \u2013 (HM I)<\/p>\n\n\n\n<p><strong>Data para inscri\u00e7\u00f5es:<\/strong> 10\/03\/2025 a 13\/03\/2025<br><strong>Data da entrevista on-line:<\/strong> 14\/03\/2025<\/p>\n\n\n\n<p><a href=\"https:\/\/toledo.ufpr.br\/wp-content\/uploads\/2025\/03\/2025_1_Edital_HM-I_monitoria.pdf\" target=\"_blank\" rel=\"noreferrer noopener\">Edital Monitoria HM I 2025\/1<\/a>&nbsp;<\/p>\n\n\n\n<p><strong>MONITORIA<\/strong> \u2013 INTERA\u00c7\u00c3O EM SA\u00daDE DA COMUNIDADE III \u2013 (ISC III)<\/p>\n\n\n\n<p><strong>Data para inscri\u00e7\u00f5es:<\/strong> 06\/03\/2025 a 20\/03\/2025 (at\u00e9 \u00e0s 18h)<br><strong>Data da entrevista on-line:<\/strong> 24\/03\/2025<br><strong>Publica\u00e7\u00e3o do resultado:<\/strong> at\u00e9 26\/03\/2025<\/p>\n\n\n\n<p><a href=\"https:\/\/toledo.ufpr.br\/wp-content\/uploads\/2025\/02\/2025_1_Edital_ISC-III_monitoria.pdf\" target=\"_blank\" rel=\"noreferrer noopener\">Edital Monitoria ISC III 2025\/1<\/a>&nbsp;<br><a href=\"https:\/\/toledo.ufpr.br\/wp-content\/uploads\/2025\/03\/2025_1_Resultado_Edital_ISC-III_monitoria.pdf\" target=\"_blank\" rel=\"noreferrer noopener\">Resultado Monitoria ISC III 2025\/1<\/a>&nbsp;<\/p>\n\n\n\n<p><strong>MONITORIA<\/strong> \u2013 PR\u00cdNCIPIOS DE ANATOMIA E FISIOLOGIA \u2013 ANATOMIA HUMANA \u2013 (PAF)<\/p>\n\n\n\n<p><strong>Data para inscri\u00e7\u00f5es:<\/strong> 26\/02\/2025 a 14\/03\/2025<br><strong>Data da entrevista on-line:<\/strong> 17\/03\/2025<br><strong>Publica\u00e7\u00e3o do resultado:<\/strong> at\u00e9 28\/03\/2025<\/p>\n\n\n\n<p><a href=\"https:\/\/toledo.ufpr.br\/wp-content\/uploads\/2025\/02\/2025_1_Edital_PAF_monitoria.pdf\" target=\"_blank\" rel=\"noreferrer noopener\">Edital Monitoria PAF 2025\/1<\/a>&nbsp;<br><a href=\"https:\/\/toledo.ufpr.br\/wp-content\/uploads\/2025\/03\/2025_1_Resultado_Edital_PAF_monitoria.pdf\" target=\"_blank\" rel=\"noreferrer noopener\">Resultado Monitoria PAF 2025\/1<\/a>&nbsp;<\/p>\n\n\n\n<p><strong>MONITORIA<\/strong> \u2013 AGENTES AGRESSORES E MECANISMOS DE DEFESA I \u2013 PARASITOLOGIA \u2013 (AAMDI)<\/p>\n\n\n\n<p><strong>Data para inscri\u00e7\u00f5es:<\/strong> 26\/02\/2025 a 14\/03\/2025<br><strong>Data da entrevista on-line:<\/strong> 17\/03\/2025<br><strong>Publica\u00e7\u00e3o do resultado:<\/strong> at\u00e9 28\/03\/2025<\/p>\n\n\n\n<p><a href=\"https:\/\/toledo.ufpr.br\/wp-content\/uploads\/2025\/02\/2025_1_Edital_AAMDI_parasitologia_monitoria.pdf\" target=\"_blank\" rel=\"noreferrer noopener\">Edital Monitoria AAMD I 2025\/1<\/a><br><a href=\"https:\/\/toledo.ufpr.br\/wp-content\/uploads\/2025\/03\/2025_1_Resultado_Edital_AAMDI_parasitologia_monitoria.pdf\" target=\"_blank\" rel=\"noreferrer noopener\">Resultado Monitoria AAMDI 2025\/1<\/a>&nbsp;<\/p>\n\n\n\n<p><strong>MONITORIA<\/strong> \u2013 HISTOLOGIA \u2013 (PCM)<\/p>\n\n\n\n<p><strong>Data para inscri\u00e7\u00f5es:<\/strong> 25\/02\/2025 a 26\/02\/2025 (at\u00e9 \u00e0s 23:59)<br><strong>Data da entrevista on-line:<\/strong> 27\/02\/2025<br><strong>Publica\u00e7\u00e3o do resultado:<\/strong> 28\/02\/2025<\/p>\n\n\n\n<p><a href=\"https:\/\/toledo.ufpr.br\/wp-content\/uploads\/2025\/02\/2025_1_Edital_PCM_histologia.pdf\" target=\"_blank\" rel=\"noreferrer noopener\">Edital Monitoria PCM 2025\/1<\/a>&nbsp;<br><a href=\"https:\/\/toledo.ufpr.br\/wp-content\/uploads\/2025\/03\/2025_1_Resultado_Edital_PCM_histologia.pdf\" target=\"_blank\" rel=\"noreferrer noopener\">Resultado Monitoria PCM 2025\/1<\/a>&nbsp;<\/p>\n\n\n\n<p><strong>MONITORIA<\/strong> \u2013 URG\u00caNCIAS E EMERG\u00caNCIAS V \u2013 (UEP V)<\/p>\n\n\n\n<p><strong>Data para inscri\u00e7\u00f5es:<\/strong> SOMENTE no dia 26\/02\/2025 (at\u00e9 \u00e0s 23:59h)<br><strong>Data da entrevista on-line:<\/strong> 06\/03\/2025<br><strong>Publica\u00e7\u00e3o do resultado:<\/strong> 07\/03\/2025<\/p>\n\n\n\n<p><a href=\"https:\/\/toledo.ufpr.br\/wp-content\/uploads\/2025\/02\/2025_1_Edital_UEP-V_monitoria.pdf\" target=\"_blank\" rel=\"noreferrer noopener\">Edital Monitoria UEP V 2025\/1<\/a>&nbsp;<br><a href=\"https:\/\/toledo.ufpr.br\/wp-content\/uploads\/2025\/03\/2025_1_Resultado_Edital_UEP-V_monitoria.pdf\" target=\"_blank\" rel=\"noreferrer noopener\">Resultado Monitoria UEP V 2025\/1<\/a>&nbsp;<\/p>\n\n\n\n<p><strong>MONITORIA<\/strong> \u2013 URG\u00caNCIAS E EMERG\u00caNCIAS III \u2013 (UEP III)<\/p>\n\n\n\n<p><strong>Data para inscri\u00e7\u00f5es:<\/strong> SOMENTE no dia 26\/02\/2025 (at\u00e9 \u00e0s 23:59h)<br><strong>Data da entrevista on-line:<\/strong> 06\/03\/2025<br><strong>Publica\u00e7\u00e3o do resultado:<\/strong> 07\/03\/2025<\/p>\n\n\n\n<p><a href=\"https:\/\/toledo.ufpr.br\/wp-content\/uploads\/2025\/02\/2025_1_Edital_UEP-III_monitoria.pdf\" target=\"_blank\" rel=\"noreferrer noopener\">Edital Monitoria UEP III 2025\/1<\/a>&nbsp;<br><a href=\"https:\/\/toledo.ufpr.br\/wp-content\/uploads\/2025\/03\/2025_1_Resultado_Edital_UEP-III_monitoria.pdf\" target=\"_blank\" rel=\"noreferrer noopener\">Resultado Monitoria UEP III 2025\/1<\/a>&nbsp;<\/p>\n\n\n\n<p><strong>MONITORIA<\/strong> &#8211; URG\u00caNCIAS E EMERG\u00caNCIAS I &#8211; (UEP I)<\/p>\n\n\n\n<p><strong>Data para inscri\u00e7\u00f5es:<\/strong> at\u00e9 04\/03\/2025 (at\u00e9 \u00e0s 23:59h)<br><strong>Data da entrevista on-line:<\/strong> 05\/03\/2025<br><strong>Publica\u00e7\u00e3o do resultado:<\/strong> at\u00e9 12\/03\/2025<\/p>\n\n\n\n<p><a href=\"https:\/\/toledo.ufpr.br\/wp-content\/uploads\/2025\/02\/2025_1_Edital_UEP-I_monitoria.pdf\" target=\"_blank\" rel=\"noreferrer noopener\">Edital Monitoria UEP I 2025\/1<\/a>&nbsp;<\/p>\n","protected":false},"excerpt":{"rendered":"<p>MONITORIA \u2013 Sele\u00e7\u00e3o ano letivo 2025\/2: MONITORIA \u2013 HABILIDADES M\u00c9DICAS III \u2013 2025\/2 Data para [&hellip;]<\/p>\n","protected":false},"author":2796,"featured_media":0,"parent":0,"menu_order":0,"comment_status":"closed","ping_status":"closed","template":"","meta":{"ngg_post_thumbnail":0,"footnotes":""},"class_list":["post-9357","page","type-page","status-publish","hentry"],"_links":{"self":[{"href":"https:\/\/toledo.ufpr.br\/medicinatoledo\/wp-json\/wp\/v2\/pages\/9357","targetHints":{"allow":["GET"]}}],"collection":[{"href":"https:\/\/toledo.ufpr.br\/medicinatoledo\/wp-json\/wp\/v2\/pages"}],"about":[{"href":"https:\/\/toledo.ufpr.br\/medicinatoledo\/wp-json\/wp\/v2\/types\/page"}],"author":[{"embeddable":true,"href":"https:\/\/toledo.ufpr.br\/medicinatoledo\/wp-json\/wp\/v2\/users\/2796"}],"replies":[{"embeddable":true,"href":"https:\/\/toledo.ufpr.br\/medicinatoledo\/wp-json\/wp\/v2\/comments?post=9357"}],"version-history":[{"count":2,"href":"https:\/\/toledo.ufpr.br\/medicinatoledo\/wp-json\/wp\/v2\/pages\/9357\/revisions"}],"predecessor-version":[{"id":10302,"href":"https:\/\/toledo.ufpr.br\/medicinatoledo\/wp-json\/wp\/v2\/pages\/9357\/revisions\/10302"}],"wp:attachment":[{"href":"https:\/\/toledo.ufpr.br\/medicinatoledo\/wp-json\/wp\/v2\/media?parent=9357"}],"curies":[{"name":"wp","href":"https:\/\/api.w.org\/{rel}","templated":true}]}}