{"id":9351,"date":"2025-08-08T16:02:28","date_gmt":"2025-08-08T19:02:28","guid":{"rendered":"https:\/\/toledo.ufpr.br\/medicinatoledo\/?page_id=9351"},"modified":"2025-08-08T16:02:28","modified_gmt":"2025-08-08T19:02:28","slug":"monitoria-digital-2024","status":"publish","type":"page","link":"https:\/\/toledo.ufpr.br\/medicinatoledo\/monitoria-digital-2024\/","title":{"rendered":"Monitoria Digital 2024"},"content":{"rendered":"\n<p><strong>MONITORIA \u2013 Sele\u00e7\u00e3o ano letivo 2024\/2:<\/strong><\/p>\n\n\n\n<p><strong>MONITORIA &#8211;<\/strong> INTERA\u00c7\u00c3O EM SA\u00daDE DA COMUNIDADE III \u2013 (ISC III)<\/p>\n\n\n\n<p><strong>Data para inscri\u00e7\u00f5es:<\/strong> 16\/09\/2024 \u00e0 27\/09\/2024 \u00e0s 16h.<br><strong>Data da avalia\u00e7\u00e3o on-line:<\/strong> 27\/09\/2024 das 16h30 \u00e0s 17h30.<br><strong>Publica\u00e7\u00e3o do resultado:<\/strong> at\u00e9 28\/09\/2024.<\/p>\n\n\n\n<p><a href=\"https:\/\/toledo.ufpr.br\/medicinatoledo\/wp-content\/uploads\/sites\/3\/2024\/09\/Edital-monitoria-ISC-III-2024.2-1.pdf\">Edital Monitoria ISC III 2024\/2<\/a><br><a href=\"https:\/\/toledo.ufpr.br\/medicinatoledo\/wp-content\/uploads\/sites\/3\/2024\/10\/Edital_resultado_monitoria_ISC-III-2024.2-1.pdf\">Resultado Monitoria ISC III 2024\/2<\/a><\/p>\n\n\n\n<p><strong>MONITORIA &#8211;<\/strong> SA\u00daDE DO ADULTO II<\/p>\n\n\n\n<p><strong>Data para inscri\u00e7\u00f5es:<\/strong> 24 e 25\/09\/2024 (18:00h)<br><strong>Data da avalia\u00e7\u00e3o presencial:<\/strong> 26\/09\/2024 das 12h20 \u00e0s 13h20.<br><strong>Publica\u00e7\u00e3o do resultado:<\/strong> at\u00e9 27\/09\/2024.<\/p>\n\n\n\n<p><a href=\"https:\/\/toledo.ufpr.br\/medicinatoledo\/wp-content\/uploads\/sites\/3\/2024\/09\/Edital-Monitores-Ortopedia-1.pdf\">Edital Monitoria Ortopedia<\/a><br><a href=\"https:\/\/toledo.ufpr.br\/medicinatoledo\/wp-content\/uploads\/sites\/3\/2024\/09\/Resultado-Processo-Seletivo.pdf\">Resultado Processo Seletivo Monitoria Ortopedia<\/a><\/p>\n\n\n\n<p><strong>MONITORIA<\/strong> &#8211; FUNDAMENTOS DE PATOLOGIA<\/p>\n\n\n\n<p><strong>Data para inscri\u00e7\u00f5es:<\/strong> 23 a 25\/09\/2024 (18:00h)<br><strong>Data da avalia\u00e7\u00e3o presencial:<\/strong> 26\/09\/2024 das 13h \u00e0s 14h.<br><strong>Publica\u00e7\u00e3o do resultado:<\/strong> at\u00e9 27\/09\/2024.<\/p>\n\n\n\n<p><a href=\"https:\/\/toledo.ufpr.br\/medicinatoledo\/wp-content\/uploads\/sites\/3\/2024\/09\/Edital-selecao-monitoria-Pato-20242.pdf\">Edital sele\u00e7\u00e3o monitoria Pato 20242<\/a><br><a href=\"https:\/\/toledo.ufpr.br\/medicinatoledo\/wp-content\/uploads\/sites\/3\/2024\/09\/Resultado-Monitoria-Pato-1.pdf\">Resultado Monitoria Patologia<\/a><\/p>\n\n\n\n<p><strong>MONITORIA<\/strong> &#8211; SCPH\/ HISTOLOGIA<\/p>\n\n\n\n<p><strong>Data para inscri\u00e7\u00f5es:<\/strong> 23 a 25\/09\/2024 (18:00h)<br><strong>Data da avalia\u00e7\u00e3o presencial:<\/strong> 26\/09\/2024 das 13h \u00e0s 14h.<br><strong>Publica\u00e7\u00e3o do resultado:<\/strong> at\u00e9 27\/09\/2024<\/p>\n\n\n\n<p><a href=\"https:\/\/toledo.ufpr.br\/medicinatoledo\/wp-content\/uploads\/sites\/3\/2024\/09\/Edital-selecao-SCPH-20242-2.pdf\">Edital sele\u00e7\u00e3o SCPH 20242 2<\/a><br><a href=\"https:\/\/toledo.ufpr.br\/medicinatoledo\/wp-content\/uploads\/sites\/3\/2024\/09\/Resultado-Monitoria-SCPH.pdf\">Resultado Monitoria SCPH<\/a><\/p>\n\n\n\n<p><strong>MONITORIA<\/strong> &#8211; PCM \/ HISTOLOGIA<\/p>\n\n\n\n<p><strong>PCM \u2013 HISTOLOGIA<\/strong><br>Publica\u00e7\u00e3o do resultado: <strong>at\u00e9 28\/09\/2024.<\/strong><\/p>\n\n\n\n<p><a href=\"https:\/\/toledo.ufpr.br\/medicinatoledo\/wp-content\/uploads\/sites\/3\/2024\/09\/Resultado-selecao-monitoria-histologia-2024-2.docx\" target=\"_blank\" rel=\"noreferrer noopener\">Resultado sele\u00e7\u00e3o monitoria &#8211; histologia &#8211; 2024\/2<\/a><\/p>\n\n\n\n<p><strong>MONITORIA &#8211; Sele\u00e7\u00e3o ano letivo 2024\/2:<\/strong><\/p>\n\n\n\n<p><strong>Urg\u00eancias e Emerg\u00eancias<\/strong>&nbsp;<strong>(UEP III&nbsp; e&nbsp; V)<br><\/strong>Resultado Final <strong>&#8211; 19\/09\/2024<\/strong><\/p>\n\n\n\n<p><a href=\"https:\/\/toledo.ufpr.br\/medicinatoledo\/wp-content\/uploads\/sites\/3\/2024\/09\/Resultado-Monitoria-UEP-III_2024_02-1.pdf\">Resultado Monitoria UEP III<\/a><\/p>\n\n\n\n<p><a href=\"https:\/\/toledo.ufpr.br\/medicinatoledo\/wp-content\/uploads\/sites\/3\/2024\/09\/Resultado-Monitoria-UEP-V_2024_02-1.pdf\">Resultado Monitoria UEP V<\/a><\/p>\n\n\n\n<p><strong>MONITORIA &#8211; Bases Farmacol\u00f3gicas e Terap\u00eautica &#8211; 2024\/2<\/strong><\/p>\n\n\n\n<p>Editais de Inscri\u00e7\u00e3o: &nbsp;<strong>19\/09\/24 \u00e0 23\/09\/2024.<br><\/strong>Data da prova escrita: 24\/09\/2024<br>Data da Entrevista: 24\/09\/2024<\/p>\n\n\n\n<p><a href=\"https:\/\/toledo.ufpr.br\/medicinatoledo\/wp-content\/uploads\/sites\/3\/2024\/09\/Edital-Monitores-Bases-Farmacologicas-da-Terapeutica.pdf\">Edital Monitores Bases Farmacol\u00f3gicas da Terap\u00eautica 02\/2024<\/a><br><a href=\"https:\/\/toledo.ufpr.br\/medicinatoledo\/wp-content\/uploads\/sites\/3\/2024\/09\/Resultado-da-Prova-de-Selecao-de-Monitores-Bases-farmacologicas-da-terapeutica-1.pdf\">Resultado da Prova de Sele\u00e7\u00e3o de Monitores -Bases farmacol\u00f3gicas da terap\u00eautica<\/a><\/p>\n\n\n\n<p><strong>MONITORIA &#8211; HABILIDADES M\u00c9DICAS III &#8211; 2024\/2<\/strong><\/p>\n\n\n\n<p><strong>HABILIDADES M\u00c9DICAS III<br><\/strong>Editais de Inscri\u00e7\u00e3o: &nbsp;<strong>16\/09\/24 \u00e0 18\/09\/2024.<br><\/strong>Data da Sele\u00e7\u00e3o\/entrevista: <strong>Os (as) candidatos (as) ser\u00e3o avisados pelo WhatsApp.<\/strong><\/p>\n\n\n\n<p><a href=\"https:\/\/toledo.ufpr.br\/medicinatoledo\/wp-content\/uploads\/sites\/3\/2024\/09\/Edital-de-monitores-em-HM-III-2024.pdf\" target=\"_blank\" rel=\"noreferrer noopener\">Edital de Monitoria em HM III 2024\/2<\/a><\/p>\n\n\n\n<p><strong>MONITORIA &#8211; Urg\u00eancias e Emerg\u00eancias I &#8211; 2024\/2<\/strong><\/p>\n\n\n\n<p><strong>Urg\u00eancias e Emerg\u00eancias I<br><\/strong>Editais de Inscri\u00e7\u00e3o: <strong>At\u00e9 o dia 19\/09\/2024 (at\u00e9 as 23:59).<br><\/strong>Data da Sele\u00e7\u00e3o\/entrevista: <strong>20\/09\/2024.<\/strong><\/p>\n\n\n\n<p><a href=\"https:\/\/toledo.ufpr.br\/medicinatoledo\/wp-content\/uploads\/sites\/3\/2024\/09\/SEI_7052367_Edital_Edital.pdf\" target=\"_blank\" rel=\"noreferrer noopener\">Urg\u00eancias e Emerg\u00eancias I \u2013 Per\u00edodo letivo 2024\/02<\/a><\/p>\n\n\n\n<p><strong>MONITORIA &#8211; Radiologia Cl\u00ednica II &#8211; 2024\/2<\/strong><\/p>\n\n\n\n<p><strong>Radiologia Cl\u00ednica II<br><\/strong>Editais de Inscri\u00e7\u00e3o: <strong>13\/09\/2024 a 19\/09\/2024.<br><\/strong>Data da avalia\u00e7\u00e3o:<strong> 20\/09\/2024 (7:00) a 20\/09\/2024 (23:59).<\/strong><\/p>\n\n\n\n<p><a href=\"https:\/\/toledo.ufpr.br\/medicinatoledo\/wp-content\/uploads\/sites\/3\/2024\/09\/Bolsa-Edital-selecao-de-monitores-em-Radiologia-Clinica-II-2024-2.pdf\">Bolsa em Radiologia Cl\u00ednica II 2024-2<\/a><br><a href=\"https:\/\/toledo.ufpr.br\/medicinatoledo\/wp-content\/uploads\/sites\/3\/2024\/09\/RESULTADO-selecao-de-monitores-em-RADILOGIA-CLINICA-II-2024-2.pdf\" target=\"_blank\" rel=\"noreferrer noopener\">Resultado Final<\/a><\/p>\n\n\n\n<p><strong>MONITORIA &#8211; Radiologia Cl\u00ednica I &#8211; 2024\/2<\/strong><\/p>\n\n\n\n<p><strong>Radiologia Cl\u00ednica I<br><\/strong>Editais de Inscri\u00e7\u00e3o: <strong>13\/09\/2024 a 19\/09\/2024.<br><\/strong>Data da avalia\u00e7\u00e3o:<strong> 20\/09\/2024 (7:00) a 20\/09\/2024 (23:59).<\/strong><\/p>\n\n\n\n<p><a href=\"https:\/\/toledo.ufpr.br\/medicinatoledo\/wp-content\/uploads\/sites\/3\/2024\/09\/Bolsa-Edital-selecao-de-monitores-em-Radiologia-Clinica-I-2024-2.pdf\" target=\"_blank\" rel=\"noreferrer noopener\">Radiologia Cl\u00ednica I 2024-2<\/a><br><a href=\"https:\/\/toledo.ufpr.br\/medicinatoledo\/wp-content\/uploads\/sites\/3\/2024\/09\/RESULTADO-selecao-de-monitores-em-RADILOGIA-CLINICA-I-2024-2-2.pdf\" target=\"_blank\" rel=\"noreferrer noopener\">Resultado Final<\/a><\/p>\n\n\n\n<p><strong>MONITORIA &#8211; PR\u00cdNCIPIOS DE ANATOMIA E FISIOLOGIA 2024\/2:<\/strong><\/p>\n\n\n\n<p><strong>ANATOMIA HUMANA<br><\/strong>Editais de Inscri\u00e7\u00e3o: <strong>&nbsp;10\/09\/2024 \u00e0 20\/09\/2024 \u00e0s 17h.<br><\/strong>Data da avalia\u00e7\u00e3o:<strong> 23\/09\/2024 das 13h \u00e0s 14h.<br><\/strong>Resultado: &nbsp;<strong>at\u00e9 28\/09\/2024.<\/strong><\/p>\n\n\n\n<p><a href=\"https:\/\/toledo.ufpr.br\/medicinatoledo\/wp-content\/uploads\/sites\/3\/2024\/09\/Edital-selecao-monitoria-PAF-2024-2.pdf\">Edital sele\u00e7\u00e3o monitoria PAF &#8211; 2024\/2<\/a><\/p>\n\n\n\n<p><strong>MONITORIA &#8211; AGENTES AGRESSORES E MECANISMOS DE DEFESA I<\/strong><strong>&nbsp;2024\/2:<\/strong><\/p>\n\n\n\n<p><strong>PARASITOLOGIA<br><\/strong>Editais de Inscri\u00e7\u00e3o<strong> &#8211; 10\/09\/2024 \u00e0 20\/09\/2024 \u00e0s 17h.<br><\/strong>Data da avalia\u00e7\u00e3o<strong>: 23\/09\/2024 das 13h \u00e0s 14h.<br><\/strong>Publica\u00e7\u00e3o do resultado<strong>: at\u00e9 28\/09\/2024.<\/strong><\/p>\n\n\n\n<p><a href=\"https:\/\/toledo.ufpr.br\/medicinatoledo\/wp-content\/uploads\/sites\/3\/2024\/09\/Edital-selecao-monitoria-AAMDI-Parasitologia-2024-2.pdf\">Edital sele\u00e7\u00e3o monitoria AAMDI &#8211; Parasitologia &#8211; 2024\/2<\/a><\/p>\n\n\n\n<p><strong>MONITORIA &#8211; DESENVOLVIMENTO I (UEP <\/strong>III&nbsp;<strong>) 2024\/2:<\/strong><\/p>\n\n\n\n<p><strong>ANATOMIA HUMANA<br><\/strong>Editais de Inscri\u00e7\u00e3o<strong> &#8211; 10\/09\/2024 \u00e0 20\/09\/2024 \u00e0s 17h.<br><\/strong>Data da avalia\u00e7\u00e3o<strong>: 23\/09\/2024 \u00e0s 14h na sala do 4\u00ba per\u00edodo \u2013 Campus da UFPR.<\/strong><\/p>\n\n\n\n<p><a href=\"https:\/\/toledo.ufpr.br\/medicinatoledo\/wp-content\/uploads\/sites\/3\/2024\/09\/2024_2_Edital_UEP-III_monitoria.pdf\">2024\/2 Edital UEP III monitoria<\/a><\/p>\n\n\n\n<p><strong>MONITORIA &#8211; Sele\u00e7\u00e3o ano letivo 2024\/2:<\/strong><\/p>\n\n\n\n<p><strong>Intera\u00e7\u00e3o em Sa\u00fade da Comunidade V (ISC V)<\/strong>Resultado: <strong>24\/09\/2024 e 28\/09\/2024<br><\/strong><a href=\"https:\/\/toledo.ufpr.br\/medicinatoledo\/wp-content\/uploads\/sites\/3\/2024\/09\/Classificacao-monitoria.pdf\" target=\"_blank\" rel=\"noreferrer noopener\">Resultado Final<\/a><\/p>\n\n\n\n<p><\/p>\n\n\n\n<p><strong>MONITORIA &#8211; Sele\u00e7\u00e3o ano letivo 2024\/1:<\/strong><\/p>\n\n\n\n<p><strong>Intera\u00e7\u00e3o em Sa\u00fade da Comunidade V (ISC V)<\/strong><br><a href=\"https:\/\/toledo.ufpr.br\/medicinatoledo\/wp-content\/uploads\/sites\/3\/2024\/04\/PROCESSO-SELETIVO-PARA-MONITORIA-2024.1.pdf\">Edital de inscri\u00e7\u00e3o<\/a> &#8211; 06\/05\/2024 a 06\/09\/2024<\/p>\n\n\n\n<p><strong>AGENTES AGRESSORES E MECANISMOS DE DEFESA I \u2013 PARASITOLOGIA<br><\/strong><a href=\"https:\/\/toledo.ufpr.br\/medicinatoledo\/wp-content\/uploads\/sites\/3\/2024\/04\/Edital-monitoria-AAMDI-Parasitologia-2024-1.pdf\">Edital de inscri\u00e7\u00e3o<\/a> &#8211; 22\/04\/2024 \u00e0 24\/04\/2024<br><a href=\"https:\/\/toledo.ufpr.br\/medicinatoledo\/wp-content\/uploads\/sites\/3\/2024\/05\/Edital-resultado-monitoria-AAMDI-2024-1.pdf\">Resultado final<\/a><\/p>\n\n\n\n<p><strong>BASES FARMACOL\u00d3GICAS DA TERAP\u00caUTICA<\/strong><br><a href=\"https:\/\/toledo.ufpr.br\/medicinatoledo\/wp-content\/uploads\/sites\/3\/2024\/05\/Resultado-Final-Selecao-de-Monitores-Bases-farmacologicas-da-terapeutica.pdf\">Resultado final<\/a><\/p>\n\n\n\n<p><strong>DESENVOLVIMENTO I \u2013 ANATOMIA HUMANA<br><\/strong><a href=\"https:\/\/toledo.ufpr.br\/medicinatoledo\/wp-content\/uploads\/sites\/3\/2024\/04\/Edital-monitoria-Desenvolvimento-I-2024-1.pdf\">Edital de inscri\u00e7\u00e3o<\/a> &#8211; 22\/04\/2024 \u00e0 24\/04\/2024<br><a href=\"https:\/\/toledo.ufpr.br\/medicinatoledo\/wp-content\/uploads\/sites\/3\/2024\/05\/Edital-resultado-monitoria-DI-2024-1.pdf\">Resultado final<\/a><\/p>\n\n\n\n<p><strong>PR\u00cdNCIPIOS DE ANATOMIA E FISIOLOGIA \u2013 ANATOMIA HUMANA<\/strong><br><a href=\"https:\/\/toledo.ufpr.br\/medicinatoledo\/wp-content\/uploads\/sites\/3\/2024\/04\/Edital-monitoria-PAF-2024-1.pdf\">Edital de inscri\u00e7\u00e3o<\/a> &#8211; 22\/04\/2024 \u00e0 24\/04\/2024<br><a href=\"https:\/\/toledo.ufpr.br\/medicinatoledo\/wp-content\/uploads\/sites\/3\/2024\/05\/Edital-resultado-monitoria-PAF-2024-1.pdf\">Resultado final<\/a><\/p>\n\n\n\n<hr class=\"wp-block-separator has-alpha-channel-opacity\" \/>\n","protected":false},"excerpt":{"rendered":"<p>MONITORIA \u2013 Sele\u00e7\u00e3o ano letivo 2024\/2: MONITORIA &#8211; INTERA\u00c7\u00c3O EM SA\u00daDE DA COMUNIDADE III \u2013 [&hellip;]<\/p>\n","protected":false},"author":2796,"featured_media":0,"parent":0,"menu_order":0,"comment_status":"closed","ping_status":"closed","template":"","meta":{"ngg_post_thumbnail":0,"footnotes":""},"class_list":["post-9351","page","type-page","status-publish","hentry"],"_links":{"self":[{"href":"https:\/\/toledo.ufpr.br\/medicinatoledo\/wp-json\/wp\/v2\/pages\/9351","targetHints":{"allow":["GET"]}}],"collection":[{"href":"https:\/\/toledo.ufpr.br\/medicinatoledo\/wp-json\/wp\/v2\/pages"}],"about":[{"href":"https:\/\/toledo.ufpr.br\/medicinatoledo\/wp-json\/wp\/v2\/types\/page"}],"author":[{"embeddable":true,"href":"https:\/\/toledo.ufpr.br\/medicinatoledo\/wp-json\/wp\/v2\/users\/2796"}],"replies":[{"embeddable":true,"href":"https:\/\/toledo.ufpr.br\/medicinatoledo\/wp-json\/wp\/v2\/comments?post=9351"}],"version-history":[{"count":1,"href":"https:\/\/toledo.ufpr.br\/medicinatoledo\/wp-json\/wp\/v2\/pages\/9351\/revisions"}],"predecessor-version":[{"id":9352,"href":"https:\/\/toledo.ufpr.br\/medicinatoledo\/wp-json\/wp\/v2\/pages\/9351\/revisions\/9352"}],"wp:attachment":[{"href":"https:\/\/toledo.ufpr.br\/medicinatoledo\/wp-json\/wp\/v2\/media?parent=9351"}],"curies":[{"name":"wp","href":"https:\/\/api.w.org\/{rel}","templated":true}]}}