{"id":8084,"date":"2025-01-09T12:19:18","date_gmt":"2025-01-09T15:19:18","guid":{"rendered":"https:\/\/toledo.ufpr.br\/medicinatoledo\/?page_id=8084"},"modified":"2025-02-28T14:02:33","modified_gmt":"2025-02-28T17:02:33","slug":"colacao-de-grau","status":"publish","type":"page","link":"https:\/\/toledo.ufpr.br\/medicinatoledo\/colacao-de-grau\/","title":{"rendered":"Cola\u00e7\u00e3o de Grau"},"content":{"rendered":"\n<p><a href=\"https:\/\/toledo.ufpr.br\/medicinatoledo\/antecipacao\/\">Antecipa\u00e7\u00e3o<\/a><\/p>\n\n\n\n<p><a href=\"https:\/\/toledo.ufpr.br\/medicinatoledo\/com-solenidade\/\">Cola\u00e7\u00e3o COM solenidade<\/a><\/p>\n\n\n\n<p><a href=\"https:\/\/toledo.ufpr.br\/medicinatoledo\/sem-solenidade\/\">Cola\u00e7\u00e3o SEM solenidade<\/a><\/p>\n\n\n\n<p><a href=\"https:\/\/toledo.ufpr.br\/medicinatoledo\/orientacoes-gerais\/\">Orienta\u00e7\u00f5es Gerais<\/a><\/p>\n\n\n\n<p><\/p>\n\n\n\n<p class=\"has-text-align-center\"><strong>NORMAS INSTITUCIONAIS<\/strong><\/p>\n\n\n\n<p><strong>Resolu\u00e7\u00e3o 37\/97 &#8211; CEPE<\/strong> &#8211; Aprova normas b\u00e1sicas de controle e registro da atividade acad\u00eamica dos cursos de gradua\u00e7\u00e3o da Universidade.<\/p>\n\n\n\n<p><strong>Resolu\u00e7\u00e3o 09\/94 &#8211; COUN<\/strong> &#8211; Aprova as altera\u00e7\u00f5es no Regimento do Conselho Universit\u00e1rio sobre as solenidades de Cola\u00e7\u00e3o de Grau.<\/p>\n\n\n\n<p><strong>Resolu\u00e7\u00e3o 02\/95 &#8211; COUN<\/strong> &#8211; Aprovar o roteiro para as solenidades de Cola\u00e7\u00e3o de Grau dos Cursos de Gradua\u00e7\u00e3o desta Universidade<\/p>\n\n\n\n<p><strong>Resolu\u00e7\u00e3o 12\/95 &#8211; COUN<\/strong> &#8211; Altera o \u00a7 4\u00ba do artigo 38 do Regimento do Conselho Universit\u00e1rio<\/p>\n\n\n\n<p><strong>Resolu\u00e7\u00e3o 01\/09 &#8211; COUN<\/strong> &#8211;  Regulamenta o art. 36 do Regimento do Conselho Universit\u00e1rio sobre as solenidades de Cola\u00e7\u00e3o de Grau previsto na Resolu\u00e7\u00e3o n\u00ba 09\/94-COUN<\/p>\n\n\n\n<p><strong>Portaria 172\/20 &#8211; PROGRAD<\/strong> &#8211;  declara e disciplina a ades\u00e3o da Universidade Federal do Paran\u00e1 ao disposto na Lei N\u00ba 14.040, de 18 de agosto de 2020<\/p>\n\n\n\n<p><strong>Portaria 236\/21 &#8211; PROGRAD<\/strong> &#8211;  estabelece procedimento extraordin\u00e1rio para a realiza\u00e7\u00e3o da cola\u00e7\u00e3o de grau dos cursos de gradua\u00e7\u00e3o da UFPR de forma remota, em raz\u00e3o das medidas de enfrentamento \u00e0 pandemia de COVID-19, a partir de fevereiro de 2021<\/p>\n\n\n\n<p><strong>Instru\u00e7\u00e3o Normativa 01\/24 &#8211; PROGRAD<\/strong> &#8211; Estabelece procedimentos administrativos e operacionais no \u00e2mbito da Pr\u00f3-Reitoria de Gradua\u00e7\u00e3o e Educa\u00e7\u00e3o Profissional (PROGRAD) para as Cola\u00e7\u00f5es de Grau dos cursos de gradua\u00e7\u00e3o e educa\u00e7\u00e3o profissional da Universidade Federal do Paran\u00e1<\/p>\n\n\n\n<p><\/p>\n\n\n\n<p><\/p>\n\n\n\n<p class=\"has-text-align-right\"> Atualizado em<\/p>\n\n\n<div class=\"wp-block-post-date__modified-date has-text-align-right wp-block-post-date\"><time datetime=\"2025-02-28T14:02:33-03:00\">28 de fevereiro de 2025<\/time><\/div>","protected":false},"excerpt":{"rendered":"<p>Antecipa\u00e7\u00e3o Cola\u00e7\u00e3o COM solenidade Cola\u00e7\u00e3o SEM solenidade Orienta\u00e7\u00f5es Gerais NORMAS INSTITUCIONAIS Resolu\u00e7\u00e3o 37\/97 &#8211; CEPE [&hellip;]<\/p>\n","protected":false},"author":2798,"featured_media":0,"parent":0,"menu_order":0,"comment_status":"closed","ping_status":"closed","template":"","meta":{"ngg_post_thumbnail":0,"footnotes":""},"class_list":["post-8084","page","type-page","status-publish","hentry"],"_links":{"self":[{"href":"https:\/\/toledo.ufpr.br\/medicinatoledo\/wp-json\/wp\/v2\/pages\/8084","targetHints":{"allow":["GET"]}}],"collection":[{"href":"https:\/\/toledo.ufpr.br\/medicinatoledo\/wp-json\/wp\/v2\/pages"}],"about":[{"href":"https:\/\/toledo.ufpr.br\/medicinatoledo\/wp-json\/wp\/v2\/types\/page"}],"author":[{"embeddable":true,"href":"https:\/\/toledo.ufpr.br\/medicinatoledo\/wp-json\/wp\/v2\/users\/2798"}],"replies":[{"embeddable":true,"href":"https:\/\/toledo.ufpr.br\/medicinatoledo\/wp-json\/wp\/v2\/comments?post=8084"}],"version-history":[{"count":7,"href":"https:\/\/toledo.ufpr.br\/medicinatoledo\/wp-json\/wp\/v2\/pages\/8084\/revisions"}],"predecessor-version":[{"id":8377,"href":"https:\/\/toledo.ufpr.br\/medicinatoledo\/wp-json\/wp\/v2\/pages\/8084\/revisions\/8377"}],"wp:attachment":[{"href":"https:\/\/toledo.ufpr.br\/medicinatoledo\/wp-json\/wp\/v2\/media?parent=8084"}],"curies":[{"name":"wp","href":"https:\/\/api.w.org\/{rel}","templated":true}]}}