{"id":7960,"date":"2024-10-11T10:21:21","date_gmt":"2024-10-11T13:21:21","guid":{"rendered":"https:\/\/toledo.ufpr.br\/medicinatoledo\/?page_id=7960"},"modified":"2025-05-20T16:16:29","modified_gmt":"2025-05-20T19:16:29","slug":"afastamento-para-eventos","status":"publish","type":"page","link":"https:\/\/toledo.ufpr.br\/medicinatoledo\/afastamento-para-eventos\/","title":{"rendered":"Afastamento para eventos"},"content":{"rendered":"\n<p>Orienta\u00e7\u00e3o sobre o procedimento de <strong>afastamento para participa\u00e7\u00e3o em eventos acad\u00eamicos ou culturais<\/strong>, conforme a <strong><a href=\"https:\/\/toledo.ufpr.br\/medicinatoledo\/wp-content\/uploads\/sites\/3\/2025\/05\/Res-37-97-CEPE-atividades-academicas-alterada-pela-Res.-10-19-CEPE.pdf\">Resolu\u00e7\u00e3o 37\/97-CEPE<\/a><\/strong>. <\/p>\n\n\n\n<hr class=\"wp-block-separator has-alpha-channel-opacity\" \/>\n\n\n\n<h4 class=\"wp-block-heading\">&#x2705; <strong>Situa\u00e7\u00f5es que permitem afastamento<\/strong>:<\/h4>\n\n\n\n<p>Segundo os <strong>Artigos 81 e 82<\/strong>, s\u00e3o permitidos afastamentos para:<\/p>\n\n\n\n<ul class=\"wp-block-list\">\n<li>Cursos intensivos, simp\u00f3sios, semin\u00e1rios, congressos;<\/li>\n\n\n\n<li>Aulas extraordin\u00e1rias e outras atividades correlatas ao curso;<\/li>\n\n\n\n<li>Participa\u00e7\u00f5es em:\n<ul class=\"wp-block-list\">\n<li>Jogos Universit\u00e1rios Brasileiros;<\/li>\n\n\n\n<li>Sele\u00e7\u00f5es nacionais, confedera\u00e7\u00f5es ou federa\u00e7\u00f5es estaduais;<\/li>\n\n\n\n<li>Atividades culturais promovidas oficialmente pela UFPR.<\/li>\n<\/ul>\n<\/li>\n<\/ul>\n\n\n\n<hr class=\"wp-block-separator has-alpha-channel-opacity\" \/>\n\n\n\n<h4 class=\"wp-block-heading\">&#x1f4cc; <strong>Regras para solicita\u00e7\u00e3o<\/strong>:<\/h4>\n\n\n\n<ul class=\"wp-block-list\">\n<li>O(a) discente deve <strong>solicitar com no m\u00ednimo 15 dias de anteced\u00eancia<\/strong>;<\/li>\n\n\n\n<li>Enviar a solicita\u00e7\u00e3o para o e-mail: <strong><a href=\"medicinatoledo@ufpr.br\">medicinatoledo@ufpr.br<\/a><\/strong><\/li>\n\n\n\n<li>\u00c9 necess\u00e1rio:\n<ul class=\"wp-block-list\">\n<li><strong>Preencher o requerimento<\/strong> &#8211; <a href=\"https:\/\/toledo.ufpr.br\/medicinatoledo\/wp-content\/uploads\/sites\/3\/2025\/05\/2-Requerimento-Geral.pdf\"><strong>clique aqui<\/strong><\/a>;<\/li>\n\n\n\n<li><strong>Anexar documenta\u00e7\u00e3o comprobat\u00f3ria<\/strong> do evento;<\/li>\n\n\n\n<li>Aguardar <strong>an\u00e1lise e autoriza\u00e7\u00e3o pr\u00e9via<\/strong> da Coordena\u00e7\u00e3o via e-mail.<\/li>\n<\/ul>\n<\/li>\n<\/ul>\n\n\n\n<p>&#x274c; Solicita\u00e7\u00e3o incorreta OU incompleta\u00a0<strong>n\u00e3o ser\u00e1 aceita<\/strong>\u00a0e ser\u00e1\u00a0<strong>devolvida para corre\u00e7\u00e3o<\/strong>.<\/p>\n\n\n\n<hr class=\"wp-block-separator has-alpha-channel-opacity\" \/>\n\n\n\n<h4 class=\"wp-block-heading\">&#x1f504; <strong>Caso precise de segunda chamada<\/strong>:<\/h4>\n\n\n\n<ul class=\"wp-block-list\">\n<li>Verificar os <strong>procedimentos espec\u00edficos para solicita\u00e7\u00e3o de segunda chamada<\/strong> &#8211; <strong><a href=\"https:\/\/toledo.ufpr.br\/medicinatoledo\/segunda-chamada\/\">clique aqui.<\/a><\/strong><\/li>\n<\/ul>\n\n\n\n<hr class=\"wp-block-separator has-alpha-channel-opacity\" \/>\n\n\n\n<p class=\"has-text-align-right\">Atualizado em 07\/05\/25.<\/p>\n","protected":false},"excerpt":{"rendered":"<p>Orienta\u00e7\u00e3o sobre o procedimento de afastamento para participa\u00e7\u00e3o em eventos acad\u00eamicos ou culturais, conforme a [&hellip;]<\/p>\n","protected":false},"author":2798,"featured_media":0,"parent":0,"menu_order":0,"comment_status":"closed","ping_status":"closed","template":"","meta":{"ngg_post_thumbnail":0,"footnotes":""},"class_list":["post-7960","page","type-page","status-publish","hentry"],"_links":{"self":[{"href":"https:\/\/toledo.ufpr.br\/medicinatoledo\/wp-json\/wp\/v2\/pages\/7960","targetHints":{"allow":["GET"]}}],"collection":[{"href":"https:\/\/toledo.ufpr.br\/medicinatoledo\/wp-json\/wp\/v2\/pages"}],"about":[{"href":"https:\/\/toledo.ufpr.br\/medicinatoledo\/wp-json\/wp\/v2\/types\/page"}],"author":[{"embeddable":true,"href":"https:\/\/toledo.ufpr.br\/medicinatoledo\/wp-json\/wp\/v2\/users\/2798"}],"replies":[{"embeddable":true,"href":"https:\/\/toledo.ufpr.br\/medicinatoledo\/wp-json\/wp\/v2\/comments?post=7960"}],"version-history":[{"count":28,"href":"https:\/\/toledo.ufpr.br\/medicinatoledo\/wp-json\/wp\/v2\/pages\/7960\/revisions"}],"predecessor-version":[{"id":9099,"href":"https:\/\/toledo.ufpr.br\/medicinatoledo\/wp-json\/wp\/v2\/pages\/7960\/revisions\/9099"}],"wp:attachment":[{"href":"https:\/\/toledo.ufpr.br\/medicinatoledo\/wp-json\/wp\/v2\/media?parent=7960"}],"curies":[{"name":"wp","href":"https:\/\/api.w.org\/{rel}","templated":true}]}}