{"id":7561,"date":"2024-09-05T11:49:17","date_gmt":"2024-09-05T14:49:17","guid":{"rendered":"https:\/\/toledo.ufpr.br\/medicinatoledo\/?page_id=7561"},"modified":"2024-09-05T11:49:17","modified_gmt":"2024-09-05T14:49:17","slug":"monitoria-digital-2022","status":"publish","type":"page","link":"https:\/\/toledo.ufpr.br\/medicinatoledo\/monitoria-digital-2022\/","title":{"rendered":"Monitoria Digital 2022"},"content":{"rendered":"\n<p><strong>MONITORIA 2022\/1<\/strong><\/p>\n\n\n\n<p><strong>Bioqu\u00edmica &#8211; Processos celulares (TLDM002)<br><\/strong><a href=\"https:\/\/toledo.ufpr.br\/wp-content\/uploads\/2022\/01\/EDITAL-K\u00c1DIMA.pdf\">Edital de inscri\u00e7\u00e3o<br><\/a><a href=\"https:\/\/toledo.ufpr.br\/wp-content\/uploads\/2022\/02\/RESULTADO_MONITORIA.pdf\">Resultado final<\/a><\/p>\n\n\n\n<p><strong>Bioqu\u00edmica &#8211; Sistema Renal e Gastrointestinal (TLDM003)<br><\/strong><a href=\"https:\/\/toledo.ufpr.br\/wp-content\/uploads\/2022\/01\/EDITAL-K\u00c1DIMA.pdf\">Edital de inscri\u00e7\u00e3o<br><\/a><a href=\"https:\/\/toledo.ufpr.br\/wp-content\/uploads\/2022\/02\/RESULTADO_MONITORIA.pdf\">Resultado final<\/a><\/p>\n\n\n\n<p><strong>Desenvolvimento I &#8211; (Anatomia)<br><\/strong><a href=\"https:\/\/toledo.ufpr.br\/wp-content\/uploads\/2022\/07\/Edital-monitoria-Desenvolvimento-I-ANATOMIA.pdf\">Edital de inscri\u00e7\u00e3o<br><\/a><a href=\"https:\/\/toledo.ufpr.br\/wp-content\/uploads\/2022\/07\/RESULTADO-DESENVOLVIMENTO.pdf\">Resultado final<\/a><\/p>\n\n\n\n<p><strong>Habilidades M\u00e9dicas II<br><\/strong><a href=\"https:\/\/toledo.ufpr.br\/wp-content\/uploads\/2022\/02\/EDITAL-HMII.pdf\">Edital de inscri\u00e7\u00e3o<\/a><\/p>\n\n\n\n<p><strong>Habilidades M\u00e9dicas III<br><\/strong><a href=\"https:\/\/toledo.ufpr.br\/wp-content\/uploads\/2022\/07\/Edital-sele%C3%A7%C3%A3o-de-monitores-em-HM-III.pdf\">Edital de inscri\u00e7\u00e3o<\/a><br><a href=\"https:\/\/toledo.ufpr.br\/wp-content\/uploads\/2022\/07\/Monitoria-HM-III-RESULTADO-2022.pdf\">Resultado final<\/a><\/p>\n\n\n\n<p><strong>Habilidades Operat\u00f3rias I &#8211;&nbsp;Rafael Krieger e&nbsp;Marco A. Nisiide<br><\/strong><a href=\"https:\/\/toledo.ufpr.br\/wp-content\/uploads\/2022\/07\/Edital-monitoria-HO1-Marco-Rafa-JUL-2022.pdf\">Edital de inscri\u00e7\u00e3o<br><\/a><a href=\"https:\/\/toledo.ufpr.br\/wp-content\/uploads\/2022\/07\/Edital-Resultado-Monitores-HO1-Julho-2022.pdf\">Resultado final<\/a><\/p>\n\n\n\n<p><strong>Habilidades Operat\u00f3rias II &#8211; Rafael Krieger e&nbsp;Marco A. Nisiide<br><\/strong><a href=\"https:\/\/toledo.ufpr.br\/wp-content\/uploads\/2022\/07\/Edital-monitoria-HO2-Marco-Rafa-JUL-2022.pdf\">Edital de inscri\u00e7\u00e3o<br><\/a><a href=\"https:\/\/toledo.ufpr.br\/wp-content\/uploads\/2022\/07\/Edital-Resultado-Monitores-HO2-Julho-2022.pdf\">Resultado final<\/a><\/p>\n\n\n\n<p><strong>Imers\u00e3o em ECG<br><\/strong><a href=\"https:\/\/toledo.ufpr.br\/wp-content\/uploads\/2022\/07\/2022_1-SEMESTRE_Edital_IMERS\u00c3O-EM-ECG_monitoria.docx.pdf\">Edital de inscri\u00e7\u00e3o<br><\/a><a href=\"https:\/\/toledo.ufpr.br\/wp-content\/uploads\/2022\/07\/2022_01_Resultado-de-Monitoria-ECG.pdf\">Resultado final<\/a><\/p>\n\n\n\n<p><strong>Intera\u00e7\u00e3o em Sa\u00fade da Comunidade III (ISC III)<br><\/strong><a href=\"https:\/\/toledo.ufpr.br\/wp-content\/uploads\/2022\/01\/18-01Sele\u00e7\u00e3o-Edital_monitores.pdf\">Edital de inscri\u00e7\u00e3o<br><\/a><a href=\"https:\/\/toledo.ufpr.br\/wp-content\/uploads\/2022\/01\/Resultado-monitoria-ISC-III_Site.pdf\">Resultado final<\/a><\/p>\n\n\n\n<p><strong>Intera\u00e7\u00e3o em Sa\u00fade da Comunidade&nbsp;III &#8211;&nbsp;Maiara Bordignon<br><\/strong><a href=\"https:\/\/toledo.ufpr.br\/wp-content\/uploads\/2022\/07\/Sele\u00e7\u00e3o-Edital_monitores-ISC-III-2022-1.pdf\">Edital de inscri\u00e7\u00e3o<\/a><br><a href=\"https:\/\/toledo.ufpr.br\/wp-content\/uploads\/2022\/07\/Resultado-monitoria-ISC-III_2022-1.pdf\">Resultado final<\/a><\/p>\n\n\n\n<p><strong>Intera\u00e7\u00e3o em sa\u00fade da comunidade IV<br><\/strong><a href=\"https:\/\/toledo.ufpr.br\/wp-content\/uploads\/2022\/07\/Edital-sele\u00e7\u00e3o-de-monitores-em-ISC-IV_-2\u00ba-SEMESTRE-DE-2022.pdf\">Edital de inscri\u00e7\u00e3o<\/a><\/p>\n\n\n\n<p><strong>Intera\u00e7\u00e3o em Sa\u00fade da Comunidade&nbsp;VI&nbsp;&#8211;&nbsp;Maiara Bordignon<br><\/strong><a href=\"https:\/\/toledo.ufpr.br\/wp-content\/uploads\/2022\/07\/Sele\u00e7\u00e3o-Edital_monitores-ISC-VI-2022-1.pdf\">Edital de inscri\u00e7\u00e3o<\/a><br><a href=\"https:\/\/toledo.ufpr.br\/wp-content\/uploads\/2022\/07\/Resultado-monitoria-ISC-VI_2022-1.pdf\">Resultado final<\/a><\/p>\n\n\n\n<p><strong>Processos celulares e SRG&nbsp;&#8211;&nbsp;(Anatomia)<br><\/strong><a href=\"https:\/\/toledo.ufpr.br\/wp-content\/uploads\/2022\/07\/Edital-monitoria-PROCESSOS-CELULARES-ANATOMIA.pdf\">Edital de inscri\u00e7\u00e3o<br><\/a><a href=\"https:\/\/toledo.ufpr.br\/wp-content\/uploads\/2022\/07\/RESULTADO-PROCESSOS-CELULARES.pdf\">Resultado final<\/a><a href=\"https:\/\/toledo.ufpr.br\/wp-content\/uploads\/2022\/07\/Edital-monitoria-PROCESSOS-CELULARES-ANATOMIA.pdf\"><\/a><\/p>\n\n\n\n<p><strong>Radiologia Cl\u00ednica I<br><\/strong><a href=\"https:\/\/toledo.ufpr.br\/wp-content\/uploads\/2022\/01\/PROCESSO-SELETIVO-PARA-MONITORES-DISCIPLINA-RC-I.pdf\">Edital de inscri\u00e7\u00e3o<br><\/a><a href=\"https:\/\/toledo.ufpr.br\/wp-content\/uploads\/2022\/01\/Resultado-PROCESSO-SELETIVO-PARA-MONITORES-DISCIPLINA-RC-I.pdf\">Resultado final<\/a><\/p>\n\n\n\n<p><strong>Sa\u00fade do Adulto I &#8211; Cardiologia<br><\/strong><a href=\"https:\/\/toledo.ufpr.br\/wp-content\/uploads\/2022\/01\/Edital-SA1-2022.pdf\">Edital de inscri\u00e7\u00e3o<br><\/a><a href=\"https:\/\/toledo.ufpr.br\/wp-content\/uploads\/2022\/02\/Edital_Resultado_SA2022.pdf\">Resultado final<\/a><\/p>\n\n\n\n<p><strong>Sistema cardiopulmonar e hematopoese &#8211;&nbsp;(Anatomia)<br><\/strong><a href=\"https:\/\/toledo.ufpr.br\/wp-content\/uploads\/2022\/07\/Edital-monitoria-SCPH-ANATOMIA.pdf\">Edital de inscri\u00e7\u00e3o<br><\/a><a href=\"https:\/\/toledo.ufpr.br\/wp-content\/uploads\/2022\/07\/RESULTADO-SCPH.pdf\">Resultado final<\/a><a href=\"https:\/\/toledo.ufpr.br\/wp-content\/uploads\/2022\/07\/Edital-monitoria-SCPH-ANATOMIA.pdf\"><\/a><\/p>\n\n\n\n<p><strong>Sistema neural&nbsp;&#8211; (Anatomia)<br><\/strong><a href=\"https:\/\/toledo.ufpr.br\/wp-content\/uploads\/2022\/07\/Edital-monitoria-NEURAL-ANATOMIA.pdf\">Edital de inscri\u00e7\u00e3o<br><\/a><a href=\"https:\/\/toledo.ufpr.br\/wp-content\/uploads\/2022\/07\/RESULTADO-NEURAL.pdf\">Resultado final<\/a><a href=\"https:\/\/toledo.ufpr.br\/wp-content\/uploads\/2022\/07\/Edital-monitoria-NEURAL-ANATOMIA.pdf\"><\/a><\/p>\n\n\n\n<p><strong>Urg\u00eancias, Emerg\u00eancias e Procedimentos&nbsp;I (UEPI)<br><\/strong><a href=\"https:\/\/toledo.ufpr.br\/wp-content\/uploads\/2022\/07\/Edital-sele\u00e7\u00e3o-de-monitores-em-UEP-I_-2S_2022.pdf\">Edital de inscri\u00e7\u00e3o<\/a><br>Resultado final<\/p>\n\n\n\n<p><strong>Urg\u00eancias, Emerg\u00eancias e Procedimentos III (UEPI)<br><\/strong><a href=\"https:\/\/toledo.ufpr.br\/wp-content\/uploads\/2022\/07\/2022_1-SEMESTRE_Edital_UEPIII_monitoria_Correto.pdf\">Edital de inscri\u00e7\u00e3o<br><\/a><a href=\"https:\/\/toledo.ufpr.br\/wp-content\/uploads\/2022\/07\/Resultado-de-Monitoria-UEP-III_2022_01.pdf\">Resultado final<\/a><\/p>\n\n\n\n<p><strong>Urg\u00eancias e Emerg\u00eancias V<br><\/strong><a href=\"https:\/\/toledo.ufpr.br\/wp-content\/uploads\/2022\/07\/2022_1-SEMESTRE_Edital_UEP-V_monitoria.docx.pdf\">Edital de inscri\u00e7\u00e3o<br><\/a><a href=\"https:\/\/toledo.ufpr.br\/wp-content\/uploads\/2022\/07\/2022_01_Resultado-de-Monitoria-UEP-V.pdf\">Resultado final<\/a><\/p>\n\n\n\n<p><strong>Urg\u00eancias, Emerg\u00eancias e Procedimentos I (UEPI)<br><\/strong><a href=\"https:\/\/toledo.ufpr.br\/wp-content\/uploads\/2022\/01\/Edital-sele\u00e7\u00e3o-de-monitores-em-UEP-I_-2022.pdf\">Edital de inscri\u00e7\u00e3o<\/a><\/p>\n\n\n\n<hr class=\"wp-block-separator has-alpha-channel-opacity\" \/>\n\n\n\n<p><strong>MONITORIA 2022\/2:<\/strong><\/p>\n\n\n\n<p><strong>Habilidades Operat\u00f3rias II (TLDM053)<\/strong><\/p>\n\n\n\n<p><a href=\"https:\/\/toledo.ufpr.br\/wp-content\/uploads\/2022\/12\/Edital-monitoria-HO2-Marco-Rafa-JAN-2023.pdf\" target=\"_blank\" rel=\"noreferrer noopener\">Edital de Inscri\u00e7\u00e3o<\/a>&nbsp;\u2013&nbsp;Per\u00edodo de Inscri\u00e7\u00e3o de 16\/12\/2022 a 03\/01\/2023.<\/p>\n\n\n\n<p><strong>Habilidades Operat\u00f3rias I (TLDM043)<\/strong><\/p>\n\n\n\n<p><a href=\"https:\/\/toledo.ufpr.br\/wp-content\/uploads\/2022\/12\/Edital-monitoria-HO1-Marco-Rafa-JAN-2023.pdf\" target=\"_blank\" rel=\"noreferrer noopener\">Edital de Inscri\u00e7\u00e3o \u2013<\/a>&nbsp;Per\u00edodo de inscri\u00e7\u00e3o de&nbsp;16\/12\/2022 a 03\/01\/2023.<\/p>\n\n\n\n<p><strong>Intera\u00e7\u00e3o em Sa\u00fade da Comunidade III (TLDM012)<br><\/strong><a href=\"https:\/\/toledo.ufpr.br\/wp-content\/uploads\/2022\/01\/Sele%C3%A7%C3%A3o-Edital_monitores-ISC-III-2022-2.pdf\" target=\"_blank\" rel=\"noreferrer noopener\">Edital de inscri\u00e7\u00e3o<\/a>&nbsp;\u2013 Inscri\u00e7\u00e3o: 05\/12\/2022 a 09\/12\/2022<\/p>\n\n\n\n<p><a href=\"https:\/\/toledo.ufpr.br\/wp-content\/uploads\/2022\/01\/Resultado-monitoria-ISC-III_2022-2.pdf\" target=\"_blank\" rel=\"noreferrer noopener\">Resultado Final<\/a><\/p>\n\n\n\n<p><strong>Intera\u00e7\u00e3o em Sa\u00fade da Comunidade VI (TLDM033)<br><\/strong><a href=\"https:\/\/toledo.ufpr.br\/wp-content\/uploads\/2022\/01\/Sele%C3%A7%C3%A3o-Edital_monitores-ISC-VI-2022-2.pdf\" target=\"_blank\" rel=\"noreferrer noopener\">Edital de inscri\u00e7\u00e3o<\/a>&nbsp;\u2013 Inscri\u00e7\u00e3o: 05\/12\/2022 a 09\/12\/2022<\/p>\n\n\n\n<p><a href=\"https:\/\/toledo.ufpr.br\/wp-content\/uploads\/2022\/01\/Resultado-monitoria-ISC-VI_2022-2.pdf\">N\u00e3o houve inscritos<\/a><\/p>\n\n\n\n<p><a href=\"https:\/\/toledo.ufpr.br\/wp-content\/uploads\/2022\/12\/Sele%C3%A7%C3%A3o-Edital_monitores-ISC-VI-2022-2-Reabertura.pdf\" target=\"_blank\" rel=\"noreferrer noopener\">Reabertura do Processo Seletivo de Monitoria Volunt\u00e1ria&nbsp;<\/a>&nbsp;\u2013 Inscri\u00e7\u00e3o:&nbsp;16\/12\/2022 \u00e0 06\/01\/2023.<\/p>\n\n\n\n<p><a href=\"https:\/\/toledo.ufpr.br\/wp-content\/uploads\/2022\/01\/Resultado-monitoria-ISC-VI_2022-2-SITE.pdf\" target=\"_blank\" rel=\"noreferrer noopener\">Resultado Final<\/a><\/p>\n\n\n\n<p><strong>Intera\u00e7\u00e3o em Sa\u00fade da Comunidade V (TLDM026)<br><\/strong><a href=\"https:\/\/toledo.ufpr.br\/wp-content\/uploads\/2022\/01\/Sele%C3%A7%C3%A3o-Edital_monitores-ISC-V-2022-02.pdf\" target=\"_blank\" rel=\"noreferrer noopener\">Edital de inscri\u00e7\u00e3o<\/a>&nbsp;\u2013 Inscri\u00e7\u00e3o: 05\/12\/2022 a 23\/12\/2022<\/p>\n\n\n\n<p><a href=\"https:\/\/toledo.ufpr.br\/wp-content\/uploads\/2022\/12\/Classifica%C3%A7%C3%A3o-monitoria-ISC-V.pdf\" target=\"_blank\" rel=\"noreferrer noopener\">Resultado Final&nbsp;<\/a><\/p>\n\n\n\n<p><strong>Radiologia Cl\u00ednica&nbsp;I (TLDM103)<br><\/strong><a href=\"https:\/\/toledo.ufpr.br\/wp-content\/uploads\/2022\/01\/Bolsa-Edital-sele%C3%A7%C3%A3o-de-monitores-em-Radiologia-Cl%C3%ADnica-I-2023-1.pdf\" target=\"_blank\" rel=\"noreferrer noopener\">Edital de inscri\u00e7\u00e3o<\/a>&nbsp;\u2013 Inscri\u00e7\u00e3o: 28\/11\/2022 a 01\/12\/2022<\/p>\n\n\n\n<p><a href=\"https:\/\/toledo.ufpr.br\/wp-content\/uploads\/2022\/01\/RESULTADO-selec%CC%A7a%CC%83o-de-monitores-em-Radiologia-Cli%CC%81nica-I-2023-1-1.pdf\" target=\"_blank\" rel=\"noreferrer noopener\">Resultado Final<\/a><\/p>\n\n\n\n<p><strong>Sa\u00fade do Adulto I (TLDM097)<br><\/strong><a href=\"https:\/\/toledo.ufpr.br\/wp-content\/uploads\/2022\/01\/Volunt.-Edital-sele%C3%A7%C3%A3o-de-monitores-em-SAI-2023-1.pdf\" target=\"_blank\" rel=\"noreferrer noopener\">Edital de inscri\u00e7\u00e3o<\/a>&nbsp;\u2013 Inscri\u00e7\u00e3o: 28\/11\/2022 a 01\/12\/2022<\/p>\n\n\n\n<p><a href=\"https:\/\/toledo.ufpr.br\/wp-content\/uploads\/2022\/01\/RESULTADO-selec%CC%A7a%CC%83o-de-monitores-em-SAI-2023-1.pdf\" target=\"_blank\" rel=\"noreferrer noopener\">Resultado Final<\/a><\/p>\n\n\n\n<p><strong>Sa\u00fade do Adulto III (TLDM042)<br><\/strong><a href=\"https:\/\/toledo.ufpr.br\/wp-content\/uploads\/2022\/01\/Volunt.-Edital-sele%C3%A7%C3%A3o-de-monitores-em-SAIII-2023-1.pdf\" target=\"_blank\" rel=\"noreferrer noopener\">Edital de inscri\u00e7\u00e3o<\/a>&nbsp;\u2013 Inscri\u00e7\u00e3o: 28\/11\/2022 a 01\/12\/2022<\/p>\n\n\n\n<p>N\u00e3o houve inscritos<\/p>\n\n\n\n<p><strong>Desenvolvimento I&nbsp;\u2013 Anatomia&nbsp;(TLDM007)<br><\/strong><a href=\"https:\/\/toledo.ufpr.br\/wp-content\/uploads\/2022\/01\/Edital-sele%C3%A7%C3%A3o-de-monitores-DI-2022-2-assinado.pdf\" target=\"_blank\" rel=\"noreferrer noopener\">Edital de inscri\u00e7\u00e3o<\/a>&nbsp;\u2013 Inscri\u00e7\u00e3o: 24\/11\/2022 a 30\/11\/2022<\/p>\n\n\n\n<p><a href=\"https:\/\/toledo.ufpr.br\/wp-content\/uploads\/2022\/01\/Edital-resultado-monitoria-DI.pdf\" target=\"_blank\" rel=\"noreferrer noopener\">Resultado Final<\/a><\/p>\n\n\n\n<p><strong>Processos Celulares \u2013 Anatomia&nbsp;(TLDM002)<br><\/strong><a href=\"https:\/\/toledo.ufpr.br\/wp-content\/uploads\/2022\/01\/Edital-sele%C3%A7%C3%A3o-de-monitores-PC-2022-2-assinado.pdf\" target=\"_blank\" rel=\"noreferrer noopener\">Edital de inscri\u00e7\u00e3o<\/a>&nbsp;\u2013 Inscri\u00e7\u00e3o:&nbsp;24\/11\/2022 a 30\/11\/2022<\/p>\n\n\n\n<p><a href=\"https:\/\/toledo.ufpr.br\/wp-content\/uploads\/2022\/01\/Edital-resultado-monitoria-PC.pdf\" target=\"_blank\" rel=\"noreferrer noopener\">Resultado Final<\/a><\/p>\n\n\n\n<p><strong>Imers\u00e3o em ECG&nbsp;(TLDM104)<br><\/strong><a href=\"https:\/\/toledo.ufpr.br\/wp-content\/uploads\/2022\/01\/2022_2_Edital_IMERS%C3%83O-EM-ECG_monitoria.pdf\" target=\"_blank\" rel=\"noreferrer noopener\">Edital de inscri\u00e7\u00e3o<\/a>&nbsp;\u2013&nbsp;Inscri\u00e7\u00e3o:&nbsp;21\/11\/2022 a 26\/11\/2022<br><a href=\"https:\/\/toledo.ufpr.br\/wp-content\/uploads\/2022\/01\/Resultado_Monitoria-ECG2022_02.pdf\" target=\"_blank\" rel=\"noreferrer noopener\">Resultado Final<\/a><\/p>\n\n\n\n<p><strong>Urg\u00eancias e Emerg\u00eancias III (TLDM028)<br><\/strong><a href=\"https:\/\/toledo.ufpr.br\/wp-content\/uploads\/2022\/01\/2022_2_Edital_UEPIII_monitoria.pdf\" target=\"_blank\" rel=\"noreferrer noopener\">Edital de inscri\u00e7\u00e3o<\/a>&nbsp;\u2013&nbsp;Inscri\u00e7\u00e3o:&nbsp;21\/11\/2022 a 26\/11\/2022<br><a href=\"https:\/\/toledo.ufpr.br\/wp-content\/uploads\/2022\/01\/MONITORIA_Resultado_UEP-III_2022_02.pdf\" target=\"_blank\" rel=\"noreferrer noopener\">Resultado Final<\/a><\/p>\n\n\n\n<p><strong>Urg\u00eancias e Emerg\u00eancias V&nbsp;(TLDM044)<br><\/strong><a href=\"https:\/\/toledo.ufpr.br\/wp-content\/uploads\/2022\/01\/2022_2_Edital_UEP-V_monitoria.pdf\" target=\"_blank\" rel=\"noreferrer noopener\">Edital de inscri\u00e7\u00e3o<\/a>&nbsp;\u2013 Inscri\u00e7\u00e3o:&nbsp;21\/11\/2022 a 26\/11\/2022<br><a href=\"https:\/\/toledo.ufpr.br\/wp-content\/uploads\/2022\/01\/Resultado_Monitoria-UEP-V_2022_2.pdf\" target=\"_blank\" rel=\"noreferrer noopener\">Resultado Final<\/a><\/p>\n\n\n\n<p class=\"has-text-align-right\">Atualizada em: 05\/04\/2024.<\/p>\n","protected":false},"excerpt":{"rendered":"<p>MONITORIA 2022\/1 Bioqu\u00edmica &#8211; Processos celulares (TLDM002)Edital de inscri\u00e7\u00e3oResultado final Bioqu\u00edmica &#8211; Sistema Renal e [&hellip;]<\/p>\n","protected":false},"author":2804,"featured_media":0,"parent":0,"menu_order":0,"comment_status":"closed","ping_status":"closed","template":"","meta":{"ngg_post_thumbnail":0,"footnotes":""},"class_list":["post-7561","page","type-page","status-publish","hentry"],"_links":{"self":[{"href":"https:\/\/toledo.ufpr.br\/medicinatoledo\/wp-json\/wp\/v2\/pages\/7561","targetHints":{"allow":["GET"]}}],"collection":[{"href":"https:\/\/toledo.ufpr.br\/medicinatoledo\/wp-json\/wp\/v2\/pages"}],"about":[{"href":"https:\/\/toledo.ufpr.br\/medicinatoledo\/wp-json\/wp\/v2\/types\/page"}],"author":[{"embeddable":true,"href":"https:\/\/toledo.ufpr.br\/medicinatoledo\/wp-json\/wp\/v2\/users\/2804"}],"replies":[{"embeddable":true,"href":"https:\/\/toledo.ufpr.br\/medicinatoledo\/wp-json\/wp\/v2\/comments?post=7561"}],"version-history":[{"count":1,"href":"https:\/\/toledo.ufpr.br\/medicinatoledo\/wp-json\/wp\/v2\/pages\/7561\/revisions"}],"predecessor-version":[{"id":7562,"href":"https:\/\/toledo.ufpr.br\/medicinatoledo\/wp-json\/wp\/v2\/pages\/7561\/revisions\/7562"}],"wp:attachment":[{"href":"https:\/\/toledo.ufpr.br\/medicinatoledo\/wp-json\/wp\/v2\/media?parent=7561"}],"curies":[{"name":"wp","href":"https:\/\/api.w.org\/{rel}","templated":true}]}}