{"id":7405,"date":"2024-08-08T10:55:26","date_gmt":"2024-08-08T13:55:26","guid":{"rendered":"https:\/\/toledo.ufpr.br\/medicinatoledo\/?page_id=7405"},"modified":"2024-09-23T15:39:37","modified_gmt":"2024-09-23T18:39:37","slug":"programa-de-orientacao-academica","status":"publish","type":"page","link":"https:\/\/toledo.ufpr.br\/medicinatoledo\/programa-de-orientacao-academica\/","title":{"rendered":"Programa de Orienta\u00e7\u00e3o Acad\u00eamica (POA)"},"content":{"rendered":"\n<p>O Programa de Orienta\u00e7\u00e3o Acad\u00eamica do Curso de Medicina do Campus Toledo (POA-MEDTL), tem como objetivo geral acompanhar e orientar por meio de tutoria os\/as estudantes do Curso de Medicina em sua trajet\u00f3ria acad\u00eamica, com intuito de acolher as concep\u00e7\u00f5es, d\u00favidas, experi\u00eancias e sugest\u00f5es de cada sujeito.<\/p>\n\n\n\n<p>Regulamento do Programa de Orienta\u00e7\u00e3o Acad\u00eamica: <a href=\"https:\/\/toledo.ufpr.br\/medicinatoledo\/wp-content\/uploads\/sites\/3\/2024\/09\/Programa-de-Orientacao-Academica_POA.pdf\"><img loading=\"lazy\" decoding=\"async\" width=\"75\" height=\"60\" class=\"wp-image-7605\" style=\"width: 75px\" src=\"https:\/\/toledo.ufpr.br\/medicinatoledo\/wp-content\/uploads\/sites\/3\/2024\/09\/image-e1726165696764.png\" alt=\"\"><\/a><\/p>\n\n\n\n<p class=\"has-text-align-right\">Atualizado 23\/09\/2024<\/p>\n","protected":false},"excerpt":{"rendered":"<p>O Programa de Orienta\u00e7\u00e3o Acad\u00eamica do Curso de Medicina do Campus Toledo (POA-MEDTL), tem como [&hellip;]<\/p>\n","protected":false},"author":2798,"featured_media":0,"parent":0,"menu_order":0,"comment_status":"closed","ping_status":"closed","template":"","meta":{"ngg_post_thumbnail":0,"footnotes":""},"class_list":["post-7405","page","type-page","status-publish","hentry"],"_links":{"self":[{"href":"https:\/\/toledo.ufpr.br\/medicinatoledo\/wp-json\/wp\/v2\/pages\/7405","targetHints":{"allow":["GET"]}}],"collection":[{"href":"https:\/\/toledo.ufpr.br\/medicinatoledo\/wp-json\/wp\/v2\/pages"}],"about":[{"href":"https:\/\/toledo.ufpr.br\/medicinatoledo\/wp-json\/wp\/v2\/types\/page"}],"author":[{"embeddable":true,"href":"https:\/\/toledo.ufpr.br\/medicinatoledo\/wp-json\/wp\/v2\/users\/2798"}],"replies":[{"embeddable":true,"href":"https:\/\/toledo.ufpr.br\/medicinatoledo\/wp-json\/wp\/v2\/comments?post=7405"}],"version-history":[{"count":5,"href":"https:\/\/toledo.ufpr.br\/medicinatoledo\/wp-json\/wp\/v2\/pages\/7405\/revisions"}],"predecessor-version":[{"id":7674,"href":"https:\/\/toledo.ufpr.br\/medicinatoledo\/wp-json\/wp\/v2\/pages\/7405\/revisions\/7674"}],"wp:attachment":[{"href":"https:\/\/toledo.ufpr.br\/medicinatoledo\/wp-json\/wp\/v2\/media?parent=7405"}],"curies":[{"name":"wp","href":"https:\/\/api.w.org\/{rel}","templated":true}]}}