{"id":7272,"date":"2024-02-29T10:31:20","date_gmt":"2024-02-29T13:31:20","guid":{"rendered":"https:\/\/toledo.ufpr.br\/medicinatoledo\/?page_id=7272"},"modified":"2024-02-29T10:46:42","modified_gmt":"2024-02-29T13:46:42","slug":"alunos-externos-a-ufpr","status":"publish","type":"page","link":"https:\/\/toledo.ufpr.br\/medicinatoledo\/alunos-externos-a-ufpr\/","title":{"rendered":"Alunos Externos \u00e0 UFPR"},"content":{"rendered":"\n<p>Neste momento o Curso de Medicina da UFPR Campus Toledo n\u00e3o possui editais abertos para a inscri\u00e7\u00e3o de alunos Externos \u00e0 UFPR nos est\u00e1gios do Internato M\u00e9dico.<\/p>\n\n\n\n<p class=\"has-text-align-right\">Atualizado 29\/02\/2024.<\/p>\n","protected":false},"excerpt":{"rendered":"<p>Neste momento o Curso de Medicina da UFPR Campus Toledo n\u00e3o possui editais abertos para [&hellip;]<\/p>\n","protected":false},"author":2798,"featured_media":0,"parent":0,"menu_order":0,"comment_status":"closed","ping_status":"closed","template":"","meta":{"ngg_post_thumbnail":0,"footnotes":""},"class_list":["post-7272","page","type-page","status-publish","hentry"],"_links":{"self":[{"href":"https:\/\/toledo.ufpr.br\/medicinatoledo\/wp-json\/wp\/v2\/pages\/7272","targetHints":{"allow":["GET"]}}],"collection":[{"href":"https:\/\/toledo.ufpr.br\/medicinatoledo\/wp-json\/wp\/v2\/pages"}],"about":[{"href":"https:\/\/toledo.ufpr.br\/medicinatoledo\/wp-json\/wp\/v2\/types\/page"}],"author":[{"embeddable":true,"href":"https:\/\/toledo.ufpr.br\/medicinatoledo\/wp-json\/wp\/v2\/users\/2798"}],"replies":[{"embeddable":true,"href":"https:\/\/toledo.ufpr.br\/medicinatoledo\/wp-json\/wp\/v2\/comments?post=7272"}],"version-history":[{"count":3,"href":"https:\/\/toledo.ufpr.br\/medicinatoledo\/wp-json\/wp\/v2\/pages\/7272\/revisions"}],"predecessor-version":[{"id":7278,"href":"https:\/\/toledo.ufpr.br\/medicinatoledo\/wp-json\/wp\/v2\/pages\/7272\/revisions\/7278"}],"wp:attachment":[{"href":"https:\/\/toledo.ufpr.br\/medicinatoledo\/wp-json\/wp\/v2\/media?parent=7272"}],"curies":[{"name":"wp","href":"https:\/\/api.w.org\/{rel}","templated":true}]}}