{"id":7258,"date":"2024-02-28T11:34:26","date_gmt":"2024-02-28T14:34:26","guid":{"rendered":"https:\/\/toledo.ufpr.br\/medicinatoledo\/?page_id=7258"},"modified":"2024-07-25T10:08:49","modified_gmt":"2024-07-25T13:08:49","slug":"relatorio-de-estagio","status":"publish","type":"page","link":"https:\/\/toledo.ufpr.br\/medicinatoledo\/relatorio-de-estagio\/","title":{"rendered":"Relat\u00f3rio de Est\u00e1gio"},"content":{"rendered":"\n<p>Documento obrigat\u00f3rio a ser preenchido ao t\u00e9rmino de cada est\u00e1gio (<a href=\"https:\/\/toledo.ufpr.br\/medicinatoledo\/wp-content\/uploads\/sites\/3\/2024\/02\/IN-01_21-PROGRAD-relatorio-de-estagio.pdf\">IN 01\/21 &#8211; PROGRAD<\/a>) em atendimento a Lei Federal 11.799\/08, que regulamenta a realiza\u00e7\u00e3o de est\u00e1gios, indicando como&nbsp;<strong>a\u00e7\u00e3o indispens\u00e1vel por parte do estudante para a comprova\u00e7\u00e3o das atividades realizadas<\/strong>.<\/p>\n\n\n\n<p><strong>TODOS <\/strong>os estudantes dever\u00e3o&nbsp;<strong>preencher e assinar<\/strong>&nbsp;o&nbsp;<strong>Relat\u00f3rio de Est\u00e1gio<\/strong>&nbsp;conforme segue:<\/p>\n\n\n\n<ul class=\"wp-block-list\">\n<li>1) O preenchimento dos relat\u00f3rios deve ocorrer pelo pr\u00f3prio aluno conforme <a href=\"http:\/\/www.prograd.ufpr.br\/estagio\/formularios\/\"><strong>formul\u00e1rio de Relat\u00f3rio de Est\u00e1gio<\/strong><\/a>&nbsp;disponibilizado na p\u00e1gina da&nbsp;<strong>COAFE<\/strong>.<\/li>\n\n\n\n<li>2) Cada termo de compromisso gerado no in\u00edcio do semestre letivo deve ter um relat\u00f3rio de est\u00e1gio correspondente.<\/li>\n\n\n\n<li>3) Todos os relat\u00f3rios de est\u00e1gio ser\u00e3o <strong>INDIVIDUAIS <\/strong>(independente do termo ser coletivo ou individual)\n<ul class=\"wp-block-list\">\n<li>a. As <strong>datas de in\u00edcio e t\u00e9rmino<\/strong> contidas no termo de est\u00e1gio <strong>PRECISAM ser as mesmas<\/strong> datas de in\u00edcio e t\u00e9rmino contidas no <strong>termo <\/strong>de compromisso de est\u00e1gio.<\/li>\n<\/ul>\n<\/li>\n\n\n\n<li>4) O relat\u00f3rio <strong>j\u00e1 assinado por todas as partes envolvidas<\/strong> ser\u00e1 encaminhado, <strong>em PDF<\/strong>, <strong>devidamente nominado e em arquivos separados<\/strong> conforme <em>exemplo*<\/em>, para <strong><mark>o Professor Orientador<\/mark>&nbsp;<\/strong>do est\u00e1gio da UFPR,<strong>&nbsp;antes&nbsp;do per\u00edodo de lan\u00e7amento das notas.<\/strong>\n<ul class=\"wp-block-list\">\n<li class=\"has-small-font-size\">* T5-Relat\u00f3rio&nbsp;NOME DISCENTE \u2013&nbsp;PED-LOCAL (para Pediatria)<\/li>\n\n\n\n<li class=\"has-small-font-size\">* T6-Relat\u00f3rio&nbsp;NOME DISCENTE \u2013&nbsp;GO-LOCAL&nbsp;(para Ginecologia e Obstetr\u00edcia)\u2002\u2002<\/li>\n\n\n\n<li class=\"has-small-font-size\">* T7-Relat\u00f3rio NOME DISCENTE \u2013 CM-LOCALM&nbsp;(para Cl\u00ednica M\u00e9dica)<\/li>\n<\/ul>\n<\/li>\n<\/ul>\n\n\n\n<p class=\"has-text-align-center\"><em>Sugere-se que o representante de cada Grupo (A\/B) re\u00fana os relat\u00f3rios, confirme se todos os arquivos est\u00e3o salvos em PDF, assinados e nominados corretamente antes de serem encaminhados para o Coordenador do est\u00e1gio.<\/em><\/p>\n\n\n\n<p><strong>Aten\u00e7\u00e3o<\/strong>:<\/p>\n\n\n\n<ul class=\"wp-block-list\">\n<li><strong>A<u>\u00a0falta do relat\u00f3rio de est\u00e1gio deste semestre IMPEDE o deferimento dos est\u00e1gios do pr\u00f3ximo semestre pela Unidade de Est\u00e1gios.<\/u><\/strong><\/li>\n\n\n\n<li><\/li>\n\n\n\n<li><strong><mark>Arquivos que n\u00e3o estejam nos padr\u00f5es solicitados n\u00e3o ser\u00e3o\u00a0aceitos.<\/mark><\/strong><\/li>\n<\/ul>\n\n\n\n<p class=\"has-text-align-right\">Atualizado em 25\/07\/2024<\/p>\n","protected":false},"excerpt":{"rendered":"<p>Documento obrigat\u00f3rio a ser preenchido ao t\u00e9rmino de cada est\u00e1gio (IN 01\/21 &#8211; PROGRAD) em [&hellip;]<\/p>\n","protected":false},"author":2798,"featured_media":0,"parent":0,"menu_order":0,"comment_status":"closed","ping_status":"closed","template":"","meta":{"ngg_post_thumbnail":0,"footnotes":""},"class_list":["post-7258","page","type-page","status-publish","hentry"],"_links":{"self":[{"href":"https:\/\/toledo.ufpr.br\/medicinatoledo\/wp-json\/wp\/v2\/pages\/7258","targetHints":{"allow":["GET"]}}],"collection":[{"href":"https:\/\/toledo.ufpr.br\/medicinatoledo\/wp-json\/wp\/v2\/pages"}],"about":[{"href":"https:\/\/toledo.ufpr.br\/medicinatoledo\/wp-json\/wp\/v2\/types\/page"}],"author":[{"embeddable":true,"href":"https:\/\/toledo.ufpr.br\/medicinatoledo\/wp-json\/wp\/v2\/users\/2798"}],"replies":[{"embeddable":true,"href":"https:\/\/toledo.ufpr.br\/medicinatoledo\/wp-json\/wp\/v2\/comments?post=7258"}],"version-history":[{"count":5,"href":"https:\/\/toledo.ufpr.br\/medicinatoledo\/wp-json\/wp\/v2\/pages\/7258\/revisions"}],"predecessor-version":[{"id":7347,"href":"https:\/\/toledo.ufpr.br\/medicinatoledo\/wp-json\/wp\/v2\/pages\/7258\/revisions\/7347"}],"wp:attachment":[{"href":"https:\/\/toledo.ufpr.br\/medicinatoledo\/wp-json\/wp\/v2\/media?parent=7258"}],"curies":[{"name":"wp","href":"https:\/\/api.w.org\/{rel}","templated":true}]}}