{"id":6669,"date":"2023-10-05T13:44:58","date_gmt":"2023-10-05T16:44:58","guid":{"rendered":"https:\/\/toledo.ufpr.br\/medicinatoledo\/?page_id=6669"},"modified":"2026-02-06T09:58:03","modified_gmt":"2026-02-06T12:58:03","slug":"exame-de-aproveitamento-de-conhecimento","status":"publish","type":"page","link":"https:\/\/toledo.ufpr.br\/medicinatoledo\/exame-de-aproveitamento-de-conhecimento\/","title":{"rendered":"&#x1f50d; Exame de Aproveitamento de Conhecimento"},"content":{"rendered":"<p>&#x1f4c4; <em><a href=\"https:\/\/toledo.ufpr.br\/medicinatoledo\/wp-content\/uploads\/sites\/3\/2025\/05\/res-92-13-cepe-alteracao-resolucao-0610-alterado-pela-res-39-18.pdf\" target=\"_blank\" rel=\"noopener\">Resolu\u00e7\u00e3o n\u00ba 92\/13 \u2013 CEPE<\/a> | <a href=\"https:\/\/toledo.ufpr.br\/medicinatoledo\/wp-content\/uploads\/sites\/3\/2025\/05\/instrucao-normativa-prograd-no-01-14.pdf\" target=\"_blank\" rel=\"noopener\">IN n\u00ba 01\/14 \u2013 PROGRAD<\/a><\/em><\/p>\n<p>&#x2705; Requisitos para Solicita\u00e7\u00e3o:<\/p>\n<p>&#x1f539; <strong>Art. 20.<\/strong><br \/>\n&#x1f393; O <strong>Aproveitamento de Conhecimento<\/strong> \u00e9 a atribui\u00e7\u00e3o de nota em disciplina da UFPR mediante <strong>comprova\u00e7\u00e3o de dom\u00ednio de conte\u00fado<\/strong>, por meio de <strong>aprova\u00e7\u00e3o em exame<\/strong> com <strong>nota igual ou superior a 50 (cinquenta)<\/strong>.<\/p>\n<p>&#x1f539; <strong>Art. 21.<\/strong><br \/>\n&#x2705; Ter\u00e1 direito ao exame de aproveitamento de conhecimento o(a) aluno(a) que:<br \/>\n\u2022 Tenha sido <strong>reprovado por nota<\/strong> na disciplina, <strong>pelo menos uma vez.<\/strong><br \/>\n\u2022 Tenha obtido <strong>frequ\u00eancia igual ou superior a 75%.<\/strong><\/p>\n<p>&#x1f539; <strong>Art. 22.<\/strong><br \/>\n&#x1f4c5; O(a) aluno(a) poder\u00e1 solicitar <strong>at\u00e9 2 exames de aproveitamento de conhecimento por per\u00edodo acad\u00eamico<\/strong> (semestre\/ano).<\/p>\n<p>&#x1f539; <strong>Art. 23.<\/strong><br \/>\n&#x1f501; Cada disciplina s\u00f3 poder\u00e1 ter <strong>uma \u00fanica solicita\u00e7\u00e3o de exame de aproveitamento<\/strong> por aluno(a) durante o curso.<\/p>\n<p>&#x1f539; <strong>Art. 24.<\/strong><br \/>\n&#x1f6ab; <strong>N\u00e3o \u00e9 permitida<\/strong> a solicita\u00e7\u00e3o de exame de aproveitamento por alunos <strong>matriculados regularmente na disciplina no mesmo per\u00edodo<\/strong>.<\/p>\n<hr \/>\n<p>&#x1f9fe; <strong>Como Solicitar<\/strong>:<\/p>\n<p>&#x1f4bb; A solicita\u00e7\u00e3o deve ser feita <strong>pelo pr\u00f3prio aluno<\/strong>, via <strong>sistema SIGA<\/strong>, dentro do <strong>prazo previsto no <\/strong><a href=\"https:\/\/toledo.ufpr.br\/medicinatoledo\/wp-content\/uploads\/sites\/3\/2026\/02\/SEI_8383957_Resolucao__Conselho_de_Ensino__Pesquisa_e_Extensao_23_25.pdf\" target=\"_blank\" rel=\"noopener\">calend\u00e1rio acad\u00eamico<\/a>.<\/p>\n<hr \/>\n<p>&#x1f517; <strong>Mais Informa\u00e7\u00f5es<\/strong>:<\/p>\n<p>&#x1f4cc; Acesse o <strong>tutorial<\/strong> na p\u00e1gina <strong>UFPR Aberta<\/strong>, em:<\/p>\n<blockquote><p><strong>Bloco 1 \u2013 Alunos e Alunas<\/strong><br \/>\n&#x1f449; <a href=\"https:\/\/ufpraberta.ufpr.br\/course\/view.php?id=9\" target=\"_blank\" rel=\"noopener\">https:\/\/ufpraberta.ufpr.br\/course\/view.php?id=9<\/a><\/p><\/blockquote>\n<hr \/>\n<p style=\"text-align: right\">Atualizado em 09\/05\/25.<\/p>\n","protected":false},"excerpt":{"rendered":"<p>&#x1f4c4; Resolu\u00e7\u00e3o n\u00ba 92\/13 \u2013 CEPE | IN n\u00ba 01\/14 \u2013 PROGRAD &#x2705; Requisitos para [&hellip;]<\/p>\n","protected":false},"author":2798,"featured_media":0,"parent":0,"menu_order":0,"comment_status":"closed","ping_status":"closed","template":"","meta":{"ngg_post_thumbnail":0,"footnotes":""},"class_list":["post-6669","page","type-page","status-publish","hentry"],"_links":{"self":[{"href":"https:\/\/toledo.ufpr.br\/medicinatoledo\/wp-json\/wp\/v2\/pages\/6669","targetHints":{"allow":["GET"]}}],"collection":[{"href":"https:\/\/toledo.ufpr.br\/medicinatoledo\/wp-json\/wp\/v2\/pages"}],"about":[{"href":"https:\/\/toledo.ufpr.br\/medicinatoledo\/wp-json\/wp\/v2\/types\/page"}],"author":[{"embeddable":true,"href":"https:\/\/toledo.ufpr.br\/medicinatoledo\/wp-json\/wp\/v2\/users\/2798"}],"replies":[{"embeddable":true,"href":"https:\/\/toledo.ufpr.br\/medicinatoledo\/wp-json\/wp\/v2\/comments?post=6669"}],"version-history":[{"count":11,"href":"https:\/\/toledo.ufpr.br\/medicinatoledo\/wp-json\/wp\/v2\/pages\/6669\/revisions"}],"predecessor-version":[{"id":10222,"href":"https:\/\/toledo.ufpr.br\/medicinatoledo\/wp-json\/wp\/v2\/pages\/6669\/revisions\/10222"}],"wp:attachment":[{"href":"https:\/\/toledo.ufpr.br\/medicinatoledo\/wp-json\/wp\/v2\/media?parent=6669"}],"curies":[{"name":"wp","href":"https:\/\/api.w.org\/{rel}","templated":true}]}}