{"id":6652,"date":"2023-10-05T13:35:21","date_gmt":"2023-10-05T16:35:21","guid":{"rendered":"https:\/\/toledo.ufpr.br\/medicinatoledo\/?page_id=6652"},"modified":"2026-01-06T16:41:17","modified_gmt":"2026-01-06T19:41:17","slug":"atestado-medico","status":"publish","type":"page","link":"https:\/\/toledo.ufpr.br\/medicinatoledo\/atestado-medico\/","title":{"rendered":"&#x1f4cc;Atestado M\u00e9dico"},"content":{"rendered":"<p>(<a href=\"https:\/\/toledo.ufpr.br\/medicinatoledo\/wp-content\/uploads\/sites\/3\/2025\/05\/Res-37-97-CEPE-atividades-academicas-alterada-pela-Res.-10-19-CEPE.pdf\" target=\"_blank\" rel=\"noopener\">Res. N\u00ba 37\/97-CEPE<\/a> \u2013 Art. 80 e 98).&nbsp;<\/p>\n<p><strong>Importante:<\/strong> N\u00e3o haver\u00e1 abono de faltas, independentemente do motivo da aus\u00eancia.<\/p>\n<h4>&nbsp;<\/h4>\n<p><strong>Para alunos do 1\u00ba ao 8\u00ba Per\u00edodo:<\/strong><\/p>\n<ul>\n<li>O atestado m\u00e9dico deve ser enviado por e-mail para:<br \/>\n&#x1f4e7; <a href=\"mailto:secretariaacademicatl@ufpr.br\">secretariaacademicatl@ufpr.br<\/a><br \/>\n<strong>Formato:<\/strong> <span style=\"color: #ff0000;\"><strong>*PDF*<\/strong><\/span><\/li>\n<li><strong>Perda de avalia\u00e7\u00e3o:<\/strong> Siga as orienta\u00e7\u00f5es para <a href=\"https:\/\/toledo.ufpr.br\/medicinatoledo\/segunda-chamada\/\" target=\"_blank\" rel=\"noopener\">Segunda Chamada<\/a>.<\/li>\n<\/ul>\n<hr>\n<p><strong>Para alunos do 9\u00ba ao 12\u00ba Per\u00edodo (Internato):<\/strong><\/p>\n<ul>\n<li>A <strong>frequ\u00eancia integral<\/strong> nas atividades do Est\u00e1gio Curricular Obrigat\u00f3rio \u00e9 obrigat\u00f3ria.<\/li>\n<li>A reposi\u00e7\u00e3o de faltas ser\u00e1 permitida <strong>somente<\/strong> nas situa\u00e7\u00f5es previstas no <a href=\"https:\/\/toledo.ufpr.br\/medicinatoledo\/wp-content\/uploads\/sites\/3\/2025\/05\/REGULAMENTO_ESTAGIO_MEDICINA_TL_2023.pdf\" target=\"_blank\" rel=\"noopener\">regulamento do est\u00e1gio<\/a>.<\/li>\n<li>O atestado m\u00e9dico deve ser enviado diretamente ao <strong>Coordenador de Est\u00e1gio<\/strong> dentro de <strong>5 dias \u00fateis<\/strong> ap\u00f3s a falta.<\/li>\n<li>A aceita\u00e7\u00e3o da justificativa ficar\u00e1 a crit\u00e9rio do coordenador.<\/li>\n<\/ul>\n<p><strong>D\u00favidas?<\/strong> Entre em contato pelo e-mail:<br \/>\n&#x1f4e7; <a href=\"mailto:internatotoledo@ufpr.br\">internatotoledo@ufpr.br<\/a><\/p>\n<p style=\"text-align: right;\">Atualizado em 08\/05\/25.<\/p>\n<hr>\n","protected":false},"excerpt":{"rendered":"<p>(Res. N\u00ba 37\/97-CEPE \u2013 Art. 80 e 98).&nbsp; Importante: N\u00e3o haver\u00e1 abono de faltas, independentemente [&hellip;]<\/p>\n","protected":false},"author":2798,"featured_media":0,"parent":0,"menu_order":0,"comment_status":"closed","ping_status":"closed","template":"","meta":{"ngg_post_thumbnail":0,"footnotes":""},"class_list":["post-6652","page","type-page","status-publish","hentry"],"_links":{"self":[{"href":"https:\/\/toledo.ufpr.br\/medicinatoledo\/wp-json\/wp\/v2\/pages\/6652","targetHints":{"allow":["GET"]}}],"collection":[{"href":"https:\/\/toledo.ufpr.br\/medicinatoledo\/wp-json\/wp\/v2\/pages"}],"about":[{"href":"https:\/\/toledo.ufpr.br\/medicinatoledo\/wp-json\/wp\/v2\/types\/page"}],"author":[{"embeddable":true,"href":"https:\/\/toledo.ufpr.br\/medicinatoledo\/wp-json\/wp\/v2\/users\/2798"}],"replies":[{"embeddable":true,"href":"https:\/\/toledo.ufpr.br\/medicinatoledo\/wp-json\/wp\/v2\/comments?post=6652"}],"version-history":[{"count":23,"href":"https:\/\/toledo.ufpr.br\/medicinatoledo\/wp-json\/wp\/v2\/pages\/6652\/revisions"}],"predecessor-version":[{"id":10037,"href":"https:\/\/toledo.ufpr.br\/medicinatoledo\/wp-json\/wp\/v2\/pages\/6652\/revisions\/10037"}],"wp:attachment":[{"href":"https:\/\/toledo.ufpr.br\/medicinatoledo\/wp-json\/wp\/v2\/media?parent=6652"}],"curies":[{"name":"wp","href":"https:\/\/api.w.org\/{rel}","templated":true}]}}