{"id":6650,"date":"2023-10-05T13:34:32","date_gmt":"2023-10-05T16:34:32","guid":{"rendered":"https:\/\/toledo.ufpr.br\/medicinatoledo\/?page_id=6650"},"modified":"2025-05-15T10:54:08","modified_gmt":"2025-05-15T13:54:08","slug":"vista-de-prova","status":"publish","type":"page","link":"https:\/\/toledo.ufpr.br\/medicinatoledo\/vista-de-prova\/","title":{"rendered":"Vista de Prova (Resolu\u00e7\u00e3o N\u00ba 37\/97-CEPE \u2013 Art. 105) &#x1f4da;"},"content":{"rendered":"<p>O direito \u00e0 revis\u00e3o das avalia\u00e7\u00f5es escritas \u00e9 garantido ao aluno conforme o <strong>Artigo 105 da <\/strong><a href=\"https:\/\/toledo.ufpr.br\/medicinatoledo\/wp-content\/uploads\/sites\/3\/2025\/05\/Res-37-97-CEPE-atividades-academicas-alterada-pela-Res.-10-19-CEPE.pdf\" target=\"_blank\" rel=\"noopener\">Resolu\u00e7\u00e3o N\u00ba 37\/97 \u2013 CEPE<\/a>. Siga o passo a passo abaixo para solicitar a vista de sua prova:<\/p>\n<p><strong>Passo 1:<\/strong> Preencher o Requerimento &#x1f4dd;<\/p>\n<p>Preencha o <a href=\"https:\/\/toledo.ufpr.br\/medicinatoledo\/wp-content\/uploads\/sites\/3\/2025\/05\/Solicitacao-de-vista-de-prova-15.05.25.pdf\" target=\"_blank\" rel=\"noopener\"><strong>requerimento de vista de prova<\/strong><\/a> com os dados necess\u00e1rios.<\/p>\n<p><strong>Passo 2:<\/strong> Enviar o Requerimento &#x1f4e7;<\/p>\n<p>Envie o requerimento preenchido para o e-mail:<br \/>\n&#x2709;&#xfe0f; <a href=\"mailto:secretariaacademicatl@ufpr.br\">secretariaacademicatl@ufpr.br<\/a>.<\/p>\n<p><strong>Passo 3:<\/strong> An\u00e1lise pelo Docente &#x1f468;&#x200d;&#x1f3eb;<\/p>\n<p>O requerimento ser\u00e1 encaminhado ao <strong>docente respons\u00e1vel<\/strong> pela disciplina ou m\u00f3dulo, que realizar\u00e1 a an\u00e1lise.<\/p>\n<p><strong>Passo 4:<\/strong> Acompanhar o Processo &#x1f504;<\/p>\n<p>Ap\u00f3s a an\u00e1lise, o aluno ser\u00e1 informado sobre o resultado da solicita\u00e7\u00e3o.<\/p>\n<hr \/>\n<p style=\"text-align: right\">Atualizado em 15\/05\/25.<\/p>\n","protected":false},"excerpt":{"rendered":"<p>O direito \u00e0 revis\u00e3o das avalia\u00e7\u00f5es escritas \u00e9 garantido ao aluno conforme o Artigo 105 [&hellip;]<\/p>\n","protected":false},"author":2798,"featured_media":0,"parent":0,"menu_order":0,"comment_status":"closed","ping_status":"closed","template":"","meta":{"ngg_post_thumbnail":0,"footnotes":""},"class_list":["post-6650","page","type-page","status-publish","hentry"],"_links":{"self":[{"href":"https:\/\/toledo.ufpr.br\/medicinatoledo\/wp-json\/wp\/v2\/pages\/6650","targetHints":{"allow":["GET"]}}],"collection":[{"href":"https:\/\/toledo.ufpr.br\/medicinatoledo\/wp-json\/wp\/v2\/pages"}],"about":[{"href":"https:\/\/toledo.ufpr.br\/medicinatoledo\/wp-json\/wp\/v2\/types\/page"}],"author":[{"embeddable":true,"href":"https:\/\/toledo.ufpr.br\/medicinatoledo\/wp-json\/wp\/v2\/users\/2798"}],"replies":[{"embeddable":true,"href":"https:\/\/toledo.ufpr.br\/medicinatoledo\/wp-json\/wp\/v2\/comments?post=6650"}],"version-history":[{"count":6,"href":"https:\/\/toledo.ufpr.br\/medicinatoledo\/wp-json\/wp\/v2\/pages\/6650\/revisions"}],"predecessor-version":[{"id":8895,"href":"https:\/\/toledo.ufpr.br\/medicinatoledo\/wp-json\/wp\/v2\/pages\/6650\/revisions\/8895"}],"wp:attachment":[{"href":"https:\/\/toledo.ufpr.br\/medicinatoledo\/wp-json\/wp\/v2\/media?parent=6650"}],"curies":[{"name":"wp","href":"https:\/\/api.w.org\/{rel}","templated":true}]}}