{"id":6647,"date":"2023-10-05T13:33:45","date_gmt":"2023-10-05T16:33:45","guid":{"rendered":"https:\/\/toledo.ufpr.br\/medicinatoledo\/?page_id=6647"},"modified":"2025-06-26T09:11:09","modified_gmt":"2025-06-26T12:11:09","slug":"segunda-chamada","status":"publish","type":"page","link":"https:\/\/toledo.ufpr.br\/medicinatoledo\/segunda-chamada\/","title":{"rendered":"Segunda Chamada"},"content":{"rendered":"\n<p><\/p>\n\n\n<div>\n<p><strong>&#x1f4d8;<\/strong><strong> Orienta\u00e7\u00f5es para Solicita\u00e7\u00e3o de Segunda Chamada de Prova.<\/strong><br \/><em>Em conformidade com a <a href=\"https:\/\/toledo.ufpr.br\/medicinatoledo\/wp-content\/uploads\/sites\/3\/2025\/05\/Res-37-97-CEPE-atividades-academicas-alterada-pela-Res.-10-19-CEPE.pdf\" target=\"_blank\" rel=\"noopener\">Resolu\u00e7\u00e3o n\u00ba 37\/97 \u2013 CEPE<\/a>. E <a href=\"https:\/\/toledo.ufpr.br\/medicinatoledo\/wp-content\/uploads\/sites\/3\/2025\/05\/SEI_7608797_Extrato_Ata_13-1.pdf\" target=\"_blank\" rel=\"noopener\">aprova\u00e7\u00e3o em ata pelo Colegiado do curso<\/a>.<\/em><\/p>\n<ol>\n<li><strong> Procedimento para Solicita\u00e7\u00e3o:<\/strong><\/li>\n<\/ol>\n<p>Para solicitar a segunda chamada de prova, siga os passos abaixo:<\/p>\n<p>&#x1f539; <strong>Leia com <span style=\"color: #ff0000\">aten\u00e7\u00e3o<\/span> as instru\u00e7\u00f5es espec\u00edficas conforme o tipo de avalia\u00e7\u00e3o:<\/strong><\/p>\n<ul>\n<li>Segunda chamada para: <strong><a href=\"https:\/\/toledo.ufpr.br\/medicinatoledo\/wp-content\/uploads\/sites\/3\/2025\/05\/INSTRUCOES-PARA-SOLICITACAO-DE-2a-CHAMADA-DE-AVALIACAO.pdf\" target=\"_blank\" rel=\"noopener\">Avalia\u00e7\u00e3o Te\u00f3rica \/ Pr\u00e1tica<\/a><\/strong><\/li>\n<li>Segunda chamada para: <strong><a href=\"https:\/\/toledo.ufpr.br\/medicinatoledo\/wp-content\/uploads\/sites\/3\/2025\/05\/INSTRUCOES-PARA-SOLICITACAO-DE-2aCHAMADA-DE-TBL.pdf\" target=\"_blank\" rel=\"noopener\">TBL<\/a><\/strong><\/li>\n<\/ul>\n<p>&#x1f539; <strong>Acesse o formul\u00e1rio espec\u00edfico<\/strong> :<br \/>&#x1f517; <a href=\"https:\/\/toledo.ufpr.br\/medicinatoledo\/wp-content\/uploads\/sites\/3\/2025\/05\/Solicitacao-de-segunda-chamada-24.01.25.pdf\" target=\"_blank\" rel=\"noopener\">Formul\u00e1rio de requerimento para solicita\u00e7\u00e3o de segunda chamada<\/a><\/p>\n<p>&#x27a1;&#xfe0f; <strong>Preencha corretamente<\/strong> todos os campos at\u00e9 a linha pontilhada.<\/p>\n<p>&#x1f539; <strong>Envie o requerimento<\/strong> junto com a documenta\u00e7\u00e3o comprobat\u00f3ria exigida, conforme o <strong>Art. 106 da Resolu\u00e7\u00e3o n\u00ba 37\/97 &#8211; CEPE<\/strong>:<\/p>\n<ul>\n<li>Todos os arquivos devem ser enviados em formato <span style=\"color: #ff0000\"><strong>*PDF*<\/strong>.<\/span><\/li>\n<li>Organize os documentos em arquivos separados (formul\u00e1rio e documenta\u00e7\u00e3o), mas envie todos no mesmo e-mail.<\/li>\n<\/ul>\n<p>&#x1f4e7; <strong>Envio para:<\/strong> <a href=\"secretariaacademicatl@ufpr.br\">secretariaacademicatl@ufpr.br<\/a><\/p>\n<p>&#x2757; <strong>Importante:<\/strong> Caso a solicita\u00e7\u00e3o envolva mais de uma disciplina ou m\u00f3dulo, \u00e9 necess\u00e1rio preencher e enviar um formul\u00e1rio <strong>separado<\/strong> para cada um.<\/p>\n<p class=\"x_elementToProof\" data-olk-copy-source=\"MessageBody\"><em>&#x274c; Solicita\u00e7\u00e3o incorreta <strong>OU<\/strong> incompleta <b>n\u00e3o ser\u00e1 aceita<\/b>\u00a0e ser\u00e1\u00a0<b>devolvida para corre\u00e7\u00e3o<\/b>.<\/em><\/p>\n<p>&#x1f4dd; Ap\u00f3s o envio, a secretaria encaminhar\u00e1 sua solicita\u00e7\u00e3o para o docente respons\u00e1vel pela disciplina, que ir\u00e1 analisar o caso.<\/p>\n<ol start=\"2\">\n<li><hr \/>\n<p><strong>Situa\u00e7\u00f5es Aceitas para Solicita\u00e7\u00e3o de Segunda Chamada:<\/strong><\/p>\n<blockquote>\n<div style=\"text-align: left\">De acordo com o\u00a0<b>Art. 106 da Resolu\u00e7\u00e3o n\u00ba 37\/97 &#8211; CEPE<\/b>, \u00e9 assegurado o direito \u00e0 segunda chamada ao(a) estudante que n\u00e3o tenha comparecido \u00e0 avalia\u00e7\u00e3o do rendimento escolar,\u00a0<b>exceto na segunda avalia\u00e7\u00e3o final<\/b>, nas seguintes situa\u00e7\u00f5es:<\/div>\n<div>\u00a0<\/div>\n<div style=\"text-align: left\"><b>\u00a7 1\u00ba &#8211;\u00a0\u00a0Considera-se impedimento do aluno para comparecer \u00e0 avalia\u00e7\u00e3o:<\/b><\/div>\n<div>\u00a0<\/div>\n<div style=\"text-align: left\">a) Participa\u00e7\u00e3o em\u00a0<b>exerc\u00edcios ou manobras militares<\/b>, mediante matr\u00edcula no NPOR (Lei n\u00ba 4.375, de 17\/08\/1964), comprovada por\u00a0<b>atestado da unidade\u00a0militar<\/b>;<\/div>\n<div style=\"text-align: left\">b)\u00a0<b>Internamento hospitalar<\/b>, comprovado por\u00a0<b>atestado da institui\u00e7\u00e3o de sa\u00fade<\/b>;<\/div>\n<div style=\"text-align: left\">c)\u00a0<b>Doen\u00e7a impeditiva<\/b>, confirmada por\u00a0<b>atestado emitido por profissional da \u00e1rea de sa\u00fade<\/b>;<\/div>\n<div style=\"text-align: left\">d)\u00a0<b>Luto<\/b>\u00a0pelo falecimento de parentes ou afins em linha reta e colaterais at\u00e9 o segundo grau, comprovado por\u00a0<b>atestado de \u00f3bito<\/b>;<\/div>\n<div>e)\u00a0<b>Convoca\u00e7\u00e3o\u00a0oficial<\/b>, com coincid\u00eancia de hor\u00e1rio, para\u00a0<b>depoimento judicial, policial ou assemelhado<\/b>, devidamente comprovado;<\/div>\n<div>f)\u00a0<b>Convoca\u00e7\u00e3o para atua\u00e7\u00e3o em elei\u00e7\u00f5es<\/b>, por entidades oficiais, com coincid\u00eancia de hor\u00e1rio, comprovada formalmente;<\/div>\n<div>g)\u00a0<b>Viagem oficial<\/b>\u00a0vinculada a conv\u00eanio da UFPR, mediante comprova\u00e7\u00e3o;<\/div>\n<div>h)\u00a0<b>Participa\u00e7\u00e3o em atividades acad\u00eamicas<\/b>\u00a0previstas nos Artigos 81 e 82 da Resolu\u00e7\u00e3o, devidamente comprovadas.<\/div>\n<\/blockquote>\n<p>Em caso de d\u00favidas ou necessidade de assist\u00eancia durante o processo, entre em contato com a secretaria acad\u00eamica.<\/p>\n<\/li>\n<\/ol>\n<\/div>\n<hr \/>\n<h1 data-ccp-props=\"{&quot;335551550&quot;:6,&quot;335551620&quot;:6,&quot;335559683&quot;:0,&quot;335559685&quot;:360,&quot;335559731&quot;:-360,&quot;335559737&quot;:0,&quot;335562764&quot;:2,&quot;335562765&quot;:1.2,&quot;335562766&quot;:4,&quot;335562767&quot;:10,&quot;335562768&quot;:4,&quot;335562769&quot;:6.01}\">Editais<\/h1>\n<p data-ccp-props=\"{&quot;335551550&quot;:6,&quot;335551620&quot;:6,&quot;335559683&quot;:0,&quot;335559685&quot;:360,&quot;335559731&quot;:-360,&quot;335559737&quot;:0,&quot;335562764&quot;:2,&quot;335562765&quot;:1.2,&quot;335562766&quot;:4,&quot;335562767&quot;:10,&quot;335562768&quot;:4,&quot;335562769&quot;:6.01}\"><strong>Editais das solicita\u00e7\u00f5es de segundas chamadas <a href=\"https:\/\/toledo.ufpr.br\/medicinatoledo\/editais-de-segunda-chamada-deferidos-2024-2\/\"><span style=\"color: #ff0000\">deferidas<\/span><\/a><\/strong><\/p>\n\n\n<p class=\"has-text-align-right\">                                                                                                                                 Atualizado em 08\/05\/25.<\/p>\n","protected":false},"excerpt":{"rendered":"<p>&#x1f4d8; Orienta\u00e7\u00f5es para Solicita\u00e7\u00e3o de Segunda Chamada de Prova.Em conformidade com a Resolu\u00e7\u00e3o n\u00ba 37\/97 [&hellip;]<\/p>\n","protected":false},"author":2798,"featured_media":0,"parent":0,"menu_order":0,"comment_status":"closed","ping_status":"closed","template":"","meta":{"ngg_post_thumbnail":0,"footnotes":""},"class_list":["post-6647","page","type-page","status-publish","hentry"],"_links":{"self":[{"href":"https:\/\/toledo.ufpr.br\/medicinatoledo\/wp-json\/wp\/v2\/pages\/6647","targetHints":{"allow":["GET"]}}],"collection":[{"href":"https:\/\/toledo.ufpr.br\/medicinatoledo\/wp-json\/wp\/v2\/pages"}],"about":[{"href":"https:\/\/toledo.ufpr.br\/medicinatoledo\/wp-json\/wp\/v2\/types\/page"}],"author":[{"embeddable":true,"href":"https:\/\/toledo.ufpr.br\/medicinatoledo\/wp-json\/wp\/v2\/users\/2798"}],"replies":[{"embeddable":true,"href":"https:\/\/toledo.ufpr.br\/medicinatoledo\/wp-json\/wp\/v2\/comments?post=6647"}],"version-history":[{"count":51,"href":"https:\/\/toledo.ufpr.br\/medicinatoledo\/wp-json\/wp\/v2\/pages\/6647\/revisions"}],"predecessor-version":[{"id":9244,"href":"https:\/\/toledo.ufpr.br\/medicinatoledo\/wp-json\/wp\/v2\/pages\/6647\/revisions\/9244"}],"wp:attachment":[{"href":"https:\/\/toledo.ufpr.br\/medicinatoledo\/wp-json\/wp\/v2\/media?parent=6647"}],"curies":[{"name":"wp","href":"https:\/\/api.w.org\/{rel}","templated":true}]}}