{"id":6645,"date":"2023-10-05T13:32:47","date_gmt":"2023-10-05T16:32:47","guid":{"rendered":"https:\/\/toledo.ufpr.br\/medicinatoledo\/?page_id=6645"},"modified":"2025-05-08T10:48:51","modified_gmt":"2025-05-08T13:48:51","slug":"emissao-de-documentos-siga","status":"publish","type":"page","link":"https:\/\/toledo.ufpr.br\/medicinatoledo\/emissao-de-documentos-siga\/","title":{"rendered":"&#x1f4c4; Emiss\u00e3o de Documentos no SIGA"},"content":{"rendered":"<p>Ap\u00f3s a matr\u00edcula no sistema, os(as) discentes podem emitir diretamente pelo <strong>SIGA<\/strong> os seguintes documentos:<\/p>\n<ul>\n<li>&#x1f4d8; <strong>Hist\u00f3rico Escolar<\/strong><\/li>\n<li>&#x1f9e9; <strong>Relat\u00f3rio de Integraliza\u00e7\u00e3o<\/strong><\/li>\n<li>&#x1f9fe; <strong>Declara\u00e7\u00e3o de Matr\u00edcula<\/strong><\/li>\n<li>&#x1f5c2;&#xfe0f; <strong>Comprovante de Matr\u00edcula<\/strong><\/li>\n<\/ul>\n<p>&#x1f4da; Para aprender como acessar e emitir esses documentos, consulte o <a href=\"https:\/\/ufpraberta.ufpr.br\/course\/view.php?id=9\" target=\"_blank\" rel=\"noopener\">tutorial na p\u00e1gina UFPR Aberta<\/a>, dispon\u00edvel na se\u00e7\u00e3o <strong>Bloco 1 \u2013 Alunos e Alunas<\/strong>.<\/p>\n<hr \/>\n<p style=\"text-align: right\">Atualizado em 08\/05\/25.<\/p>\n","protected":false},"excerpt":{"rendered":"<p>Ap\u00f3s a matr\u00edcula no sistema, os(as) discentes podem emitir diretamente pelo SIGA os seguintes documentos: [&hellip;]<\/p>\n","protected":false},"author":2798,"featured_media":0,"parent":0,"menu_order":0,"comment_status":"closed","ping_status":"closed","template":"","meta":{"ngg_post_thumbnail":0,"footnotes":""},"class_list":["post-6645","page","type-page","status-publish","hentry"],"_links":{"self":[{"href":"https:\/\/toledo.ufpr.br\/medicinatoledo\/wp-json\/wp\/v2\/pages\/6645","targetHints":{"allow":["GET"]}}],"collection":[{"href":"https:\/\/toledo.ufpr.br\/medicinatoledo\/wp-json\/wp\/v2\/pages"}],"about":[{"href":"https:\/\/toledo.ufpr.br\/medicinatoledo\/wp-json\/wp\/v2\/types\/page"}],"author":[{"embeddable":true,"href":"https:\/\/toledo.ufpr.br\/medicinatoledo\/wp-json\/wp\/v2\/users\/2798"}],"replies":[{"embeddable":true,"href":"https:\/\/toledo.ufpr.br\/medicinatoledo\/wp-json\/wp\/v2\/comments?post=6645"}],"version-history":[{"count":3,"href":"https:\/\/toledo.ufpr.br\/medicinatoledo\/wp-json\/wp\/v2\/pages\/6645\/revisions"}],"predecessor-version":[{"id":8642,"href":"https:\/\/toledo.ufpr.br\/medicinatoledo\/wp-json\/wp\/v2\/pages\/6645\/revisions\/8642"}],"wp:attachment":[{"href":"https:\/\/toledo.ufpr.br\/medicinatoledo\/wp-json\/wp\/v2\/media?parent=6645"}],"curies":[{"name":"wp","href":"https:\/\/api.w.org\/{rel}","templated":true}]}}