{"id":6640,"date":"2023-10-05T13:31:04","date_gmt":"2023-10-05T16:31:04","guid":{"rendered":"https:\/\/toledo.ufpr.br\/medicinatoledo\/?page_id=6640"},"modified":"2025-05-09T10:52:01","modified_gmt":"2025-05-09T13:52:01","slug":"cancelamento-de-disciplina","status":"publish","type":"page","link":"https:\/\/toledo.ufpr.br\/medicinatoledo\/cancelamento-de-disciplina\/","title":{"rendered":"&#x1f4da; Cancelamento de Disciplina"},"content":{"rendered":"<p>O <strong>cancelamento de disciplina<\/strong> durante o per\u00edodo letivo em andamento pode ser solicitado pelo aluno, conforme a <a href=\"https:\/\/toledo.ufpr.br\/medicinatoledo\/wp-content\/uploads\/sites\/3\/2025\/05\/Res-37-97-CEPE-atividades-academicas-alterada-pela-Res.-10-19-CEPE.pdf\" target=\"_blank\" rel=\"noopener\">Resolu\u00e7\u00e3o N\u00ba 37\/97-CEPE<\/a>, Art. 60.<\/p>\n<p>&#x1f4dd; Como solicitar:<\/p>\n<ul>\n<li>A solicita\u00e7\u00e3o deve ser feita <strong>pelo aluno, atrav\u00e9s do sistema SIGA<\/strong>, dentro do prazo estipulado no <strong>calend\u00e1rio acad\u00eamico<\/strong>.<\/li>\n<li>Para orienta\u00e7\u00f5es detalhadas, consulte o <strong>tutorial<\/strong> dispon\u00edvel na p\u00e1gina <a href=\"https:\/\/ufpraberta.ufpr.br\/course\/view.php?id=9\" target=\"_blank\" rel=\"noopener\">UFPR Aberta<\/a>, na op\u00e7\u00e3o <strong>BLOCO 1 \u2013 Alunos e Alunas<\/strong>.<\/li>\n<\/ul>\n<p>&#x26a0;&#xfe0f; <strong>Aten\u00e7\u00e3o:<\/strong><\/p>\n<p>\u00c9 essencial <strong>observar os prazos estabelecidos<\/strong> para garantir que o cancelamento seja feito corretamente.<\/p>\n<p style=\"text-align: right\">Atualizado em 08\/05\/25.<\/p>\n","protected":false},"excerpt":{"rendered":"<p>O cancelamento de disciplina durante o per\u00edodo letivo em andamento pode ser solicitado pelo aluno, [&hellip;]<\/p>\n","protected":false},"author":2798,"featured_media":0,"parent":0,"menu_order":0,"comment_status":"closed","ping_status":"closed","template":"","meta":{"ngg_post_thumbnail":0,"footnotes":""},"class_list":["post-6640","page","type-page","status-publish","hentry"],"_links":{"self":[{"href":"https:\/\/toledo.ufpr.br\/medicinatoledo\/wp-json\/wp\/v2\/pages\/6640","targetHints":{"allow":["GET"]}}],"collection":[{"href":"https:\/\/toledo.ufpr.br\/medicinatoledo\/wp-json\/wp\/v2\/pages"}],"about":[{"href":"https:\/\/toledo.ufpr.br\/medicinatoledo\/wp-json\/wp\/v2\/types\/page"}],"author":[{"embeddable":true,"href":"https:\/\/toledo.ufpr.br\/medicinatoledo\/wp-json\/wp\/v2\/users\/2798"}],"replies":[{"embeddable":true,"href":"https:\/\/toledo.ufpr.br\/medicinatoledo\/wp-json\/wp\/v2\/comments?post=6640"}],"version-history":[{"count":7,"href":"https:\/\/toledo.ufpr.br\/medicinatoledo\/wp-json\/wp\/v2\/pages\/6640\/revisions"}],"predecessor-version":[{"id":8693,"href":"https:\/\/toledo.ufpr.br\/medicinatoledo\/wp-json\/wp\/v2\/pages\/6640\/revisions\/8693"}],"wp:attachment":[{"href":"https:\/\/toledo.ufpr.br\/medicinatoledo\/wp-json\/wp\/v2\/media?parent=6640"}],"curies":[{"name":"wp","href":"https:\/\/api.w.org\/{rel}","templated":true}]}}