{"id":6635,"date":"2023-10-05T13:30:00","date_gmt":"2023-10-05T16:30:00","guid":{"rendered":"https:\/\/toledo.ufpr.br\/medicinatoledo\/?page_id=6635"},"modified":"2026-01-06T16:40:04","modified_gmt":"2026-01-06T19:40:04","slug":"dispensa-de-pre-requisito","status":"publish","type":"page","link":"https:\/\/toledo.ufpr.br\/medicinatoledo\/dispensa-de-pre-requisito\/","title":{"rendered":"&#x1f4d8; Dispensa de Pr\u00e9-Requisito\u00a0"},"content":{"rendered":"<p><em>(<a href=\"https:\/\/toledo.ufpr.br\/medicinatoledo\/wp-content\/uploads\/sites\/3\/2025\/05\/resolucao_cepe_63.10-CEPE.pdf\" target=\"_blank\" rel=\"noopener\">Resolu\u00e7\u00e3o n\u00ba 63\/10 \u2013 CEPE<\/a> e <a href=\"https:\/\/toledo.ufpr.br\/medicinatoledo\/wp-content\/uploads\/sites\/3\/2025\/05\/Regulamento_Dispensa-Pre-Requisito_Versao-2_site.pdf\" target=\"_blank\" rel=\"noopener\">Regulamento Espec\u00edfico do curso<\/a>).<\/em><\/p>\n<p>A <strong>dispensa de pr\u00e9-requisito<\/strong> permite que o(a) estudante curse uma unidade curricular sem ter conclu\u00eddo disciplinas exigidas como obrigat\u00f3rias para matr\u00edcula.&nbsp;<\/p>\n<hr>\n<p>&#x1f4dd; Como Solicitar:<\/p>\n<ol>\n<li>&#x1f4c4; <strong>Preencha o formul\u00e1rio<\/strong> de requerimento de dispensa de pr\u00e9-requisito;<\/li>\n<li>&#x1f4ce; <strong>Anexe o hist\u00f3rico escolar completo<\/strong>, com o <strong>\u00cdndice de Rendimento Acad\u00eamico (IRA)<\/strong>;<\/li>\n<li>&#x23f0; <strong>Envie dentro do prazo<\/strong> previsto no <strong>calend\u00e1rio acad\u00eamico<\/strong>;<\/li>\n<\/ol>\n<hr>\n<p>&#x1f4e4; Envio da Solicita\u00e7\u00e3o.<\/p>\n<ul>\n<li>Enviar a documenta\u00e7\u00e3o para:<br \/>\n&#x1f4e7; <a href=\"mailto:secretariaacademicatl@ufpr.br\">secretariaacademicatl@ufpr.br<\/a><\/li>\n<\/ul>\n<hr>\n<p>&#x1f4ce; <a href=\"https:\/\/toledo.ufpr.br\/medicinatoledo\/wp-content\/uploads\/sites\/3\/2025\/05\/Formulario-Dispensa-Pre-Requisitos_pdf-editavel.pdf\" target=\"_blank\" rel=\"noopener\">Clique aqui para acessar o formul\u00e1rio<\/a><\/p>\n<hr>\n<p style=\"text-align: right;\">Atualizado em 08\/05\/25.<\/p>\n","protected":false},"excerpt":{"rendered":"<p>(Resolu\u00e7\u00e3o n\u00ba 63\/10 \u2013 CEPE e Regulamento Espec\u00edfico do curso). A dispensa de pr\u00e9-requisito permite [&hellip;]<\/p>\n","protected":false},"author":2798,"featured_media":0,"parent":0,"menu_order":0,"comment_status":"closed","ping_status":"closed","template":"","meta":{"ngg_post_thumbnail":0,"footnotes":""},"class_list":["post-6635","page","type-page","status-publish","hentry"],"_links":{"self":[{"href":"https:\/\/toledo.ufpr.br\/medicinatoledo\/wp-json\/wp\/v2\/pages\/6635","targetHints":{"allow":["GET"]}}],"collection":[{"href":"https:\/\/toledo.ufpr.br\/medicinatoledo\/wp-json\/wp\/v2\/pages"}],"about":[{"href":"https:\/\/toledo.ufpr.br\/medicinatoledo\/wp-json\/wp\/v2\/types\/page"}],"author":[{"embeddable":true,"href":"https:\/\/toledo.ufpr.br\/medicinatoledo\/wp-json\/wp\/v2\/users\/2798"}],"replies":[{"embeddable":true,"href":"https:\/\/toledo.ufpr.br\/medicinatoledo\/wp-json\/wp\/v2\/comments?post=6635"}],"version-history":[{"count":9,"href":"https:\/\/toledo.ufpr.br\/medicinatoledo\/wp-json\/wp\/v2\/pages\/6635\/revisions"}],"predecessor-version":[{"id":10033,"href":"https:\/\/toledo.ufpr.br\/medicinatoledo\/wp-json\/wp\/v2\/pages\/6635\/revisions\/10033"}],"wp:attachment":[{"href":"https:\/\/toledo.ufpr.br\/medicinatoledo\/wp-json\/wp\/v2\/media?parent=6635"}],"curies":[{"name":"wp","href":"https:\/\/api.w.org\/{rel}","templated":true}]}}