{"id":6633,"date":"2023-10-05T13:29:28","date_gmt":"2023-10-05T16:29:28","guid":{"rendered":"https:\/\/toledo.ufpr.br\/medicinatoledo\/?page_id=6633"},"modified":"2026-02-06T09:56:26","modified_gmt":"2026-02-06T12:56:26","slug":"exame-de-adiantamento-de-conhecimento","status":"publish","type":"page","link":"https:\/\/toledo.ufpr.br\/medicinatoledo\/exame-de-adiantamento-de-conhecimento\/","title":{"rendered":"&#x1f4d8; Exame de Adiantamento de Conhecimento"},"content":{"rendered":"<p><em>(<\/em><a href=\"https:\/\/toledo.ufpr.br\/medicinatoledo\/wp-content\/uploads\/sites\/3\/2025\/05\/res-92-13-cepe-alteracao-resolucao-0610-alterado-pela-res-39-18.pdf\" target=\"_blank\" rel=\"noopener\">Resolu\u00e7\u00e3o n\u00ba 92\/13 \u2013 CEPE<\/a> e <a href=\"https:\/\/toledo.ufpr.br\/medicinatoledo\/wp-content\/uploads\/sites\/3\/2025\/05\/instrucao-normativa-prograd-no-01-14.pdf\" target=\"_blank\" rel=\"noopener\">IN n\u00ba 01\/14 \u2013 PROGRAD)<\/a><em>.<\/em><\/p>\n<p><strong data-start=\"303\" data-end=\"318\">&#x1f4cc; O que \u00e9?<\/strong><br data-start=\"318\" data-end=\"321\" \/>O adiantamento de conhecimento permite ao estudante obter nota em uma disciplina da UFPR sem precisar curs\u00e1-la, desde que comprove dom\u00ednio do conte\u00fado. Para isso, \u00e9 necess\u00e1rio ser aprovado em um exame, com nota igual ou superior a 50 (cinquenta).<\/p>\n<hr \/>\n<p data-start=\"728\" data-end=\"788\"><strong data-start=\"728\" data-end=\"764\">&#x1f4c2; O que deve constar no pedido?<\/strong><\/p>\n<ul data-start=\"790\" data-end=\"1073\">\n<li data-start=\"790\" data-end=\"928\">\n<p data-start=\"792\" data-end=\"928\"><strong data-start=\"792\" data-end=\"821\">Documentos comprobat\u00f3rios<\/strong> que demonstrem seu dom\u00ednio do conte\u00fado da disciplina (ex.: certificados, hist\u00f3ricos escolares);<br data-start=\"917\" data-end=\"920\" \/><strong data-start=\"920\" data-end=\"926\">ou<\/strong><\/p>\n<\/li>\n<li data-start=\"929\" data-end=\"1073\">\n<p data-start=\"931\" data-end=\"1073\"><strong data-start=\"931\" data-end=\"962\">Uma justificativa detalhada<\/strong>, explicando como e por que voc\u00ea possui conhecimento suficiente sobre o conte\u00fado, mesmo sem documentos formais.<\/p>\n<\/li>\n<\/ul>\n<hr \/>\n<p>&#x1f9fe; <strong>Como Solicitar<\/strong>:<\/p>\n<p>&#x1f4bb; A solicita\u00e7\u00e3o deve ser feita <strong>pelo pr\u00f3prio aluno<\/strong>, via <strong>sistema SIGA<\/strong>, dentro do <strong>prazo previsto no <\/strong><a href=\"https:\/\/toledo.ufpr.br\/medicinatoledo\/wp-content\/uploads\/sites\/3\/2026\/02\/SEI_8383957_Resolucao__Conselho_de_Ensino__Pesquisa_e_Extensao_23_25.pdf\" target=\"_blank\" rel=\"noopener\">calend\u00e1rio acad\u00eamico<\/a>.<\/p>\n<hr \/>\n<p>&#x1f517; <strong>Mais Informa\u00e7\u00f5es<\/strong>:<\/p>\n<p>&#x1f4cc; Acesse o <strong>tutorial<\/strong> na p\u00e1gina <strong>UFPR Aberta<\/strong>, em:<\/p>\n<blockquote><p><strong>Bloco 1 \u2013 Alunos e Alunas<\/strong><br \/>\n&#x1f449; <a href=\"https:\/\/ufpraberta.ufpr.br\/course\/view.php?id=9\" target=\"_blank\" rel=\"noopener\">https:\/\/ufpraberta.ufpr.br\/course\/view.php?id=9<\/a><\/p><\/blockquote>\n<hr \/>\n<p style=\"text-align: right\">Atualizado em 09\/05\/25.<\/p>\n","protected":false},"excerpt":{"rendered":"<p>(Resolu\u00e7\u00e3o n\u00ba 92\/13 \u2013 CEPE e IN n\u00ba 01\/14 \u2013 PROGRAD). &#x1f4cc; O que \u00e9?O [&hellip;]<\/p>\n","protected":false},"author":2798,"featured_media":0,"parent":0,"menu_order":0,"comment_status":"closed","ping_status":"closed","template":"","meta":{"ngg_post_thumbnail":0,"footnotes":""},"class_list":["post-6633","page","type-page","status-publish","hentry"],"_links":{"self":[{"href":"https:\/\/toledo.ufpr.br\/medicinatoledo\/wp-json\/wp\/v2\/pages\/6633","targetHints":{"allow":["GET"]}}],"collection":[{"href":"https:\/\/toledo.ufpr.br\/medicinatoledo\/wp-json\/wp\/v2\/pages"}],"about":[{"href":"https:\/\/toledo.ufpr.br\/medicinatoledo\/wp-json\/wp\/v2\/types\/page"}],"author":[{"embeddable":true,"href":"https:\/\/toledo.ufpr.br\/medicinatoledo\/wp-json\/wp\/v2\/users\/2798"}],"replies":[{"embeddable":true,"href":"https:\/\/toledo.ufpr.br\/medicinatoledo\/wp-json\/wp\/v2\/comments?post=6633"}],"version-history":[{"count":13,"href":"https:\/\/toledo.ufpr.br\/medicinatoledo\/wp-json\/wp\/v2\/pages\/6633\/revisions"}],"predecessor-version":[{"id":10217,"href":"https:\/\/toledo.ufpr.br\/medicinatoledo\/wp-json\/wp\/v2\/pages\/6633\/revisions\/10217"}],"wp:attachment":[{"href":"https:\/\/toledo.ufpr.br\/medicinatoledo\/wp-json\/wp\/v2\/media?parent=6633"}],"curies":[{"name":"wp","href":"https:\/\/api.w.org\/{rel}","templated":true}]}}