{"id":6628,"date":"2023-10-05T13:26:17","date_gmt":"2023-10-05T16:26:17","guid":{"rendered":"https:\/\/toledo.ufpr.br\/medicinatoledo\/?page_id=6628"},"modified":"2026-02-06T09:54:14","modified_gmt":"2026-02-06T12:54:14","slug":"equivalencia-de-disciplinas","status":"publish","type":"page","link":"https:\/\/toledo.ufpr.br\/medicinatoledo\/equivalencia-de-disciplinas\/","title":{"rendered":"Equival\u00eancia de Disciplinas &#x1f4da;"},"content":{"rendered":"<p><em>(<a href=\"https:\/\/toledo.ufpr.br\/medicinatoledo\/wp-content\/uploads\/sites\/3\/2025\/05\/res-92-13-cepe-alteracao-resolucao-0610-alterado-pela-res-39-18.pdf\" target=\"_blank\" rel=\"noopener\">Res. N\u00b0 92\/13 \u2013 CEPE<\/a> e <a href=\"https:\/\/toledo.ufpr.br\/medicinatoledo\/wp-content\/uploads\/sites\/3\/2025\/05\/instrucao-normativa-prograd-no-01-14.pdf\" target=\"_blank\" rel=\"noopener\">IN N\u00b0 01\/14 \u2013 PROGRAD<\/a>).<\/em><\/p>\n<p>A solicita\u00e7\u00e3o de equival\u00eancia de disciplinas deve ser realizada <strong>uma \u00fanica vez<\/strong>, nas seguintes situa\u00e7\u00f5es:<\/p>\n<ul>\n<li><strong>Ingressando<\/strong> na <strong>UFPR<\/strong>;<\/li>\n<li><strong>Retorno de interc\u00e2mbio<\/strong>, quando for o caso.<\/li>\n<\/ul>\n<hr \/>\n<p><strong>Passo a Passo para Solicitar a Equival\u00eancia<\/strong> &#x1f4bb;<\/p>\n<p><strong>1.<\/strong> Documentos Necess\u00e1rios &#x1f4dd;.<\/p>\n<p>Antes de solicitar a equival\u00eancia, re\u00fana os seguintes documentos:<\/p>\n<ul>\n<li><a href=\"https:\/\/toledo.ufpr.br\/medicinatoledo\/wp-content\/uploads\/sites\/3\/2025\/05\/7-Equivalencia-de-Disciplina.pdf\" target=\"_blank\" rel=\"noopener\">Formul\u00e1rio de Solicita\u00e7\u00e3o<\/a>;<\/li>\n<li><strong>Hist\u00f3rico Escolar<\/strong> completo e atualizado (<em>original ou c\u00f3pia autenticada<\/em>);<\/li>\n<li><strong>Programas das Disciplinas<\/strong> (<em>autenticados pela institui\u00e7\u00e3o de origem<\/em>), que devem conter:\n<ul>\n<li><strong>Carimbo<\/strong>, <strong>visto<\/strong>, ou <strong>autentica\u00e7\u00e3o eletr\u00f4nica<\/strong> pela institui\u00e7\u00e3o.<\/li>\n<\/ul>\n<\/li>\n<\/ul>\n<p><strong>2.<\/strong> Conte\u00fado dos Programas das Disciplinas &#x1f4cb;<\/p>\n<p>Os <strong>Programas das Disciplinas<\/strong> devem incluir:<\/p>\n<ul>\n<li><strong>Plano de Ensino<\/strong>, com:\n<ul>\n<li><strong>Ementa<\/strong>;<\/li>\n<li><strong>Carga hor\u00e1ria<\/strong>;<\/li>\n<li><strong>Objetivos<\/strong>;<\/li>\n<li><strong>Conte\u00fado Program\u00e1tico<\/strong> (ou desdobramento das \u00e1reas de conhecimento em unidades);<\/li>\n<li><strong>Procedimentos Did\u00e1ticos<\/strong>;<\/li>\n<li><strong>Formas de Avalia\u00e7\u00e3o<\/strong>;<\/li>\n<li><strong>Bibliografia B\u00e1sica Utilizada<\/strong>.<\/li>\n<\/ul>\n<\/li>\n<\/ul>\n<hr \/>\n<p><strong>3.<\/strong> Como Solicitar via Sistema SIGA &#x1f4bb;.<\/p>\n<ol>\n<li><strong>Acesse o Sistema SIGA<\/strong>:<br \/>\nA solicita\u00e7\u00e3o deve ser feita pelo aluno atrav\u00e9s do <strong>sistema SIGA<\/strong>.<\/li>\n<li><strong>Prazos<\/strong>:<br \/>\nRealize a solicita\u00e7\u00e3o dentro do <strong>prazo estabelecido<\/strong> no <a href=\"https:\/\/toledo.ufpr.br\/medicinatoledo\/wp-content\/uploads\/sites\/3\/2026\/02\/SEI_8383957_Resolucao__Conselho_de_Ensino__Pesquisa_e_Extensao_23_25.pdf\" target=\"_blank\" rel=\"noopener\">calend\u00e1rio acad\u00eamico<\/a>.<\/li>\n<\/ol>\n<hr \/>\n<p><strong>4.<\/strong> Tutorial Completo &#x1f393;.<\/p>\n<p>Para mais detalhes sobre como fazer a solicita\u00e7\u00e3o, acesse o tutorial completo na <a href=\"https:\/\/ufpraberta.ufpr.br\/course\/view.php?id=9\" target=\"_blank\" rel=\"noopener\">p\u00e1gina UFPR Aberta<\/a>.<br \/>\n<strong>Caminho<\/strong>: <em>BLOCO 1 \u2013 Alunos e Alunas<\/em>.<\/p>\n<hr \/>\n<p><strong>&#x26a0;&#xfe0f;Observa\u00e7\u00f5es Importantes.<\/strong><\/p>\n<p>Protocolo \u00danico &#x1f4c5;:<\/p>\n<ul>\n<li>A <strong>solicita\u00e7\u00e3o de equival\u00eancia<\/strong> deve ser feita <strong>uma \u00fanica vez<\/strong>, seja <strong>no momento do ingresso<\/strong> na UFPR ou <strong>no retorno do interc\u00e2mbio<\/strong>.<\/li>\n<\/ul>\n<p>Documenta\u00e7\u00e3o Completa &#x1f4c4;:<\/p>\n<ul>\n<li>A <strong>documenta\u00e7\u00e3o incompleta<\/strong> pode <strong>atrasar o processo<\/strong> de equival\u00eancia. Certifique-se de enviar todos os documentos exigidos dentro do prazo.<\/li>\n<\/ul>\n<hr \/>\n<p style=\"text-align: right\">Atualizado em 08\/05\/25.<\/p>\n","protected":false},"excerpt":{"rendered":"<p>(Res. N\u00b0 92\/13 \u2013 CEPE e IN N\u00b0 01\/14 \u2013 PROGRAD). A solicita\u00e7\u00e3o de equival\u00eancia [&hellip;]<\/p>\n","protected":false},"author":2798,"featured_media":0,"parent":0,"menu_order":0,"comment_status":"closed","ping_status":"closed","template":"","meta":{"ngg_post_thumbnail":0,"footnotes":""},"class_list":["post-6628","page","type-page","status-publish","hentry"],"_links":{"self":[{"href":"https:\/\/toledo.ufpr.br\/medicinatoledo\/wp-json\/wp\/v2\/pages\/6628","targetHints":{"allow":["GET"]}}],"collection":[{"href":"https:\/\/toledo.ufpr.br\/medicinatoledo\/wp-json\/wp\/v2\/pages"}],"about":[{"href":"https:\/\/toledo.ufpr.br\/medicinatoledo\/wp-json\/wp\/v2\/types\/page"}],"author":[{"embeddable":true,"href":"https:\/\/toledo.ufpr.br\/medicinatoledo\/wp-json\/wp\/v2\/users\/2798"}],"replies":[{"embeddable":true,"href":"https:\/\/toledo.ufpr.br\/medicinatoledo\/wp-json\/wp\/v2\/comments?post=6628"}],"version-history":[{"count":11,"href":"https:\/\/toledo.ufpr.br\/medicinatoledo\/wp-json\/wp\/v2\/pages\/6628\/revisions"}],"predecessor-version":[{"id":10214,"href":"https:\/\/toledo.ufpr.br\/medicinatoledo\/wp-json\/wp\/v2\/pages\/6628\/revisions\/10214"}],"wp:attachment":[{"href":"https:\/\/toledo.ufpr.br\/medicinatoledo\/wp-json\/wp\/v2\/media?parent=6628"}],"curies":[{"name":"wp","href":"https:\/\/api.w.org\/{rel}","templated":true}]}}