{"id":6624,"date":"2023-10-05T13:25:17","date_gmt":"2023-10-05T16:25:17","guid":{"rendered":"https:\/\/toledo.ufpr.br\/medicinatoledo\/?page_id=6624"},"modified":"2026-01-07T11:01:07","modified_gmt":"2026-01-07T14:01:07","slug":"solicitacao-de-matricula","status":"publish","type":"page","link":"https:\/\/toledo.ufpr.br\/medicinatoledo\/solicitacao-de-matricula\/","title":{"rendered":"Solicita\u00e7\u00e3o de matr\u00edcula"},"content":{"rendered":"<p>\u00c9 de acordo com a <a href=\"https:\/\/toledo.ufpr.br\/medicinatoledo\/wp-content\/uploads\/sites\/3\/2025\/05\/Res-37-97-CEPE-atividades-academicas-alterada-pela-Res.-10-19-CEPE.pdf\" target=\"_blank\" rel=\"noopener\">Resolu\u00e7\u00e3o N\u00ba 37\/97-CEPE<\/a>, Art. 39.<\/p>\n<p>&#x1f5d3;&#xfe0f; Quando?<\/p>\n<p>No in\u00edcio de <strong>cada per\u00edodo letivo<\/strong>, conforme o calend\u00e1rio acad\u00eamico.<\/p>\n<hr \/>\n<p>&#x1f464; Para <strong>Alunos Veteranos:<\/strong><\/p>\n<p>&#x2705; A solicita\u00e7\u00e3o deve ser feita <strong>pelo(a) discente<\/strong> via sistema <strong>SIGA<\/strong>.<br \/>\n&#x1f4cc; Fique atento(a) aos prazos definidos no <strong><a href=\"https:\/\/toledo.ufpr.br\/medicinatoledo\/calendario-academico\/\" target=\"_blank\" rel=\"noopener\">calend\u00e1rio acad\u00eamico vigente<\/a>.<\/strong><\/p>\n<hr \/>\n<p>&#x1f195; Para <strong>Ingressantes no 1\u00ba Per\u00edodo:<\/strong><\/p>\n<p>&#x2705; A matr\u00edcula ser\u00e1 realizada <strong>automaticamente<\/strong> pelo sistema.<br \/>\n&#x1f6ab; <strong>N\u00e3o \u00e9 necess\u00e1rio<\/strong> solicitar matr\u00edcula no SIGA.<\/p>\n<hr \/>\n<p>&#x1f9d1;&#x200d;&#x1f91d;&#x200d;&#x1f9d1; Grupos TBL \u2013 Disciplinas Obrigat\u00f3rias:<\/p>\n<p>&#x1f4e7; A <strong>divis\u00e3o de grupos<\/strong> ser\u00e1 enviada por <strong>e-mail para as turmas (*um dia antes de abrir o sistema*).<\/strong><br \/>\n&#x1f4cc; O(a) aluno(a) deve seguir essa divis\u00e3o ao se matricular nas disciplinas obrigat\u00f3rias.<\/p>\n<hr \/>\n<p>&#x1f4d6; Tutorial \u2013 Como Solicitar a Matr\u00edcula no SIGA:<\/p>\n<p>&#x27a1;&#xfe0f; Acesse o tutorial na p\u00e1gina da <strong>UFPR Aberta<\/strong>:<br \/>\n&#x1f517; <a href=\"https:\/\/ufpraberta.ufpr.br\/course\/view.php?id=9\">Clique aqui<\/a><br \/>\n&#x1f9ed; V\u00e1 em:<br \/>\nBloco 1 \u2013 Alunos e Alunas: Como solicitar a matr\u00edcula no SIGA.<\/p>\n<hr \/>\n<p style=\"text-align: right\">Atualizada em 07\/01\/26.<\/p>\n","protected":false},"excerpt":{"rendered":"<p>\u00c9 de acordo com a Resolu\u00e7\u00e3o N\u00ba 37\/97-CEPE, Art. 39. &#x1f5d3;&#xfe0f; Quando? No in\u00edcio de [&hellip;]<\/p>\n","protected":false},"author":2798,"featured_media":0,"parent":0,"menu_order":0,"comment_status":"closed","ping_status":"closed","template":"","meta":{"ngg_post_thumbnail":0,"footnotes":""},"class_list":["post-6624","page","type-page","status-publish","hentry"],"_links":{"self":[{"href":"https:\/\/toledo.ufpr.br\/medicinatoledo\/wp-json\/wp\/v2\/pages\/6624","targetHints":{"allow":["GET"]}}],"collection":[{"href":"https:\/\/toledo.ufpr.br\/medicinatoledo\/wp-json\/wp\/v2\/pages"}],"about":[{"href":"https:\/\/toledo.ufpr.br\/medicinatoledo\/wp-json\/wp\/v2\/types\/page"}],"author":[{"embeddable":true,"href":"https:\/\/toledo.ufpr.br\/medicinatoledo\/wp-json\/wp\/v2\/users\/2798"}],"replies":[{"embeddable":true,"href":"https:\/\/toledo.ufpr.br\/medicinatoledo\/wp-json\/wp\/v2\/comments?post=6624"}],"version-history":[{"count":23,"href":"https:\/\/toledo.ufpr.br\/medicinatoledo\/wp-json\/wp\/v2\/pages\/6624\/revisions"}],"predecessor-version":[{"id":10100,"href":"https:\/\/toledo.ufpr.br\/medicinatoledo\/wp-json\/wp\/v2\/pages\/6624\/revisions\/10100"}],"wp:attachment":[{"href":"https:\/\/toledo.ufpr.br\/medicinatoledo\/wp-json\/wp\/v2\/media?parent=6624"}],"curies":[{"name":"wp","href":"https:\/\/api.w.org\/{rel}","templated":true}]}}