{"id":6617,"date":"2023-10-05T13:15:21","date_gmt":"2023-10-05T16:15:21","guid":{"rendered":"https:\/\/toledo.ufpr.br\/medicinatoledo\/?page_id=6617"},"modified":"2025-12-18T14:53:43","modified_gmt":"2025-12-18T17:53:43","slug":"ciclo-educacional","status":"publish","type":"page","link":"https:\/\/toledo.ufpr.br\/medicinatoledo\/ciclo-educacional\/","title":{"rendered":"Ciclo Educacional (1\u00ba ao 8\u00ba)"},"content":{"rendered":"<p>Este ciclo \u00e9 compreendido do 1\u00ba ao 8\u00ba per\u00edodo do curso. Para mais informa\u00e7\u00f5es, segue o contato abaixo:<\/p>\n<p><strong>1\u00ba ao 8\u00ba per\u00edodo<\/strong><em><strong> \u2013<\/strong><\/em>\u00a0<a href=\"mailto:secretariaacademicatl@ufpr.br\">secretariaacademicatl@ufpr.br<\/a><\/p>\n","protected":false},"excerpt":{"rendered":"<p>Este ciclo \u00e9 compreendido do 1\u00ba ao 8\u00ba per\u00edodo do curso. Para mais informa\u00e7\u00f5es, segue [&hellip;]<\/p>\n","protected":false},"author":2798,"featured_media":0,"parent":0,"menu_order":0,"comment_status":"closed","ping_status":"closed","template":"","meta":{"ngg_post_thumbnail":0,"footnotes":""},"class_list":["post-6617","page","type-page","status-publish","hentry"],"_links":{"self":[{"href":"https:\/\/toledo.ufpr.br\/medicinatoledo\/wp-json\/wp\/v2\/pages\/6617","targetHints":{"allow":["GET"]}}],"collection":[{"href":"https:\/\/toledo.ufpr.br\/medicinatoledo\/wp-json\/wp\/v2\/pages"}],"about":[{"href":"https:\/\/toledo.ufpr.br\/medicinatoledo\/wp-json\/wp\/v2\/types\/page"}],"author":[{"embeddable":true,"href":"https:\/\/toledo.ufpr.br\/medicinatoledo\/wp-json\/wp\/v2\/users\/2798"}],"replies":[{"embeddable":true,"href":"https:\/\/toledo.ufpr.br\/medicinatoledo\/wp-json\/wp\/v2\/comments?post=6617"}],"version-history":[{"count":6,"href":"https:\/\/toledo.ufpr.br\/medicinatoledo\/wp-json\/wp\/v2\/pages\/6617\/revisions"}],"predecessor-version":[{"id":9994,"href":"https:\/\/toledo.ufpr.br\/medicinatoledo\/wp-json\/wp\/v2\/pages\/6617\/revisions\/9994"}],"wp:attachment":[{"href":"https:\/\/toledo.ufpr.br\/medicinatoledo\/wp-json\/wp\/v2\/media?parent=6617"}],"curies":[{"name":"wp","href":"https:\/\/api.w.org\/{rel}","templated":true}]}}