{"id":6549,"date":"2023-10-03T13:01:40","date_gmt":"2023-10-03T16:01:40","guid":{"rendered":"https:\/\/toledo.ufpr.br\/medicinatoledo\/?page_id=6549"},"modified":"2025-08-15T14:55:58","modified_gmt":"2025-08-15T17:55:58","slug":"sem-solenidade","status":"publish","type":"page","link":"https:\/\/toledo.ufpr.br\/medicinatoledo\/sem-solenidade\/","title":{"rendered":"Sem Solenidade"},"content":{"rendered":"<p><span class=\"ui-provider hb b c d e f g h i j k l m n o p q r s t u v w x y z ab ac ae af ag ah ai aj ak\" dir=\"ltr\">A cola\u00e7\u00e3o SEM solenidade costuma ocorrer uma \u00fanica vez a cada semestre, <\/span><span class=\"ui-provider hb b c d e f g h i j k l m n o p q r s t u v w x y z ab ac ae af ag ah ai aj ak\" dir=\"ltr\">habitualmente em data\u00a0<span style=\"text-decoration: underline\">posterior<\/span>\u00a0\u00e0 cola\u00e7\u00e3o com solenidade de todos os cursos pertencentes ao Setor.<\/span><\/p>\n<p><span class=\"ui-provider hb b c d e f g h i j k l m n o p q r s t u v w x y z ab ac ae af ag ah ai aj ak\" dir=\"ltr\">Trata-se de um ato simples, realizado pela Dire\u00e7\u00e3o do Setor\/Campus, para todos os alunos dos cursos do Setor que n\u00e3o anteciparam o grau e nem realizaram a cola\u00e7\u00e3o <strong>COM<\/strong> solenidade.<\/span><\/p>\n<p><strong>Alunos que optarem por esta modalidade devem comunicar pelo e-mail <a href=\"internatotoledo@ufpr.br\">internatotoledo@ufpr.br<\/a>\u00a0at\u00e9 40 dias antes da data prevista.<\/strong><\/p>\n<p>A data para\u00a0<strong>cola\u00e7\u00e3o sem solenidade<\/strong>\u00a0dos concluintes do 1\u00ba semestre de 2023 (T4):<\/p>\n<p>Data: <strong>28\/03\/2024<\/strong><\/p>\n<p>Hora: a definir (ser\u00e1 em hor\u00e1rio comercial)<\/p>\n<p>Local: Campus Toledo, em sala a definir.<\/p>\n<p>Data m\u00e1xima para manifesta\u00e7\u00e3o da inten\u00e7\u00e3o de cola\u00e7\u00e3o sem solenidade: <strong>19\/01\/2024<\/strong><\/p>\n<p>Maiores informa\u00e7\u00f5es como:<\/p>\n<ul>\n<li>&#8211; n\u00famero de acompanhantes permitidos<\/li>\n<li>&#8211; sala de realiza\u00e7\u00e3o da cola\u00e7\u00e3o sem solenidade ser\u00e3o repassados mais pr\u00f3ximo \u00e0 data.<\/li>\n<\/ul>\n<p style=\"text-align: right\">Atualizado em: 24\/11\/2023<\/p>\n","protected":false},"excerpt":{"rendered":"<p>A cola\u00e7\u00e3o SEM solenidade costuma ocorrer uma \u00fanica vez a cada semestre, habitualmente em data\u00a0posterior\u00a0\u00e0 [&hellip;]<\/p>\n","protected":false},"author":2793,"featured_media":0,"parent":0,"menu_order":0,"comment_status":"closed","ping_status":"closed","template":"","meta":{"ngg_post_thumbnail":0,"footnotes":""},"class_list":["post-6549","page","type-page","status-publish","hentry"],"_links":{"self":[{"href":"https:\/\/toledo.ufpr.br\/medicinatoledo\/wp-json\/wp\/v2\/pages\/6549","targetHints":{"allow":["GET"]}}],"collection":[{"href":"https:\/\/toledo.ufpr.br\/medicinatoledo\/wp-json\/wp\/v2\/pages"}],"about":[{"href":"https:\/\/toledo.ufpr.br\/medicinatoledo\/wp-json\/wp\/v2\/types\/page"}],"author":[{"embeddable":true,"href":"https:\/\/toledo.ufpr.br\/medicinatoledo\/wp-json\/wp\/v2\/users\/2793"}],"replies":[{"embeddable":true,"href":"https:\/\/toledo.ufpr.br\/medicinatoledo\/wp-json\/wp\/v2\/comments?post=6549"}],"version-history":[{"count":6,"href":"https:\/\/toledo.ufpr.br\/medicinatoledo\/wp-json\/wp\/v2\/pages\/6549\/revisions"}],"predecessor-version":[{"id":9403,"href":"https:\/\/toledo.ufpr.br\/medicinatoledo\/wp-json\/wp\/v2\/pages\/6549\/revisions\/9403"}],"wp:attachment":[{"href":"https:\/\/toledo.ufpr.br\/medicinatoledo\/wp-json\/wp\/v2\/media?parent=6549"}],"curies":[{"name":"wp","href":"https:\/\/api.w.org\/{rel}","templated":true}]}}