{"id":6547,"date":"2023-10-03T12:59:22","date_gmt":"2023-10-03T15:59:22","guid":{"rendered":"https:\/\/toledo.ufpr.br\/medicinatoledo\/?page_id=6547"},"modified":"2024-09-24T11:13:49","modified_gmt":"2024-09-24T14:13:49","slug":"com-solenidade","status":"publish","type":"page","link":"https:\/\/toledo.ufpr.br\/medicinatoledo\/com-solenidade\/","title":{"rendered":"Com Solenidade"},"content":{"rendered":"\n<p>A UFPR possui normas para as Cola\u00e7\u00f5es que podem ser acessadas na p\u00e1gina do Cerimonial da UFPR:&nbsp;<a href=\"https:\/\/cerimonial.ufpr.br\/\" target=\"_blank\" rel=\"noreferrer noopener\">https:\/\/cerimonial.ufpr.br\/<\/a><\/p>\n\n\n\n<p>Antes de dar seguimento \u00e0 solicita\u00e7\u00e3o de agendamento da Cola\u00e7\u00e3o com solenidade, \u00e9 necess\u00e1rio ler atentamente as informa\u00e7\u00f5es disponibilizadas na p\u00e1gina da SOC: <a href=\"https:\/\/soc.ufpr.br\/solenidade-de-colacao-de-grau\/\" data-type=\"link\" data-id=\"https:\/\/soc.ufpr.br\/solenidade-de-colacao-de-grau\/\">https:\/\/soc.ufpr.br\/solenidade-de-colacao-de-grau\/<\/a><\/p>\n\n\n\n<p>O agendamento do local onde ser\u00e1 a cerim\u00f4nia, bem como os custos decorrentes, \u00e9 de responsabilidade da turma.<\/p>\n\n\n\n<p class=\"has-text-align-center\"><mark class=\"has-inline-color has-black-color\"><strong>Aten\u00e7\u00e3o<\/strong>:<\/mark><\/p>\n\n\n\n<p><strong>8h30<\/strong> &#8211; Ensaio no mesmo dia e local da cerim\u00f4nia. Haver\u00e1 assinatura da Ata da Cola\u00e7\u00e3o pelos estudantes no ensaio, presen\u00e7a <strong>Obrigat\u00f3ria<\/strong>.<\/p>\n\n\n\n<p><strong>17h00<\/strong> &#8211; Chegada dos formandos no local da formatura. Para vestimenta de becas e fotos.<\/p>\n\n\n\n<p><strong>19h00<\/strong> &#8211; In\u00edcio da cerim\u00f4nia. A Dura\u00e7\u00e3o da cerim\u00f4nia depende de diversos fatores e n\u00e3o tem como ser estimada.<\/p>\n\n\n\n<p class=\"has-text-align-right\">Atualizado 19\/02\/2024<\/p>\n","protected":false},"excerpt":{"rendered":"<p>A UFPR possui normas para as Cola\u00e7\u00f5es que podem ser acessadas na p\u00e1gina do Cerimonial [&hellip;]<\/p>\n","protected":false},"author":2793,"featured_media":0,"parent":0,"menu_order":0,"comment_status":"closed","ping_status":"closed","template":"","meta":{"ngg_post_thumbnail":0,"footnotes":""},"class_list":["post-6547","page","type-page","status-publish","hentry"],"_links":{"self":[{"href":"https:\/\/toledo.ufpr.br\/medicinatoledo\/wp-json\/wp\/v2\/pages\/6547","targetHints":{"allow":["GET"]}}],"collection":[{"href":"https:\/\/toledo.ufpr.br\/medicinatoledo\/wp-json\/wp\/v2\/pages"}],"about":[{"href":"https:\/\/toledo.ufpr.br\/medicinatoledo\/wp-json\/wp\/v2\/types\/page"}],"author":[{"embeddable":true,"href":"https:\/\/toledo.ufpr.br\/medicinatoledo\/wp-json\/wp\/v2\/users\/2793"}],"replies":[{"embeddable":true,"href":"https:\/\/toledo.ufpr.br\/medicinatoledo\/wp-json\/wp\/v2\/comments?post=6547"}],"version-history":[{"count":8,"href":"https:\/\/toledo.ufpr.br\/medicinatoledo\/wp-json\/wp\/v2\/pages\/6547\/revisions"}],"predecessor-version":[{"id":7693,"href":"https:\/\/toledo.ufpr.br\/medicinatoledo\/wp-json\/wp\/v2\/pages\/6547\/revisions\/7693"}],"wp:attachment":[{"href":"https:\/\/toledo.ufpr.br\/medicinatoledo\/wp-json\/wp\/v2\/media?parent=6547"}],"curies":[{"name":"wp","href":"https:\/\/api.w.org\/{rel}","templated":true}]}}