{"id":6544,"date":"2023-10-03T12:57:54","date_gmt":"2023-10-03T15:57:54","guid":{"rendered":"https:\/\/toledo.ufpr.br\/medicinatoledo\/?page_id=6544"},"modified":"2025-08-15T14:54:32","modified_gmt":"2025-08-15T17:54:32","slug":"antecipacao","status":"publish","type":"page","link":"https:\/\/toledo.ufpr.br\/medicinatoledo\/antecipacao\/","title":{"rendered":"Antecipa\u00e7\u00e3o"},"content":{"rendered":"<p style=\"text-align: center\"><span style=\"color: #003300\"><strong><u>ORIENTA\u00c7\u00d5ES &#8211; COLA\u00c7\u00c3O DE GRAU ANTECIPADA\u00a0<\/u><\/strong><\/span><\/p>\n<p style=\"text-align: center\"><img loading=\"lazy\" decoding=\"async\" class=\"aligncenter size-full wp-image-6006\" src=\"https:\/\/toledo.ufpr.br\/wp-content\/uploads\/2022\/08\/Formatura.jpg\" alt=\"formatura\" width=\"272\" height=\"185\" \/><\/p>\n<p>A cola\u00e7\u00e3o de grau antecipada ocorre previamente \u00e0 solenidade de Cola\u00e7\u00e3o de Grau do curso de gradua\u00e7\u00e3o da UFPR. Possui natureza\u00a0<span style=\"color: #003300\"><strong>excepcional e reveste-se de car\u00e1ter de necessidade<\/strong>,<\/span>\u00a0devendo sua solicita\u00e7\u00e3o<strong><span style=\"color: #003300\">\u00a0partir do aluno, de forma individual e ter anexada justificativa compat\u00edvel com a solicita\u00e7\u00e3o<\/span><\/strong>.<\/p>\n<p>Pode requerer a antecipa\u00e7\u00e3o de grau o aluno que estiver apto a colar o grau, observado o artigo 111 da Resolu\u00e7\u00e3o n. 37\/97-CEPE, e que se enquadre nos seguintes casos:<\/p>\n<blockquote>\n<p style=\"padding-left: 80px\"><strong><em>Resolu\u00e7\u00e3o CEPE 37\/97 <\/em><\/strong><\/p>\n<p style=\"padding-left: 80px\"><em>Art. 111 Estar\u00e3o aptos a colar grau os alunos que tiverem cumprido todas as exig\u00eancias curriculares, que n\u00e3o possu\u00edrem pend\u00eancias relativas a documenta\u00e7\u00e3o e n\u00e3o estiverem, no \u00e2mbito da UFPR, respondendo a sindic\u00e2ncia\/inqu\u00e9rito ou cumprindo pena disciplinar.<\/em><\/p>\n<\/blockquote>\n<ol>\n<li><span style=\"color: #003300\"><strong>Posse em cargo p\u00fablico mediante convoca\u00e7\u00e3o em concurso p\u00fablico;<\/strong><\/span>\n<ul>\n<li><span style=\"color: #339966\"><strong>\u00bb\u00a0<\/strong><\/span>Anexar edital de convoca\u00e7\u00e3o que comprove a necessidade de antecipa\u00e7\u00e3o de grau. <span style=\"color: #000000\"><strong>Deixar destacado no anexo os campos que contenham o nome do aluno, documentos exigidos e data de apresenta\u00e7\u00e3o da documenta\u00e7\u00e3o.<\/strong><\/span><\/li>\n<\/ul>\n<\/li>\n<\/ol>\n<ol start=\"2\">\n<li><span style=\"color: #003300\"><strong>Matr\u00edcula ou inscri\u00e7\u00e3o em Programas de P\u00f3s-gradua\u00e7\u00e3o ou Resid\u00eancia Multiprofissional;<\/strong><\/span>\n<ul>\n<li><strong>\u00bb\u00a0<\/strong>Anexar documenta\u00e7\u00e3o que comprove a necessidade da antecipa\u00e7\u00e3o de grau para a inscri\u00e7\u00e3o e\/ou matr\u00edcula e\/ou aprova\u00e7\u00e3o no programa e data de entrega da documenta\u00e7\u00e3o.<\/li>\n<\/ul>\n<\/li>\n<\/ol>\n<ol start=\"3\">\n<li><span style=\"color: #003300\"><strong>Efetiva\u00e7\u00e3o em cargo de empresa da iniciativa privada;<\/strong><\/span>\n<ul>\n<li><strong>\u00bb\u00a0<\/strong>Anexar declara\u00e7\u00e3o da empresa contendo:\n<ul>\n<li>\u21d2Dados da empresa: Nome, CNPJ, endere\u00e7o, contato do RH (nome, e-mail e telefone \u2013 para confer\u00eancia da declara\u00e7\u00e3o)<\/li>\n<li>\u21d2Dados do aluno: Nome e CPF do aluno<\/li>\n<li>\u21d2Dados da contrata\u00e7\u00e3o: cargo a ser ocupado e data de efetiva\u00e7\u00e3o compat\u00edvel com a necessidade de antecipa\u00e7\u00e3o de grau.<\/li>\n<\/ul>\n<\/li>\n<\/ul>\n<\/li>\n<\/ol>\n<ol start=\"4\">\n<li><span style=\"color: #003300\"><strong>Estudantes de conv\u00eanios internacionais com necessidade de retorno ao pa\u00eds de origem antes da data prevista para a solenidade de cola\u00e7\u00e3o de grau;<\/strong><\/span>\n<ul>\n<li><span style=\"color: #003300\"><strong>\u00bb\u00a0<\/strong><span style=\"color: #000000\">Anexar documento que comprove a necessidade da antecipa\u00e7\u00e3o de grau.<\/span><\/span><\/li>\n<\/ul>\n<\/li>\n<\/ol>\n<ol start=\"5\">\n<li><strong><span style=\"color: #003300\">Transfer\u00eancia\u00a0<em>ex officio<\/em>\u00a0do aluno ou do respons\u00e1vel, c\u00f4njuge ou companheiro<\/span>.<\/strong>\n<ul>\n<li><strong>\u00bb\u00a0<\/strong>Anexar documento que comprove a necessidade da antecipa\u00e7\u00e3o de grau.<\/li>\n<\/ul>\n<\/li>\n<\/ol>\n<p>O aluno que necessitar antecipar o grau, deve preencher formul\u00e1rio de solicita\u00e7\u00e3o pr\u00f3prio\u00a0<strong><span style=\"color: #003300\">(<a href=\"https:\/\/toledo.ufpr.br\/medicinatoledo\/wp-content\/uploads\/sites\/3\/2023\/12\/Requerimento_Antecipacao-Colacao_campos-editaveis-1.pdf\" target=\"_blank\" rel=\"noopener\">Requerimento de antecipa\u00e7\u00e3o de cola\u00e7\u00e3o de grau)<\/a><\/span>\u00a0<\/strong>e\u00a0<span style=\"color: #003300\"><strong>anexar justificativa<\/strong><\/span>\u00a0que corrobore com o pedido.<\/p>\n<p>A solicita\u00e7\u00e3o deve ser encaminhada para o e-mail <strong><a href=\"mailto:internatotoledo@ufpr.br\">internatotoledo@ufpr.br<\/a><\/strong>\u00a0com<strong>,\u00a0<span style=\"color: #003300\">no m\u00ednimo, 15 dias \u00fateis de anteced\u00eancia<\/span> \u00e0 data que a cola\u00e7\u00e3o est\u00e1 sendo solicitada.<\/strong><\/p>\n<p style=\"padding-left: 30px\">\u00bb Devido a elevada demanda de solicita\u00e7\u00f5es recebidas pela Secretaria Acad\u00eamica, <strong>5 dias \u00fateis<\/strong> s\u00e3o necess\u00e1rios para assegurar que o e-mail seja visualizado.<\/p>\n<p style=\"padding-left: 30px\">\u00bb\u00a0Uma vez que a secretaria acad\u00eamica inicia as tramita\u00e7\u00f5es no processo, o sistema exige,<strong><span style=\"color: #003300\">\u00a0no m\u00ednimo, 10 dias \u00fateis<\/span>\u00a0<span style=\"color: #003300\">para\u00a0realizar o agendamento<\/span><\/strong>, n\u00e3o sendo poss\u00edvel que a Secretaria Acad\u00eamica realize o agendamento com data inferior;<\/p>\n<p>A cola\u00e7\u00e3o de grau antecipada \u00e9 presidida pela Dire\u00e7\u00e3o do Setor\/Campus e, por tanto,\u00a0<strong><span style=\"color: #003300\">a confirma\u00e7\u00e3o da data depende da disponibilidade da agenda da Dire\u00e7\u00e3o<\/span><\/strong>.<\/p>\n<p>Uma vez que haja disponibilidade de data na Agenda da Dire\u00e7\u00e3o, o processo segue para an\u00e1lise nas demais inst\u00e2ncias da UFPR e, apenas quando o processo retorna, devidamente instru\u00eddo e <span style=\"color: #003300\"><strong>autorizado pelo Gabinete da Reitoria<\/strong><\/span>\u00a0\u00e9 que se tem autoriza\u00e7\u00e3o para realizar a outorga de grau antecipada.<\/p>\n<hr \/>\n<h3><span style=\"color: #003300\"><strong>Mandado Judicial<\/strong><\/span><\/h3>\n<p>Decis\u00f5es judiciais <strong><span style=\"text-decoration: underline\">precisam<\/span> <\/strong>ser direcionadas \u00e0 <strong>Procuradoria Federal Especializada junto \u00e0 UFPR<\/strong> (<a href=\"https:\/\/ufpr.br\/procuradoria-federal-especializada-junto-a-ufpr\/\" target=\"_blank\" rel=\"noopener\">https:\/\/ufpr.br\/procuradoria-federal-especializada-junto-a-ufpr\/<\/a><a class=\"fui-Link ___10kug0w f3rmtva f1ewtqcl fyind8e f1k6fduh f1w7gpdv fk6fouc fjoy568 figsok6 f1hu3pq6 f11qmguv f19f4twv f1tyq0we f1g0x7ka fhxju0i f1qch9an f1cnd47f fqv5qza f1vmzxwi f1o700av f13mvf36 f1cmlufx f9n3di6 f1ids18y f1tx3yz7 f1deo86v f1eh06m1 f1iescvh fhgqx19 f1olyrje f1p93eir f1nev41a f1h8hb77 f1lqvz6u f10aw75t fsle3fq f17ae5zn\" title=\"https:\/\/bkpportal.ufpr.br\/procuradoria-federal-na-ufpr\/).\" href=\"https:\/\/bkpportal.ufpr.br\/procuradoria-federal-na-ufpr\/).\" target=\"_blank\" rel=\"noreferrer noopener\">).<\/a> \u00c9 a Procuradoria quem dar\u00e1 os devidos encaminhamentos dentro do \u00e2mbito Institucional da UFPR.<\/p>\n<p>Nem o Curso, nem a Dire\u00e7\u00e3o possuem jurisdi\u00e7\u00e3o sobre este assunto.<\/p>\n<p><strong>Contato<\/strong>:<\/p>\n<p>Procuradoria Federal Especializada junto \u00e0 UFPR<br \/>\nRua XV de Novembro, 1299<br \/>\nCEP 80060-000<br \/>\nCuritiba \u2013 Paran\u00e1<br \/>\nTelefones: (41) 3360-5010, 3360-5026 e 3360-5369<br \/>\nE-mail: <a class=\"fui-Link ___10kug0w f3rmtva f1ewtqcl fyind8e f1k6fduh f1w7gpdv fk6fouc fjoy568 figsok6 f1hu3pq6 f11qmguv f19f4twv f1tyq0we f1g0x7ka fhxju0i f1qch9an f1cnd47f fqv5qza f1vmzxwi f1o700av f13mvf36 f1cmlufx f9n3di6 f1ids18y f1tx3yz7 f1deo86v f1eh06m1 f1iescvh fhgqx19 f1olyrje f1p93eir f1nev41a f1h8hb77 f1lqvz6u f10aw75t fsle3fq f17ae5zn\" title=\"mailto:pfpr.ufpr@agu.gov.br\" href=\"mailto:pfpr.ufpr@agu.gov.br\" target=\"_blank\" rel=\"noreferrer noopener\">pfpr.ufpr@agu.gov.br<\/a>\u00a0e\u00a0pfufpr@ufpr.br<\/p>\n<p style=\"text-align: right\">Atualizado em 26\/07\/2024.<\/p>\n","protected":false},"excerpt":{"rendered":"<p>ORIENTA\u00c7\u00d5ES &#8211; COLA\u00c7\u00c3O DE GRAU ANTECIPADA\u00a0 A cola\u00e7\u00e3o de grau antecipada ocorre previamente \u00e0 solenidade [&hellip;]<\/p>\n","protected":false},"author":2793,"featured_media":0,"parent":0,"menu_order":0,"comment_status":"closed","ping_status":"closed","template":"","meta":{"ngg_post_thumbnail":0,"footnotes":""},"class_list":["post-6544","page","type-page","status-publish","hentry"],"_links":{"self":[{"href":"https:\/\/toledo.ufpr.br\/medicinatoledo\/wp-json\/wp\/v2\/pages\/6544","targetHints":{"allow":["GET"]}}],"collection":[{"href":"https:\/\/toledo.ufpr.br\/medicinatoledo\/wp-json\/wp\/v2\/pages"}],"about":[{"href":"https:\/\/toledo.ufpr.br\/medicinatoledo\/wp-json\/wp\/v2\/types\/page"}],"author":[{"embeddable":true,"href":"https:\/\/toledo.ufpr.br\/medicinatoledo\/wp-json\/wp\/v2\/users\/2793"}],"replies":[{"embeddable":true,"href":"https:\/\/toledo.ufpr.br\/medicinatoledo\/wp-json\/wp\/v2\/comments?post=6544"}],"version-history":[{"count":15,"href":"https:\/\/toledo.ufpr.br\/medicinatoledo\/wp-json\/wp\/v2\/pages\/6544\/revisions"}],"predecessor-version":[{"id":9402,"href":"https:\/\/toledo.ufpr.br\/medicinatoledo\/wp-json\/wp\/v2\/pages\/6544\/revisions\/9402"}],"wp:attachment":[{"href":"https:\/\/toledo.ufpr.br\/medicinatoledo\/wp-json\/wp\/v2\/media?parent=6544"}],"curies":[{"name":"wp","href":"https:\/\/api.w.org\/{rel}","templated":true}]}}