{"id":6541,"date":"2023-10-03T12:55:49","date_gmt":"2023-10-03T15:55:49","guid":{"rendered":"https:\/\/toledo.ufpr.br\/medicinatoledo\/?page_id=6541"},"modified":"2023-10-03T12:57:11","modified_gmt":"2023-10-03T15:57:11","slug":"orientacoes-gerais","status":"publish","type":"page","link":"https:\/\/toledo.ufpr.br\/medicinatoledo\/orientacoes-gerais\/","title":{"rendered":"Orienta\u00e7\u00f5es Gerais"},"content":{"rendered":"<p style=\"text-align: center;\"><span style=\"color: #003300;\"><strong>S\u00f3 estar\u00e3o liberados para a cola\u00e7\u00e3o de grau os alunos que integralizaram o curso j\u00e1 com todas as notas, equival\u00eancias e Atividades Complementares lan\u00e7adas no sistema, bem como a situa\u00e7\u00e3o regular com o ENADE.<\/strong><\/span><\/p>\n<table style=\"height: 55px;\" width=\"578\" cellspacing=\"0\" cellpadding=\"4\">\n<colgroup>\n<col width=\"36*\" \/>\n<col width=\"220*\" \/><\/colgroup>\n<tbody>\n<tr valign=\"top\">\n<td width=\"14%\">\u00a0<img loading=\"lazy\" decoding=\"async\" class=\"alignnone wp-image-6313\" src=\"https:\/\/toledo.ufpr.br\/medicinatoledo\/wp-content\/uploads\/sites\/3\/2022\/08\/Diploma-2-150x150.jpg\" alt=\"diploma-2\" width=\"47\" height=\"47\" \/><\/td>\n<td width=\"86%\"><a href=\"https:\/\/toledo.ufpr.br\/declaracoes-e-certificados\/\" target=\"_blank\">Declara\u00e7\u00f5es de formando e Certificados de previs\u00e3o\/conclus\u00e3o de curso<\/a><\/td>\n<\/tr>\n<\/tbody>\n<\/table>\n<hr \/>\n<table style=\"height: 55px;\" width=\"578\" cellspacing=\"0\" cellpadding=\"4\">\n<colgroup>\n<col width=\"36*\" \/>\n<col width=\"220*\" \/><\/colgroup>\n<tbody>\n<tr valign=\"top\">\n<td width=\"14%\">\u00a0<img loading=\"lazy\" decoding=\"async\" class=\"wp-image-6030 alignleft\" src=\"https:\/\/toledo.ufpr.br\/wp-content\/uploads\/2022\/08\/convite.png\" alt=\"convite\" width=\"42\" height=\"42\" \/><\/td>\n<td width=\"86%\"><a href=\"https:\/\/toledo.ufpr.br\/wp-content\/uploads\/2022\/08\/Orienta\u00e7\u00f5es-para-Convite.pdf\">Orienta\u00e7\u00f5es para a Elabora\u00e7\u00e3o dos Convites de Formatura<\/a><\/td>\n<\/tr>\n<\/tbody>\n<\/table>\n<hr \/>\n<table style=\"height: 79px;\" width=\"591\" cellspacing=\"0\" cellpadding=\"4\">\n<colgroup>\n<col width=\"36*\" \/>\n<col width=\"220*\" \/><\/colgroup>\n<tbody>\n<tr valign=\"top\">\n<td width=\"14%\">\u00a0<img loading=\"lazy\" decoding=\"async\" class=\" wp-image-6016 alignleft\" src=\"https:\/\/toledo.ufpr.br\/wp-content\/uploads\/2022\/08\/c\u00e2mera-2.jpg\" alt=\"camera-2\" width=\"51\" height=\"51\" \/><\/td>\n<td width=\"86%\"><a href=\"https:\/\/toledo.ufpr.br\/normas-para-fotografias-de-formatura-no-campus-toledoufpr\/\" target=\"_blank\">Normas para Fotografias de Formatura no Campus Toledo\/UFPR<\/a><\/td>\n<\/tr>\n<\/tbody>\n<\/table>\n<hr \/>\n<table style=\"height: 73px;\" width=\"591\" cellspacing=\"0\" cellpadding=\"4\">\n<colgroup>\n<col width=\"36*\" \/>\n<col width=\"220*\" \/><\/colgroup>\n<tbody>\n<tr valign=\"top\">\n<td width=\"14%\">\u00a0<img loading=\"lazy\" decoding=\"async\" class=\" wp-image-6019 alignleft\" src=\"https:\/\/toledo.ufpr.br\/wp-content\/uploads\/2022\/08\/pergaminho2.png\" alt=\"pergaminho2\" width=\"52\" height=\"52\" \/><\/td>\n<td width=\"86%\"><a href=\"https:\/\/toledo.ufpr.br\/wp-content\/uploads\/2022\/08\/Juramento-Medicina.pdf\">Juramento do Curso de Medicina<\/a><\/td>\n<\/tr>\n<\/tbody>\n<\/table>\n","protected":false},"excerpt":{"rendered":"<p>S\u00f3 estar\u00e3o liberados para a cola\u00e7\u00e3o de grau os alunos que integralizaram o curso j\u00e1 [&hellip;]<\/p>\n","protected":false},"author":2793,"featured_media":0,"parent":0,"menu_order":0,"comment_status":"closed","ping_status":"closed","template":"","meta":{"ngg_post_thumbnail":0,"footnotes":""},"class_list":["post-6541","page","type-page","status-publish","hentry"],"_links":{"self":[{"href":"https:\/\/toledo.ufpr.br\/medicinatoledo\/wp-json\/wp\/v2\/pages\/6541","targetHints":{"allow":["GET"]}}],"collection":[{"href":"https:\/\/toledo.ufpr.br\/medicinatoledo\/wp-json\/wp\/v2\/pages"}],"about":[{"href":"https:\/\/toledo.ufpr.br\/medicinatoledo\/wp-json\/wp\/v2\/types\/page"}],"author":[{"embeddable":true,"href":"https:\/\/toledo.ufpr.br\/medicinatoledo\/wp-json\/wp\/v2\/users\/2793"}],"replies":[{"embeddable":true,"href":"https:\/\/toledo.ufpr.br\/medicinatoledo\/wp-json\/wp\/v2\/comments?post=6541"}],"version-history":[{"count":3,"href":"https:\/\/toledo.ufpr.br\/medicinatoledo\/wp-json\/wp\/v2\/pages\/6541\/revisions"}],"predecessor-version":[{"id":9655,"href":"https:\/\/toledo.ufpr.br\/medicinatoledo\/wp-json\/wp\/v2\/pages\/6541\/revisions\/9655"}],"wp:attachment":[{"href":"https:\/\/toledo.ufpr.br\/medicinatoledo\/wp-json\/wp\/v2\/media?parent=6541"}],"curies":[{"name":"wp","href":"https:\/\/api.w.org\/{rel}","templated":true}]}}