{"id":6531,"date":"2023-10-03T12:45:04","date_gmt":"2023-10-03T15:45:04","guid":{"rendered":"https:\/\/toledo.ufpr.br\/medicinatoledo\/?page_id=6531"},"modified":"2025-02-14T11:39:09","modified_gmt":"2025-02-14T14:39:09","slug":"monitoria","status":"publish","type":"page","link":"https:\/\/toledo.ufpr.br\/medicinatoledo\/monitoria\/","title":{"rendered":"Monitoria"},"content":{"rendered":"<p><strong>Comit\u00ea Setorial de Monitoria\u00a0<\/strong><\/p>\n<p><a href=\"https:\/\/toledo.ufpr.br\/medicinatoledo\/wp-content\/uploads\/sites\/3\/2023\/12\/Portaria-Monitoria.pdf\" target=\"_blank\" rel=\"noopener\">\u00a0Portaria N\u00ba 76\/2023-TL<\/a>\u00a0<\/p>\n<ul>\n<li>\u00a0SABRINA LIMA MACHADO &#8211; titular (<a href=\"mailto:sabrinamachado@ufpr.br\">sabrinamachado@ufpr.br<\/a>);<\/li>\n<li>\u00a0MARCO AURELIO NISIIDE &#8211;\u00a0 suplente (<a href=\"mailto:nisiide@ufpr.br\">nisiide@ufpr.br<\/a>).<\/li>\n<\/ul>\n\n\n<hr class=\"wp-block-separator has-alpha-channel-opacity\" \/>\n\n\n\n<p>Em caso de d\u00favidas com rela\u00e7\u00e3o aos fluxos de monitoria ser\u00e1 necess\u00e1rio entrar em contato com a unidade competente dentro da UFPR:\u00a0<a href=\"http:\/\/www.prograd.ufpr.br\/portal\/coafe\/uaf\/monitoria\/\" target=\"_blank\" rel=\"noreferrer noopener\">http:\/\/www.prograd.ufpr.br\/portal\/coafe\/uaf\/monitoria\/<\/a><\/p>\n","protected":false},"excerpt":{"rendered":"<p>Comit\u00ea Setorial de Monitoria\u00a0 \u00a0Portaria N\u00ba 76\/2023-TL\u00a0 \u00a0SABRINA LIMA MACHADO &#8211; titular (sabrinamachado@ufpr.br); \u00a0MARCO AURELIO [&hellip;]<\/p>\n","protected":false},"author":2793,"featured_media":0,"parent":0,"menu_order":0,"comment_status":"closed","ping_status":"closed","template":"","meta":{"ngg_post_thumbnail":0,"footnotes":""},"class_list":["post-6531","page","type-page","status-publish","hentry"],"_links":{"self":[{"href":"https:\/\/toledo.ufpr.br\/medicinatoledo\/wp-json\/wp\/v2\/pages\/6531","targetHints":{"allow":["GET"]}}],"collection":[{"href":"https:\/\/toledo.ufpr.br\/medicinatoledo\/wp-json\/wp\/v2\/pages"}],"about":[{"href":"https:\/\/toledo.ufpr.br\/medicinatoledo\/wp-json\/wp\/v2\/types\/page"}],"author":[{"embeddable":true,"href":"https:\/\/toledo.ufpr.br\/medicinatoledo\/wp-json\/wp\/v2\/users\/2793"}],"replies":[{"embeddable":true,"href":"https:\/\/toledo.ufpr.br\/medicinatoledo\/wp-json\/wp\/v2\/comments?post=6531"}],"version-history":[{"count":8,"href":"https:\/\/toledo.ufpr.br\/medicinatoledo\/wp-json\/wp\/v2\/pages\/6531\/revisions"}],"predecessor-version":[{"id":8337,"href":"https:\/\/toledo.ufpr.br\/medicinatoledo\/wp-json\/wp\/v2\/pages\/6531\/revisions\/8337"}],"wp:attachment":[{"href":"https:\/\/toledo.ufpr.br\/medicinatoledo\/wp-json\/wp\/v2\/media?parent=6531"}],"curies":[{"name":"wp","href":"https:\/\/api.w.org\/{rel}","templated":true}]}}