{"id":6522,"date":"2023-10-03T12:40:19","date_gmt":"2023-10-03T15:40:19","guid":{"rendered":"https:\/\/toledo.ufpr.br\/medicinatoledo\/?page_id=6522"},"modified":"2026-02-13T10:39:03","modified_gmt":"2026-02-13T13:39:03","slug":"10o-periodo","status":"publish","type":"page","link":"https:\/\/toledo.ufpr.br\/medicinatoledo\/10o-periodo\/","title":{"rendered":"10\u00ba Per\u00edodo"},"content":{"rendered":"<p><span style=\"color: #008000\"><strong>Coordenadores dos est\u00e1gios<\/strong><\/span>\u00a0supervisionados do 10\u00ba Per\u00edodo &#8211;\u00a0<a href=\"https:\/\/toledo.ufpr.br\/medicinatoledo\/coordenacao-de-modulos\/\" target=\"_blank\" rel=\"noopener\"><strong>Clique aqui<\/strong><\/a><\/p>\n<hr \/>\n<figure class=\"wp-block-table\"><\/figure>\n<p style=\"text-align: center\"><strong>Datas para Semestre Letivo: <span style=\"color: #000000\">2026\/1<\/span>&#8211; 10\u00ba Per\u00edodo <em>(<a href=\"https:\/\/toledo.ufpr.br\/medicinatoledo\/wp-content\/uploads\/sites\/3\/2025\/11\/SEI_8383957_Resolucao__Conselho_de_Ensino__Pesquisa_e_Extensao_23_25.pdf\" target=\"_blank\" rel=\"noopener\">Resolu\u00e7\u00e3o n\u00ba 23\/25 &#8211; CEPE<\/a>)<\/em><\/strong><\/p>\n<figure class=\"wp-block-table\">\n<table>\n<tbody>\n<tr>\n<td class=\"has-text-align-center\" data-align=\"center\">C\u00f3digo<\/td>\n<td>Disciplina do Internato<\/td>\n<td class=\"has-text-align-center\" data-align=\"center\"><strong>02\/02\/26 <\/strong>a<strong> 11\/04\/26<\/strong><br \/>(1\u00aa \u00e0 10\u00aa semana)<\/td>\n<td class=\"has-text-align-center\" data-align=\"center\"><b>13\/04\/26 a 20\/06\/26<\/b><br \/>(11\u00aa \u00e0 20\u00aa semana)<\/td>\n<\/tr>\n<tr>\n<td class=\"has-text-align-center\" data-align=\"center\">TLDM063<\/td>\n<td><strong>Ginecologia e Obstetr\u00edcia<\/strong><\/td>\n<td class=\"has-text-align-center\" data-align=\"center\">Grupo <strong>A<\/strong><\/td>\n<td class=\"has-text-align-center\" data-align=\"center\">Grupo <strong>B<\/strong><\/td>\n<\/tr>\n<tr>\n<td class=\"has-text-align-center\" data-align=\"center\">TLDM064<\/td>\n<td><strong>Sa\u00fade Mental e Sa\u00fade Coletiva<\/strong><\/td>\n<td class=\"has-text-align-center\" data-align=\"center\">Grupo <strong>B<\/strong><\/td>\n<td class=\"has-text-align-center\" data-align=\"center\">Grupo <strong>A<\/strong><\/td>\n<\/tr>\n<\/tbody>\n<\/table>\n<\/figure>\n<p style=\"text-align: center\"><strong>Datas para Semestre Letivo: 2026\/2 &#8211; 10\u00ba Per\u00edodo <em>(<a href=\"https:\/\/toledo.ufpr.br\/medicinatoledo\/wp-content\/uploads\/sites\/3\/2025\/11\/SEI_8383957_Resolucao__Conselho_de_Ensino__Pesquisa_e_Extensao_23_25.pdf\" target=\"_blank\" rel=\"noopener\">Resolu\u00e7\u00e3o n\u00ba 23\/25 &#8211; CEPE<\/a>)<\/em><\/strong><\/p>\n<figure class=\"wp-block-table\">\n<table>\n<tbody>\n<tr>\n<td class=\"has-text-align-center\" data-align=\"center\">C\u00f3digo<\/td>\n<td>Disciplina do Internato<\/td>\n<td class=\"has-text-align-center\" data-align=\"center\"><strong>20\/07\/26 <\/strong>a<strong> 26\/09\/26<\/strong><br \/>(1\u00aa \u00e0 10\u00aa semana)<\/td>\n<td class=\"has-text-align-center\" data-align=\"center\"><b>28\/09\/26 a 05\/12\/26<\/b><br \/>(11\u00aa \u00e0 20\u00aa semana)<\/td>\n<\/tr>\n<tr>\n<td class=\"has-text-align-center\" data-align=\"center\">TLDM063<\/td>\n<td><strong>Ginecologia e Obstetr\u00edcia<\/strong><\/td>\n<td class=\"has-text-align-center\" data-align=\"center\">Grupo <strong>A<\/strong><\/td>\n<td class=\"has-text-align-center\" data-align=\"center\">Grupo <strong>B<\/strong><\/td>\n<\/tr>\n<tr>\n<td class=\"has-text-align-center\" data-align=\"center\">TLDM064<\/td>\n<td><strong>Sa\u00fade Mental e Sa\u00fade Coletiva<\/strong><\/td>\n<td class=\"has-text-align-center\" data-align=\"center\">Grupo <strong>B<\/strong><\/td>\n<td class=\"has-text-align-center\" data-align=\"center\">Grupo <strong>A<\/strong><\/td>\n<\/tr>\n<\/tbody>\n<\/table>\n<\/figure>\n<p class=\"has-text-align-center has-vivid-red-color has-text-color has-link-color\"><strong>ATEN\u00c7\u00c3O<\/strong><\/p>\n\n\n<p><strong><mark style=\"background-color:#fcb900\" class=\"has-inline-color\">ANTES DO IN\u00cdCIO DO SEMESTRE:<\/mark><\/strong><\/p>\n\n\n\n<p>Providenciar o preenchimento e a coleta das assinaturas dos <strong>Termos de Compromisso de Est\u00e1gio<\/strong>.<br><strong>Nenhum est\u00e1gio<\/strong> deve ser iniciado <strong>antes que todos os termos estejam devidamente assinados e deferidos pela COAPPE<\/strong>.<\/p>\n\n\n\n<p><\/p>\n\n\n\n<p><strong><mark style=\"background-color:#fcb900\" class=\"has-inline-color\">AO T\u00c9RMINO DE CADA DISCIPLINA DE EST\u00c1GIO:&nbsp;<\/mark><\/strong><br>Em atendimento \u00e0&nbsp;<strong>Instru\u00e7\u00e3o Normativa PROGRAD n\u00ba 01\/2021<\/strong>, ao final de&nbsp;<strong>cada est\u00e1gio<\/strong>,&nbsp;<strong>cada estudante<\/strong>&nbsp;deve:<\/p>\n\n\n\n<p><br><strong>1. Relat\u00f3rio de Est\u00e1gio (formato PDF)<\/strong>.<br>Preencher e assinar o&nbsp;<strong>Relat\u00f3rio de Est\u00e1gio<\/strong>;<br>Coletar todas as assinaturas necess\u00e1rias;<br>Enviar o documento em&nbsp;<strong>PDF<\/strong>&nbsp;ao&nbsp;<strong>Professor(a) Orientador(a)<\/strong>&nbsp;do est\u00e1gio na UFPR&nbsp;<strong>antes do per\u00edodo de lan\u00e7amento das notas<\/strong><\/p>\n\n\n\n<p><br><strong>2. Caderneta de Est\u00e1gio (formato f\u00edsico)<\/strong>.<br>Preencher a&nbsp;<strong>Caderneta de Est\u00e1gio<\/strong>&nbsp;ao final de cada est\u00e1gio;<br>Coletar as assinaturas necess\u00e1rias;<br>Entregar a&nbsp;<strong>vers\u00e3o impressa (f\u00edsica)<\/strong>&nbsp;ao&nbsp;<strong>Professor(a) Orientador(a)<\/strong>&nbsp;do est\u00e1gio da UFPR&nbsp;<strong>antes do per\u00edodo de lan\u00e7amento das notas<\/strong>.<br><\/p>\n\n\n<\/p>\n<hr \/>\n<p class=\"has-text-align-right\">Atualizado em<\/p>\n\n<div class=\"has-text-align-right wp-block-post-date__modified-date wp-block-post-date\"><time datetime=\"2026-02-13T10:39:03-03:00\">13 de fevereiro de 2026<\/time><\/div>","protected":false},"excerpt":{"rendered":"<p>Coordenadores dos est\u00e1gios\u00a0supervisionados do 10\u00ba Per\u00edodo &#8211;\u00a0Clique aqui Datas para Semestre Letivo: 2026\/1&#8211; 10\u00ba Per\u00edodo [&hellip;]<\/p>\n","protected":false},"author":2793,"featured_media":0,"parent":0,"menu_order":0,"comment_status":"closed","ping_status":"closed","template":"","meta":{"ngg_post_thumbnail":0,"footnotes":""},"class_list":["post-6522","page","type-page","status-publish","hentry"],"_links":{"self":[{"href":"https:\/\/toledo.ufpr.br\/medicinatoledo\/wp-json\/wp\/v2\/pages\/6522","targetHints":{"allow":["GET"]}}],"collection":[{"href":"https:\/\/toledo.ufpr.br\/medicinatoledo\/wp-json\/wp\/v2\/pages"}],"about":[{"href":"https:\/\/toledo.ufpr.br\/medicinatoledo\/wp-json\/wp\/v2\/types\/page"}],"author":[{"embeddable":true,"href":"https:\/\/toledo.ufpr.br\/medicinatoledo\/wp-json\/wp\/v2\/users\/2793"}],"replies":[{"embeddable":true,"href":"https:\/\/toledo.ufpr.br\/medicinatoledo\/wp-json\/wp\/v2\/comments?post=6522"}],"version-history":[{"count":31,"href":"https:\/\/toledo.ufpr.br\/medicinatoledo\/wp-json\/wp\/v2\/pages\/6522\/revisions"}],"predecessor-version":[{"id":10290,"href":"https:\/\/toledo.ufpr.br\/medicinatoledo\/wp-json\/wp\/v2\/pages\/6522\/revisions\/10290"}],"wp:attachment":[{"href":"https:\/\/toledo.ufpr.br\/medicinatoledo\/wp-json\/wp\/v2\/media?parent=6522"}],"curies":[{"name":"wp","href":"https:\/\/api.w.org\/{rel}","templated":true}]}}