{"id":6507,"date":"2023-10-03T12:31:32","date_gmt":"2023-10-03T15:31:32","guid":{"rendered":"https:\/\/toledo.ufpr.br\/medicinatoledo\/?page_id=6507"},"modified":"2025-11-25T16:52:45","modified_gmt":"2025-11-25T19:52:45","slug":"atividades-formativas","status":"publish","type":"page","link":"https:\/\/toledo.ufpr.br\/medicinatoledo\/atividades-formativas\/","title":{"rendered":"Atividades Formativas"},"content":{"rendered":"<p>As atividades formativas s\u00e3o complementares em rela\u00e7\u00e3o ao eixo fundamental do curr\u00edculo, e o Colegiado do Curso de Medicina entende que s\u00e3o elementos enriquecedores na forma\u00e7\u00e3o profissional dos graduandos fazendo parte do Projeto Pedag\u00f3gico do Curso (PPC).<\/p>\n<p>A entrega dos certificados ser\u00e1 realizada no <strong>11\u00ba per\u00edodo<\/strong> do curso. \u00c9 de responsabilidade dos alunos a confer\u00eancia das atividades e valor de carga hor\u00e1ria ao longo do curso.<\/p>\n<p>O\u00a0<a href=\"https:\/\/toledo.ufpr.br\/wp-content\/uploads\/2022\/01\/Regulamento-ad-referendum-atividades-formativas-complementares.pdf\">Regulamento das Atividades Formativas<\/a>\u00a0deve ser lido com aten\u00e7\u00e3o.<\/p>\n<p style=\"text-align: center\"><span style=\"color: #008000\"><strong>Cronograma para entrega dos Certificados<\/strong><\/span><br \/>(para valida\u00e7\u00e3o como Atividades Formativas Complementares)<\/p>\n<p style=\"text-align: center\"><strong>T11: 23.02.26 a 28.02.26<\/strong><\/p>\n<p style=\"text-align: left\">A pontua\u00e7\u00e3o a ser seguida est\u00e1 contida na tabela\u00a0abaixo:<\/p>\n<p><b>ATIVIDADES<\/b><b>\u00a0<\/b><b>FORMATIVAS<\/b><b>\u00a0<\/b><b>COMPLEMENTARES<\/b><b>\u00a0<\/b><b>DO<\/b><b>\u00a0<\/b><b>CURSO<\/b><b>\u00a0<\/b><b>DE<\/b><b>\u00a0<\/b><b>MEDICINA<\/b><b>\u00a0<\/b><b>CAMPUS<\/b><b>\u00a0<\/b><b>TOLEDO<\/b><\/p>\n<table border=\"0\" cellspacing=\"0\"><colgroup width=\"251\"><\/colgroup> <colgroup width=\"308\"><\/colgroup> <colgroup width=\"197\"><\/colgroup>\n<tbody>\n<tr>\n<td align=\"center\" bgcolor=\"#AFD095\" height=\"18\"><b><span style=\"font-family: Arial\">MODALIDADE<\/span><\/b><\/td>\n<td align=\"center\" bgcolor=\"#AFD095\"><b><span style=\"font-family: Arial\">TIPO<\/span><\/b><\/td>\n<td align=\"left\" bgcolor=\"#AFD095\"><b><span style=\"font-family: Arial\">HORAS APORTADAS<\/span><\/b><\/td>\n<\/tr>\n<tr>\n<td rowspan=\"2\" align=\"left\" valign=\"middle\" bgcolor=\"#FFFFFF\" height=\"70\"><b><span style=\"font-family: Arial\">I. Atividades de monitoria<\/span><\/b><\/td>\n<td align=\"left\" valign=\"middle\" bgcolor=\"#FFFFFF\"><span style=\"font-family: Arial\">Programa de Monitoria com bolsa promovido pela PROGRAD<\/span><\/td>\n<td align=\"left\" valign=\"middle\" bgcolor=\"#FFFFFF\"><span style=\"font-family: Arial\">M\u00ednimo de 6h e m\u00e1ximo de 12h semanais<\/span><\/td>\n<\/tr>\n<tr>\n<td align=\"left\" valign=\"middle\" bgcolor=\"#FFFFFF\"><span style=\"font-family: Arial\">Programa de Monitoria Volunt\u00e1rio promovido pela PROGRAD<\/span><\/td>\n<td align=\"left\" valign=\"middle\" bgcolor=\"#FFFFFF\"><span style=\"font-family: Arial\">M\u00ednimo de 6h e m\u00e1ximo de 12h semanais<\/span><\/td>\n<\/tr>\n<tr>\n<td rowspan=\"2\" align=\"left\" valign=\"middle\" bgcolor=\"#DDE8CB\" height=\"86\"><b><span style=\"font-family: Arial\">II. Atividades de Pesquisa<\/span><\/b><\/td>\n<td align=\"left\" valign=\"middle\" bgcolor=\"#DDE8CB\"><span style=\"color: #000000;font-family: Arial\">Programas com bolsas de inicia\u00e7\u00e3o cient\u00edfica<\/span><\/td>\n<td style=\"text-align: left\" rowspan=\"2\" align=\"center\" valign=\"middle\" bgcolor=\"#DDE8CB\"><span style=\"font-family: Arial\">Aporte integral da carga hor\u00e1ria (conforme certificado), respeitando m\u00ednimo de 6h e m\u00e1ximo de 12h semanais.<\/span><\/td>\n<\/tr>\n<tr>\n<td align=\"left\" valign=\"middle\" bgcolor=\"#DDE8CB\"><span style=\"color: #000000;font-family: Arial\">Programas volunt\u00e1rios de inicia\u00e7\u00e3o cient\u00edfica<\/span><\/td>\n<\/tr>\n<tr>\n<td rowspan=\"2\" align=\"left\" valign=\"middle\" bgcolor=\"#FFFFFF\" height=\"90\"><b><span style=\"font-family: Arial\">III. Atividades de extens\u00e3o<\/span><\/b><\/td>\n<td align=\"left\" valign=\"middle\" bgcolor=\"#FFFFFF\"><span style=\"font-family: Arial\">Projeto com bolsa<\/span><\/td>\n<td style=\"text-align: left\" rowspan=\"2\" align=\"center\" valign=\"middle\" bgcolor=\"#FFFFFF\"><span style=\"font-family: Arial\">Aporte integral da carga hor\u00e1ria (conforme certificado), respeitando m\u00ednimo de 4h e m\u00e1ximo de 12h semanais.<\/span><\/td>\n<\/tr>\n<tr>\n<td align=\"left\" valign=\"middle\" bgcolor=\"#FFFFFF\"><span style=\"font-family: Arial\">Projeto sem bolsa<\/span><\/td>\n<\/tr>\n<tr>\n<td align=\"left\" valign=\"middle\" bgcolor=\"#DDE8CB\" height=\"35\"><b><span style=\"font-family: Arial\">IV. Est\u00e1gios n\u00e3o curriculares<\/span><\/b><\/td>\n<td align=\"center\" valign=\"middle\" bgcolor=\"#DDE8CB\"><span style=\"font-family: Arial\">\u00a0<\/span><\/td>\n<td align=\"left\" valign=\"middle\" bgcolor=\"#DDE8CB\"><span style=\"font-family: Arial\">Sob avalia\u00e7\u00e3o do Colegiado do Curso.<\/span><\/td>\n<\/tr>\n<tr>\n<td rowspan=\"3\" align=\"left\" valign=\"middle\" bgcolor=\"#FFFFFF\" height=\"89\"><b><span style=\"font-family: Arial\">V. Representa\u00e7\u00e3o Acad\u00eamica<\/span><\/b><\/td>\n<td align=\"left\" valign=\"middle\" bgcolor=\"#FFFFFF\"><span style=\"color: #000000;font-family: Arial\">Membros da Diretoria do &#8220;Centro Acad\u00eamico de Medicina de Toledo &#8211; CAMTO&#8221;<\/span><\/td>\n<td align=\"left\" valign=\"middle\" bgcolor=\"#FFFFFF\"><span style=\"font-family: Arial\">30h<\/span><\/td>\n<\/tr>\n<tr>\n<td align=\"left\" valign=\"middle\" bgcolor=\"#FFFFFF\"><span style=\"color: #000000;font-family: Arial\">Representante de Turma<\/span><\/td>\n<td align=\"left\" valign=\"middle\" bgcolor=\"#FFFFFF\"><span style=\"font-family: Arial\">20h<\/span><\/td>\n<\/tr>\n<tr>\n<td align=\"left\" valign=\"middle\" bgcolor=\"#FFFFFF\"><span style=\"color: #000000;font-family: Arial\">Coordenadores da Associa\u00e7\u00e3o Atl\u00e9tica dos Alunos de Medicina<\/span><\/td>\n<td align=\"left\" valign=\"middle\" bgcolor=\"#FFFFFF\"><span style=\"font-family: Arial\">10h<\/span><\/td>\n<\/tr>\n<tr>\n<td rowspan=\"13\" align=\"left\" valign=\"middle\" bgcolor=\"#DDE8CB\" height=\"643\"><b><span style=\"font-family: Arial\">VI. Eventos Cient\u00edficos<\/span><\/b><\/td>\n<td align=\"left\" valign=\"middle\" bgcolor=\"#DDE8CB\"><span style=\"color: #000000;font-family: Arial\">Participa\u00e7\u00e3o em congressos, jornadas, outras modalidades de cursos em que os certificados constem carga hor\u00e1ria superior a 15 horas.<\/span><\/td>\n<td align=\"left\" valign=\"middle\" bgcolor=\"#DDE8CB\"><span style=\"color: #000000;font-family: Arial\">10h<\/span><\/td>\n<\/tr>\n<tr>\n<td align=\"left\" valign=\"middle\" bgcolor=\"#DDE8CB\"><span style=\"color: #000000;font-family: Arial\">Participa\u00e7\u00e3o em congressos, jornadas, outras modalidades de cursos em que os certificados constem carga hor\u00e1ria de 12 a 15 horas.<\/span><\/td>\n<td align=\"left\" valign=\"middle\" bgcolor=\"#DDE8CB\"><span style=\"color: #000000;font-family: Arial\">7h<\/span><\/td>\n<\/tr>\n<tr>\n<td align=\"left\" valign=\"middle\" bgcolor=\"#DDE8CB\"><span style=\"color: #000000;font-family: Arial\">Participa\u00e7\u00e3o em congressos, jornadas, outras modalidades de cursos em que os certificados constem carga hor\u00e1ria de 8 a 11 horas.<\/span><\/td>\n<td align=\"left\" valign=\"middle\" bgcolor=\"#DDE8CB\"><span style=\"color: #000000;font-family: Arial\">5h<\/span><\/td>\n<\/tr>\n<tr>\n<td align=\"left\" valign=\"middle\" bgcolor=\"#DDE8CB\"><span style=\"color: #000000;font-family: Arial\">Participa\u00e7\u00e3o em congressos, jornadas, outras modalidades de cursos em que os certificados constem carga hor\u00e1ria de 5 a 7 horas.<\/span><\/td>\n<td align=\"left\" valign=\"middle\" bgcolor=\"#DDE8CB\"><span style=\"color: #000000;font-family: Arial\">3h<\/span><\/td>\n<\/tr>\n<tr>\n<td align=\"left\" valign=\"middle\" bgcolor=\"#DDE8CB\"><span style=\"color: #000000;font-family: Arial\">Participa\u00e7\u00e3o em congressos, jornadas, outras modalidades de cursos em que os certificados constem carga hor\u00e1ria inferior a 5h.<\/span><\/td>\n<td align=\"left\" valign=\"middle\" bgcolor=\"#DDE8CB\"><span style=\"color: #000000;font-family: Arial\">1h<\/span><\/td>\n<\/tr>\n<tr>\n<td align=\"left\" valign=\"middle\" bgcolor=\"#DDE8CB\"><span style=\"color: #000000;font-family: Arial\">Certificados que n\u00e3o apresentam carga hor\u00e1ria realizada.<\/span><\/td>\n<td align=\"left\" valign=\"middle\" bgcolor=\"#DDE8CB\"><span style=\"color: #000000;font-family: Arial\">1h<\/span><\/td>\n<\/tr>\n<tr>\n<td align=\"left\" valign=\"middle\" bgcolor=\"#DDE8CB\"><span style=\"color: #000000;font-family: Arial\">Organiza\u00e7\u00e3o de eventos devidamente certificados.<\/span><\/td>\n<td align=\"left\" valign=\"middle\" bgcolor=\"#DDE8CB\"><span style=\"color: #000000;font-family: Arial\">Atribuir Ch total do certificado, limitado a 10h<\/span><\/td>\n<\/tr>\n<tr>\n<td align=\"left\" valign=\"middle\" bgcolor=\"#DDE8CB\"><span style=\"color: #000000;font-family: Arial\">Apresenta\u00e7\u00e3o de trabalhos em modalidade de p\u00f4ster.<\/span><\/td>\n<td align=\"left\" valign=\"middle\" bgcolor=\"#DDE8CB\"><span style=\"color: #000000;font-family: Arial\">2h<\/span><\/td>\n<\/tr>\n<tr>\n<td align=\"left\" valign=\"middle\" bgcolor=\"#DDE8CB\"><span style=\"color: #000000;font-family: Arial\">Apresenta\u00e7\u00e3o de trabalhos em modalidade oral.<\/span><\/td>\n<td align=\"left\" valign=\"middle\" bgcolor=\"#DDE8CB\"><span style=\"color: #000000;font-family: Arial\">10h<\/span><\/td>\n<\/tr>\n<tr>\n<td align=\"left\" valign=\"middle\" bgcolor=\"#DDE8CB\"><span style=\"color: #000000;font-family: Arial\">Certificado de Eventos de Extens\u00e3o vinculados \u00e0 Universidade Federal do Paran\u00e1.<\/span><\/td>\n<td align=\"left\" valign=\"middle\" bgcolor=\"#DDE8CB\"><span style=\"color: #000000;font-family: Arial\">Atribuir carga hor\u00e1ria total.<\/span><\/td>\n<\/tr>\n<tr>\n<td align=\"left\" valign=\"middle\" bgcolor=\"#DDE8CB\"><span style=\"color: #000000;font-family: Arial\">Certificado de Eventos de Extens\u00e3o universit\u00e1ria em outras institui\u00e7\u00f5es.<\/span><\/td>\n<td align=\"left\" valign=\"middle\" bgcolor=\"#DDE8CB\"><span style=\"color: #000000;font-family: Arial\">Atribuir 50% da carga hor\u00e1ria total.<\/span><\/td>\n<\/tr>\n<tr>\n<td align=\"left\" valign=\"middle\" bgcolor=\"#DDE8CB\"><span style=\"color: #000000;font-family: Arial\">Premia\u00e7\u00e3o em eventos cient\u00edficos da UFPR e congressos nacionais e internacionais.<\/span><\/td>\n<td align=\"left\" valign=\"middle\" bgcolor=\"#DDE8CB\"><span style=\"color: #000000;font-family: Arial\">5h<\/span><\/td>\n<\/tr>\n<tr>\n<td align=\"left\" valign=\"middle\" bgcolor=\"#DDE8CB\"><span style=\"color: #000000;font-family: Arial\">Premia\u00e7\u00e3o em eventos cient\u00edficos estaduais, locais ou regionais.<\/span><\/td>\n<td align=\"left\" valign=\"middle\" bgcolor=\"#DDE8CB\"><span style=\"color: #000000;font-family: Arial\">2h<\/span><\/td>\n<\/tr>\n<tr>\n<td rowspan=\"6\" align=\"left\" valign=\"middle\" bgcolor=\"#FFFFFF\" height=\"110\"><b><span style=\"font-family: Arial\">VII. L\u00edngua Estrangeira<\/span><\/b><\/td>\n<td align=\"left\" valign=\"middle\" bgcolor=\"#FFFFFF\"><span style=\"font-family: Arial\">N\u00edvel A1<\/span><\/td>\n<td align=\"left\" valign=\"middle\" bgcolor=\"#FFFFFF\"><span style=\"font-family: Arial\">10h<\/span><\/td>\n<\/tr>\n<tr>\n<td align=\"left\" valign=\"middle\" bgcolor=\"#FFFFFF\"><span style=\"font-family: Arial\">N\u00edvel A2<\/span><\/td>\n<td align=\"left\" valign=\"middle\" bgcolor=\"#FFFFFF\"><span style=\"font-family: Arial\">20h<\/span><\/td>\n<\/tr>\n<tr>\n<td align=\"left\" valign=\"middle\" bgcolor=\"#FFFFFF\"><span style=\"font-family: Arial\">N\u00edvel B1<\/span><\/td>\n<td align=\"left\" valign=\"middle\" bgcolor=\"#FFFFFF\"><span style=\"font-family: Arial\">30h<\/span><\/td>\n<\/tr>\n<tr>\n<td align=\"left\" valign=\"middle\" bgcolor=\"#FFFFFF\"><span style=\"font-family: Arial\">N\u00edvel B2<\/span><\/td>\n<td align=\"left\" valign=\"middle\" bgcolor=\"#FFFFFF\"><span style=\"font-family: Arial\">40h<\/span><\/td>\n<\/tr>\n<tr>\n<td align=\"left\" valign=\"middle\" bgcolor=\"#FFFFFF\"><span style=\"font-family: Arial\">N\u00edvel C1<\/span><\/td>\n<td align=\"left\" valign=\"middle\" bgcolor=\"#FFFFFF\"><span style=\"font-family: Arial\">45h<\/span><\/td>\n<\/tr>\n<tr>\n<td align=\"left\" valign=\"middle\" bgcolor=\"#FFFFFF\"><span style=\"font-family: Arial\">N\u00edvel C2<\/span><\/td>\n<td align=\"left\" valign=\"middle\" bgcolor=\"#FFFFFF\"><span style=\"font-family: Arial\">50h<\/span><\/td>\n<\/tr>\n<tr>\n<td align=\"left\" valign=\"middle\" bgcolor=\"#DDE8CB\" height=\"35\"><b><span style=\"color: #000000;font-family: Arial\">VIII. Programa de Voluntariado Acad\u00eamico<\/span><\/b><\/td>\n<td align=\"left\" valign=\"middle\" bgcolor=\"#DDE8CB\"><span style=\"font-family: Arial\">Certificado emitido pela PROGRAD<\/span><\/td>\n<td align=\"left\" valign=\"middle\" bgcolor=\"#DDE8CB\"><span style=\"font-family: Arial\">M\u00e1ximo de 12 h semanais<\/span><\/td>\n<\/tr>\n<tr>\n<td rowspan=\"9\" align=\"left\" valign=\"middle\" bgcolor=\"#FFFFFF\" height=\"166\"><b><span style=\"color: #000000;font-family: Arial\">IX. Publica\u00e7\u00f5es<\/span><\/b><\/td>\n<td align=\"left\" valign=\"middle\" bgcolor=\"#FFFFFF\"><span style=\"color: #000000;font-family: Arial\">A1 (Acima de 2,85)<\/span><\/td>\n<td align=\"left\" valign=\"middle\" bgcolor=\"#FFFFFF\"><span style=\"color: #000000;font-family: Arial\">20h<\/span><\/td>\n<\/tr>\n<tr>\n<td align=\"left\" valign=\"middle\" bgcolor=\"#FFFFFF\"><span style=\"color: #000000;font-family: Arial\">A2 (2,849 &#8211; 2,12)<\/span><\/td>\n<td align=\"left\" valign=\"middle\" bgcolor=\"#FFFFFF\"><span style=\"color: #000000;font-family: Arial\">16h<\/span><\/td>\n<\/tr>\n<tr>\n<td align=\"left\" valign=\"middle\" bgcolor=\"#FFFFFF\"><span style=\"color: #000000;font-family: Arial\">B1 (2,219 &#8211; 1,3)<\/span><\/td>\n<td align=\"left\" valign=\"middle\" bgcolor=\"#FFFFFF\"><span style=\"color: #000000;font-family: Arial\">14h<\/span><\/td>\n<\/tr>\n<tr>\n<td align=\"left\" valign=\"middle\" bgcolor=\"#FFFFFF\"><span style=\"color: #000000;font-family: Arial\">B2 (1,29 &#8211; 0,11)<\/span><\/td>\n<td align=\"left\" valign=\"middle\" bgcolor=\"#FFFFFF\"><span style=\"color: #000000;font-family: Arial\">10h<\/span><\/td>\n<\/tr>\n<tr>\n<td align=\"left\" valign=\"middle\" bgcolor=\"#FFFFFF\"><span style=\"color: #000000;font-family: Arial\">B3 (PubMed)<\/span><\/td>\n<td align=\"left\" valign=\"middle\" bgcolor=\"#FFFFFF\"><span style=\"color: #000000;font-family: Arial\">8h<\/span><\/td>\n<\/tr>\n<tr>\n<td align=\"left\" valign=\"middle\" bgcolor=\"#FFFFFF\"><span style=\"color: #000000;font-family: Arial\">B4 (SciElo)<\/span><\/td>\n<td align=\"left\" valign=\"middle\" bgcolor=\"#FFFFFF\"><span style=\"color: #000000;font-family: Arial\">6h<\/span><\/td>\n<\/tr>\n<tr>\n<td align=\"left\" valign=\"middle\" bgcolor=\"#FFFFFF\"><span style=\"color: #000000;font-family: Arial\">B5 (Outros indexadores)<\/span><\/td>\n<td align=\"left\" valign=\"middle\" bgcolor=\"#FFFFFF\"><span style=\"color: #000000;font-family: Arial\">5h<\/span><\/td>\n<\/tr>\n<tr>\n<td align=\"left\" valign=\"middle\" bgcolor=\"#FFFFFF\"><span style=\"color: #000000;font-family: Arial\">C<\/span><\/td>\n<td align=\"left\" valign=\"middle\" bgcolor=\"#FFFFFF\"><span style=\"color: #000000;font-family: Arial\">2h<\/span><\/td>\n<\/tr>\n<tr>\n<td align=\"left\" valign=\"middle\" bgcolor=\"#FFFFFF\"><span style=\"color: #000000;font-family: Arial\">Produ\u00e7\u00e3o t\u00e9cnica<\/span><\/td>\n<td align=\"left\" valign=\"middle\" bgcolor=\"#FFFFFF\"><span style=\"color: #000000;font-family: Arial\">5h<\/span><\/td>\n<\/tr>\n<\/tbody>\n<\/table>\n<h4>\u00a0<\/h4>\n<hr \/>\n<h4><span style=\"color: #003300\">\u00bb Orienta\u00e7\u00f5es\u00a0para a entrega dos certificados<\/span><\/h4>\n<p>Devem ser enviados para a secretaria acad\u00eamica (<a href=\"internatotoledo@ufpr.br\">internatotoledo@ufpr.br<\/a>) de APENAS de forma DIGITAL\u00a0conforme o Cronograma de entrega.<\/p>\n<p>Todos os certificados devem estar\u00a0<span style=\"color: #003300\"><strong>NUMERADOS<\/strong>\u00a0<\/span>e ser digitalizados\u00a0<span style=\"color: #003300\"><strong>em PDF e em um arquivo \u00fanico<\/strong><\/span>. A digitaliza\u00e7\u00e3o precisa ser dos certificados originais. N\u00e3o ser\u00e3o aceitas digitaliza\u00e7\u00f5es de c\u00f3pias de certificados.<\/p>\n<p>Deve-se enviar no mesmo e-mail\u00a0o Check-list das Atividades Formativas Complementares\u00a0devidamente preenchido e assinado pelo aluno\u00a0<em>(ver as orienta\u00e7\u00f5es de preenchimento)<\/em><\/p>\n<p>Os<span style=\"color: #003300\"><strong>\u00a0dois<\/strong>\u00a0<\/span>arquivos anexados (PDF \u00fanico com certificados numerados\u00a0<strong>e<\/strong> o PDF do check-list) devem ser nominados como indicado no <span style=\"color: #ff0000\"><strong>exemplo<\/strong>:\u00a0<\/span><span style=\"color: #ff0000\">T11-AFC-Nome do Aluno \/ T11-Checklist-AFC-Nome do aluno<\/span><\/p>\n<p>O e-mail enviado \u00e0 secretaria acad\u00eamica (<a href=\"internatotoledo@ufpr.br\">internatotoledo@ufpr.br<\/a>) deve conter no assunto: <span style=\"color: #ff0000\">T11-AFC-Nome do Aluno<\/span><\/p>\n<hr \/>\n<h4><span style=\"color: #003300\">\u00bb Orienta\u00e7\u00f5es\u00a0para preenchimento do check-list<\/span><\/h4>\n<p>Com base nos crit\u00e9rios de pontua\u00e7\u00e3o descritos no Regulamento das Atividades Formativas, o aluno dever\u00e1 distribuir os certificados no\u00a0<a href=\"https:\/\/toledo.ufpr.br\/wp-content\/uploads\/2017\/09\/Checklist-Entrega-T5-2023.1-2.docx\">Check-list<\/a>:<\/p>\n<p>Deve-se preencher em cada campo o\u00a0<span style=\"color: #003300\"><strong>n\u00famero do certificado<\/strong><\/span>\u00a0(conforme o n\u00famero apresentado no documento digital enviado para a Secretaria Acad\u00eamica) e, entre par\u00eanteses, deve-se colocar a\u00a0<span style=\"color: #003300\"><strong>pontua\u00e7\u00e3o m\u00e1xima permitida para cada situa\u00e7\u00e3o<\/strong><\/span>\u00a0que, N\u00c3O necessariamente, \u00e9 a carga hor\u00e1ria descrita no certificado.<\/p>\n<p>Em campos onde haja mais de um certificado \u00e9 importante que conste a carga hor\u00e1ria a ser pontuada de cada certificado e n\u00e3o a carga hor\u00e1ria total do item.<\/p>\n<p><em>Por exemplo:<\/em><\/p>\n<p><em>Certificado 1: Monitoria com bolsa no total de 120h: 1 (120h)<\/em><br \/><em>Certificado 2: PVA de 12h semanais, total de 200h: 2 (200h)<\/em><br \/><em>Certificado 3: Participa\u00e7\u00e3o em evento cient\u00edfico com dura\u00e7\u00e3o de 15h: 3 (7h &#8211; que \u00e9 a pontua\u00e7\u00e3o para qualquer certificado de 12\u00a0a 15h)<\/em><br \/><em>Certificado 4:\u00a0Participa\u00e7\u00e3o em evento cient\u00edfico com dura\u00e7\u00e3o de 100h: 4 (10h &#8211; que \u00e9 a pontua\u00e7\u00e3o para qualquer certificado superior \u00e0 15h)<\/em><br \/><em>Certificado 5: Participa\u00e7\u00e3o em evento cient\u00edfico com dura\u00e7\u00e3o de 5h: 5 (3h &#8211; que \u00e9 a pontua\u00e7\u00e3o para qualquer certificado de 5h a 7h)<br \/>Certificado 6: Participa\u00e7\u00e3o em evento cient\u00edfico com dura\u00e7\u00e3o de 7h:\u00a06 (3h &#8211; que \u00e9 a pontua\u00e7\u00e3o para qualquer certificado de 5h a 7h)<\/em><\/p>\n<p><img loading=\"lazy\" decoding=\"async\" class=\"alignnone size-full wp-image-7536 aligncenter\" src=\"https:\/\/toledo.ufpr.br\/wp-content\/uploads\/2017\/09\/AFF-exemplo.png\" alt=\"aff-exemplo\" width=\"1025\" height=\"629\" \/><\/p>\n<p><strong><span style=\"color: #ff0000\">ATEN\u00c7\u00c3O:<\/span>\u00a0A entrega da documenta\u00e7\u00e3o deve atender estas orienta\u00e7\u00f5es.\u00a0<span style=\"text-decoration: underline\">Atividades apresentadas fora deste padr\u00e3o ser\u00e3o devolvidas para adequa\u00e7\u00f5es.<\/span><\/strong><\/p>\n<hr \/>\n<p><span style=\"color: #000000\">A<span style=\"color: #008000\"><strong>\u00a0Comiss\u00e3o Permanente de Acompanhamento das Atividades Formativas\u00a0Complementares\u00a0<\/strong><\/span><\/span>fica dispon\u00edvel para esclarecimentos e d\u00favidas.<\/p>\n<p>Membros da Comiss\u00e3o (<a href=\"https:\/\/toledo.ufpr.br\/medicinatoledo\/wp-content\/uploads\/sites\/3\/2025\/11\/SEI_8403222_Portaria_50.pdf\" target=\"_blank\" rel=\"noopener\">Portaria 50\/2025 &#8211; TL<\/a> ):<\/p>\n<p class=\"Texto_Justificado_Recuo_Primeira_Linha\">I &#8211; Marcelo Alves de Souza &#8211; Professor do Magist\u00e9rio Superior &#8211; <strong>Presidente;<\/strong>\u00a0<\/p>\n<p class=\"Texto_Justificado_Recuo_Primeira_Linha\">II &#8211;\u00a0Sonia Mara de Andrade\u00a0&#8211; <strong>Professora do Magist\u00e9rio Superior;<\/strong><\/p>\n<p class=\"Texto_Justificado_Recuo_Primeira_Linha\">III &#8211; Rute Teresinha Schio &#8211; <strong>Bibliotec\u00e1ria-Documentalista;<\/strong><\/p>\n<p class=\"Texto_Justificado_Recuo_Primeira_Linha\">IV &#8211;\u00a0Jose Victor Franklin Gon\u00e7alves de Medeiros &#8211;\u00a0<strong>Bibliotec\u00e1rio-Documentalista;<\/strong><\/p>\n<p class=\"Texto_Justificado_Recuo_Primeira_Linha\">V &#8211; Ana Carla Zarpelon Schutz &#8211; <strong>Professora do Magist\u00e9rio Superior.<\/strong><\/p>\n<p style=\"text-align: right\">Atualizado em<\/p>\n\n<div class=\"wp-block-post-date__modified-date has-text-align-right wp-block-post-date\"><time datetime=\"2025-11-25T16:52:45-03:00\">25 de novembro de 2025<\/time><\/div>","protected":false},"excerpt":{"rendered":"<p>As atividades formativas s\u00e3o complementares em rela\u00e7\u00e3o ao eixo fundamental do curr\u00edculo, e o Colegiado [&hellip;]<\/p>\n","protected":false},"author":2793,"featured_media":0,"parent":0,"menu_order":0,"comment_status":"closed","ping_status":"closed","template":"","meta":{"ngg_post_thumbnail":0,"footnotes":""},"class_list":["post-6507","page","type-page","status-publish","hentry"],"_links":{"self":[{"href":"https:\/\/toledo.ufpr.br\/medicinatoledo\/wp-json\/wp\/v2\/pages\/6507","targetHints":{"allow":["GET"]}}],"collection":[{"href":"https:\/\/toledo.ufpr.br\/medicinatoledo\/wp-json\/wp\/v2\/pages"}],"about":[{"href":"https:\/\/toledo.ufpr.br\/medicinatoledo\/wp-json\/wp\/v2\/types\/page"}],"author":[{"embeddable":true,"href":"https:\/\/toledo.ufpr.br\/medicinatoledo\/wp-json\/wp\/v2\/users\/2793"}],"replies":[{"embeddable":true,"href":"https:\/\/toledo.ufpr.br\/medicinatoledo\/wp-json\/wp\/v2\/comments?post=6507"}],"version-history":[{"count":18,"href":"https:\/\/toledo.ufpr.br\/medicinatoledo\/wp-json\/wp\/v2\/pages\/6507\/revisions"}],"predecessor-version":[{"id":9793,"href":"https:\/\/toledo.ufpr.br\/medicinatoledo\/wp-json\/wp\/v2\/pages\/6507\/revisions\/9793"}],"wp:attachment":[{"href":"https:\/\/toledo.ufpr.br\/medicinatoledo\/wp-json\/wp\/v2\/media?parent=6507"}],"curies":[{"name":"wp","href":"https:\/\/api.w.org\/{rel}","templated":true}]}}