{"id":6489,"date":"2023-10-03T12:18:00","date_gmt":"2023-10-03T15:18:00","guid":{"rendered":"https:\/\/toledo.ufpr.br\/medicinatoledo\/?page_id=6489"},"modified":"2026-02-13T09:06:32","modified_gmt":"2026-02-13T12:06:32","slug":"coordenacao-de-periodos","status":"publish","type":"page","link":"https:\/\/toledo.ufpr.br\/medicinatoledo\/coordenacao-de-periodos\/","title":{"rendered":"Coordena\u00e7\u00e3o de Per\u00edodos"},"content":{"rendered":"\n<p><strong>1\u00ba Semestre\/2026<\/strong>.<\/p>\n\n\n\n<p class=\"has-text-align-right\"><\/p>\n\n\n\n<figure class=\"wp-block-table\"><table class=\"has-fixed-layout\"><thead><tr><th>Per\u00edodo<\/th><th>Professor(a) Coordenador(a)<\/th><\/tr><\/thead><tbody><tr><td><strong>1\u00ba<\/strong><\/td><td>Prof.\u00aa Jessica Cristina Ruths<\/td><\/tr><tr><td><strong>2\u00ba<\/strong><\/td><td>Prof.\u00aa Francielle Brustolin de Lima Simch<\/td><\/tr><tr><td><strong>3\u00ba<\/strong><\/td><td>Prof. Marcelo Alves de Souza<\/td><\/tr><tr><td><strong>4\u00ba<\/strong><\/td><td>Prof.\u00aa Paula Bragato Futagami<\/td><\/tr><tr><td><strong>5\u00ba<\/strong><\/td><td>Prof.\u00aa Ana Paula Susin Osorio<\/td><\/tr><tr><td><strong>6\u00ba<\/strong><\/td><td>Prof.\u00aa Luciana Menezes de Azevedo<\/td><\/tr><tr><td><strong>7\u00ba<\/strong><\/td><td>Prof. C\u00e9sar Augusto da Silva<\/td><\/tr><tr><td><strong>8\u00ba<\/strong><\/td><td>Thaisa Mara Bersani Strabelli<\/td><\/tr><\/tbody><\/table><\/figure>\n\n\n\n<p class=\"has-text-align-right\"><\/p>\n\n\n\n<p class=\"has-text-align-right\">Atualizado em 13\/2\/2026.<\/p>\n\n\n\n<p><\/p>\n","protected":false},"excerpt":{"rendered":"<p>1\u00ba Semestre\/2026. Per\u00edodo Professor(a) Coordenador(a) 1\u00ba Prof.\u00aa Jessica Cristina Ruths 2\u00ba Prof.\u00aa Francielle Brustolin de [&hellip;]<\/p>\n","protected":false},"author":2793,"featured_media":0,"parent":0,"menu_order":0,"comment_status":"closed","ping_status":"closed","template":"","meta":{"ngg_post_thumbnail":0,"footnotes":""},"class_list":["post-6489","page","type-page","status-publish","hentry"],"_links":{"self":[{"href":"https:\/\/toledo.ufpr.br\/medicinatoledo\/wp-json\/wp\/v2\/pages\/6489","targetHints":{"allow":["GET"]}}],"collection":[{"href":"https:\/\/toledo.ufpr.br\/medicinatoledo\/wp-json\/wp\/v2\/pages"}],"about":[{"href":"https:\/\/toledo.ufpr.br\/medicinatoledo\/wp-json\/wp\/v2\/types\/page"}],"author":[{"embeddable":true,"href":"https:\/\/toledo.ufpr.br\/medicinatoledo\/wp-json\/wp\/v2\/users\/2793"}],"replies":[{"embeddable":true,"href":"https:\/\/toledo.ufpr.br\/medicinatoledo\/wp-json\/wp\/v2\/comments?post=6489"}],"version-history":[{"count":30,"href":"https:\/\/toledo.ufpr.br\/medicinatoledo\/wp-json\/wp\/v2\/pages\/6489\/revisions"}],"predecessor-version":[{"id":10275,"href":"https:\/\/toledo.ufpr.br\/medicinatoledo\/wp-json\/wp\/v2\/pages\/6489\/revisions\/10275"}],"wp:attachment":[{"href":"https:\/\/toledo.ufpr.br\/medicinatoledo\/wp-json\/wp\/v2\/media?parent=6489"}],"curies":[{"name":"wp","href":"https:\/\/api.w.org\/{rel}","templated":true}]}}