{"id":6479,"date":"2023-10-03T12:12:09","date_gmt":"2023-10-03T15:12:09","guid":{"rendered":"https:\/\/toledo.ufpr.br\/medicinatoledo\/?page_id=6479"},"modified":"2026-02-11T12:01:24","modified_gmt":"2026-02-11T15:01:24","slug":"colegiado-do-curso","status":"publish","type":"page","link":"https:\/\/toledo.ufpr.br\/medicinatoledo\/colegiado-do-curso\/","title":{"rendered":"Colegiado do Curso"},"content":{"rendered":"\n<figure class=\"wp-block-table\"><table class=\"has-fixed-layout\"><tbody><tr><td><strong>\u00c1rea\u00a0de Conhecimento<\/strong><\/td><td><\/td><td><strong>Membro<\/strong><\/td><\/tr><tr><td>Coordena\u00e7\u00e3o de Curso<\/td><td>Titular<br>Suplente<\/td><td>Neudir Frare Junior<br>Mauricio Bedim dos Santos<\/td><\/tr><tr><td>B\u00e1sica<\/td><td>Titular 1<br>Suplente 1<br><br>Titular 2<br>Suplente 2<\/td><td>Juliana Bernardi Wenzel<br>K\u00e1dima Nayara Teixeira<br><br>Marcelo Alves de Souza<br>Kleber Fernando Pereira<\/td><\/tr><tr><td>Ginecologia e Obstetr\u00edcia<\/td><td>Titular<br>Suplente<\/td><td>Naura Tonin Angonese<br>Patr\u00edcia Leen Kosako Cerutti<\/td><\/tr><tr><td>Pediatria<\/td><td>Titular<br>Suplente<\/td><td>Carlos Ant\u00f4nio Riedi<br>Renata Bragato Futagami<\/td><\/tr><tr><td>Cl\u00ednica M\u00e9dica<\/td><td>Titular 1<br>Suplente 1<br><br>Titular 2<br>Suplente 2<br><br>Titular 3<br>Suplente 3<\/td><td>Ana Paula Susin Os\u00f3rio <br>Vitor Santili Depes<br><br>Wilson Gomes J\u00fanior<br>Ren\u00ea Cesar Azzolini<br><br>Karina Litchteneker<br>Vitoria Ceni Silva<\/td><\/tr><tr><td>Cl\u00ednica Cir\u00fargica\/Urg\u00eancias, Emerg\u00eancias e Procedimentos<\/td><td>Titular<br>Suplente<\/td><td>Alexandre Roberto Roman Coelho<br>Marco Aur\u00e9lio Nisiide<\/td><\/tr><tr><td>Sa\u00fade Coletiva\/Medicina de Fam\u00edlia e Comunidade<\/td><td>Titular<br>Suplente<\/td><td>Sonia Mara de Andrade<br>Francielle Brustolin de Lima Simch<\/td><\/tr><tr><td>Internato<\/td><td>Titular<br>Suplente<\/td><td>Elisa Oliveira Dafico Pfrimer<br>Mayara Ang\u00e9lica Bolson Salamanca<\/td><\/tr><tr><td>Estudantes<\/td><td>Titular 1<br>Suplente 1<br><br>Titular 2<br>Suplente 2<\/td><td>Henrique Passarini Pinheiro<br>Paola Regina Mombach Lazzaron<br><br>J\u00e9ssica Maria de Rossi<br>Kethllyn Eduarda Ferreira Ramos Dal Pai<\/td><\/tr><\/tbody><\/table><\/figure>\n\n\n\n<p class=\"has-text-align-right\">*Portaria 02\/26-TL &#8211; Vig\u00eancia 31\/01\/2027<\/p>\n\n\n\n<p><strong>Aten\u00e7\u00e3o:<\/strong><\/p>\n\n\n\n<p>&#8220;O prazo de envio de processos\/solicita\u00e7\u00f5es ao Colegiado deve ser de no m\u00ednimo,&nbsp;<strong>10 dias de anteced\u00eancia da data da reuni\u00e3o<\/strong>. As solicita\u00e7\u00f5es devem ser encaminhadas para o e-mail:&nbsp;<a href=\"mailto:medicinatoledo@ufpr.br\">medicinatoledo@ufpr.br<\/a><br>&#8211; No assunto do e-mail deve constar: &#8220;Aprecia\u00e7\u00e3o do Colegiado do Curso &#8211; Nome do requerente&#8221;;<br>&#8211; No corpo do e-mail deve conter: nome completo do requerente, GRR\/Matr\u00edcula e motivo da solicita\u00e7\u00e3o.<br>&#8211; Anexar&nbsp;<a href=\"https:\/\/toledo.ufpr.br\/normas-procedimentos-e-formularios\/\">formul\u00e1rio correspondente ao tipo de solicita\u00e7\u00e3o<\/a>&nbsp;e, quando n\u00e3o houver um formul\u00e1rio espec\u00edfico, deve-se utilizar o&nbsp;<a href=\"https:\/\/toledo.ufpr.br\/wp-content\/uploads\/2021\/12\/Formul%C3%A1rio-Requerimento-Geral.pdf\">Formul\u00e1rio Requerimento Geral<\/a>, dispon\u00edvel na p\u00e1gina do Campus.<br>&#8211; Anexar&nbsp;hist\u00f3rico escolar do(a) aluno(a).<\/p>\n\n\n\n<h4 class=\"wp-block-heading has-text-align-center\"><span style=\"color: #008000\"><strong>Calend\u00e1rio de Reuni\u00f5es &#8211; Colegiado de Curso &#8211; 2026<\/strong><\/span><\/h4>\n\n\n\n<p>* As reuni\u00f5es habitualmente ocorrem na segunda ter\u00e7a-feira de cada m\u00eas. Podem ser alteradas em virtude de feriados, recessos ou solicita\u00e7\u00e3o da Coordena\u00e7\u00e3o do Curso.<\/p>\n\n\n\n<p><\/p>\n\n\n\n<figure class=\"wp-block-table\"><table><tbody><tr><td>\n<p align=\"center\"><strong>M\u00eas<\/strong><\/p>\n<\/td><td class=\"has-text-align-center\" data-align=\"center\">\n<p align=\"center\"><strong>Data<\/strong><\/p>\n<\/td><td>\n<p align=\"center\"><strong>Local<\/strong><\/p>\n<\/td><\/tr><tr><td> <p align=\"center\">Fevereiro<\/p> <\/td><td class=\"has-text-align-center\" data-align=\"center\">10<p align=\"center\"><\/p><\/td><td>Plataforma Microsoft Teams<\/td><\/tr><tr><td>\n<p align=\"center\">Mar\u00e7o<\/p>\n<\/td><td class=\"has-text-align-center\" data-align=\"center\">10<p align=\"center\"><\/p><\/td><td>Plataforma Microsoft Teams<\/td><\/tr><tr><td>\n<p align=\"center\">Abril<\/p>\n<\/td><td class=\"has-text-align-center\" data-align=\"center\">14<p align=\"center\"><\/p><\/td><td>Plataforma Microsoft Teams<\/td><\/tr><tr><td>\n<p align=\"center\">Maio<\/p>\n<\/td><td class=\"has-text-align-center\" data-align=\"center\">12<p align=\"center\"><\/p><\/td><td>Plataforma Microsoft Teams<\/td><\/tr><tr><td>\n<p align=\"center\">Junho<\/p>\n<\/td><td class=\"has-text-align-center\" data-align=\"center\">09<p align=\"center\"><\/p><\/td><td>Plataforma Microsoft Teams<\/td><\/tr><tr><td>\n<p align=\"center\">Julho<\/p>\n<\/td><td class=\"has-text-align-center\" data-align=\"center\">07<p align=\"center\"><\/p><\/td><td>Plataforma Microsoft Teams<\/td><\/tr><tr><td>\n<p align=\"center\">Agosto<\/p>\n<\/td><td class=\"has-text-align-center\" data-align=\"center\"><p align=\"center\"><\/p>&#8211;<\/td><td>Plataforma Microsoft Teams<\/td><\/tr><tr><td>\n<p align=\"center\">Setembro<\/p>\n<\/td><td class=\"has-text-align-center\" data-align=\"center\">&#8211; <p align=\"center\"><\/p><\/td><td>Plataforma Microsoft Teams<\/td><\/tr><tr><td>\n<p align=\"center\">Outubro<\/p>\n<\/td><td class=\"has-text-align-center\" data-align=\"center\"><p align=\"center\"><\/p>&#8211;<\/td><td>Plataforma Microsoft Teams<\/td><\/tr><tr><td>\n<p align=\"center\">Novembro<\/p>\n<\/td><td class=\"has-text-align-center\" data-align=\"center\"><br> &#8211;<p align=\"center\"><\/p><\/td><td>Plataforma Microsoft Teams<\/td><\/tr><tr><td>\n<p align=\"center\">Dezembro<\/p>\n<\/td><td class=\"has-text-align-center\" data-align=\"center\">&#8211;<p align=\"center\"><\/p><\/td><td>Plataforma Microsoft Teams<\/td><\/tr><\/tbody><\/table><\/figure>\n\n\n\n<p><\/p>\n\n\n\n<h3 class=\"wp-block-heading has-text-align-center\">Atas das reuni\u00f5es &#8211; Colegiado<\/h3>\n\n\n\n<p>Ano: 2024 <\/p>\n\n\n\n<p><a href=\"https:\/\/toledo.ufpr.br\/medicinatoledo\/wp-content\/uploads\/sites\/3\/2025\/01\/90a-Ordinaria-12-11-24.pdf\">90\u00aa Reuni\u00e3o Ordin\u00e1ria &#8211; 12\/11\/2024<\/a><\/p>\n\n\n\n<p><a href=\"https:\/\/toledo.ufpr.br\/medicinatoledo\/wp-content\/uploads\/sites\/3\/2025\/01\/89aOrdinaria-01-10-24.pdf\">89\u00aa Reuni\u00e3o Ordin\u00e1ria &#8211; 01\/10\/2024<\/a><\/p>\n\n\n\n<p><a href=\"https:\/\/toledo.ufpr.br\/medicinatoledo\/wp-content\/uploads\/sites\/3\/2025\/01\/88a-Ordinaria-03-09-24.pdf\">88\u00aa Reuni\u00e3o Ordin\u00e1ria &#8211; 03\/09\/2024<\/a><\/p>\n\n\n\n<p><a href=\"https:\/\/toledo.ufpr.br\/medicinatoledo\/wp-content\/uploads\/sites\/3\/2024\/10\/87a-Ordinaria-13-08-24.pdf\">87\u00aa Reuni\u00e3o Ordin\u00e1ria &#8211; 13\/08\/2024&nbsp;<\/a><\/p>\n\n\n\n<p><a href=\"https:\/\/toledo.ufpr.br\/medicinatoledo\/wp-content\/uploads\/sites\/3\/2024\/10\/86a-Ordinaria-23-07-24.pdf\">86\u00aa Reuni\u00e3o Ordin\u00e1ria &#8211; 23\/07\/2024&nbsp;<\/a><\/p>\n\n\n\n<p><a href=\"https:\/\/toledo.ufpr.br\/medicinatoledo\/wp-content\/uploads\/sites\/3\/2024\/10\/39a-Extraordinaria-11-06-24.pdf\">39\u00aa Reuni\u00e3o Extraordin\u00e1ria &#8211; 11\/06\/2024&nbsp;<\/a><\/p>\n\n\n\n<p><a href=\"https:\/\/toledo.ufpr.br\/medicinatoledo\/wp-content\/uploads\/sites\/3\/2024\/10\/85a-Reuniao-Ordinaria-04-06-24.pdf\">85\u00aa Reuni\u00e3o Ordin\u00e1ria &#8211; 04\/06\/2024&nbsp;<\/a><\/p>\n\n\n\n<p><a href=\"https:\/\/toledo.ufpr.br\/medicinatoledo\/wp-content\/uploads\/sites\/3\/2024\/10\/38-a-Extraordinaria-30-04-24.pdf\">38\u00aa Reuni\u00e3o Extraordin\u00e1ria &#8211; 30\/04\/2024&nbsp;<\/a><\/p>\n\n\n\n<p><a href=\"https:\/\/toledo.ufpr.br\/medicinatoledo\/wp-content\/uploads\/sites\/3\/2024\/10\/37a-Extraordinaria-23-04-24.pdf\">37\u00aa Reuni\u00e3o Extraordin\u00e1ria &#8211; 23\/04\/2024&nbsp;<\/a><\/p>\n\n\n\n<p><a href=\"https:\/\/toledo.ufpr.br\/medicinatoledo\/wp-content\/uploads\/sites\/3\/2024\/10\/84a-Ordinaria-09-04-24.pdf\">84\u00aa Reuni\u00e3o Ordin\u00e1ria &#8211; 09\/04\/2024&nbsp;<\/a><\/p>\n\n\n\n<p><a href=\"https:\/\/toledo.ufpr.br\/medicinatoledo\/wp-content\/uploads\/sites\/3\/2024\/10\/83a-Ordinaria-12-03-24.pdf\">83\u00aa Reuni\u00e3o Ordin\u00e1ria &#8211; 12\/03\/2024&nbsp;<\/a><\/p>\n\n\n\n<p><a href=\"https:\/\/toledo.ufpr.br\/medicinatoledo\/wp-content\/uploads\/sites\/3\/2024\/10\/82aOrdinaria-20-02-24.pdf\">82\u00aa Reuni\u00e3o Ordin\u00e1ria &#8211; 20\/02\/2024&nbsp;<\/a><\/p>\n\n\n\n<p><a href=\"https:\/\/toledo.ufpr.br\/medicinatoledo\/wp-content\/uploads\/sites\/3\/2024\/10\/36aExtraordinaria-06-02-24.pdf\">36\u00aa Reuni\u00e3o Extraordin\u00e1ria &#8211; 06\/02\/2024&nbsp;<\/a><\/p>\n\n\n\n<p><a href=\"https:\/\/toledo.ufpr.br\/medicinatoledo\/wp-content\/uploads\/sites\/3\/2024\/10\/81aOrdinaria-23-01-24.pdf\">81\u00aa Reuni\u00e3o Ordin\u00e1ria &#8211; 23\/01\/2024&nbsp;<\/a><\/p>\n\n\n\n<p><\/p>\n\n\n\n<p>Ano: 2023<\/p>\n\n\n\n<p><a href=\"https:\/\/toledo.ufpr.br\/medicinatoledo\/wp-content\/uploads\/sites\/3\/2024\/10\/80aOrdinaria-05-12-23.pdf\">80\u00aa Reuni\u00e3o Ordin\u00e1ria &#8211; 05\/12\/2023<\/a><\/p>\n\n\n\n<p><a href=\"https:\/\/toledo.ufpr.br\/medicinatoledo\/wp-content\/uploads\/sites\/3\/2024\/10\/35aExtraordinaria-16-11-23.pdf\">35\u00aa Reuni\u00e3o Extraordin\u00e1ria &#8211; 16\/11\/2023<\/a><\/p>\n\n\n\n<p><a href=\"https:\/\/toledo.ufpr.br\/medicinatoledo\/wp-content\/uploads\/sites\/3\/2024\/10\/79aOrdinaria-07-11-23.pdf\">79\u00aa Reuni\u00e3o Ordin\u00e1ria &#8211; 07\/11\/2023<\/a><\/p>\n\n\n\n<p><a href=\"https:\/\/toledo.ufpr.br\/medicinatoledo\/wp-content\/uploads\/sites\/3\/2024\/10\/78aOrdinaria-17-10-23.pdf\">78\u00aa Reuni\u00e3o Ordin\u00e1ria &#8211; 17\/10\/ 2023<\/a><\/p>\n\n\n\n<p><a href=\"https:\/\/toledo.ufpr.br\/medicinatoledo\/wp-content\/uploads\/sites\/3\/2024\/10\/34aExtraordinaria-26-09-23.pdf\">34\u00aa Reuni\u00e3o Extraordin\u00e1ria &#8211; 26\/09\/2023<\/a><\/p>\n\n\n\n<p><a href=\"https:\/\/toledo.ufpr.br\/medicinatoledo\/wp-content\/uploads\/sites\/3\/2024\/10\/77aOrdinaria-12-09-23.pdf\">77\u00aa Reuni\u00e3o Ordin\u00e1ria &#8211; 12\/09\/2023<\/a><\/p>\n\n\n\n<p><a href=\"https:\/\/toledo.ufpr.br\/medicinatoledo\/wp-content\/uploads\/sites\/3\/2024\/10\/76aOrdinaria-15-08-23.pdf\">76\u00aa Reuni\u00e3o Ordin\u00e1ria &#8211; 15\/08\/2023<\/a><\/p>\n\n\n\n<p><a href=\"https:\/\/toledo.ufpr.br\/medicinatoledo\/wp-content\/uploads\/sites\/3\/2024\/10\/75aOrdinaria-11-07-23.pdf\">75\u00aa Reuni\u00e3o Ordin\u00e1ria &#8211; 11\/07\/2023<\/a><\/p>\n\n\n\n<p><a href=\"https:\/\/toledo.ufpr.br\/medicinatoledo\/wp-content\/uploads\/sites\/3\/2024\/10\/33aExtraordinaria-22-06-23.pdf\">33\u00aa Reuni\u00e3o Extraordin\u00e1ria &#8211; 22\/06\/2023<\/a><\/p>\n\n\n\n<p><a href=\"https:\/\/toledo.ufpr.br\/medicinatoledo\/wp-content\/uploads\/sites\/3\/2024\/10\/74aOrdinaria-14-06-23.pdf\">74\u00aa Reuni\u00e3o Ordin\u00e1ria &#8211; 14\/06\/2023<\/a><\/p>\n\n\n\n<p><a href=\"https:\/\/toledo.ufpr.br\/medicinatoledo\/wp-content\/uploads\/sites\/3\/2024\/10\/73aOrdinaria-17-05-23.pdf\">73\u00aa Reuni\u00e3o Ordin\u00e1ria &#8211; 17\/05\/2023<\/a><\/p>\n\n\n\n<p><a href=\"https:\/\/toledo.ufpr.br\/medicinatoledo\/wp-content\/uploads\/sites\/3\/2024\/10\/32aExtraordinaria-10-05-23.pdf\">32\u00aa Reuni\u00e3o Extraordin\u00e1ria &#8211; 10\/05\/2023<\/a><\/p>\n\n\n\n<p><a href=\"https:\/\/toledo.ufpr.br\/medicinatoledo\/wp-content\/uploads\/sites\/3\/2024\/10\/31aExtraordinaria-26-04-23.pdf\">31\u00aa Reuni\u00e3o Extraordin\u00e1ria &#8211; 26\/04\/2023<\/a><\/p>\n\n\n\n<p><a href=\"https:\/\/toledo.ufpr.br\/medicinatoledo\/wp-content\/uploads\/sites\/3\/2024\/10\/72aOrdinaria-12-04-23.pdf\">72\u00aa Reuni\u00e3o Ordin\u00e1ria &#8211; 12\/04\/2023<\/a><\/p>\n\n\n\n<p><a href=\"https:\/\/toledo.ufpr.br\/medicinatoledo\/wp-content\/uploads\/sites\/3\/2024\/10\/71aOrdinaria-15-03-23.pdf\">71\u00aa Reuni\u00e3o Ordin\u00e1ria &#8211; 15\/03\/2023<\/a><\/p>\n\n\n\n<p><a href=\"https:\/\/toledo.ufpr.br\/medicinatoledo\/wp-content\/uploads\/sites\/3\/2024\/10\/70aOrdinaria-15-02-23.pdf\">70\u00aa Reuni\u00e3o Ordin\u00e1ria &#8211; 15\/02\/2023<\/a><\/p>\n\n\n\n<p><a href=\"https:\/\/toledo.ufpr.br\/medicinatoledo\/wp-content\/uploads\/sites\/3\/2024\/10\/69aOrdinaria-25-01-23.pdf\">69\u00aa Reuni\u00e3o Ordin\u00e1ria &#8211; 25\/01\/2023<\/a><\/p>\n\n\n\n<p><\/p>\n\n\n\n<p>Ano: 2022 <\/p>\n\n\n\n<p><a href=\"https:\/\/toledo.ufpr.br\/medicinatoledo\/wp-content\/uploads\/sites\/3\/2024\/10\/68aOrdinaria-07-12-22.pdf\">68\u00aa Reuni\u00e3o Ordin\u00e1ria &#8211; 07\/12\/2022<\/a><\/p>\n\n\n\n<p><a href=\"https:\/\/toledo.ufpr.br\/medicinatoledo\/wp-content\/uploads\/sites\/3\/2024\/10\/67aOrdinaria-09-11-22.pdf\">67\u00aa Reuni\u00e3o Ordin\u00e1ria &#8211; 09\/11\/2022<\/a><\/p>\n\n\n\n<p><a href=\"https:\/\/toledo.ufpr.br\/medicinatoledo\/wp-content\/uploads\/sites\/3\/2024\/10\/30aExtraordinaria-26-10-22.pdf\">30\u00aa Reuni\u00e3o Extraordin\u00e1ria &#8211; 26\/10\/2022<\/a><\/p>\n\n\n\n<p><a href=\"https:\/\/toledo.ufpr.br\/medicinatoledo\/wp-content\/uploads\/sites\/3\/2024\/10\/66aOrdinaria-05-10-22.pdf\">66\u00aa Reuni\u00e3o Ordin\u00e1ria &#8211; 05\/10\/2022<\/a><\/p>\n\n\n\n<p><a href=\"https:\/\/toledo.ufpr.br\/medicinatoledo\/wp-content\/uploads\/sites\/3\/2024\/10\/65aOrdinaria-14-09-22.pdf\">65\u00aa Reuni\u00e3o Ordin\u00e1ria &#8211; 14\/09\/2022<\/a><\/p>\n\n\n\n<p><a href=\"https:\/\/toledo.ufpr.br\/medicinatoledo\/wp-content\/uploads\/sites\/3\/2024\/10\/29aExtraordinaria-29-08-22.pdf\">29\u00aa Reuni\u00e3o Extraordin\u00e1ria &#8211; 29\/08\/2022<\/a><\/p>\n\n\n\n<p><a href=\"https:\/\/toledo.ufpr.br\/medicinatoledo\/wp-content\/uploads\/sites\/3\/2024\/10\/64aOrdinaria-10-08-22.pdf\">64\u00aa Reuni\u00e3o Ordin\u00e1ria &#8211; 10\/08\/2022<\/a><\/p>\n\n\n\n<p><a href=\"https:\/\/toledo.ufpr.br\/medicinatoledo\/wp-content\/uploads\/sites\/3\/2024\/10\/63aOrdinaria-27-07-22.pdf\">63\u00aa Reuni\u00e3o Ordin\u00e1ria &#8211; 27\/07\/2022<\/a><\/p>\n\n\n\n<p><a href=\"https:\/\/toledo.ufpr.br\/medicinatoledo\/wp-content\/uploads\/sites\/3\/2024\/10\/28aExtraordinaria-15-06-22.pdf\" data-type=\"link\" data-id=\"https:\/\/toledo.ufpr.br\/medicinatoledo\/wp-content\/uploads\/sites\/3\/2024\/10\/28aExtraordinaria-15-06-22.pdf\">28\u00aa Reuni\u00e3o Extraordin\u00e1ria &#8211; 15\/06\/2022<\/a><\/p>\n\n\n\n<p><a href=\"https:\/\/toledo.ufpr.br\/medicinatoledo\/wp-content\/uploads\/sites\/3\/2024\/10\/62aOrdinaria-08-06-22.pdf\">62\u00aa Reuni\u00e3o Ordin\u00e1ria &#8211; 08\/06\/2022<\/a><\/p>\n\n\n\n<p><a href=\"https:\/\/toledo.ufpr.br\/medicinatoledo\/wp-content\/uploads\/sites\/3\/2024\/10\/61aOrdinaria-09-05-22.pdf\">61\u00aa Reuni\u00e3o Ordin\u00e1ria &#8211; 09\/05\/2022<\/a><\/p>\n\n\n\n<p><a href=\"https:\/\/toledo.ufpr.br\/medicinatoledo\/wp-content\/uploads\/sites\/3\/2024\/10\/27aExtraordinaria-20-04-22.pdf\">27\u00aa Reuni\u00e3o Extraordin\u00e1ria &#8211; 20\/04\/2022<\/a><\/p>\n\n\n\n<p><a href=\"https:\/\/toledo.ufpr.br\/medicinatoledo\/wp-content\/uploads\/sites\/3\/2024\/10\/60aOrdinaria-13-04-22.pdf\">60\u00aa Reuni\u00e3o Ordin\u00e1ria &#8211; 13\/04\/2022<\/a><\/p>\n\n\n\n<p><a href=\"https:\/\/toledo.ufpr.br\/medicinatoledo\/wp-content\/uploads\/sites\/3\/2024\/10\/26aExtraordinaria-23-03-22.pdf\">26\u00aa Reuni\u00e3o Extraordin\u00e1ria &#8211; 23\/03\/2022<\/a><\/p>\n\n\n\n<p><a href=\"https:\/\/toledo.ufpr.br\/medicinatoledo\/wp-content\/uploads\/sites\/3\/2024\/10\/59aOrdinaria-09-03-22.pdf\">59\u00aa Reuni\u00e3o Ordin\u00e1ria &#8211; 09\/03\/2022<\/a><\/p>\n\n\n\n<p><a href=\"https:\/\/toledo.ufpr.br\/medicinatoledo\/wp-content\/uploads\/sites\/3\/2024\/10\/25aExtraordinaria-16-02-22.pdf\">25\u00aa Reuni\u00e3o Extraordin\u00e1ria &#8211; 16\/02\/2022<\/a><\/p>\n\n\n\n<p><a href=\"https:\/\/toledo.ufpr.br\/medicinatoledo\/wp-content\/uploads\/sites\/3\/2024\/10\/58aOrdinaria-09-02-22.pdf\">58\u00aa Reuni\u00e3o Ordin\u00e1ria &#8211; 09\/02\/2022<\/a><\/p>\n\n\n\n<p><a href=\"https:\/\/toledo.ufpr.br\/medicinatoledo\/wp-content\/uploads\/sites\/3\/2024\/10\/57aOrdinaria-12-01-22.pdf\">57\u00aa Reuni\u00e3o Ordin\u00e1ria &#8211; 12\/01\/2022<\/a><\/p>\n\n\n\n<p><\/p>\n\n\n\n<p><\/p>\n\n\n\n<p><\/p>\n\n\n\n<p><\/p>\n\n\n\n<p><\/p>\n\n\n\n<p>Atualizado em 25\/06\/2025<\/p>\n","protected":false},"excerpt":{"rendered":"<p>\u00c1rea\u00a0de Conhecimento Membro Coordena\u00e7\u00e3o de Curso TitularSuplente Neudir Frare JuniorMauricio Bedim dos Santos B\u00e1sica Titular [&hellip;]<\/p>\n","protected":false},"author":2793,"featured_media":0,"parent":0,"menu_order":0,"comment_status":"closed","ping_status":"closed","template":"","meta":{"ngg_post_thumbnail":0,"footnotes":""},"class_list":["post-6479","page","type-page","status-publish","hentry"],"_links":{"self":[{"href":"https:\/\/toledo.ufpr.br\/medicinatoledo\/wp-json\/wp\/v2\/pages\/6479","targetHints":{"allow":["GET"]}}],"collection":[{"href":"https:\/\/toledo.ufpr.br\/medicinatoledo\/wp-json\/wp\/v2\/pages"}],"about":[{"href":"https:\/\/toledo.ufpr.br\/medicinatoledo\/wp-json\/wp\/v2\/types\/page"}],"author":[{"embeddable":true,"href":"https:\/\/toledo.ufpr.br\/medicinatoledo\/wp-json\/wp\/v2\/users\/2793"}],"replies":[{"embeddable":true,"href":"https:\/\/toledo.ufpr.br\/medicinatoledo\/wp-json\/wp\/v2\/comments?post=6479"}],"version-history":[{"count":83,"href":"https:\/\/toledo.ufpr.br\/medicinatoledo\/wp-json\/wp\/v2\/pages\/6479\/revisions"}],"predecessor-version":[{"id":10270,"href":"https:\/\/toledo.ufpr.br\/medicinatoledo\/wp-json\/wp\/v2\/pages\/6479\/revisions\/10270"}],"wp:attachment":[{"href":"https:\/\/toledo.ufpr.br\/medicinatoledo\/wp-json\/wp\/v2\/media?parent=6479"}],"curies":[{"name":"wp","href":"https:\/\/api.w.org\/{rel}","templated":true}]}}