{"id":6476,"date":"2023-10-03T12:08:10","date_gmt":"2023-10-03T15:08:10","guid":{"rendered":"https:\/\/toledo.ufpr.br\/medicinatoledo\/?page_id=6476"},"modified":"2025-10-17T17:33:29","modified_gmt":"2025-10-17T20:33:29","slug":"docentes","status":"publish","type":"page","link":"https:\/\/toledo.ufpr.br\/medicinatoledo\/docentes\/","title":{"rendered":"Docentes"},"content":{"rendered":"\n<div class=\"wp-block-group\"><div class=\"wp-block-group__inner-container is-layout-constrained wp-block-group-is-layout-constrained\"><\/div><\/div>\n\n\n\n<p><strong>Grade e Corpo Docente do Curso de Medicina Campus Toledo,<\/strong> <a href=\"https:\/\/ufpr.br\/gradeecorpodocente\/wp-content\/uploads\/sites\/113\/2023\/07\/medicina-toledo-1.pdf\" target=\"_blank\" rel=\"noreferrer noopener\">clique aqui.<\/a><\/p>\n\n\n\n<p><strong>Fonte:<\/strong><a href=\"https:\/\/ufpr.br\/gradeecorpodocente\/\" target=\"_blank\" rel=\"noreferrer noopener\">https:\/\/ufpr.br\/gradeecorpodocente\/<\/a><\/p>\n\n\n\n<p><\/p>\n\n\n\n<figure class=\"wp-block-table\"><table><tbody><tr><td colspan=\"5\"><strong>RELA\u00c7\u00c3O DE DOCENTES DO CURSO DE MEDICINA &#8211; CAMPUS TOLEDO (2025).<\/strong>&nbsp;&nbsp;<\/td><\/tr><tr><td>&nbsp;&nbsp;<\/td><td>&nbsp;&nbsp;<\/td><td>&nbsp;&nbsp;<\/td><td>&nbsp;<\/td><td>&nbsp;&nbsp;<\/td><\/tr><tr><td><strong>Docente<\/strong> (<em>link para o lattes)<\/em>&nbsp;&nbsp;<\/td><td><strong>E-mail institucional<\/strong>&nbsp;&nbsp;<\/td><td><strong>Gradua\u00e7\u00e3o<\/strong>&nbsp;&nbsp;<\/td><td><strong>Titula\u00e7\u00e3o m\u00e1xima<\/strong><\/td><td><strong>Jornada Trabalho<\/strong>&nbsp;&nbsp;<\/td><\/tr><tr><td><a href=\"http:\/\/lattes.cnpq.br\/2011685238655026\" target=\"_blank\" rel=\"noreferrer noopener\">ALCANTARA RAMOS DE ASSIS CESAR<\/a>&nbsp;&nbsp;<\/td><td><a href=\"mailto:alacantara.cesar@ufpr.br\" target=\"_blank\" rel=\"noreferrer noopener\">alcantara.cesar@ufpr.br<\/a>&nbsp;&nbsp;<\/td><td>Medicina&nbsp;&nbsp;<\/td><td>Mestrado&nbsp;<\/td><td>40h sem&nbsp;&nbsp;<\/td><\/tr><tr><td><a href=\"http:\/\/lattes.cnpq.br\/1801041521795721\" target=\"_blank\" rel=\"noreferrer noopener\">ALEXANDRE ROBERTO ROMAN COELHO<\/a>&nbsp;&nbsp;<\/td><td><a href=\"mailto:alexandreroman@ufpr.br\" target=\"_blank\" rel=\"noreferrer noopener\">alexandreroman@ufpr.br<\/a>&nbsp;&nbsp;<\/td><td>Medicina&nbsp;&nbsp;<\/td><td>Especializa\u00e7\u00e3o&nbsp;<\/td><td>20h sem&nbsp;&nbsp;<\/td><\/tr><tr><td><a href=\"http:\/\/lattes.cnpq.br\/1616427749564068\" target=\"_blank\" rel=\"noreferrer noopener\">AMANDA CASTELO BRANCO CONTENTE<\/a>&nbsp;&nbsp;<\/td><td><a href=\"mailto:amandacontente@ufpr.br\" target=\"_blank\" rel=\"noreferrer noopener\">amanda.contente@ufpr.br<\/a>&nbsp;&nbsp;<\/td><td>Medicina&nbsp;&nbsp;<\/td><td>Especializa\u00e7\u00e3o&nbsp;<\/td><td>20h sem&nbsp;&nbsp;<\/td><\/tr><tr><td><a href=\"http:\/\/lattes.cnpq.br\/7730799251690636\" target=\"_blank\" rel=\"noreferrer noopener\">ANA CARLA ZARPELON SCHUTZ<\/a>&nbsp;&nbsp;<\/td><td><a href=\"mailto:ana.zarpelon@ufpr.br\" target=\"_blank\" rel=\"noreferrer noopener\">ana.zarpelon@ufpr.br<\/a>&nbsp;&nbsp;<\/td><td>Biomedicina&nbsp;&nbsp;<\/td><td>Doutorado&nbsp;<\/td><td>Dedica\u00e7\u00e3o exclusiva&nbsp;&nbsp;<\/td><\/tr><tr><td><a href=\"http:\/\/lattes.cnpq.br\/9707638008957522\" target=\"_blank\" rel=\"noreferrer noopener\">ANA PAULA CARNEIRO BRANDALIZE<\/a>&nbsp;&nbsp;<\/td><td><a href=\"mailto:anapaulabrandalize@ufpr.br\" target=\"_blank\" rel=\"noreferrer noopener\">anapaulabrandalize@ufpr.br<\/a>&nbsp;&nbsp;<\/td><td>Ci\u00eancias Biol\u00f3gicas&nbsp;&nbsp;<\/td><td>Doutorado&nbsp;<\/td><td>Dedica\u00e7\u00e3o exclusiva&nbsp;&nbsp;<\/td><\/tr><tr><td><a href=\"http:\/\/lattes.cnpq.br\/8567646376410379\" target=\"_blank\" rel=\"noreferrer noopener\">ANA PAULA SUSIN OSORIO<\/a>&nbsp;&nbsp;<\/td><td><a href=\"mailto:ana.susin@ufpr.br\" target=\"_blank\" rel=\"noreferrer noopener\">ana.susin@ufpr.br<\/a>&nbsp;&nbsp;<\/td><td>Medicina&nbsp;&nbsp;<\/td><td>Mestrado&nbsp;<\/td><td>40h sem&nbsp;&nbsp;<\/td><\/tr><tr><td><a href=\"http:\/\/lattes.cnpq.br\/8809153855304386\">ANNA MARTHA MARCHEWICZ&nbsp;&nbsp;<\/a><\/td><td>&nbsp;<a href=\"mailto:anna.marchewicz@ufpr.br\" target=\"_blank\" rel=\"noreferrer noopener\">anna.marchewicz@ufpr.br<\/a>&nbsp;<\/td><td>Medicina&nbsp;&nbsp;&nbsp;<\/td><td>Especializa\u00e7\u00e3o&nbsp;<\/td><td>20h sem&nbsp;&nbsp;<\/td><\/tr><tr><td><a href=\"http:\/\/lattes.cnpq.br\/1036168310303340\">ANNATA TEIXEIRA DELLA COSTA&nbsp;<\/a><\/td><td><a href=\"mailto:annata.della@ufpr.br\" target=\"_blank\" rel=\"noreferrer noopener\">annata.della@ufpr.br<\/a>&nbsp;<\/td><td>Medicina&nbsp;&nbsp;&nbsp;<\/td><td>Especializa\u00e7\u00e3o&nbsp;<\/td><td>20h sem&nbsp;&nbsp;<\/td><\/tr><tr><td><a href=\"http:\/\/lattes.cnpq.br\/0822222815770990\">ANTONIO AUGUSTO FONSECA<\/a>&nbsp;&nbsp;<\/td><td><a href=\"mailto:antonio.fonseca@ufpr.br\" target=\"_blank\" rel=\"noreferrer noopener\">antonio.fonseca@ufpr.br<\/a>&nbsp;<\/td><td>Medicina&nbsp;&nbsp;&nbsp;<\/td><td>Especializa\u00e7\u00e3o&nbsp;<\/td><td>20h sem&nbsp;&nbsp;<\/td><\/tr><tr><td><a href=\"http:\/\/lattes.cnpq.br\/3460836490821851\" target=\"_blank\" rel=\"noreferrer noopener\">CARLOS ANTONIO RIEDI<\/a>&nbsp;&nbsp;<\/td><td><a href=\"mailto:carlos.riedi@ufpr.br\" target=\"_blank\" rel=\"noreferrer noopener\">carlos.riedi@ufpr.br<\/a>&nbsp;&nbsp;<\/td><td>Medicina&nbsp;&nbsp;<\/td><td>Doutorado&nbsp;<\/td><td>40h sem&nbsp;&nbsp;<\/td><\/tr><tr><td><a href=\"http:\/\/lattes.cnpq.br\/0096395227318845\" target=\"_blank\" rel=\"noreferrer noopener\">CAROLINA TALINI<\/a>&nbsp;&nbsp;<\/td><td><a href=\"mailto:carolina.talini@ufpr.br\" target=\"_blank\" rel=\"noreferrer noopener\">carolina.talini@ufpr.br<\/a>&nbsp;&nbsp;<\/td><td>Medicina&nbsp;&nbsp;<\/td><td>Mestrado&nbsp;<\/td><td>20h sem&nbsp;&nbsp;<\/td><\/tr><tr><td><a href=\"http:\/\/lattes.cnpq.br\/9633693240066421\" target=\"_blank\" rel=\"noreferrer noopener\">CESAR AUGUSTO DA SILVA<\/a>&nbsp;&nbsp;<\/td><td><a href=\"mailto:cesar.augustos@ufpr.br\" target=\"_blank\" rel=\"noreferrer noopener\">cesar.augustos@ufpr.br<\/a>&nbsp;&nbsp;<\/td><td>Medicina&nbsp;&nbsp;<\/td><td>Mestrado&nbsp;<\/td><td>40h sem&nbsp;&nbsp;<\/td><\/tr><tr><td><a href=\"http:\/\/lattes.cnpq.br\/2998906926639662\" target=\"_blank\" rel=\"noreferrer noopener\">DIEGO ALEXANDRE ROZENDO DA SILVA&nbsp;<\/a>&nbsp;<\/td><td><a href=\"mailto:diegoalexandre@ufpr.br\" target=\"_blank\" rel=\"noreferrer noopener\">diegoalexandre@ufpr.br<\/a>&nbsp;<\/td><td>Enfermagem<\/td><td>&nbsp;Doutorado&nbsp;<\/td><td>Dedica\u00e7\u00e3o exclusiva&nbsp;<\/td><\/tr><tr><td><a href=\"http:\/\/lattes.cnpq.br\/4074558622479900\">DIEGO LOPARDO<\/a><\/td><td><a href=\"mailto:diegolopardo@ufpr.br\" target=\"_blank\" rel=\"noreferrer noopener\">diegolopardo@ufpr.br<\/a><\/td><td>Medicina&nbsp;&nbsp;<\/td><td>Mestrado&nbsp;<\/td><td>&nbsp;&nbsp;20h sem&nbsp;&nbsp;<\/td><\/tr><tr><td><a href=\"http:\/\/lattes.cnpq.br\/7995817075852483\">DOUGLAS SOLTAU GOMES&nbsp;<\/a>&nbsp;<\/td><td><a href=\"mailto:gomes.douglas@ufpr.br\" target=\"_blank\" rel=\"noreferrer noopener\">gomes.douglas@ufpr.br<\/a>&nbsp;&nbsp;<\/td><td>&nbsp;Medicina&nbsp;&nbsp;<\/td><td>&nbsp;Doutorado&nbsp;<\/td><td>&nbsp;&nbsp;20h sem&nbsp;&nbsp;<\/td><\/tr><tr><td><a href=\"http:\/\/lattes.cnpq.br\/9904120450453888\" target=\"_blank\" rel=\"noreferrer noopener\">EDIVAN RODRIGO DE PAULA RAMOS<\/a>&nbsp;&nbsp;<\/td><td><a href=\"mailto:edivanramos@ufpr.br\" target=\"_blank\" rel=\"noreferrer noopener\">edivanramos@ufpr.br<\/a>&nbsp;&nbsp;<\/td><td>Farm\u00e1cia&nbsp;&nbsp;<\/td><td>Doutorado&nbsp;<\/td><td>Dedica\u00e7\u00e3o exclusiva&nbsp;&nbsp;<\/td><\/tr><tr><td><a href=\"http:\/\/lattes.cnpq.br\/7857192827166805\" target=\"_blank\" rel=\"noreferrer noopener\">EDUARDO GOMES<\/a>&nbsp;&nbsp;<\/td><td><a href=\"mailto:prof.eduardo@ufpr.br\" target=\"_blank\" rel=\"noreferrer noopener\">prof.eduardo@ufpr.br<\/a>&nbsp;&nbsp;<\/td><td>Medicina&nbsp;&nbsp;<\/td><td>Mestrado&nbsp;<\/td><td>  40h sem&nbsp;&nbsp;<\/td><\/tr><tr><td><a href=\"\" target=\"_blank\" rel=\"noreferrer noopener\">ELISA OLIVEIRA DAFICO PFRIMER<\/a>&nbsp;&nbsp;<\/td><td><a href=\"mailto:elisapfrimer@ufpr.br\" target=\"_blank\" rel=\"noreferrer noopener\">elisapfrimer@ufpr.br<\/a>&nbsp;&nbsp;<\/td><td>&nbsp;Medicina&nbsp;&nbsp;<\/td><td>&nbsp;Mestrado&nbsp;<\/td><td>&nbsp;&nbsp;&nbsp;20h sem&nbsp;&nbsp;<\/td><\/tr><tr><td><a href=\"http:\/\/lattes.cnpq.br\/8302338270201607\">ELUAN JOEL RODRIGUES DA SILVA\u00a0<\/a>\u00a0<\/td><td><a href=\"mailto:eluan.joel@ufpr.br\" target=\"_blank\" rel=\"noreferrer noopener\">eluan.joel@ufpr.br<\/a>&nbsp;&nbsp;<\/td><td>&nbsp;Medicina&nbsp;&nbsp;<\/td><td>&nbsp;Gradua\u00e7\u00e3o<\/td><td>&nbsp;&nbsp;20h sem&nbsp;&nbsp;<\/td><\/tr><tr><td><a href=\"http:\/\/lattes.cnpq.br\/3202363732477234\" target=\"_blank\" rel=\"noreferrer noopener\">FRANCIELLE BRUSTOLIN DE LIMA SIMCH<\/a>&nbsp;&nbsp;<\/td><td><a href=\"mailto:franciele.brustolin@ufpr.br\" target=\"_blank\" rel=\"noreferrer noopener\">franciele.brustolin@ufpr.br<\/a>&nbsp;&nbsp;<\/td><td>Enfermagem&nbsp;&nbsp;<\/td><td>Mestrado&nbsp;<\/td><td>Dedica\u00e7\u00e3o exclusiva&nbsp;&nbsp;<\/td><\/tr><tr><td><a href=\"http:\/\/lattes.cnpq.br\/7573248179492930\">GABRIELLE CAROLINE PEITER&nbsp;<\/a>&nbsp;<\/td><td><a href=\"mailto:gabriellepeiter@ufpr.br\" target=\"_blank\" rel=\"noreferrer noopener\">gabriellepeiter@ufpr.br<\/a>&nbsp;<\/td><td>Ci\u00eancias Biol\u00f3gicas&nbsp;&nbsp;<\/td><td>Doutorado&nbsp;<\/td><td>40h sem&nbsp;&nbsp;<\/td><\/tr><tr><td><a href=\"http:\/\/lattes.cnpq.br\/8564784738115241\" target=\"_blank\" rel=\"noreferrer noopener\">GERUZA MARA HENDGES<\/a>&nbsp;&nbsp;<\/td><td><a href=\"mailto:geruza.hendges@ufpr.br\" target=\"_blank\" rel=\"noreferrer noopener\">geruza.hendges@ufpr.br<\/a>&nbsp;&nbsp;<\/td><td>Medicina&nbsp;&nbsp;<\/td><td>Mestrado&nbsp;<\/td><td>40h sem&nbsp;&nbsp;<\/td><\/tr><tr><td><a href=\"http:\/\/lattes.cnpq.br\/8179499426460225\" target=\"_blank\" rel=\"noreferrer noopener\">HELOISA DEOLA CONFORTIM<\/a>&nbsp;&nbsp;<\/td><td><a href=\"mailto:heloisa.confortim@ufpr.br\" target=\"_blank\" rel=\"noreferrer noopener\">heloisa.confortim@ufpr.br<\/a>&nbsp;&nbsp;<\/td><td>Ci\u00eancias Biol\u00f3gicas&nbsp;&nbsp;<\/td><td>Doutorado&nbsp;<\/td><td>Dedica\u00e7\u00e3o exclusiva&nbsp;&nbsp;<\/td><\/tr><tr><td><a href=\"http:\/\/lattes.cnpq.br\/0483444767830972\" target=\"_blank\" rel=\"noreferrer noopener\">IGOR ANT\u00d4NIO SPILKA<\/a>&nbsp;&nbsp;<\/td><td>&nbsp;<a href=\"igor.spilka@ufpr.br\" data-type=\"link\" data-id=\"igor.spilka@ufpr.br\">igor.spilka@ufpr.br<\/a><\/td><td>&nbsp;Medicina&nbsp;&nbsp;<\/td><td>&nbsp;Especializa\u00e7\u00e3o&nbsp;<\/td><td>&nbsp;20h sem&nbsp;&nbsp;<\/td><\/tr><tr><td><a href=\"http:\/\/lattes.cnpq.br\/4867345951107954\" target=\"_blank\" rel=\"noreferrer noopener\">JESSICA CRISTINA RUTHS<\/a>&nbsp;&nbsp;<\/td><td><a href=\"mailto:ruthsjessica@ufpr.br\" target=\"_blank\" rel=\"noreferrer noopener\">ruthsjessica@ufpr.br<\/a>&nbsp;&nbsp;<\/td><td>Enfermagem&nbsp;&nbsp;<\/td><td>Doutorado&nbsp;<\/td><td>Dedica\u00e7\u00e3o exclusiva&nbsp;&nbsp;<\/td><\/tr><tr><td><a href=\"http:\/\/lattes.cnpq.br\/6913517545063812\" target=\"_blank\" rel=\"noreferrer noopener\">JULIANA BERNARDI WENZEL<\/a>&nbsp;&nbsp;<\/td><td><a href=\"mailto:julianawenzel@ufpr.br\" target=\"_blank\" rel=\"noreferrer noopener\">julianawenzel@ufpr.br<\/a>&nbsp;&nbsp;<\/td><td>Ci\u00eancias Biol\u00f3gicas&nbsp;&nbsp;<\/td><td>Doutorado&nbsp;<\/td><td>Dedica\u00e7\u00e3o exclusiva&nbsp;&nbsp;<\/td><\/tr><tr><td><a href=\"http:\/\/lattes.cnpq.br\/7020007932638502\" target=\"_blank\" rel=\"noreferrer noopener\">KADIMA NAYARA TEIXEIRA<\/a>&nbsp;&nbsp;<\/td><td><a href=\"mailto:kadimateixeira@ufpr.br\" target=\"_blank\" rel=\"noreferrer noopener\">kadimateixeira@ufpr.br<\/a>&nbsp;&nbsp;<\/td><td>Ci\u00eancias Biol\u00f3gicas&nbsp;&nbsp;<\/td><td>Doutorado&nbsp;<\/td><td>Dedica\u00e7\u00e3o exclusiva&nbsp;&nbsp;<\/td><\/tr><tr><td><a href=\"http:\/\/lattes.cnpq.br\/7574783274649692\" target=\"_blank\" rel=\"noreferrer noopener\">KARINA LITCHTENEKER<\/a>&nbsp;&nbsp;<\/td><td><a href=\"mailto:karina.litchteneker@ufpr.br\" target=\"_blank\" rel=\"noreferrer noopener\">karina.litchteneker@ufpr.br<\/a>&nbsp;&nbsp;<\/td><td>Medicina&nbsp;&nbsp;<\/td><td>Mestrado&nbsp;<\/td><td>40h sem&nbsp;&nbsp;<\/td><\/tr><tr><td><a href=\"http:\/\/lattes.cnpq.br\/4779531102983799\" target=\"_blank\" rel=\"noreferrer noopener\">KLEBER FERNANDO PEREIRA<\/a>&nbsp;&nbsp;<\/td><td><a href=\"mailto:kleber.pereira@ufpr.br\" target=\"_blank\" rel=\"noreferrer noopener\">kleber.pereira@ufpr.br<\/a>&nbsp;&nbsp;<\/td><td>Ci\u00eancias Biol\u00f3gicas&nbsp;<\/td><td>Doutorado&nbsp;<\/td><td>Dedica\u00e7\u00e3o exclusiva&nbsp;&nbsp;<\/td><\/tr><tr><td><a href=\"http:\/\/lattes.cnpq.br\/0447776669322957\" target=\"_blank\" rel=\"noreferrer noopener\">LETICIA MENEZES DE AZEVEDO<\/a>&nbsp;&nbsp;<\/td><td><a href=\"mailto:leticiaazevedo@ufpr.br\" target=\"_blank\" rel=\"noreferrer noopener\">leticiaazevedo@ufpr.br<\/a>&nbsp;&nbsp;<\/td><td>Medicina&nbsp;&nbsp;<\/td><td>Especializa\u00e7\u00e3o&nbsp;<\/td><td>20h sem&nbsp;&nbsp;<\/td><\/tr><tr><td><a href=\"http:\/\/lattes.cnpq.br\/3342618591138350\" target=\"_blank\" rel=\"noreferrer noopener\">LETYCIA BOECHAT FEREIRA GOMES&nbsp;<\/a>&nbsp;<\/td><td><a href=\"mailto:letyciaboechat@ufpr.br\" target=\"_blank\" rel=\"noreferrer noopener\">letyciaboechat@ufpr.br<\/a>&nbsp;&nbsp;<\/td><td>Medicina&nbsp;&nbsp;<\/td><td>Especializa\u00e7\u00e3o&nbsp;<\/td><td>20h sem&nbsp;&nbsp;<\/td><\/tr><tr><td><a href=\"http:\/\/lattes.cnpq.br\/7864899279912249\" target=\"_blank\" rel=\"noreferrer noopener\">LUCIANA ADELE MAGRIN&nbsp;&nbsp;<\/a>&nbsp;<\/td><td><a href=\"mailto:luciana.magrin@ufpr.br\" target=\"_blank\" rel=\"noreferrer noopener\">luciana.magrin@ufpr.br<\/a>&nbsp;<\/td><td>&nbsp;Medicina&nbsp;&nbsp;<\/td><td>Especializa\u00e7\u00e3o&nbsp;<\/td><td>&nbsp;20h sem&nbsp;&nbsp;<\/td><\/tr><tr><td><a href=\"http:\/\/lattes.cnpq.br\/7413523750795525\" target=\"_blank\" rel=\"noreferrer noopener\">LUCIANA MENEZES DE AZEVEDO ROMAN COELHO<\/a>&nbsp;&nbsp;<\/td><td><a href=\"mailto:lu.menezes@ufpr.br\" target=\"_blank\" rel=\"noreferrer noopener\">lu.menezes@ufpr.br<\/a>&nbsp;&nbsp;<\/td><td>Medicina&nbsp;&nbsp;<\/td><td>Especializa\u00e7\u00e3o&nbsp;<\/td><td>20h sem&nbsp;&nbsp;<\/td><\/tr><tr><td><a href=\"http:\/\/lattes.cnpq.br\/6589798227337057\" target=\"_blank\" rel=\"noreferrer noopener\">MANUELA TORRADO TRUITI<\/a>&nbsp;&nbsp;<\/td><td><a href=\"mailto:manuela.truiti@ufpr.br\" target=\"_blank\" rel=\"noreferrer noopener\">manuela.truiti@ufpr.br<\/a>&nbsp;&nbsp;<\/td><td>Medicina&nbsp;&nbsp;<\/td><td>Mestrado&nbsp;<\/td><td>20h sem&nbsp;&nbsp;<\/td><\/tr><tr><td><a href=\"http:\/\/lattes.cnpq.br\/1582905524515435\" target=\"_blank\" rel=\"noreferrer noopener\">MARCELO ALVES DE SOUZA<\/a>&nbsp;&nbsp;<\/td><td><a href=\"mailto:marcelosouza@ufpr.br\" target=\"_blank\" rel=\"noreferrer noopener\">marcelosouza@ufpr.br<\/a>&nbsp;&nbsp;<\/td><td>Ci\u00eancias Biol\u00f3gicas&nbsp;&nbsp;<\/td><td>Doutorado&nbsp;<\/td><td>Dedica\u00e7\u00e3o exclusiva&nbsp;&nbsp;<\/td><\/tr><tr><td><a href=\"http:\/\/lattes.cnpq.br\/8198739285697369\" target=\"_blank\" rel=\"noreferrer noopener\">MARCO AURELIO NISIIDE<\/a>&nbsp;&nbsp;<\/td><td><a href=\"mailto:nisiide@ufpr.br\" target=\"_blank\" rel=\"noreferrer noopener\">nisiide@ufpr.br<\/a>&nbsp;&nbsp;<\/td><td>Medicina&nbsp;&nbsp;<\/td><td>Especializa\u00e7\u00e3o&nbsp;<\/td><td>20h sem&nbsp;&nbsp;<\/td><\/tr><tr><td><a href=\"http:\/\/lattes.cnpq.br\/2687416462561718\" target=\"_blank\" rel=\"noreferrer noopener\">MATEUS DAROUYCH SCAFF PEREIRA<\/a>&nbsp;&nbsp;<\/td><td><a href=\"mailto:mateusscaff@ufpr.br\" target=\"_blank\" rel=\"noreferrer noopener\">mateusscaff@ufpr.br<\/a>&nbsp;&nbsp;<\/td><td>Medicina&nbsp;&nbsp;<\/td><td>Especializa\u00e7\u00e3o&nbsp;<\/td><td>20h sem&nbsp;&nbsp;<\/td><\/tr><tr><td><a href=\"http:\/\/lattes.cnpq.br\/3730172780987811\" target=\"_blank\" rel=\"noreferrer noopener\">MAURICIO BEDIM DOS SANTOS<\/a>&nbsp;&nbsp;<\/td><td><a href=\"mailto:mauricio.bedim@ufpr.br\" target=\"_blank\" rel=\"noreferrer noopener\">mauricio.bedim@ufpr.br<\/a>&nbsp;&nbsp;<\/td><td>Estat\u00edstica&nbsp;&nbsp;<\/td><td>Mestrado&nbsp;<\/td><td>Dedica\u00e7\u00e3o exclusiva&nbsp;&nbsp;<\/td><\/tr><tr><td><a href=\"http:\/\/lattes.cnpq.br\/5802047913833801\" target=\"_blank\" rel=\"noreferrer noopener\">MAYARA ANGELICA BOLSON SALAMANCA<\/a>&nbsp;&nbsp;<\/td><td><a href=\"mailto:mayara.salamanca@ufpr.br\" target=\"_blank\" rel=\"noreferrer noopener\">mayara.salamanca@ufpr.br<\/a>&nbsp;&nbsp;<\/td><td>Medicina&nbsp;&nbsp;<\/td><td>Mestrado&nbsp;<\/td><td>20h sem&nbsp;&nbsp;<\/td><\/tr><tr><td><a href=\"http:\/\/lattes.cnpq.br\/6015081396164426\" target=\"_blank\" rel=\"noreferrer noopener\">NAURA TONIN ANGONESE<\/a>&nbsp;&nbsp;<\/td><td><a href=\"mailto:naura.tonin@ufpr.br\" target=\"_blank\" rel=\"noreferrer noopener\">naura.tonin@ufpr.br<\/a>&nbsp;&nbsp;<\/td><td>Medicina&nbsp;&nbsp;<\/td><td>Mestrado&nbsp;<\/td><td>40h sem&nbsp;&nbsp;<\/td><\/tr><tr><td><a href=\"http:\/\/lattes.cnpq.br\/6653964504063603\" target=\"_blank\" rel=\"noreferrer noopener\">NEUDIR FRARE JUNIOR<\/a>&nbsp;&nbsp;<\/td><td><a href=\"mailto:neudirjunior@ufpr.br\" target=\"_blank\" rel=\"noreferrer noopener\">neudirjunior@ufpr.br<\/a>&nbsp;&nbsp;<\/td><td>Medicina&nbsp;&nbsp;<\/td><td>Especializa\u00e7\u00e3o&nbsp;<\/td><td>40h sem&nbsp;&nbsp;<\/td><\/tr><tr><td><a href=\"http:\/\/lattes.cnpq.br\/5342382172270923\" target=\"_blank\" rel=\"noreferrer noopener\">NILTON AUGUSTO GUIMAR\u00c3ES PERLIN&nbsp;<\/a>&nbsp;<\/td><td><a href=\"mailto:niltonperlin@ufpr.br\" target=\"_blank\" rel=\"noreferrer noopener\">niltonperlin@ufpr.br<\/a>&nbsp;&nbsp;<\/td><td>Medicina&nbsp;&nbsp;<\/td><td>Especializa\u00e7\u00e3o&nbsp;<\/td><td>20h sem&nbsp;&nbsp;<\/td><\/tr><tr><td><a href=\"http:\/\/lattes.cnpq.br\/1760254502789853\" target=\"_blank\" rel=\"noreferrer noopener\">PATRICIA LEEN KOSAKO CERUTTI<\/a>&nbsp;&nbsp;<\/td><td><a href=\"mailto:patriciakosako@ufpr.br\" target=\"_blank\" rel=\"noreferrer noopener\">patriciakosako@ufpr.br<\/a>&nbsp;&nbsp;<\/td><td>Medicina&nbsp;&nbsp;<\/td><td>Mestrado&nbsp;<\/td><td>40h sem&nbsp;&nbsp;<\/td><\/tr><tr><td><a href=\"http:\/\/lattes.cnpq.br\/6490116888249910\" target=\"_blank\" rel=\"noreferrer noopener\">PAULA BRAGATO FUTAGAMI<\/a>&nbsp;&nbsp;<\/td><td><a href=\"mailto:paulafutagami@ufpr.br\" target=\"_blank\" rel=\"noreferrer noopener\">paulafutagami@ufpr.br<\/a>&nbsp;&nbsp;<\/td><td>Medicina&nbsp;&nbsp;<\/td><td>Especializa\u00e7\u00e3o&nbsp;<\/td><td>20h sem&nbsp;&nbsp;<\/td><\/tr><tr><td><a href=\"http:\/\/lattes.cnpq.br\/6940143391807511\" target=\"_blank\" rel=\"noreferrer noopener\">PRIMA SOLEDAD MONTIEL LEZCANO<\/a>&nbsp;&nbsp;<\/td><td><a href=\"mailto:primasoledad@ufpr.br\" target=\"_blank\" rel=\"noreferrer noopener\">primasoledad@ufpr.br<\/a>&nbsp;&nbsp;<\/td><td>Medicina&nbsp;&nbsp;<\/td><td>Especializa\u00e7\u00e3o&nbsp;<\/td><td>40h sem&nbsp;&nbsp;<\/td><\/tr><tr><td><a href=\"http:\/\/lattes.cnpq.br\/8859039167637365\">PRISCILA SOARES OLIVEIRA&nbsp;<\/a>&nbsp;<\/td><td><a href=\"mailto:priscila.soares@ufpr.br\" target=\"_blank\" rel=\"noreferrer noopener\">priscila.soares@ufpr.br<\/a>&nbsp;<\/td><td>&nbsp;Ci\u00eancias Biol\u00f3gicas&nbsp;&nbsp;<\/td><td>Doutorado&nbsp;<\/td><td>&nbsp;40h sem&nbsp;<\/td><\/tr><tr><td><a href=\"http:\/\/lattes.cnpq.br\/6804172507716057\" target=\"_blank\" rel=\"noreferrer noopener\">RAFAEL KRIEGER MARTINS<\/a>&nbsp;&nbsp;<\/td><td><a href=\"mailto:rafaelkma@ufpr.br\" target=\"_blank\" rel=\"noreferrer noopener\">rafaelkma@ufpr.br<\/a>&nbsp;&nbsp;<\/td><td>Medicina&nbsp;&nbsp;<\/td><td>Doutorado&nbsp;<\/td><td>20h sem&nbsp;&nbsp;<\/td><\/tr><tr><td><a href=\"http:\/\/lattes.cnpq.br\/7068366950970798\" target=\"_blank\" rel=\"noreferrer noopener\">RAFAEL LIRIO BORTONCELLO<\/a>&nbsp;&nbsp;<\/td><td><a href=\"mailto:rafaelbortoncello@ufpr.br\" target=\"_blank\" rel=\"noreferrer noopener\">rafaelbortoncello@ufpr.br<\/a>&nbsp;&nbsp;<\/td><td>Medicina&nbsp;&nbsp;<\/td><td>Especializa\u00e7\u00e3o&nbsp;<\/td><td>20h sem&nbsp;&nbsp;<\/td><\/tr><tr><td><a href=\"http:\/\/lattes.cnpq.br\/7650582848558878\" target=\"_blank\" rel=\"noreferrer noopener\">RENATA BRAGATO FUTAGAMI<\/a>&nbsp;&nbsp;<\/td><td><a href=\"mailto:renata.futagami@ufpr.br\" target=\"_blank\" rel=\"noreferrer noopener\">renata.futagami@ufpr.br<\/a>&nbsp;&nbsp;<\/td><td>Medicina&nbsp;&nbsp;<\/td><td>Mestrado&nbsp;<\/td><td>40h sem&nbsp;&nbsp;<\/td><\/tr><tr><td><a href=\"http:\/\/lattes.cnpq.br\/3910616054022654\" target=\"_blank\" rel=\"noreferrer noopener\">RENE CESAR AZZOLINI<\/a>&nbsp;&nbsp;<\/td><td><a href=\"mailto:reneazzolini@ufpr.br\" target=\"_blank\" rel=\"noreferrer noopener\">reneazzolini@ufpr.br<\/a>&nbsp;&nbsp;<\/td><td>Medicina&nbsp;&nbsp;<\/td><td>Especializa\u00e7\u00e3o&nbsp;<\/td><td>40h sem&nbsp;&nbsp;<\/td><\/tr><tr><td><a href=\"http:\/\/lattes.cnpq.br\/4689650358982658\" target=\"_blank\" rel=\"noreferrer noopener\">SABRINA LIMA MACHADO<\/a>&nbsp;&nbsp;<\/td><td><a href=\"mailto:sabrinamachado@ufpr.br\" target=\"_blank\" rel=\"noreferrer noopener\">sabrinamachado@ufpr.br<\/a>&nbsp;&nbsp;<\/td><td>Medicina&nbsp;&nbsp;<\/td><td>Mestrado&nbsp;<\/td><td>40h sem&nbsp;&nbsp;<\/td><\/tr><tr><td><a href=\"http:\/\/lattes.cnpq.br\/0292801364095706\" target=\"_blank\" rel=\"noreferrer noopener\">SONIA MARA DE ANDRADE<\/a>&nbsp;&nbsp;<\/td><td><a href=\"mailto:soniaandrade@ufpr.br\" target=\"_blank\" rel=\"noreferrer noopener\">soniaandrade@ufpr.br<\/a>&nbsp;&nbsp;<\/td><td>Enfermagem&nbsp;&nbsp;<\/td><td>Mestrado&nbsp;<\/td><td>Dedica\u00e7\u00e3o exclusiva&nbsp;&nbsp;<\/td><\/tr><tr><td><a href=\"http:\/\/lattes.cnpq.br\/9206886463278492\" target=\"_blank\" rel=\"noreferrer noopener\">TATIELE ESTEF\u00c2NI SCH\u00d6NHOLZER<\/a>&nbsp;&nbsp;<\/td><td><a href=\"mailto:tatieleschonholzer@ufpr.br\" target=\"_blank\" rel=\"noreferrer noopener\">tatieleschonholzer@ufpr.br<\/a>&nbsp;&nbsp;<\/td><td>Enfermagem&nbsp;&nbsp;<\/td><td>Doutorado&nbsp;<\/td><td>Dedica\u00e7\u00e3o exclusiva&nbsp;&nbsp;<\/td><\/tr><tr><td><a href=\"http:\/\/lattes.cnpq.br\/2354226660603197\" target=\"_blank\" rel=\"noreferrer noopener\">THAISA MARA BERSANI STRABELLI<\/a>&nbsp;&nbsp;<\/td><td><a href=\"mailto:thaisa.strabelli@ufpr.br\" target=\"_blank\" rel=\"noreferrer noopener\">thaisa.strabelli@ufpr.br<\/a>&nbsp;&nbsp;<\/td><td>Medicina&nbsp;&nbsp;<\/td><td>Especializa\u00e7\u00e3o&nbsp;<\/td><td>20h sem&nbsp;&nbsp;<\/td><\/tr><tr><td><a href=\"http:\/\/lattes.cnpq.br\/4318725143673648\" target=\"_blank\" rel=\"noreferrer noopener\">VITOR SANTILI DEPES<\/a>&nbsp;&nbsp;<\/td><td><a href=\"mailto:vitordepes@ufpr.br\" target=\"_blank\" rel=\"noreferrer noopener\">vitordepes@ufpr.br<\/a>&nbsp;&nbsp;<\/td><td>Medicina&nbsp;&nbsp;<\/td><td>Especializa\u00e7\u00e3o&nbsp;<\/td><td>20h sem&nbsp;&nbsp;<\/td><\/tr><tr><td><a href=\"http:\/\/lattes.cnpq.br\/5699179122505380\" target=\"_blank\" rel=\"noreferrer noopener\">VIT\u00d3RIA CENI SILVA&nbsp;<\/a>&nbsp;<\/td><td><a href=\"mailto:vitoria.silva@ufpr.br\" target=\"_blank\" rel=\"noreferrer noopener\">vitoria.silva@ufpr.br<\/a>&nbsp;&nbsp;<\/td><td>Medicina&nbsp;&nbsp;<\/td><td>Especializa\u00e7\u00e3o&nbsp;<\/td><td>20h sem&nbsp;&nbsp;<\/td><\/tr><tr><td><a href=\"http:\/\/lattes.cnpq.br\/5325574820447921\" target=\"_blank\" rel=\"noreferrer noopener\">WILSON GOMES JUNIOR<\/a>&nbsp;&nbsp;<\/td><td><a href=\"mailto:wilsongomes@ufpr.br\" target=\"_blank\" rel=\"noreferrer noopener\">wilsongomes@ufpr.br<\/a>&nbsp;&nbsp;<\/td><td>Medicina&nbsp;&nbsp;<\/td><td>Especializa\u00e7\u00e3o&nbsp;<\/td><td>40h sem&nbsp;&nbsp;<\/td><\/tr><\/tbody><\/table><\/figure>\n\n\n\n<p><strong>* <\/strong>Para agendar hor\u00e1rio de atendimento individual ou em grupo, enviar e-mail \u00e0 Coordena\u00e7\u00e3o (medicinatoledo@ufpr.br) ou diretamente ao professor.<\/p>\n\n\n\n\n\n<p><\/p>\n\n\n\n<p><\/p>\n\n\n\n<p class=\"has-text-align-right\"><strong>Atualizado em 23\/09\/2024.<\/strong><\/p>\n","protected":false},"excerpt":{"rendered":"<p>Grade e Corpo Docente do Curso de Medicina Campus Toledo, clique aqui. Fonte:https:\/\/ufpr.br\/gradeecorpodocente\/ RELA\u00c7\u00c3O DE [&hellip;]<\/p>\n","protected":false},"author":2793,"featured_media":0,"parent":0,"menu_order":0,"comment_status":"closed","ping_status":"closed","template":"","meta":{"ngg_post_thumbnail":0,"footnotes":""},"class_list":["post-6476","page","type-page","status-publish","hentry"],"_links":{"self":[{"href":"https:\/\/toledo.ufpr.br\/medicinatoledo\/wp-json\/wp\/v2\/pages\/6476","targetHints":{"allow":["GET"]}}],"collection":[{"href":"https:\/\/toledo.ufpr.br\/medicinatoledo\/wp-json\/wp\/v2\/pages"}],"about":[{"href":"https:\/\/toledo.ufpr.br\/medicinatoledo\/wp-json\/wp\/v2\/types\/page"}],"author":[{"embeddable":true,"href":"https:\/\/toledo.ufpr.br\/medicinatoledo\/wp-json\/wp\/v2\/users\/2793"}],"replies":[{"embeddable":true,"href":"https:\/\/toledo.ufpr.br\/medicinatoledo\/wp-json\/wp\/v2\/comments?post=6476"}],"version-history":[{"count":44,"href":"https:\/\/toledo.ufpr.br\/medicinatoledo\/wp-json\/wp\/v2\/pages\/6476\/revisions"}],"predecessor-version":[{"id":9581,"href":"https:\/\/toledo.ufpr.br\/medicinatoledo\/wp-json\/wp\/v2\/pages\/6476\/revisions\/9581"}],"wp:attachment":[{"href":"https:\/\/toledo.ufpr.br\/medicinatoledo\/wp-json\/wp\/v2\/media?parent=6476"}],"curies":[{"name":"wp","href":"https:\/\/api.w.org\/{rel}","templated":true}]}}