{"id":6471,"date":"2023-10-03T12:06:07","date_gmt":"2023-10-03T15:06:07","guid":{"rendered":"https:\/\/toledo.ufpr.br\/medicinatoledo\/?page_id=6471"},"modified":"2025-11-17T15:42:12","modified_gmt":"2025-11-17T18:42:12","slug":"fichas-2","status":"publish","type":"page","link":"https:\/\/toledo.ufpr.br\/medicinatoledo\/fichas-2\/","title":{"rendered":"Plano de Ensino (Fichas 2)"},"content":{"rendered":"\n<p><strong><a href=\"https:\/\/toledo.ufpr.br\/medicinatoledo\/9641-2\/\">PER\u00cdODO LETIVO: 2025.2<\/a><\/strong><\/p>\n\n\n\n<p><a href=\"https:\/\/toledo.ufpr.br\/medicinatoledo\/periodo-letivo-2025-1\/\"><strong>PER\u00cdODO LETIVO: 2025.1<\/strong><\/a><\/p>\n\n\n\n<p><a href=\"https:\/\/toledo.ufpr.br\/medicinatoledo\/periodo-letivo-2024-2\/\"><strong>PER\u00cdODO LETIVO: 2024.2<\/strong><\/a><\/p>\n\n\n\n<p><strong><a href=\"https:\/\/toledo.ufpr.br\/medicinatoledo\/periodo-letivo-2024-1\/\">PER\u00cdODO LETIVO: 2024.1&nbsp;<\/a><\/strong><\/p>\n\n\n\n<p><strong><a href=\"https:\/\/toledo.ufpr.br\/medicinatoledo\/periodo-letivo-2023-2\/\">PER\u00cdODO LETIVO: 2023.2<\/a><\/strong><\/p>\n\n\n\n<p><strong><a href=\"https:\/\/toledo.ufpr.br\/medicinatoledo\/periodo-letivo-2023-1\/\">PER\u00cdODO LETIVO: 2023.1<\/a><\/strong><\/p>\n\n\n\n<p>PER\u00cdODO LETIVO: 2022.2<\/p>\n\n\n\n<p><a href=\"https:\/\/toledo.ufpr.br\/fichas-2-2022-1\/\"><strong>PER\u00cdODO LETIVO: 2022.1<\/strong><\/a><\/p>\n","protected":false},"excerpt":{"rendered":"<p>PER\u00cdODO LETIVO: 2025.2 PER\u00cdODO LETIVO: 2025.1 PER\u00cdODO LETIVO: 2024.2 PER\u00cdODO LETIVO: 2024.1&nbsp; PER\u00cdODO LETIVO: 2023.2 [&hellip;]<\/p>\n","protected":false},"author":2793,"featured_media":0,"parent":0,"menu_order":0,"comment_status":"closed","ping_status":"closed","template":"","meta":{"ngg_post_thumbnail":0,"footnotes":""},"class_list":["post-6471","page","type-page","status-publish","hentry"],"_links":{"self":[{"href":"https:\/\/toledo.ufpr.br\/medicinatoledo\/wp-json\/wp\/v2\/pages\/6471","targetHints":{"allow":["GET"]}}],"collection":[{"href":"https:\/\/toledo.ufpr.br\/medicinatoledo\/wp-json\/wp\/v2\/pages"}],"about":[{"href":"https:\/\/toledo.ufpr.br\/medicinatoledo\/wp-json\/wp\/v2\/types\/page"}],"author":[{"embeddable":true,"href":"https:\/\/toledo.ufpr.br\/medicinatoledo\/wp-json\/wp\/v2\/users\/2793"}],"replies":[{"embeddable":true,"href":"https:\/\/toledo.ufpr.br\/medicinatoledo\/wp-json\/wp\/v2\/comments?post=6471"}],"version-history":[{"count":62,"href":"https:\/\/toledo.ufpr.br\/medicinatoledo\/wp-json\/wp\/v2\/pages\/6471\/revisions"}],"predecessor-version":[{"id":9720,"href":"https:\/\/toledo.ufpr.br\/medicinatoledo\/wp-json\/wp\/v2\/pages\/6471\/revisions\/9720"}],"wp:attachment":[{"href":"https:\/\/toledo.ufpr.br\/medicinatoledo\/wp-json\/wp\/v2\/media?parent=6471"}],"curies":[{"name":"wp","href":"https:\/\/api.w.org\/{rel}","templated":true}]}}