{"id":6465,"date":"2023-10-03T11:56:59","date_gmt":"2023-10-03T14:56:59","guid":{"rendered":"https:\/\/toledo.ufpr.br\/medicinatoledo\/?page_id=6465"},"modified":"2025-07-18T16:29:13","modified_gmt":"2025-07-18T19:29:13","slug":"projeto-pedagogico","status":"publish","type":"page","link":"https:\/\/toledo.ufpr.br\/medicinatoledo\/projeto-pedagogico\/","title":{"rendered":"Projeto Pedag\u00f3gico"},"content":{"rendered":"<p>O\u00a0Projeto Pedag\u00f3gico do Curso de Medicina em implementa\u00e7\u00e3o na Cidade de Toledo decorre de uma constru\u00e7\u00e3o coletiva desenvolvida pelos\u00a0professores, Coordena\u00e7\u00e3o do Curso de Medicina, Dire\u00e7\u00e3o do Campus Toledo e pela Comiss\u00e3o de Expans\u00e3o dos Cursos de Medicina da UFPR.<\/p>\n<p><strong>Acesse aqui<\/strong> &#8211; <a href=\"https:\/\/toledo.ufpr.br\/medicinatoledo\/wp-content\/uploads\/sites\/3\/2024\/09\/PPC-2023-correto.pdf\" target=\"_blank\" rel=\"noopener\">PROJETO PEDAG\u00d3GICO DO CURSO DE MEDICINA &#8211; Curr\u00edculo vers\u00e3o 2024<\/a><\/p>\n<p><a href=\"https:\/\/toledo.ufpr.br\/medicinatoledo\/wp-content\/uploads\/sites\/3\/2024\/09\/PPC_Medicina_Toledo_2018.pdf\" target=\"_blank\" rel=\"noopener\">PROJETO PEDAG\u00d3GICO DO CURSO DE MEDICINA &#8211; Curr\u00edculo vers\u00e3o 2018<\/a><\/p>\n<p><strong>Dados Gerais do Curso<\/strong><\/p>\n<ul>\n<li>Tipo: Bacharelado<\/li>\n<li>Modalidade: Presencial<\/li>\n<li>Denomina\u00e7\u00e3o: Medicina<\/li>\n<li>Regime: Semestral<\/li>\n<li>Local de oferta: Munic\u00edpio de Toledo, Paran\u00e1<\/li>\n<li>Turno de funcionamento: Integral<\/li>\n<li>N\u00famero total de vagas\/ano: 60 vagas<\/li>\n<li>Carga hor\u00e1ria total: 7.760 horas<\/li>\n<li>Prazo de integraliza\u00e7\u00e3o curricular: m\u00ednimo de 12 semestres e m\u00e1ximo de 18 semestres<\/li>\n<\/ul>\n<p style=\"text-align: right\">Atualizado 04\/09\/2024<\/p>\n","protected":false},"excerpt":{"rendered":"<p>O\u00a0Projeto Pedag\u00f3gico do Curso de Medicina em implementa\u00e7\u00e3o na Cidade de Toledo decorre de uma [&hellip;]<\/p>\n","protected":false},"author":2793,"featured_media":0,"parent":0,"menu_order":0,"comment_status":"closed","ping_status":"closed","template":"","meta":{"ngg_post_thumbnail":0,"footnotes":""},"class_list":["post-6465","page","type-page","status-publish","hentry"],"_links":{"self":[{"href":"https:\/\/toledo.ufpr.br\/medicinatoledo\/wp-json\/wp\/v2\/pages\/6465","targetHints":{"allow":["GET"]}}],"collection":[{"href":"https:\/\/toledo.ufpr.br\/medicinatoledo\/wp-json\/wp\/v2\/pages"}],"about":[{"href":"https:\/\/toledo.ufpr.br\/medicinatoledo\/wp-json\/wp\/v2\/types\/page"}],"author":[{"embeddable":true,"href":"https:\/\/toledo.ufpr.br\/medicinatoledo\/wp-json\/wp\/v2\/users\/2793"}],"replies":[{"embeddable":true,"href":"https:\/\/toledo.ufpr.br\/medicinatoledo\/wp-json\/wp\/v2\/comments?post=6465"}],"version-history":[{"count":10,"href":"https:\/\/toledo.ufpr.br\/medicinatoledo\/wp-json\/wp\/v2\/pages\/6465\/revisions"}],"predecessor-version":[{"id":9273,"href":"https:\/\/toledo.ufpr.br\/medicinatoledo\/wp-json\/wp\/v2\/pages\/6465\/revisions\/9273"}],"wp:attachment":[{"href":"https:\/\/toledo.ufpr.br\/medicinatoledo\/wp-json\/wp\/v2\/media?parent=6465"}],"curies":[{"name":"wp","href":"https:\/\/api.w.org\/{rel}","templated":true}]}}