{"id":6458,"date":"2023-10-03T11:43:08","date_gmt":"2023-10-03T14:43:08","guid":{"rendered":"https:\/\/toledo.ufpr.br\/medicinatoledo\/?page_id=6458"},"modified":"2026-01-07T14:57:20","modified_gmt":"2026-01-07T17:57:20","slug":"calendario-academico","status":"publish","type":"page","link":"https:\/\/toledo.ufpr.br\/medicinatoledo\/calendario-academico\/","title":{"rendered":"Calend\u00e1rio Acad\u00eamico"},"content":{"rendered":"<p>Confira aqui as <strong>datas de in\u00edcio e fim dos semestres letivos<\/strong> do Curso de <strong>Medicina<\/strong> Toledo:<\/p>\n<hr \/>\n<p><strong>Ano letivo de 2026: Clique\u00a0<a href=\"https:\/\/prograp.ufpr.br\/wp-content\/uploads\/2025\/12\/Calendario-Medicina-Estudantes-2026-3-1.pdf\">aqui<\/a>\u00a0e confira as principais datas para\u00a0estudantes.<\/strong><\/p>\n<table>\n<tbody>\n<tr>\n<td colspan=\"2\" width=\"570\">\n<p style=\"text-align: center\"><strong><a href=\"https:\/\/toledo.ufpr.br\/medicinatoledo\/wp-content\/uploads\/sites\/3\/2025\/11\/SEI_8383957_Resolucao__Conselho_de_Ensino__Pesquisa_e_Extensao_23_25.pdf\">Resolu\u00e7\u00e3o n\u00ba 23\/25 \u2013 CEPE<\/a><\/strong><\/p>\n<\/td>\n<\/tr>\n<tr>\n<td width=\"285\">\n<p style=\"text-align: center\"><strong><b>1\u00ba ao 8\u00ba per\u00edodo<\/b><\/strong><br \/>(Ciclo Educacional)<\/p>\n<\/td>\n<td style=\"text-align: center\" width=\"285\">\n<p><strong><b>9\u00ba ao 12\u00ba per\u00edodo\u00a0<\/b><\/strong><br \/>(Internato)<\/p>\n<\/td>\n<\/tr>\n<tr>\n<td>\n<p style=\"text-align: center\"><span style=\"color: #339966\"><strong><b>1\u00ba\/202<\/b><\/strong><strong><b>6<\/b><\/strong><strong><b>:<\/b><\/strong><\/span><\/p>\n<\/td>\n<td>\n<p style=\"text-align: center\"><span style=\"color: #339966\"><strong><b>1\u00ba\/202<\/b><\/strong><strong><b>6<\/b><\/strong><strong><b>:<\/b><\/strong><\/span><\/p>\n<\/td>\n<\/tr>\n<tr>\n<td width=\"285\">\n<p style=\"text-align: center\"><strong><b>In\u00edcio<\/b><\/strong>: 02\/02\/2026<\/p>\n<p style=\"text-align: center\"><strong><b>T\u00e9rmino<\/b><\/strong>: 20\/06\/206<\/p>\n<\/td>\n<td width=\"285\">\n<p style=\"text-align: center\"><strong><b>In\u00edcio<\/b><\/strong>: 02\/02\/2026<\/p>\n<p style=\"text-align: center\"><strong><b>T\u00e9rmino<\/b><\/strong>: 20\/06\/2026<\/p>\n<\/td>\n<\/tr>\n<tr>\n<td width=\"285\">\n<p><span style=\"color: #ff0000\"><strong><b>Exames finais:<\/b><\/strong><strong><b>\u00a0<\/b><\/strong><\/span>22 a 26\/06\/26.<\/p>\n<\/td>\n<td width=\"285\">\n<p><strong><b>\u00a0<\/b><\/strong><\/p>\n<\/td>\n<\/tr>\n<tr>\n<td>\n<p style=\"text-align: center\"><span style=\"color: #339966\"><strong><b>2\u00ba\/202<\/b><\/strong><strong><b>6<\/b><\/strong><strong><b>:<\/b><\/strong><\/span><\/p>\n<\/td>\n<td>\n<p style=\"text-align: center\"><span style=\"color: #339966\"><strong><b>2\u00ba\/202<\/b><\/strong><strong><b>6<\/b><\/strong><strong><b>:<\/b><\/strong><\/span><\/p>\n<\/td>\n<\/tr>\n<tr>\n<td width=\"285\">\n<p style=\"text-align: center\"><strong><b>In\u00edcio<\/b><\/strong>: 20\/07\/2026<br \/><strong><b>T\u00e9rmino<\/b><\/strong>: 05\/12\/2026<\/p>\n<\/td>\n<td width=\"285\">\n<p style=\"text-align: center\"><strong><b>In\u00edcio<\/b><\/strong>: 20\/07\/2026<br \/><strong><b>T\u00e9rmino<\/b><\/strong>: 05\/12\/2026<\/p>\n<\/td>\n<\/tr>\n<tr>\n<td style=\"text-align: center\" width=\"285\">\n<p><span style=\"color: #ff0000\"><strong><b>Exames finais:<\/b><\/strong><\/span><strong><b>\u00a0\u00a0<\/b><\/strong>07 a 11\/12\/26.<\/p>\n<\/td>\n<td style=\"text-align: center\" width=\"285\">\u00a0<\/td>\n<\/tr>\n<\/tbody>\n<\/table>\n<p>\u00a0<\/p>\n<p>\u00a0<\/p>\n<p style=\"text-align: center\"><strong style=\"font-size: revert;color: initial\">Ano letivo de 2025:<\/strong><\/p>\n<table width=\"570\">\n<tbody>\n<tr>\n<td style=\"text-align: center\" colspan=\"2\" width=\"570\"><strong><a href=\"https:\/\/toledo.ufpr.br\/medicinatoledo\/wp-content\/uploads\/sites\/3\/2025\/01\/RESOLUCAO-No-20.24-CEPE.pdf\">Resolu\u00e7\u00e3o n\u00ba 20\/24 &#8211; CEPE<\/a><\/strong><\/td>\n<\/tr>\n<tr>\n<td style=\"text-align: center\" width=\"285\"><strong>1\u00ba ao 8\u00ba per\u00edodo<\/strong><br \/>(Ciclo Educacional)<\/td>\n<td style=\"text-align: center\" width=\"285\"><strong>9\u00ba ao 12\u00ba per\u00edodo\u00a0<\/strong><br \/>(Internato)<\/td>\n<\/tr>\n<tr>\n<td style=\"text-align: center\"><span style=\"color: #008000\"><strong>1\u00ba\/2025:<\/strong><\/span><\/td>\n<td style=\"text-align: center\"><span style=\"color: #008000\"><strong>1\u00ba\/2025:<\/strong><\/span><\/td>\n<\/tr>\n<tr>\n<td style=\"text-align: center\" width=\"285\"><strong>In\u00edcio<\/strong>: 24\/03\/2025<br \/><strong>T\u00e9rmino<\/strong>: 26\/07\/2025<\/td>\n<td style=\"text-align: center\" width=\"285\"><strong>In\u00edcio<\/strong>: 24\/03\/2025<br \/><strong>T\u00e9rmino<\/strong>: 09\/08\/2025<\/td>\n<\/tr>\n<tr>\n<td style=\"text-align: center\"><span style=\"color: #008000\"><strong>2\u00ba\/2025:<\/strong><\/span><\/td>\n<td style=\"text-align: center\"><span style=\"color: #008000\"><strong>2\u00ba\/2025:<\/strong><\/span><\/td>\n<\/tr>\n<tr>\n<td style=\"text-align: center\" width=\"285\"><strong>In\u00edcio<\/strong>: 11\/08\/2025<br \/><strong>T\u00e9rmino<\/strong>: 13\/12\/2025<\/td>\n<td style=\"text-align: center\" width=\"285\"><strong>In\u00edcio<\/strong>: 25\/08\/2025<br \/><strong>T\u00e9rmino<\/strong>: 24\/01\/2026<\/td>\n<\/tr>\n<\/tbody>\n<\/table>\n<h4>\u00a0<\/h4>\n<hr \/>\n<p><strong>ANOS ANTERIORES:<\/strong><\/p>\n<p><strong>Ano letivo de 2024:<\/strong><\/p>\n<ul>\n<li><a href=\"https:\/\/toledo.ufpr.br\/medicinatoledo\/wp-content\/uploads\/sites\/3\/2023\/10\/RESOLUCAO-No-91-23-CEPE.pdf\">Resolu\u00e7\u00e3o n\u00ba 91\/23 &#8211; CEPE<\/a><\/li>\n<\/ul>\n<p><strong>Ano letivo de 2023:<\/strong><\/p>\n<ul>\n<li><a href=\"https:\/\/toledo.ufpr.br\/medicinatoledo\/wp-content\/uploads\/sites\/3\/2023\/10\/Res.-63.22-CEPE-Calendario-Academico-1o-semestrec2023.pdf\">Resolu\u00e7\u00e3o n\u00ba 63\/22 \u2013 CEPE<\/a><\/li>\n<\/ul>\n<p><strong>Ano letivo de 2022:<\/strong><\/p>\n<ul>\n<li><a href=\"https:\/\/toledo.ufpr.br\/wp-content\/uploads\/2023\/05\/RESOLUC\u0327A\u0303O-No-32-22-CEPE.pdf\" target=\"_blank\" rel=\"noopener\">RESOLU\u00c7\u00c3O 32\/22 -CEPE<\/a><\/li>\n<\/ul>\n<ul>\n<li><a href=\"https:\/\/toledo.ufpr.br\/wp-content\/uploads\/2023\/05\/RESOLUC\u0327A\u0303O-No-41-22-CEPE.pdf\" target=\"_blank\" rel=\"noopener\">Altera a Resolu\u00e7\u00e3o n\u00ba 32\/22 &#8211;\u00a0CEPE<\/a><\/li>\n<\/ul>\n<p><strong>Ano letivo de 2020 &#8211; Retomada 2021:<\/strong><\/p>\n<ul>\n<li><a href=\"https:\/\/toledo.ufpr.br\/wp-content\/uploads\/2021\/04\/RESOLU\u00c7\u00c3O-N\u00ba-23-21-CEPE.pdf\">RESOLU\u00c7\u00c3O N\u00ba 23\/21 &#8211; CEPE<\/a><\/li>\n<\/ul>\n<p><strong>Ano Letivo de 2020:<\/strong><\/p>\n<ul>\n<li><a href=\"https:\/\/toledo.ufpr.br\/wp-content\/uploads\/2017\/07\/cepe-23.19.pdf\">RESOLU\u00c7\u00c3O N\u00ba 23\/19-CEPE<\/a><\/li>\n<\/ul>\n<p><strong>Ano letivo de 2019:<\/strong><\/p>\n<ul>\n<li><a href=\"https:\/\/toledo.ufpr.br\/wp-content\/uploads\/2017\/07\/Calend\u00e1rio-acad\u00eamico-2019.pdf\">RESOLU\u00c7\u00c3O 65\/18-CEPE<\/a><\/li>\n<li><a href=\"https:\/\/toledo.ufpr.br\/wp-content\/uploads\/2019\/10\/Resolu\u00e7\u00e3o-cepe-03-19-Exames-finais-de-m\u00f3dulos.pdf\">RESOLU\u00c7\u00c3O N\u00ba 03\/19-CEPE<\/a><\/li>\n<\/ul>\n<p><strong>Ano letivo de 2018:<\/strong><\/p>\n<ul>\n<li><a href=\"https:\/\/toledo.ufpr.br\/wp-content\/uploads\/2017\/07\/RESOLU\u00c7\u00c3O-CEPE-31-17CALEND\u00c1RIO-ACAD\u00caMICO.pdf\">RESOLU\u00c7\u00c3O 31\/17-CEPE<\/a><\/li>\n<\/ul>\n<ul>\n<li><a href=\"https:\/\/toledo.ufpr.br\/wp-content\/uploads\/2017\/07\/RESOLU\u00c7\u00c3O-CEPE-33-17.pdf\">RESOLU\u00c7\u00c3O 33\/17 CEPE<\/a><\/li>\n<\/ul>\n<p style=\"text-align: right\">Atualizado em 16\/12\/2025.<\/p>\n\n\n<hr class=\"wp-block-separator has-alpha-channel-opacity\" \/>\n","protected":false},"excerpt":{"rendered":"<p>Confira aqui as datas de in\u00edcio e fim dos semestres letivos do Curso de Medicina [&hellip;]<\/p>\n","protected":false},"author":2793,"featured_media":0,"parent":0,"menu_order":0,"comment_status":"closed","ping_status":"closed","template":"","meta":{"ngg_post_thumbnail":0,"footnotes":""},"class_list":["post-6458","page","type-page","status-publish","hentry"],"_links":{"self":[{"href":"https:\/\/toledo.ufpr.br\/medicinatoledo\/wp-json\/wp\/v2\/pages\/6458","targetHints":{"allow":["GET"]}}],"collection":[{"href":"https:\/\/toledo.ufpr.br\/medicinatoledo\/wp-json\/wp\/v2\/pages"}],"about":[{"href":"https:\/\/toledo.ufpr.br\/medicinatoledo\/wp-json\/wp\/v2\/types\/page"}],"author":[{"embeddable":true,"href":"https:\/\/toledo.ufpr.br\/medicinatoledo\/wp-json\/wp\/v2\/users\/2793"}],"replies":[{"embeddable":true,"href":"https:\/\/toledo.ufpr.br\/medicinatoledo\/wp-json\/wp\/v2\/comments?post=6458"}],"version-history":[{"count":35,"href":"https:\/\/toledo.ufpr.br\/medicinatoledo\/wp-json\/wp\/v2\/pages\/6458\/revisions"}],"predecessor-version":[{"id":10129,"href":"https:\/\/toledo.ufpr.br\/medicinatoledo\/wp-json\/wp\/v2\/pages\/6458\/revisions\/10129"}],"wp:attachment":[{"href":"https:\/\/toledo.ufpr.br\/medicinatoledo\/wp-json\/wp\/v2\/media?parent=6458"}],"curies":[{"name":"wp","href":"https:\/\/api.w.org\/{rel}","templated":true}]}}