{"id":6456,"date":"2023-10-03T11:40:51","date_gmt":"2023-10-03T14:40:51","guid":{"rendered":"https:\/\/toledo.ufpr.br\/medicinatoledo\/?page_id=6456"},"modified":"2023-10-03T11:40:51","modified_gmt":"2023-10-03T14:40:51","slug":"sobre-o-curso","status":"publish","type":"page","link":"https:\/\/toledo.ufpr.br\/medicinatoledo\/sobre-o-curso\/","title":{"rendered":"Sobre o curso"},"content":{"rendered":"<p><strong>CURSO DE MEDICINA \u2013 CAMPUS TOLEDO<\/strong><\/p>\n<p>A Universidade do Paran\u00e1 fundada por paranaenses em Dezembro de 1912, iniciou com 5 cursos: Direito, Engenharia, Farm\u00e1cia, Odontologia e Medicina. Federalizada em 1950, a\u00a0<strong><a href=\"http:\/\/www.ufpr.brufpr\/historico-2\/\">Universidade Federal do Paran\u00e1<\/a><\/strong>\u00a0continuou se expandindo principalmente em Curitiba e mais recentemente para o interior do estado. Em 2016 iniciaram as atividades de seu segundo curso de Medicina, agora no\u00a0<strong>munic\u00edpio de Toledo.<\/strong><\/p>\n<p>Com um curr\u00edculo moderno, utilizando metodologias ativas de ensino aprendizagem, importante contato com a comunidade nas Unidades B\u00e1sicas de Sa\u00fade e UPA desde os primeiros dias letivos, o curso apresenta-se em conformidade com\u00a0<strong>Diretrizes Curriculares Nacionais para os Cursos de Gradua\u00e7\u00e3o em Medicina no Brasil\u00a0<a href=\"https:\/\/toledo.ufpr.br\/wp-content\/uploads\/2017\/07\/DCN-2014.pdf\">(DCN 2014)<\/a>.<\/strong><\/p>\n<p><strong><u>Sobre o Munic\u00edpio de Toledo<\/u><\/strong><\/p>\n<p>A bela cidade de\u00a0<a href=\"https:\/\/www.toledo.pr.gov.br\/\"><strong>Toledo<\/strong><\/a>, instalada em 1952, situa-se na Regi\u00e3o Oeste do Paran\u00e1, h\u00e1 uma dist\u00e2ncia de 536,6 Km da capital Curitiba. Conta com uma popula\u00e7\u00e3o de 132 mil habitantes, economia diversificada, com forte presen\u00e7a agropecu\u00e1ria e industrial e apresenta o 9\u00ba IDH do Estado.<\/p>\n<p>Possui rede de Sa\u00fade estruturada e atende plenamente as demandas do curso de medicina, com Unidades B\u00e1sicas de Sa\u00fade, Estrat\u00e9gia de Sa\u00fade da Fam\u00edlia, Ambulat\u00f3rios de Especialidades, Rede de Urg\u00eancia e Emerg\u00eancia, Servi\u00e7o Atendimento M\u00f3vel de Urg\u00eancia, Centro de Aten\u00e7\u00e3o Psicossocial e Assist\u00eancia Hospitalar vinculada ao SUS \u2013 Hospital filantr\u00f3pico e Hospital Regional (em implanta\u00e7\u00e3o).<\/p>\n<p><strong><u>Sobre o curso:<\/u><\/strong><\/p>\n<p>O curso de Medicina \u00e9 integral (manh\u00e3 e tarde) com dura\u00e7\u00e3o de 6 anos, totalizando 7760 horas.<\/p>\n<p>S\u00e3o ofertadas 60 vagas anualmente, divididas em dois semestres (30 alunos\/semestre). Os alunos s\u00e3o selecionados no processo seletivo da UFPR\u00a0<a href=\"http:\/\/www.nc.ufpr.br\/\">(Vestibular).<\/a><\/p>\n<p>Conta com um\u00a0<strong>Curr\u00edculo Integrado<\/strong>, enfocando o\u00a0<strong>aprendizado na comunidade<\/strong>\u00a0(aprender fazendo), utiliza\u00a0<strong>metodologias ativas de ensino-aprendizagem<\/strong>\u00a0(centradas nas necessidades dos estudantes como sujeito da aprendizagem e no professor como facilitador do processo), tendo como\u00a0<strong>metodologia predominante a Aprendizagem Baseada em Equipes<\/strong>\u00a0\u2013 ABE (do ingl\u00eas TBL \u2013\u00a0<em>Team Based Learning<\/em>).<\/p>\n<p>A\u00a0<strong>matriz curricular<\/strong>\u00a0\u00e9 integrada em m\u00f3dulos de ensino e estrutura-se em\u00a0<strong>dois Ciclos:<\/strong><\/p>\n<ul>\n<li><strong>Ciclo Educacional<\/strong>\u00a0(do 1\u00ba ao 8\u00ba per\u00edodo)<\/li>\n<li><strong>Ciclo de Est\u00e1gios<\/strong>\u00a0(do 9\u00ba ao 12\u00ba per\u00edodos, compreendendo os est\u00e1gios em Cl\u00ednica M\u00e9dica; Medicina Geral da Fam\u00edlia e Comunidade; Cl\u00ednica Cir\u00fargica; Sa\u00fade da Crian\u00e7a e do Adolescente; Urg\u00eancias e Emerg\u00eancias; \u00c1reas Optativas).<\/li>\n<\/ul>\n<p><strong>Eixos norteadores do Curr\u00edculo:<\/strong><\/p>\n<ul>\n<li><em>Eixo \u00c9tico-Human\u00edstico<\/em>: composto por temas das Humanidades, que tratam de filosofia, cidadania, bio\u00e9tica, \u00e9tica m\u00e9dica e legisla\u00e7\u00e3o;<\/li>\n<li><em>Eixo Integra\u00e7\u00e3o Universidade \u2013 Comunidade<\/em>: conduz o aprendizado em cen\u00e1rios das pr\u00e1ticas em sa\u00fade (rede de sa\u00fade) desde o primeiro semestre do curso;<\/li>\n<li><em>Eixo Pilares da Medicina<\/em>: compreens\u00e3o e a sustenta\u00e7\u00e3o cient\u00edfica das pr\u00e1ticas m\u00e9dicas;<\/li>\n<li><em>Eixo Forma\u00e7\u00e3o para o Cuidado em Sa\u00fade<\/em>: integra\u00e7\u00e3o interprofissional nas a\u00e7\u00f5es de promo\u00e7\u00e3o da sa\u00fade, preven\u00e7\u00e3o de doen\u00e7as, recupera\u00e7\u00e3o e controle de agravos \u00e0 sa\u00fade.<\/li>\n<\/ul>\n<p>Al\u00e9m da carga hor\u00e1ria obrigat\u00f3ria a ser cumprida, o aluno poder\u00e1 implementar seus conhecimentos em diversas atividades formativas como: Monitoria, Voluntariado Acad\u00eamico, Projetos de Pesquisa e Extens\u00e3o.<\/p>\n","protected":false},"excerpt":{"rendered":"<p>CURSO DE MEDICINA \u2013 CAMPUS TOLEDO A Universidade do Paran\u00e1 fundada por paranaenses em Dezembro [&hellip;]<\/p>\n","protected":false},"author":2793,"featured_media":0,"parent":0,"menu_order":0,"comment_status":"closed","ping_status":"closed","template":"","meta":{"ngg_post_thumbnail":0,"footnotes":""},"class_list":["post-6456","page","type-page","status-publish","hentry"],"_links":{"self":[{"href":"https:\/\/toledo.ufpr.br\/medicinatoledo\/wp-json\/wp\/v2\/pages\/6456","targetHints":{"allow":["GET"]}}],"collection":[{"href":"https:\/\/toledo.ufpr.br\/medicinatoledo\/wp-json\/wp\/v2\/pages"}],"about":[{"href":"https:\/\/toledo.ufpr.br\/medicinatoledo\/wp-json\/wp\/v2\/types\/page"}],"author":[{"embeddable":true,"href":"https:\/\/toledo.ufpr.br\/medicinatoledo\/wp-json\/wp\/v2\/users\/2793"}],"replies":[{"embeddable":true,"href":"https:\/\/toledo.ufpr.br\/medicinatoledo\/wp-json\/wp\/v2\/comments?post=6456"}],"version-history":[{"count":1,"href":"https:\/\/toledo.ufpr.br\/medicinatoledo\/wp-json\/wp\/v2\/pages\/6456\/revisions"}],"predecessor-version":[{"id":6457,"href":"https:\/\/toledo.ufpr.br\/medicinatoledo\/wp-json\/wp\/v2\/pages\/6456\/revisions\/6457"}],"wp:attachment":[{"href":"https:\/\/toledo.ufpr.br\/medicinatoledo\/wp-json\/wp\/v2\/media?parent=6456"}],"curies":[{"name":"wp","href":"https:\/\/api.w.org\/{rel}","templated":true}]}}