{"id":916,"date":"2025-11-14T10:37:59","date_gmt":"2025-11-14T13:37:59","guid":{"rendered":"https:\/\/toledo.ufpr.br\/enfermagemtoledo\/?page_id=916"},"modified":"2025-11-14T10:38:32","modified_gmt":"2025-11-14T13:38:32","slug":"normas-para-fotografias-de-formatura-no-campus-toledo-ufpr","status":"publish","type":"page","link":"https:\/\/toledo.ufpr.br\/enfermagemtoledo\/normas-para-fotografias-de-formatura-no-campus-toledo-ufpr\/","title":{"rendered":"Normas para Fotografias de Formatura no Campus Toledo\/UFPR"},"content":{"rendered":"\n<p class=\"has-text-align-center\"><strong>REGULAMENTO PARA REALIZA\u00c7\u00c3O DE FOTOGRAFIAS PARA<\/strong><br><strong>FORMATURA NO CAMPUS TOLEDO\/UFPR<\/strong><\/p>\n\n\n\n<p>Neste regulamento s\u00e3o descritas as normas a serem cumpridas por discentes, profissionais e empresas de fotografia contratados pelos formandos.<\/p>\n\n\n\n<p><strong>A &#8211; DOCUMENTA\u00c7\u00c3O<\/strong><\/p>\n\n\n\n<p>1. As solicita\u00e7\u00f5es ser\u00e3o analisadas pela Comiss\u00e3o Assessora de Formatura e pela administra\u00e7\u00e3o do Campus Toledo.<br>2. Efetuar a solicita\u00e7\u00e3o do espa\u00e7o com anteced\u00eancia m\u00ednima de 45 dias por meio do formul\u00e1rio dispon\u00edvel no site do campus Toledo no seguinte endere\u00e7o:<br><a href=\"https:\/\/forms.office.com\/pages\/responsepage.aspx?id=ozd7w-Lp-UK8Z0ubc44d8BtLjAr26OpDj3w4S26AuF9UNUFCTUpTQVZWVVpJTU5DS01FVzJISlpFVS4u&amp;nocdn=1&amp;fswBypass=1\" target=\"_blank\" rel=\"noreferrer noopener\">https:\/\/forms.office.com\/r\/qbqW7Vs6Gz<\/a>. Solicita\u00e7\u00f5es feitas fora do prazo n\u00e3o ser\u00e3o analisadas.<br>3. Informar quando solicitado pela comiss\u00e3o, via e-mail, a rela\u00e7\u00e3o com nome completo, GRR e n\u00famero de RG de todos os discentes e familiares que estar\u00e3o<br>presentes na sess\u00e3o de fotos.<br>4. Informar quando solicitado pela comiss\u00e3o, via e-mail, a rela\u00e7\u00e3o com o nome completo e n\u00famero de documento oficial (RG) de todos os profissionais da empresa que atuar\u00e3o na sess\u00e3o de fotos.<br>5. \u00c9 obrigat\u00f3rio no dia do evento que todos portem os documentos oficiais, podendo ser solicitado pelo seguran\u00e7a para confer\u00eancia.<br>6. Atentar ao preenchimento do formul\u00e1rio e dos e-mails posteriores inserindo todas as informa\u00e7\u00f5es solicitadas.<\/p>\n\n\n\n<p><strong>B &#8211; HOR\u00c1RIO DE USO DOS ESPA\u00c7OS<\/strong><\/p>\n\n\n\n<p>1. Ser\u00e1 permitida a realiza\u00e7\u00e3o de fotografias de segunda-feira a sexta-feira no hor\u00e1rio das 09h \u00e0s 16h e nos s\u00e1bados das 08h \u00e0s 12h, exceto domingos e feriados.<br>2. A libera\u00e7\u00e3o dos espa\u00e7os estar\u00e1 condicionada \u00e0 disponibilidade do local e de servidor para acompanhar a atividade.<br>3. O uso dos laborat\u00f3rios que est\u00e3o permitidos para acesso ocorrer\u00e1 apenas de segunda-feira a sexta-feira no hor\u00e1rio das 09h \u00e0s 16h.<br>4. As fotos nas \u00e1reas laboratoriais permitidas ter\u00e3o no m\u00e1ximo duas horas de dura\u00e7\u00e3o.<br>5. A sess\u00e3o ser\u00e1 acompanhada por servidor designado pela Comiss\u00e3o Assessora de Formatura do Campus Toledo.<\/p>\n\n\n\n<p><strong>C &#8211; DOS ESPA\u00c7OS<\/strong><\/p>\n\n\n\n<p>1. Ser\u00e1 permitido o uso de tr\u00eas salas de aula localizadas no t\u00e9rreo do campus Toledo. As salas ser\u00e3o disponibilizadas de acordo com a disponibilidade da grade hor\u00e1ria do setor acad\u00eamico.<br>2. \u00c9 permitido o uso das escadas do primeiro piso.<br>3. \u00c9 permitido o uso do sagu\u00e3o do t\u00e9rreo.<br>4. \u00c9 permitido o uso da \u00e1rea externa do campus.<br>5. Est\u00e1 autorizado o uso do laborat\u00f3rio de Microscopia 2 ( Maior). Os demais laborat\u00f3rios n\u00e3o podem ser usados para sess\u00e3o de fotos.<br>6. O acesso ao laborat\u00f3rio de microscopia \u00e9 exclusivo para os discentes e para os profissionais que far\u00e3o as fotografias, n\u00e3o sendo permitida a presen\u00e7a de familiares.<br>7. \u00c9 expressamente proibida a entrada de animais nas depend\u00eancias do campus Toledo para as sess\u00f5es de fotografias.<\/p>\n\n\n\n<p><strong>D &#8211; REGRAS DE USO<\/strong><\/p>\n\n\n\n<p>1. Deve-se atentar ao arrastar qualquer objeto no ch\u00e3o da sala, evitando arranhar o piso.<br>2. N\u00e3o \u00e9 permitido furar paredes, e nem colar adesivos ou objetos similares.<br>3. Ao terminar a sess\u00e3o de fotos as luzes devem ser apagadas, a porta da sala deve ser trancada.<br>4. Ao terminar a sess\u00e3o de fotos todo o lixo eventualmente gerado dever\u00e1 ser descartado em local apropriado.<br>5. Os insumos necess\u00e1rios para a realiza\u00e7\u00e3o do evento s\u00e3o de inteira responsabilidade da turma e da empresa contratada.<br>6. Verificar sempre se a voltagem do equipamento a ser instalado para o evento \u00e9 a mesma da tomada a ser usada. Se poss\u00edvel, deixar desligado quando n\u00e3o estiver<br>em uso.<br>7. N\u00e3o \u00e9 permitido comer ou ingerir bebidas no interior das salas e dos laborat\u00f3rios.<br>8. Qualquer d\u00favida pode ser encaminhada pelo e-mail colacaotoledo@ufpr.br<\/p>\n\n\n\n<p>Esse regulamento entra em vigor na data de 11 de Agosto de 2022.<\/p>\n\n\n\n<hr class=\"wp-block-separator has-alpha-channel-opacity\"\/>\n\n\n\n<p class=\"has-text-align-right\">Atualizado em 14\/11\/25<\/p>\n","protected":false},"excerpt":{"rendered":"<p>REGULAMENTO PARA REALIZA\u00c7\u00c3O DE FOTOGRAFIAS PARAFORMATURA NO CAMPUS TOLEDO\/UFPR Neste regulamento s\u00e3o descritas as normas [&hellip;]<\/p>\n","protected":false},"author":2796,"featured_media":0,"parent":0,"menu_order":0,"comment_status":"closed","ping_status":"closed","template":"","meta":{"ngg_post_thumbnail":0,"footnotes":""},"class_list":["post-916","page","type-page","status-publish","hentry"],"_links":{"self":[{"href":"https:\/\/toledo.ufpr.br\/enfermagemtoledo\/wp-json\/wp\/v2\/pages\/916","targetHints":{"allow":["GET"]}}],"collection":[{"href":"https:\/\/toledo.ufpr.br\/enfermagemtoledo\/wp-json\/wp\/v2\/pages"}],"about":[{"href":"https:\/\/toledo.ufpr.br\/enfermagemtoledo\/wp-json\/wp\/v2\/types\/page"}],"author":[{"embeddable":true,"href":"https:\/\/toledo.ufpr.br\/enfermagemtoledo\/wp-json\/wp\/v2\/users\/2796"}],"replies":[{"embeddable":true,"href":"https:\/\/toledo.ufpr.br\/enfermagemtoledo\/wp-json\/wp\/v2\/comments?post=916"}],"version-history":[{"count":2,"href":"https:\/\/toledo.ufpr.br\/enfermagemtoledo\/wp-json\/wp\/v2\/pages\/916\/revisions"}],"predecessor-version":[{"id":919,"href":"https:\/\/toledo.ufpr.br\/enfermagemtoledo\/wp-json\/wp\/v2\/pages\/916\/revisions\/919"}],"wp:attachment":[{"href":"https:\/\/toledo.ufpr.br\/enfermagemtoledo\/wp-json\/wp\/v2\/media?parent=916"}],"curies":[{"name":"wp","href":"https:\/\/api.w.org\/{rel}","templated":true}]}}