{"id":904,"date":"2025-11-14T10:32:45","date_gmt":"2025-11-14T13:32:45","guid":{"rendered":"https:\/\/toledo.ufpr.br\/enfermagemtoledo\/?page_id=904"},"modified":"2025-11-14T10:35:25","modified_gmt":"2025-11-14T13:35:25","slug":"declaracoes-e-certificados","status":"publish","type":"page","link":"https:\/\/toledo.ufpr.br\/enfermagemtoledo\/declaracoes-e-certificados\/","title":{"rendered":"Declara\u00e7\u00f5es e Certificados"},"content":{"rendered":"\n<p>1)&nbsp;<strong>Declara\u00e7\u00e3o de prov\u00e1vel formando<\/strong>&nbsp;\u2013 pode ser emitida pela Secretaria Acad\u00eamica (via SIGA) para alunos regularmente matriculados no 12\u00ba Per\u00edodo e com atividades formativas lan\u00e7adas.<\/p>\n\n\n\n<hr class=\"wp-block-separator has-alpha-channel-opacity\"\/>\n\n\n\n<p>2)&nbsp;<strong>Certificado de conclus\u00e3o com data prevista de cola\u00e7\u00e3o<\/strong>&nbsp;\u2192 \u00e9 emitido pela Secretaria Acad\u00eamica (via SIGA) e fica dispon\u00edvel apenas a partir do momento em que a COPAP libera a cola\u00e7\u00e3o de grau para realiza\u00e7\u00e3o.<\/p>\n\n\n\n<hr class=\"wp-block-separator has-alpha-channel-opacity\"\/>\n\n\n\n<p>3)<strong>&nbsp;Certificado de conclus\u00e3o de curso<\/strong>&nbsp;\u2192 s\u00f3 \u00e9 emitido quando a cola\u00e7\u00e3o de grau foi realizada \u2013 depende da assinatura na ata de cola\u00e7\u00e3o; \u00e9 emitido pela secretaria acad\u00eamica (via SIGA) e enviado por e-mail no primeiro dia \u00fatil ap\u00f3s a cola\u00e7\u00e3o.<\/p>\n\n\n\n<hr class=\"wp-block-separator has-alpha-channel-opacity\"\/>\n\n\n\n<p>Resolu\u00e7\u00e3o 37\/97-CEP \u2013 Art 114: \u00a7 1\u00ba N\u00e3o ser\u00e1 entregue o diploma ao aluno que conste da rela\u00e7\u00e3o de inadimplente com o Sistema Integrado de Bibliotecas da UFPR.<\/p>\n\n\n\n<hr class=\"wp-block-separator has-alpha-channel-opacity\"\/>\n\n\n\n<p class=\"has-text-align-right\">Atualizado em 14\/11\/25<\/p>\n","protected":false},"excerpt":{"rendered":"<p>1)&nbsp;Declara\u00e7\u00e3o de prov\u00e1vel formando&nbsp;\u2013 pode ser emitida pela Secretaria Acad\u00eamica (via SIGA) para alunos regularmente [&hellip;]<\/p>\n","protected":false},"author":2796,"featured_media":0,"parent":0,"menu_order":0,"comment_status":"closed","ping_status":"closed","template":"","meta":{"ngg_post_thumbnail":0,"footnotes":""},"class_list":["post-904","page","type-page","status-publish","hentry"],"_links":{"self":[{"href":"https:\/\/toledo.ufpr.br\/enfermagemtoledo\/wp-json\/wp\/v2\/pages\/904","targetHints":{"allow":["GET"]}}],"collection":[{"href":"https:\/\/toledo.ufpr.br\/enfermagemtoledo\/wp-json\/wp\/v2\/pages"}],"about":[{"href":"https:\/\/toledo.ufpr.br\/enfermagemtoledo\/wp-json\/wp\/v2\/types\/page"}],"author":[{"embeddable":true,"href":"https:\/\/toledo.ufpr.br\/enfermagemtoledo\/wp-json\/wp\/v2\/users\/2796"}],"replies":[{"embeddable":true,"href":"https:\/\/toledo.ufpr.br\/enfermagemtoledo\/wp-json\/wp\/v2\/comments?post=904"}],"version-history":[{"count":2,"href":"https:\/\/toledo.ufpr.br\/enfermagemtoledo\/wp-json\/wp\/v2\/pages\/904\/revisions"}],"predecessor-version":[{"id":911,"href":"https:\/\/toledo.ufpr.br\/enfermagemtoledo\/wp-json\/wp\/v2\/pages\/904\/revisions\/911"}],"wp:attachment":[{"href":"https:\/\/toledo.ufpr.br\/enfermagemtoledo\/wp-json\/wp\/v2\/media?parent=904"}],"curies":[{"name":"wp","href":"https:\/\/api.w.org\/{rel}","templated":true}]}}