{"id":896,"date":"2025-11-14T10:24:13","date_gmt":"2025-11-14T13:24:13","guid":{"rendered":"https:\/\/toledo.ufpr.br\/enfermagemtoledo\/?page_id=896"},"modified":"2025-11-18T10:34:34","modified_gmt":"2025-11-18T13:34:34","slug":"orientacoes-gerais","status":"publish","type":"page","link":"https:\/\/toledo.ufpr.br\/enfermagemtoledo\/orientacoes-gerais\/","title":{"rendered":"Orienta\u00e7\u00f5es Gerais"},"content":{"rendered":"\n<p class=\"has-text-align-center\"><strong>S\u00f3 estar\u00e3o liberados para a cola\u00e7\u00e3o de grau os alunos que integralizaram o curso j\u00e1 com todas as notas, equival\u00eancias e Atividades Complementares lan\u00e7adas no sistema, bem como a situa\u00e7\u00e3o regular com o ENADE.<\/strong><\/p>\n\n\n\n<figure class=\"wp-block-table\"><table class=\"has-fixed-layout\"><tbody><tr><td>&nbsp;<img loading=\"lazy\" decoding=\"async\" src=\"https:\/\/toledo.ufpr.br\/medicinatoledo\/wp-content\/uploads\/sites\/3\/2022\/08\/Diploma-2-150x150.jpg\" alt=\"diploma-2\" width=\"47\" height=\"47\"><\/td><td><a href=\"https:\/\/toledo.ufpr.br\/enfermagemtoledo\/declaracoes-e-certificados\/\" target=\"_blank\" rel=\"noreferrer noopener\">Declara\u00e7\u00f5es de formando e Certificados de previs\u00e3o\/conclus\u00e3o de curso<\/a><\/td><\/tr><\/tbody><\/table><\/figure>\n\n\n\n<hr class=\"wp-block-separator has-text-color has-alpha-channel-opacity has-background\" style=\"background-color:#abb7c20f;color:#abb7c20f\"\/>\n\n\n\n<figure class=\"wp-block-table\"><table class=\"has-fixed-layout\"><tbody><tr><td>&nbsp;<img loading=\"lazy\" decoding=\"async\" src=\"https:\/\/toledo.ufpr.br\/wp-content\/uploads\/2022\/08\/convite.png\" alt=\"convite\" width=\"42\" height=\"42\"><\/td><td><a href=\"https:\/\/toledo.ufpr.br\/wp-content\/uploads\/2022\/08\/Orienta\u00e7\u00f5es-para-Convite.pdf\" target=\"_blank\" rel=\"noreferrer noopener\">Orienta\u00e7\u00f5es para a Elabora\u00e7\u00e3o dos Convites de Formatura<\/a><\/td><\/tr><\/tbody><\/table><\/figure>\n\n\n\n<hr class=\"wp-block-separator has-text-color has-alpha-channel-opacity has-background\" style=\"background-color:#abb7c20f;color:#abb7c20f\"\/>\n\n\n\n<figure class=\"wp-block-table\"><table class=\"has-fixed-layout\"><tbody><tr><td>&nbsp;<img loading=\"lazy\" decoding=\"async\" src=\"https:\/\/toledo.ufpr.br\/wp-content\/uploads\/2022\/08\/c\u00e2mera-2.jpg\" alt=\"camera-2\" width=\"51\" height=\"51\"><\/td><td><a href=\"https:\/\/toledo.ufpr.br\/enfermagemtoledo\/normas-para-fotografias-de-formatura-no-campus-toledo-ufpr\/\" target=\"_blank\" rel=\"noreferrer noopener\">Normas para Fotografias de Formatura no Campus Toledo\/UFPR<\/a><\/td><\/tr><\/tbody><\/table><\/figure>\n\n\n\n<hr class=\"wp-block-separator has-text-color has-alpha-channel-opacity has-background\" style=\"background-color:#abb7c20f;color:#abb7c20f\"\/>\n\n\n\n<figure class=\"wp-block-table\"><table class=\"has-fixed-layout\"><tbody><tr><td>&nbsp;<img loading=\"lazy\" decoding=\"async\" src=\"https:\/\/toledo.ufpr.br\/wp-content\/uploads\/2022\/08\/pergaminho2.png\" alt=\"pergaminho2\" width=\"52\" height=\"52\"><\/td><td><a href=\"https:\/\/toledo.ufpr.br\/enfermagemtoledo\/wp-content\/uploads\/sites\/5\/2025\/11\/Juramento.pdf\" data-type=\"link\" data-id=\"https:\/\/toledo.ufpr.br\/enfermagemtoledo\/wp-content\/uploads\/sites\/5\/2025\/11\/Juramento.pdf\" target=\"_blank\" rel=\"noreferrer noopener\">Juramento do Curso de Enfermagem<\/a><\/td><\/tr><\/tbody><\/table><\/figure>\n\n\n\n<hr class=\"wp-block-separator has-alpha-channel-opacity\"\/>\n\n\n\n<p class=\"has-text-align-right\">Atualizado em 14\/11\/25<\/p>\n","protected":false},"excerpt":{"rendered":"<p>S\u00f3 estar\u00e3o liberados para a cola\u00e7\u00e3o de grau os alunos que integralizaram o curso j\u00e1 [&hellip;]<\/p>\n","protected":false},"author":2796,"featured_media":0,"parent":0,"menu_order":0,"comment_status":"closed","ping_status":"closed","template":"","meta":{"ngg_post_thumbnail":0,"footnotes":""},"class_list":["post-896","page","type-page","status-publish","hentry"],"_links":{"self":[{"href":"https:\/\/toledo.ufpr.br\/enfermagemtoledo\/wp-json\/wp\/v2\/pages\/896","targetHints":{"allow":["GET"]}}],"collection":[{"href":"https:\/\/toledo.ufpr.br\/enfermagemtoledo\/wp-json\/wp\/v2\/pages"}],"about":[{"href":"https:\/\/toledo.ufpr.br\/enfermagemtoledo\/wp-json\/wp\/v2\/types\/page"}],"author":[{"embeddable":true,"href":"https:\/\/toledo.ufpr.br\/enfermagemtoledo\/wp-json\/wp\/v2\/users\/2796"}],"replies":[{"embeddable":true,"href":"https:\/\/toledo.ufpr.br\/enfermagemtoledo\/wp-json\/wp\/v2\/comments?post=896"}],"version-history":[{"count":9,"href":"https:\/\/toledo.ufpr.br\/enfermagemtoledo\/wp-json\/wp\/v2\/pages\/896\/revisions"}],"predecessor-version":[{"id":964,"href":"https:\/\/toledo.ufpr.br\/enfermagemtoledo\/wp-json\/wp\/v2\/pages\/896\/revisions\/964"}],"wp:attachment":[{"href":"https:\/\/toledo.ufpr.br\/enfermagemtoledo\/wp-json\/wp\/v2\/media?parent=896"}],"curies":[{"name":"wp","href":"https:\/\/api.w.org\/{rel}","templated":true}]}}