{"id":888,"date":"2025-11-14T10:19:47","date_gmt":"2025-11-14T13:19:47","guid":{"rendered":"https:\/\/toledo.ufpr.br\/enfermagemtoledo\/?page_id=888"},"modified":"2025-11-14T10:21:28","modified_gmt":"2025-11-14T13:21:28","slug":"sem-solenidade","status":"publish","type":"page","link":"https:\/\/toledo.ufpr.br\/enfermagemtoledo\/sem-solenidade\/","title":{"rendered":"Sem Solenidade"},"content":{"rendered":"\n<p>A cola\u00e7\u00e3o SEM solenidade costuma ocorrer uma \u00fanica vez a cada semestre, habitualmente em data&nbsp;posterior&nbsp;\u00e0 cola\u00e7\u00e3o com solenidade de todos os cursos pertencentes ao Setor.<\/p>\n\n\n\n<p>Trata-se de um ato simples, realizado pela Dire\u00e7\u00e3o do Setor\/Campus, para todos os alunos dos cursos do Setor que n\u00e3o anteciparam o grau e nem realizaram a cola\u00e7\u00e3o <strong>COM<\/strong> solenidade.<\/p>\n\n\n\n<p><strong>Alunos que optarem por esta modalidade devem comunicar pelo e-mail <a href=\"internatotoledo@ufpr.br\">internatotoledo@ufpr.br<\/a>&nbsp;at\u00e9 40 dias antes da data prevista.<\/strong><\/p>\n\n\n\n<p>A data para&nbsp;<strong>cola\u00e7\u00e3o sem solenidade<\/strong>&nbsp;dos concluintes do 1\u00ba semestre de 2023 (T4):<\/p>\n\n\n\n<p>Data: <strong>28\/03\/2024<\/strong><\/p>\n\n\n\n<p>Hora: a definir (ser\u00e1 em hor\u00e1rio comercial)<\/p>\n\n\n\n<p>Local: Campus Toledo, em sala a definir.<\/p>\n\n\n\n<p>Data m\u00e1xima para manifesta\u00e7\u00e3o da inten\u00e7\u00e3o de cola\u00e7\u00e3o sem solenidade: <strong>19\/01\/2024<\/strong><\/p>\n\n\n\n<p>Maiores informa\u00e7\u00f5es como:<\/p>\n\n\n\n<p>>> n\u00famero de acompanhantes permitidos<br>>> sala de realiza\u00e7\u00e3o da cola\u00e7\u00e3o sem solenidade ser\u00e3o repassados mais pr\u00f3ximo \u00e0 data.<\/p>\n\n\n\n<hr class=\"wp-block-separator has-alpha-channel-opacity\"\/>\n\n\n\n<p class=\"has-text-align-right\">Atualizado em 14\/11\/25<\/p>\n","protected":false},"excerpt":{"rendered":"<p>A cola\u00e7\u00e3o SEM solenidade costuma ocorrer uma \u00fanica vez a cada semestre, habitualmente em data&nbsp;posterior&nbsp;\u00e0 [&hellip;]<\/p>\n","protected":false},"author":2796,"featured_media":0,"parent":0,"menu_order":0,"comment_status":"closed","ping_status":"closed","template":"","meta":{"ngg_post_thumbnail":0,"footnotes":""},"class_list":["post-888","page","type-page","status-publish","hentry"],"_links":{"self":[{"href":"https:\/\/toledo.ufpr.br\/enfermagemtoledo\/wp-json\/wp\/v2\/pages\/888","targetHints":{"allow":["GET"]}}],"collection":[{"href":"https:\/\/toledo.ufpr.br\/enfermagemtoledo\/wp-json\/wp\/v2\/pages"}],"about":[{"href":"https:\/\/toledo.ufpr.br\/enfermagemtoledo\/wp-json\/wp\/v2\/types\/page"}],"author":[{"embeddable":true,"href":"https:\/\/toledo.ufpr.br\/enfermagemtoledo\/wp-json\/wp\/v2\/users\/2796"}],"replies":[{"embeddable":true,"href":"https:\/\/toledo.ufpr.br\/enfermagemtoledo\/wp-json\/wp\/v2\/comments?post=888"}],"version-history":[{"count":3,"href":"https:\/\/toledo.ufpr.br\/enfermagemtoledo\/wp-json\/wp\/v2\/pages\/888\/revisions"}],"predecessor-version":[{"id":894,"href":"https:\/\/toledo.ufpr.br\/enfermagemtoledo\/wp-json\/wp\/v2\/pages\/888\/revisions\/894"}],"wp:attachment":[{"href":"https:\/\/toledo.ufpr.br\/enfermagemtoledo\/wp-json\/wp\/v2\/media?parent=888"}],"curies":[{"name":"wp","href":"https:\/\/api.w.org\/{rel}","templated":true}]}}