{"id":878,"date":"2025-11-14T10:13:08","date_gmt":"2025-11-14T13:13:08","guid":{"rendered":"https:\/\/toledo.ufpr.br\/enfermagemtoledo\/?page_id=878"},"modified":"2025-11-18T10:25:49","modified_gmt":"2025-11-18T13:25:49","slug":"antecipacao","status":"publish","type":"page","link":"https:\/\/toledo.ufpr.br\/enfermagemtoledo\/antecipacao\/","title":{"rendered":"Antecipa\u00e7\u00e3o"},"content":{"rendered":"\n<p class=\"has-text-align-center\"><strong><u>ORIENTA\u00c7\u00d5ES &#8211; COLA\u00c7\u00c3O DE GRAU ANTECIPADA&nbsp;<\/u><\/strong><\/p>\n\n\n<div class=\"wp-block-image\">\n<figure class=\"aligncenter\"><img decoding=\"async\" src=\"https:\/\/toledo.ufpr.br\/wp-content\/uploads\/2022\/08\/Formatura.jpg\" alt=\"formatura\" class=\"wp-image-6006\"\/><\/figure>\n<\/div>\n\n\n<p>A cola\u00e7\u00e3o de grau antecipada ocorre previamente \u00e0 solenidade de Cola\u00e7\u00e3o de Grau do curso de gradua\u00e7\u00e3o da UFPR. Possui natureza&nbsp;<strong>excepcional e reveste-se de car\u00e1ter de necessidade<\/strong>,&nbsp;devendo sua solicita\u00e7\u00e3o<strong>&nbsp;partir do aluno, de forma individual e ter anexada justificativa compat\u00edvel com a solicita\u00e7\u00e3o<\/strong>.<\/p>\n\n\n\n<p>Pode requerer a antecipa\u00e7\u00e3o de grau o aluno que estiver apto a colar o grau, observado o artigo 111 da Resolu\u00e7\u00e3o n. 37\/97-CEPE, e que se enquadre nos seguintes casos:<\/p>\n\n\n\n<blockquote class=\"wp-block-quote is-layout-flow wp-block-quote-is-layout-flow\">\n<p><strong><em>Resolu\u00e7\u00e3o CEPE 37\/97<\/em><\/strong><\/p>\n\n\n\n<p><em>Art. 111 Estar\u00e3o aptos a colar grau os alunos que tiverem cumprido todas as exig\u00eancias curriculares, que n\u00e3o possu\u00edrem pend\u00eancias relativas a documenta\u00e7\u00e3o e n\u00e3o estiverem, no \u00e2mbito da UFPR, respondendo a sindic\u00e2ncia\/inqu\u00e9rito ou cumprindo pena disciplinar.<\/em><\/p>\n<\/blockquote>\n\n\n\n<ol class=\"wp-block-list\">\n<li><strong>Posse em cargo p\u00fablico mediante convoca\u00e7\u00e3o em concurso p\u00fablico;<\/strong>\n<ul class=\"wp-block-list\">\n<li><strong>\u00bb&nbsp;<\/strong>Anexar edital de convoca\u00e7\u00e3o que comprove a necessidade de antecipa\u00e7\u00e3o de grau. <strong>Deixar destacado no anexo os campos que contenham o nome do aluno, documentos exigidos e data de apresenta\u00e7\u00e3o da documenta\u00e7\u00e3o.<\/strong><\/li>\n<\/ul>\n<\/li>\n\n\n\n<li><strong>Matr\u00edcula ou inscri\u00e7\u00e3o em Programas de P\u00f3s-gradua\u00e7\u00e3o ou Resid\u00eancia Multiprofissional;<\/strong>\n<ul class=\"wp-block-list\">\n<li><strong>\u00bb&nbsp;<\/strong>Anexar documenta\u00e7\u00e3o que comprove a necessidade da antecipa\u00e7\u00e3o de grau para a inscri\u00e7\u00e3o e\/ou matr\u00edcula e\/ou aprova\u00e7\u00e3o no programa e data de entrega da documenta\u00e7\u00e3o.<\/li>\n<\/ul>\n<\/li>\n\n\n\n<li><strong>Efetiva\u00e7\u00e3o em cargo de empresa da iniciativa privada;<\/strong>\n<ul class=\"wp-block-list\">\n<li><strong>\u00bb&nbsp;<\/strong>Anexar declara\u00e7\u00e3o da empresa contendo:\n<ul class=\"wp-block-list\">\n<li>\u21d2Dados da empresa: Nome, CNPJ, endere\u00e7o, contato do RH (nome, e-mail e telefone \u2013 para confer\u00eancia da declara\u00e7\u00e3o)<\/li>\n\n\n\n<li>\u21d2Dados do aluno: Nome e CPF do aluno<\/li>\n\n\n\n<li>\u21d2Dados da contrata\u00e7\u00e3o: cargo a ser ocupado e data de efetiva\u00e7\u00e3o compat\u00edvel com a necessidade de antecipa\u00e7\u00e3o de grau.<\/li>\n<\/ul>\n<\/li>\n<\/ul>\n<\/li>\n\n\n\n<li><strong>Estudantes de conv\u00eanios internacionais com necessidade de retorno ao pa\u00eds de origem antes da data prevista para a solenidade de cola\u00e7\u00e3o de grau;<\/strong>\n<ul class=\"wp-block-list\">\n<li><strong>\u00bb&nbsp;<\/strong>Anexar documento que comprove a necessidade da antecipa\u00e7\u00e3o de grau.<\/li>\n<\/ul>\n<\/li>\n\n\n\n<li><strong>Transfer\u00eancia&nbsp;<em>ex officio<\/em>&nbsp;do aluno ou do respons\u00e1vel, c\u00f4njuge ou companheiro.<\/strong>\n<ul class=\"wp-block-list\">\n<li><strong>\u00bb&nbsp;<\/strong>Anexar documento que comprove a necessidade da antecipa\u00e7\u00e3o de grau.<\/li>\n<\/ul>\n<\/li>\n<\/ol>\n\n\n\n<p>O aluno que necessitar antecipar o grau, deve preencher formul\u00e1rio de solicita\u00e7\u00e3o pr\u00f3prio\u00a0<strong>(<a href=\"https:\/\/toledo.ufpr.br\/enfermagemtoledo\/wp-content\/uploads\/sites\/5\/2025\/11\/Requerimento_Antecipacao-Colacao_campos-editaveis-1.pdf\" target=\"_blank\" rel=\"noreferrer noopener\">Requerimento de antecipa\u00e7\u00e3o de cola\u00e7\u00e3o de grau)<\/a>\u00a0<\/strong>e\u00a0<strong>anexar justificativa<\/strong>\u00a0que corrobore com o pedido.<\/p>\n\n\n\n<p>A solicita\u00e7\u00e3o deve ser encaminhada para o e-mail <strong><a href=\"mailto:internatotoledo@ufpr.br\">internatotoledo@ufpr.br<\/a><\/strong>&nbsp;com<strong>,&nbsp;no m\u00ednimo, 15 dias \u00fateis de anteced\u00eancia \u00e0 data que a cola\u00e7\u00e3o est\u00e1 sendo solicitada.<\/strong><\/p>\n\n\n\n<p>\u00bb Devido a elevada demanda de solicita\u00e7\u00f5es recebidas pela Secretaria Acad\u00eamica, <strong>5 dias \u00fateis<\/strong> s\u00e3o necess\u00e1rios para assegurar que o e-mail seja visualizado.<\/p>\n\n\n\n<p>\u00bb&nbsp;Uma vez que a secretaria acad\u00eamica inicia as tramita\u00e7\u00f5es no processo, o sistema exige,<strong>&nbsp;no m\u00ednimo, 10 dias \u00fateis&nbsp;para&nbsp;realizar o agendamento<\/strong>, n\u00e3o sendo poss\u00edvel que a Secretaria Acad\u00eamica realize o agendamento com data inferior;<\/p>\n\n\n\n<p>A cola\u00e7\u00e3o de grau antecipada \u00e9 presidida pela Dire\u00e7\u00e3o do Setor\/Campus e, por tanto,&nbsp;<strong>a confirma\u00e7\u00e3o da data depende da disponibilidade da agenda da Dire\u00e7\u00e3o<\/strong>.<\/p>\n\n\n\n<p>Uma vez que haja disponibilidade de data na Agenda da Dire\u00e7\u00e3o, o processo segue para an\u00e1lise nas demais inst\u00e2ncias da UFPR e, apenas quando o processo retorna, devidamente instru\u00eddo e <strong>autorizado pelo Gabinete da Reitoria<\/strong>&nbsp;\u00e9 que se tem autoriza\u00e7\u00e3o para realizar a outorga de grau antecipada.<\/p>\n\n\n\n<hr class=\"wp-block-separator has-alpha-channel-opacity\"\/>\n\n\n\n<h3 class=\"wp-block-heading\"><strong>Mandado Judicial<\/strong><\/h3>\n\n\n\n<p>Decis\u00f5es judiciais <strong>precisam <\/strong>ser direcionadas \u00e0 <strong>Procuradoria Federal Especializada junto \u00e0 UFPR<\/strong> (<a href=\"https:\/\/ufpr.br\/procuradoria-federal-especializada-junto-a-ufpr\/\" target=\"_blank\" rel=\"noreferrer noopener\">https:\/\/ufpr.br\/procuradoria-federal-especializada-junto-a-ufpr\/<\/a><a href=\"https:\/\/bkpportal.ufpr.br\/procuradoria-federal-na-ufpr\/).\" target=\"_blank\" rel=\"noreferrer noopener\">).<\/a> \u00c9 a Procuradoria quem dar\u00e1 os devidos encaminhamentos dentro do \u00e2mbito Institucional da UFPR.<\/p>\n\n\n\n<p>Nem o Curso, nem a Dire\u00e7\u00e3o possuem jurisdi\u00e7\u00e3o sobre este assunto.<\/p>\n\n\n\n<p><strong>Contato<\/strong>:<\/p>\n\n\n\n<p>Procuradoria Federal Especializada junto \u00e0 UFPR<br>Rua XV de Novembro, 1299<br>CEP 80060-000<br>Curitiba \u2013 Paran\u00e1<br>Telefones: (41) 3360-5010, 3360-5026 e 3360-5369<br>E-mail: <a href=\"mailto:pfpr.ufpr@agu.gov.br\" target=\"_blank\" rel=\"noreferrer noopener\">pfpr.ufpr@agu.gov.br<\/a>&nbsp;e&nbsp;pfufpr@ufpr.br<\/p>\n\n\n\n<hr class=\"wp-block-separator has-alpha-channel-opacity\"\/>\n\n\n\n<p class=\"has-text-align-right\">Atualizado em 14\/11\/25<\/p>\n","protected":false},"excerpt":{"rendered":"<p>ORIENTA\u00c7\u00d5ES &#8211; COLA\u00c7\u00c3O DE GRAU ANTECIPADA&nbsp; A cola\u00e7\u00e3o de grau antecipada ocorre previamente \u00e0 solenidade [&hellip;]<\/p>\n","protected":false},"author":2796,"featured_media":0,"parent":0,"menu_order":0,"comment_status":"closed","ping_status":"closed","template":"","meta":{"ngg_post_thumbnail":0,"footnotes":""},"class_list":["post-878","page","type-page","status-publish","hentry"],"_links":{"self":[{"href":"https:\/\/toledo.ufpr.br\/enfermagemtoledo\/wp-json\/wp\/v2\/pages\/878","targetHints":{"allow":["GET"]}}],"collection":[{"href":"https:\/\/toledo.ufpr.br\/enfermagemtoledo\/wp-json\/wp\/v2\/pages"}],"about":[{"href":"https:\/\/toledo.ufpr.br\/enfermagemtoledo\/wp-json\/wp\/v2\/types\/page"}],"author":[{"embeddable":true,"href":"https:\/\/toledo.ufpr.br\/enfermagemtoledo\/wp-json\/wp\/v2\/users\/2796"}],"replies":[{"embeddable":true,"href":"https:\/\/toledo.ufpr.br\/enfermagemtoledo\/wp-json\/wp\/v2\/comments?post=878"}],"version-history":[{"count":3,"href":"https:\/\/toledo.ufpr.br\/enfermagemtoledo\/wp-json\/wp\/v2\/pages\/878\/revisions"}],"predecessor-version":[{"id":958,"href":"https:\/\/toledo.ufpr.br\/enfermagemtoledo\/wp-json\/wp\/v2\/pages\/878\/revisions\/958"}],"wp:attachment":[{"href":"https:\/\/toledo.ufpr.br\/enfermagemtoledo\/wp-json\/wp\/v2\/media?parent=878"}],"curies":[{"name":"wp","href":"https:\/\/api.w.org\/{rel}","templated":true}]}}