{"id":861,"date":"2025-11-14T09:53:52","date_gmt":"2025-11-14T12:53:52","guid":{"rendered":"https:\/\/toledo.ufpr.br\/enfermagemtoledo\/?page_id=861"},"modified":"2025-11-14T09:55:55","modified_gmt":"2025-11-14T12:55:55","slug":"representacao-visual","status":"publish","type":"page","link":"https:\/\/toledo.ufpr.br\/enfermagemtoledo\/representacao-visual\/","title":{"rendered":"Representa\u00e7\u00e3o Visual do Diploma Digital (RVDD)"},"content":{"rendered":"\n<p>A RVDD do Diploma Digital \u00e9 uma c\u00f3pia impressa com as mesmas caracter\u00edsticas do diploma f\u00edsico, possui as mesmas caracter\u00edsticas do diploma f\u00edsico que a UFPR adota. &nbsp;A RVDD, apesar de n\u00e3o ser o diploma propriamente dito e n\u00e3o possuir validade legal, \u00e9 a interface para remeter, com aux\u00edlio do QR Code, para onde estar\u00e1 o Diploma Digital dentro do universo eletr\u00f4nico.<\/p>\n\n\n\n<p class=\"has-text-align-center\"><strong>Fluxo para a solicita\u00e7\u00e3o do da RVDD<\/strong><\/p>\n\n\n\n<figure class=\"wp-block-image size-full\"><img decoding=\"async\" src=\"https:\/\/toledo.ufpr.br\/medicinatoledo\/wp-content\/uploads\/sites\/3\/2024\/10\/Impressao_RVDD.png\" alt=\"\" class=\"wp-image-7970\"\/><\/figure>\n\n\n\n<p>1. Acessar e preencher o <a href=\"https:\/\/toledo.ufpr.br\/enfermagemtoledo\/wp-content\/uploads\/sites\/3\/2024\/10\/Requerimento_RVDD.pdf\" target=\"_blank\" rel=\"noreferrer noopener\">Formul\u00e1rio de Solicita\u00e7\u00e3o<\/a> da RVDD.<\/p>\n\n\n\n<p>2. Acessar o link para o pagamento das taxas da Universidade: <a href=\"https:\/\/intranet.ufpr.br\/arrecadacao\/public\/index.jsf\" target=\"_blank\" rel=\"noreferrer noopener\">https:\/\/intranet.ufpr.br\/arrecadacao\/public\/index.jsf<\/a> e seguir os passos abaixo:<\/p>\n\n\n\n\n\n<figure class=\"wp-block-image size-full is-resized\"><img decoding=\"async\" src=\"https:\/\/toledo.ufpr.br\/medicinatoledo\/wp-content\/uploads\/sites\/3\/2024\/10\/image.png\" alt=\"\" class=\"wp-image-7967\" style=\"width:789px;height:auto\"\/><\/figure>\n\n\n\n<p><\/p>\n\n\n\n<p>Clique em pagamentos e abrir\u00e3o todas as op\u00e7\u00f5es, para solicita\u00e7\u00f5es de impress\u00e3o da RVDD:<\/p>\n\n\n\n<figure class=\"wp-block-image size-full\"><img decoding=\"async\" src=\"https:\/\/toledo.ufpr.br\/medicinatoledo\/wp-content\/uploads\/sites\/3\/2024\/10\/image-1.png\" alt=\"\" class=\"wp-image-7968\"\/><\/figure>\n\n\n\n<p>O n\u00famero de refer\u00eancia a ser utilizado \u00e9 1715366206001.<br>O valor da taxa de impress\u00e3o da Representa\u00e7\u00e3o Visual do Diploma Digital (RVDD) \u00e9 R$ 70,00,<br>conforme <a href=\"https:\/\/toledo.ufpr.br\/enfermagemtoledo\/wp-content\/uploads\/sites\/3\/2024\/10\/RESOLUCAO_N__12_23_COPLAD.pdf\" data-type=\"link\" data-id=\"https:\/\/toledo.ufpr.br\/medicinatoledo\/wp-content\/uploads\/sites\/3\/2024\/10\/RESOLUCAO_N__12_23_COPLAD.pdf\" target=\"_blank\" rel=\"noreferrer noopener\">RESOLU\u00c7\u00c3O N\u00ba 12\/23-COPLAD<\/a>.<br>Ao final pode-se escolher a forma de pagamento entre PIX, cart\u00e3o de cr\u00e9dito ou a GRU<br>tradicional.<\/p>\n\n\n\n<p>3. Encaminhar um e-mail para a Coordena\u00e7\u00e3o do Curso (medicinatoledo@ufpr.br) contendo o formul\u00e1rio preenchido e o comprovante da taxa de pagamento.<\/p>\n\n\n\n<hr class=\"wp-block-separator has-alpha-channel-opacity\"\/>\n\n\n\n<p class=\"has-text-align-right\">Atualizado em 14\/11\/25<\/p>\n","protected":false},"excerpt":{"rendered":"<p>A RVDD do Diploma Digital \u00e9 uma c\u00f3pia impressa com as mesmas caracter\u00edsticas do diploma [&hellip;]<\/p>\n","protected":false},"author":2796,"featured_media":0,"parent":0,"menu_order":0,"comment_status":"closed","ping_status":"closed","template":"","meta":{"ngg_post_thumbnail":0,"footnotes":""},"class_list":["post-861","page","type-page","status-publish","hentry"],"_links":{"self":[{"href":"https:\/\/toledo.ufpr.br\/enfermagemtoledo\/wp-json\/wp\/v2\/pages\/861","targetHints":{"allow":["GET"]}}],"collection":[{"href":"https:\/\/toledo.ufpr.br\/enfermagemtoledo\/wp-json\/wp\/v2\/pages"}],"about":[{"href":"https:\/\/toledo.ufpr.br\/enfermagemtoledo\/wp-json\/wp\/v2\/types\/page"}],"author":[{"embeddable":true,"href":"https:\/\/toledo.ufpr.br\/enfermagemtoledo\/wp-json\/wp\/v2\/users\/2796"}],"replies":[{"embeddable":true,"href":"https:\/\/toledo.ufpr.br\/enfermagemtoledo\/wp-json\/wp\/v2\/comments?post=861"}],"version-history":[{"count":4,"href":"https:\/\/toledo.ufpr.br\/enfermagemtoledo\/wp-json\/wp\/v2\/pages\/861\/revisions"}],"predecessor-version":[{"id":870,"href":"https:\/\/toledo.ufpr.br\/enfermagemtoledo\/wp-json\/wp\/v2\/pages\/861\/revisions\/870"}],"wp:attachment":[{"href":"https:\/\/toledo.ufpr.br\/enfermagemtoledo\/wp-json\/wp\/v2\/media?parent=861"}],"curies":[{"name":"wp","href":"https:\/\/api.w.org\/{rel}","templated":true}]}}