{"id":855,"date":"2025-11-14T09:50:28","date_gmt":"2025-11-14T12:50:28","guid":{"rendered":"https:\/\/toledo.ufpr.br\/enfermagemtoledo\/?page_id=855"},"modified":"2025-11-14T09:51:13","modified_gmt":"2025-11-14T12:51:13","slug":"diplomas","status":"publish","type":"page","link":"https:\/\/toledo.ufpr.br\/enfermagemtoledo\/diplomas\/","title":{"rendered":"Diplomas"},"content":{"rendered":"\n<p><strong><a href=\"http:\/\/www.prograd.ufpr.br\/portal\/copap\/diplomas\/\" target=\"_blank\" rel=\"noreferrer noopener\">Unidade de Diplomas<\/a> \u2013 UDIP<\/strong><\/p>\n\n\n\n<p>A Unidade de Diplomas da UFPR \u00e9 respons\u00e1vel pela emiss\u00e3o e registro dos diplomas dos cursos de gradua\u00e7\u00e3o da Universidade, registro dos diplomas de diversas faculdades particulares e pela revalida\u00e7\u00e3o de diplomas estrangeiros.<\/p>\n\n\n\n<hr class=\"wp-block-separator has-alpha-channel-opacity\"\/>\n\n\n\n<h2 class=\"wp-block-heading\">Diploma Digital<\/h2>\n\n\n\n<p>Conforme determina\u00e7\u00e3o do\u00a0<a href=\"http:\/\/portal.mec.gov.br\/diplomadigital\/\" target=\"_blank\" rel=\"noreferrer noopener\">MEC<\/a>, os diplomas dos cursos de gradua\u00e7\u00e3o est\u00e3o sendo emitidos somente em formato digital.<\/p>\n\n\n\n<p>N\u00e3o \u00e9 mais necess\u00e1rio fazer nenhum tipo de solicita\u00e7\u00e3o de emiss\u00e3o de diplomas. Ap\u00f3s a cola\u00e7\u00e3o de grau passar pela SAAC, a Unidade de Diplomas est\u00e1 apta a emitir os diplomas e registrar. Os egressos podem acompanhar a emiss\u00e3o do diploma pelo SIGA, Portal do Egresso, ser\u00e1 neste ambiente que o titular ter\u00e1 acesso ao Diploma Digital e ao Hist\u00f3rico Escolar Final.<\/p>\n\n\n\n<p>O&nbsp;<strong>prazo&nbsp;<\/strong>para a confec\u00e7\u00e3o do diploma \u00e9 de&nbsp;<strong>60 dias, prorrog\u00e1vel por mais 60 dias ap\u00f3s a Cola\u00e7\u00e3o de Grau<\/strong>.<\/p>\n\n\n\n<p>Na modalidade de&nbsp;<strong>Diploma Digital, o diploma n\u00e3o ser\u00e1 impresso<\/strong>,&nbsp;<strong>ficando dispon\u00edvel apenas no formato digital composto por dois arquivos: XML e PDF da representa\u00e7\u00e3o visual.<\/strong><\/p>\n\n\n\n<p>O\u00a0<a href=\"https:\/\/toledo.ufpr.br\/medicinatoledo\/wp-content\/uploads\/sites\/3\/2024\/10\/Tutorial_Diploma_Digital___Perfil_Egresso-1.pdf\" target=\"_blank\" rel=\"noreferrer noopener\"><strong>Tutorial\u00a0<\/strong><\/a>para acesso ao Diploma Digital detalha maiores informa\u00e7\u00f5es.<\/p>\n\n\n\n<p><a href=\"https:\/\/toledo.ufpr.br\/enfermagemtoledo\/representacao-visual\/\" target=\"_blank\" rel=\"noreferrer noopener\"><strong>Como solicitar a Representa\u00e7\u00e3o Visual do Diploma Digital (RVDD)<\/strong><\/a><\/p>\n\n\n\n<hr class=\"wp-block-separator has-alpha-channel-opacity\"\/>\n\n\n\n<p><\/p>\n\n\n\n<h2 class=\"wp-block-heading\">Revalida\u00e7\u00e3o de Diploma <\/h2>\n\n\n\n<p>Assuntos referentes a revalida\u00e7\u00e3o de diplomas estrangeiros podem ser tratados pelo e-mail <em><strong>revalida@ufpr.br<\/strong><\/em> ou pelo site:\u00a0<a href=\"http:\/\/www.prograd.ufpr.br\/portal\/blog\/informativo\/orientacoes-para-revalidacao-de-diplomas-de-graduacao-estrangeiros\/\" target=\"_blank\" rel=\"noreferrer noopener\">Revalida\u00e7\u00e3o de Diplomas Estrangeiros<\/a>\u00a0 \u00a0<\/p>\n\n\n\n<hr class=\"wp-block-separator has-alpha-channel-opacity\"\/>\n\n\n\n<p class=\"has-text-align-right\">Atualizado em 14\/11\/25<\/p>\n","protected":false},"excerpt":{"rendered":"<p>Unidade de Diplomas \u2013 UDIP A Unidade de Diplomas da UFPR \u00e9 respons\u00e1vel pela emiss\u00e3o [&hellip;]<\/p>\n","protected":false},"author":2796,"featured_media":0,"parent":0,"menu_order":0,"comment_status":"closed","ping_status":"closed","template":"","meta":{"ngg_post_thumbnail":0,"footnotes":""},"class_list":["post-855","page","type-page","status-publish","hentry"],"_links":{"self":[{"href":"https:\/\/toledo.ufpr.br\/enfermagemtoledo\/wp-json\/wp\/v2\/pages\/855","targetHints":{"allow":["GET"]}}],"collection":[{"href":"https:\/\/toledo.ufpr.br\/enfermagemtoledo\/wp-json\/wp\/v2\/pages"}],"about":[{"href":"https:\/\/toledo.ufpr.br\/enfermagemtoledo\/wp-json\/wp\/v2\/types\/page"}],"author":[{"embeddable":true,"href":"https:\/\/toledo.ufpr.br\/enfermagemtoledo\/wp-json\/wp\/v2\/users\/2796"}],"replies":[{"embeddable":true,"href":"https:\/\/toledo.ufpr.br\/enfermagemtoledo\/wp-json\/wp\/v2\/comments?post=855"}],"version-history":[{"count":3,"href":"https:\/\/toledo.ufpr.br\/enfermagemtoledo\/wp-json\/wp\/v2\/pages\/855\/revisions"}],"predecessor-version":[{"id":858,"href":"https:\/\/toledo.ufpr.br\/enfermagemtoledo\/wp-json\/wp\/v2\/pages\/855\/revisions\/858"}],"wp:attachment":[{"href":"https:\/\/toledo.ufpr.br\/enfermagemtoledo\/wp-json\/wp\/v2\/media?parent=855"}],"curies":[{"name":"wp","href":"https:\/\/api.w.org\/{rel}","templated":true}]}}