{"id":822,"date":"2025-11-14T08:48:26","date_gmt":"2025-11-14T11:48:26","guid":{"rendered":"https:\/\/toledo.ufpr.br\/enfermagemtoledo\/?page_id=822"},"modified":"2026-01-06T15:11:05","modified_gmt":"2026-01-06T18:11:05","slug":"solicitacao-de-matricula","status":"publish","type":"page","link":"https:\/\/toledo.ufpr.br\/enfermagemtoledo\/solicitacao-de-matricula\/","title":{"rendered":"Solicita\u00e7\u00e3o de matr\u00edcula"},"content":{"rendered":"\n<p>\u00c9 de acordo com a <a href=\"https:\/\/toledo.ufpr.br\/enfermagemtoledo\/wp-content\/uploads\/sites\/3\/2025\/05\/Res-37-97-CEPE-atividades-academicas-alterada-pela-Res.-10-19-CEPE.pdf\" target=\"_blank\" rel=\"noreferrer noopener\">Resolu\u00e7\u00e3o N\u00ba 37\/97-CEPE<\/a>, Art. 39.<\/p>\n\n\n\n<p>\ud83d\uddd3\ufe0f Quando?<\/p>\n\n\n\n<p>No in\u00edcio de <strong>cada per\u00edodo letivo<\/strong>, conforme o calend\u00e1rio acad\u00eamico.<\/p>\n\n\n\n<hr class=\"wp-block-separator has-alpha-channel-opacity\"\/>\n\n\n\n<p>\ud83d\udc64 Para Alunos Veteranos:<\/p>\n\n\n\n<p>\u2705 A solicita\u00e7\u00e3o deve ser feita <strong>pelo(a) discente<\/strong> via sistema <strong>SIGA<\/strong>.<br>\ud83d\udccc Fique atento(a) aos prazos definidos no <strong>calend\u00e1rio acad\u00eamico<\/strong>.<\/p>\n\n\n\n<hr class=\"wp-block-separator has-alpha-channel-opacity\"\/>\n\n\n\n<p>\ud83c\udd95 Para Ingressantes no 1\u00ba Per\u00edodo:<\/p>\n\n\n\n<p>\u2705 A matr\u00edcula ser\u00e1 realizada <strong>automaticamente<\/strong> pelo sistema.<br>\ud83d\udeab <strong>N\u00e3o \u00e9 necess\u00e1rio<\/strong> solicitar matr\u00edcula no SIGA.<\/p>\n\n\n\n<hr class=\"wp-block-separator has-alpha-channel-opacity\"\/>\n\n\n\n<p>\ud83e\uddd1\u200d\ud83e\udd1d\u200d\ud83e\uddd1 Grupos TBL \u2013 Disciplinas Obrigat\u00f3rias:<\/p>\n\n\n\n<p>\ud83d\udce7 A <strong>divis\u00e3o de grupos<\/strong> ser\u00e1 enviada por <strong>e-mail para as turmas (*um dia antes de abrir o sistema*).<\/strong><br>\ud83d\udccc O(a) aluno(a) deve seguir essa divis\u00e3o ao se matricular nas disciplinas obrigat\u00f3rias.<\/p>\n\n\n\n<hr class=\"wp-block-separator has-alpha-channel-opacity\"\/>\n\n\n\n<p>\ud83d\udcd6 Tutorial \u2013 Como Solicitar a Matr\u00edcula no SIGA:<\/p>\n\n\n\n<p>\u27a1\ufe0f Acesse o tutorial na p\u00e1gina da <strong>UFPR Aberta<\/strong>:<br>\ud83d\udd17 <a href=\"https:\/\/ufpraberta.ufpr.br\/course\/view.php?id=9\">Clique aqui<\/a><br>\ud83e\udded V\u00e1 em:<br>Bloco 1 \u2013 Alunos e Alunas: Como solicitar a matr\u00edcula no SIGA.<\/p>\n\n\n\n<hr class=\"wp-block-separator has-alpha-channel-opacity\"\/>\n\n\n\n<p class=\"has-text-align-right\">Atualizada em 14\/11\/25<\/p>\n","protected":false},"excerpt":{"rendered":"<p>\u00c9 de acordo com a Resolu\u00e7\u00e3o N\u00ba 37\/97-CEPE, Art. 39. \ud83d\uddd3\ufe0f Quando? No in\u00edcio de [&hellip;]<\/p>\n","protected":false},"author":2796,"featured_media":0,"parent":0,"menu_order":0,"comment_status":"closed","ping_status":"closed","template":"","meta":{"ngg_post_thumbnail":0,"footnotes":""},"class_list":["post-822","page","type-page","status-publish","hentry"],"_links":{"self":[{"href":"https:\/\/toledo.ufpr.br\/enfermagemtoledo\/wp-json\/wp\/v2\/pages\/822","targetHints":{"allow":["GET"]}}],"collection":[{"href":"https:\/\/toledo.ufpr.br\/enfermagemtoledo\/wp-json\/wp\/v2\/pages"}],"about":[{"href":"https:\/\/toledo.ufpr.br\/enfermagemtoledo\/wp-json\/wp\/v2\/types\/page"}],"author":[{"embeddable":true,"href":"https:\/\/toledo.ufpr.br\/enfermagemtoledo\/wp-json\/wp\/v2\/users\/2796"}],"replies":[{"embeddable":true,"href":"https:\/\/toledo.ufpr.br\/enfermagemtoledo\/wp-json\/wp\/v2\/comments?post=822"}],"version-history":[{"count":4,"href":"https:\/\/toledo.ufpr.br\/enfermagemtoledo\/wp-json\/wp\/v2\/pages\/822\/revisions"}],"predecessor-version":[{"id":969,"href":"https:\/\/toledo.ufpr.br\/enfermagemtoledo\/wp-json\/wp\/v2\/pages\/822\/revisions\/969"}],"wp:attachment":[{"href":"https:\/\/toledo.ufpr.br\/enfermagemtoledo\/wp-json\/wp\/v2\/media?parent=822"}],"curies":[{"name":"wp","href":"https:\/\/api.w.org\/{rel}","templated":true}]}}