{"id":810,"date":"2025-11-14T08:45:24","date_gmt":"2025-11-14T11:45:24","guid":{"rendered":"https:\/\/toledo.ufpr.br\/enfermagemtoledo\/?page_id=810"},"modified":"2025-11-14T08:46:23","modified_gmt":"2025-11-14T11:46:23","slug":"exame-de-aproveitamento-de-conhecimento","status":"publish","type":"page","link":"https:\/\/toledo.ufpr.br\/enfermagemtoledo\/exame-de-aproveitamento-de-conhecimento\/","title":{"rendered":"\ud83d\udd0dExame de Aproveitamento de Conhecimento"},"content":{"rendered":"\n<p>\ud83d\udcc4 <em><a href=\"https:\/\/toledo.ufpr.br\/enfermagemtoledo\/wp-content\/uploads\/sites\/3\/2025\/05\/res-92-13-cepe-alteracao-resolucao-0610-alterado-pela-res-39-18.pdf\" target=\"_blank\" rel=\"noreferrer noopener\">Resolu\u00e7\u00e3o n\u00ba 92\/13 \u2013 CEPE<\/a> | <a href=\"https:\/\/toledo.ufpr.br\/enfermagemtoledo\/wp-content\/uploads\/sites\/3\/2025\/05\/instrucao-normativa-prograd-no-01-14.pdf\" target=\"_blank\" rel=\"noreferrer noopener\">IN n\u00ba 01\/14 \u2013 PROGRAD<\/a><\/em><\/p>\n\n\n\n<p>\u2705 Requisitos para Solicita\u00e7\u00e3o:<\/p>\n\n\n\n<p>\ud83d\udd39 <strong>Art. 20.<\/strong><br>\ud83c\udf93 O <strong>Aproveitamento de Conhecimento<\/strong> \u00e9 a atribui\u00e7\u00e3o de nota em disciplina da UFPR mediante <strong>comprova\u00e7\u00e3o de dom\u00ednio de conte\u00fado<\/strong>, por meio de <strong>aprova\u00e7\u00e3o em exame<\/strong> com <strong>nota igual ou superior a 50 (cinquenta)<\/strong>.<\/p>\n\n\n\n<p>\ud83d\udd39 <strong>Art. 21.<\/strong><br>\u2705 Ter\u00e1 direito ao exame de aproveitamento de conhecimento o(a) aluno(a) que:<br>\u2022 Tenha sido <strong>reprovado por nota<\/strong> na disciplina, <strong>pelo menos uma vez.<\/strong><br>\u2022 Tenha obtido <strong>frequ\u00eancia igual ou superior a 75%.<\/strong><\/p>\n\n\n\n<p>\ud83d\udd39 <strong>Art. 22.<\/strong><br>\ud83d\udcc5 O(a) aluno(a) poder\u00e1 solicitar <strong>at\u00e9 2 exames de aproveitamento de conhecimento por per\u00edodo acad\u00eamico<\/strong> (semestre\/ano).<\/p>\n\n\n\n<p>\ud83d\udd39 <strong>Art. 23.<\/strong><br>\ud83d\udd01 Cada disciplina s\u00f3 poder\u00e1 ter <strong>uma \u00fanica solicita\u00e7\u00e3o de exame de aproveitamento<\/strong> por aluno(a) durante o curso.<\/p>\n\n\n\n<p>\ud83d\udd39 <strong>Art. 24.<\/strong><br>\ud83d\udeab <strong>N\u00e3o \u00e9 permitida<\/strong> a solicita\u00e7\u00e3o de exame de aproveitamento por alunos <strong>matriculados regularmente na disciplina no mesmo per\u00edodo<\/strong>.<\/p>\n\n\n\n<hr class=\"wp-block-separator has-alpha-channel-opacity\"\/>\n\n\n\n<p>\ud83e\uddfe <strong>Como Solicitar<\/strong>:<\/p>\n\n\n\n<p>\ud83d\udcbb A solicita\u00e7\u00e3o deve ser feita <strong>pelo pr\u00f3prio aluno<\/strong>, via <strong>sistema SIGA<\/strong>, dentro do <strong>prazo previsto no <\/strong>calend\u00e1rio acad\u00eamico.<\/p>\n\n\n\n<hr class=\"wp-block-separator has-alpha-channel-opacity\"\/>\n\n\n\n<p>\ud83d\udd17 <strong>Mais Informa\u00e7\u00f5es<\/strong>:<\/p>\n\n\n\n<p>\ud83d\udccc Acesse o <strong>tutorial<\/strong> na p\u00e1gina <strong>UFPR Aberta<\/strong>, em:<\/p>\n\n\n\n<blockquote class=\"wp-block-quote is-layout-flow wp-block-quote-is-layout-flow\">\n<p><strong>Bloco 1 \u2013 Alunos e Alunas<\/strong><br>\ud83d\udc49 <a href=\"https:\/\/ufpraberta.ufpr.br\/course\/view.php?id=9\" target=\"_blank\" rel=\"noreferrer noopener\">https:\/\/ufpraberta.ufpr.br\/course\/view.php?id=9<\/a><\/p>\n<\/blockquote>\n\n\n\n<hr class=\"wp-block-separator has-alpha-channel-opacity\"\/>\n\n\n\n<p class=\"has-text-align-right\">Atualizado em 14\/11\/25<\/p>\n","protected":false},"excerpt":{"rendered":"<p>\ud83d\udcc4 Resolu\u00e7\u00e3o n\u00ba 92\/13 \u2013 CEPE | IN n\u00ba 01\/14 \u2013 PROGRAD \u2705 Requisitos para [&hellip;]<\/p>\n","protected":false},"author":2796,"featured_media":0,"parent":0,"menu_order":0,"comment_status":"closed","ping_status":"closed","template":"","meta":{"ngg_post_thumbnail":0,"footnotes":""},"class_list":["post-810","page","type-page","status-publish","hentry"],"_links":{"self":[{"href":"https:\/\/toledo.ufpr.br\/enfermagemtoledo\/wp-json\/wp\/v2\/pages\/810","targetHints":{"allow":["GET"]}}],"collection":[{"href":"https:\/\/toledo.ufpr.br\/enfermagemtoledo\/wp-json\/wp\/v2\/pages"}],"about":[{"href":"https:\/\/toledo.ufpr.br\/enfermagemtoledo\/wp-json\/wp\/v2\/types\/page"}],"author":[{"embeddable":true,"href":"https:\/\/toledo.ufpr.br\/enfermagemtoledo\/wp-json\/wp\/v2\/users\/2796"}],"replies":[{"embeddable":true,"href":"https:\/\/toledo.ufpr.br\/enfermagemtoledo\/wp-json\/wp\/v2\/comments?post=810"}],"version-history":[{"count":4,"href":"https:\/\/toledo.ufpr.br\/enfermagemtoledo\/wp-json\/wp\/v2\/pages\/810\/revisions"}],"predecessor-version":[{"id":820,"href":"https:\/\/toledo.ufpr.br\/enfermagemtoledo\/wp-json\/wp\/v2\/pages\/810\/revisions\/820"}],"wp:attachment":[{"href":"https:\/\/toledo.ufpr.br\/enfermagemtoledo\/wp-json\/wp\/v2\/media?parent=810"}],"curies":[{"name":"wp","href":"https:\/\/api.w.org\/{rel}","templated":true}]}}