{"id":800,"date":"2025-11-13T16:21:52","date_gmt":"2025-11-13T19:21:52","guid":{"rendered":"https:\/\/toledo.ufpr.br\/enfermagemtoledo\/?page_id=800"},"modified":"2025-11-13T16:36:11","modified_gmt":"2025-11-13T19:36:11","slug":"exame-de-adiantamento-de-conhecimento","status":"publish","type":"page","link":"https:\/\/toledo.ufpr.br\/enfermagemtoledo\/exame-de-adiantamento-de-conhecimento\/","title":{"rendered":"\ud83d\udcd8Exame de Adiantamento de Conhecimento"},"content":{"rendered":"\n<p><em>(<\/em><a href=\"https:\/\/toledo.ufpr.br\/enfermagemtoledo\/wp-content\/uploads\/sites\/5\/2025\/11\/res-92-13-cepe-alteracao-resolucao-0610-alterado-pela-res-39-18.pdf\" target=\"_blank\" rel=\"noreferrer noopener\">Resolu\u00e7\u00e3o n\u00ba 92\/13 \u2013 CEPE<\/a> e <a href=\"https:\/\/toledo.ufpr.br\/enfermagemtoledo\/wp-content\/uploads\/sites\/5\/2025\/11\/instrucao-normativa-prograd-no-01-14.pdf\" target=\"_blank\" rel=\"noreferrer noopener\">IN n\u00ba 01\/14 \u2013 PROGRAD)<\/a><em>.<\/em><\/p>\n\n\n\n<p><strong>\ud83d\udccc O que \u00e9?<\/strong><br>O adiantamento de conhecimento permite ao estudante obter nota em uma disciplina da UFPR sem precisar curs\u00e1-la, desde que comprove dom\u00ednio do conte\u00fado. Para isso, \u00e9 necess\u00e1rio ser aprovado em um exame, com nota igual ou superior a 50 (cinquenta).<\/p>\n\n\n\n<hr class=\"wp-block-separator has-alpha-channel-opacity\"\/>\n\n\n\n<p><strong>\ud83d\udcc2 O que deve constar no pedido?<\/strong><\/p>\n\n\n\n<ul class=\"wp-block-list\">\n<li><strong>Documentos comprobat\u00f3rios<\/strong> que demonstrem seu dom\u00ednio do conte\u00fado da disciplina (ex.: certificados, hist\u00f3ricos escolares);<br><strong>ou<\/strong><\/li>\n\n\n\n<li><strong>Uma justificativa detalhada<\/strong>, explicando como e por que voc\u00ea possui conhecimento suficiente sobre o conte\u00fado, mesmo sem documentos formais.<\/li>\n<\/ul>\n\n\n\n<hr class=\"wp-block-separator has-alpha-channel-opacity\"\/>\n\n\n\n<p>\ud83e\uddfe <strong>Como Solicitar<\/strong>:<\/p>\n\n\n\n<p>\ud83d\udcbb A solicita\u00e7\u00e3o deve ser feita <strong>pelo pr\u00f3prio aluno<\/strong>, via <strong>sistema SIGA<\/strong>, dentro do <strong>prazo previsto no <\/strong>calend\u00e1rio acad\u00eamico.<\/p>\n\n\n\n<hr class=\"wp-block-separator has-alpha-channel-opacity\"\/>\n\n\n\n<p>\ud83d\udd17 <strong>Mais Informa\u00e7\u00f5es<\/strong>:<\/p>\n\n\n\n<p>\ud83d\udccc Acesse o <strong>tutorial<\/strong> na p\u00e1gina <strong>UFPR Aberta<\/strong>, em:<\/p>\n\n\n\n<blockquote class=\"wp-block-quote is-layout-flow wp-block-quote-is-layout-flow\">\n<p><strong>Bloco 1 \u2013 Alunos e Alunas<\/strong><br>\ud83d\udc49 <a href=\"https:\/\/ufpraberta.ufpr.br\/course\/view.php?id=9\" target=\"_blank\" rel=\"noreferrer noopener\">https:\/\/ufpraberta.ufpr.br\/course\/view.php?id=9<\/a><\/p>\n<\/blockquote>\n\n\n\n<hr class=\"wp-block-separator has-alpha-channel-opacity\"\/>\n\n\n\n<p class=\"has-text-align-right\">Atualizado em 13\/11\/25<\/p>\n","protected":false},"excerpt":{"rendered":"<p>(Resolu\u00e7\u00e3o n\u00ba 92\/13 \u2013 CEPE e IN n\u00ba 01\/14 \u2013 PROGRAD). \ud83d\udccc O que \u00e9?O [&hellip;]<\/p>\n","protected":false},"author":2796,"featured_media":0,"parent":0,"menu_order":0,"comment_status":"closed","ping_status":"closed","template":"","meta":{"ngg_post_thumbnail":0,"footnotes":""},"class_list":["post-800","page","type-page","status-publish","hentry"],"_links":{"self":[{"href":"https:\/\/toledo.ufpr.br\/enfermagemtoledo\/wp-json\/wp\/v2\/pages\/800","targetHints":{"allow":["GET"]}}],"collection":[{"href":"https:\/\/toledo.ufpr.br\/enfermagemtoledo\/wp-json\/wp\/v2\/pages"}],"about":[{"href":"https:\/\/toledo.ufpr.br\/enfermagemtoledo\/wp-json\/wp\/v2\/types\/page"}],"author":[{"embeddable":true,"href":"https:\/\/toledo.ufpr.br\/enfermagemtoledo\/wp-json\/wp\/v2\/users\/2796"}],"replies":[{"embeddable":true,"href":"https:\/\/toledo.ufpr.br\/enfermagemtoledo\/wp-json\/wp\/v2\/comments?post=800"}],"version-history":[{"count":4,"href":"https:\/\/toledo.ufpr.br\/enfermagemtoledo\/wp-json\/wp\/v2\/pages\/800\/revisions"}],"predecessor-version":[{"id":807,"href":"https:\/\/toledo.ufpr.br\/enfermagemtoledo\/wp-json\/wp\/v2\/pages\/800\/revisions\/807"}],"wp:attachment":[{"href":"https:\/\/toledo.ufpr.br\/enfermagemtoledo\/wp-json\/wp\/v2\/media?parent=800"}],"curies":[{"name":"wp","href":"https:\/\/api.w.org\/{rel}","templated":true}]}}