{"id":486,"date":"2025-11-12T16:14:08","date_gmt":"2025-11-12T19:14:08","guid":{"rendered":"https:\/\/toledo.ufpr.br\/enfermagemtoledo\/?page_id=486"},"modified":"2025-11-13T10:13:16","modified_gmt":"2025-11-13T13:13:16","slug":"programa-de-orientacao-academica-poa","status":"publish","type":"page","link":"https:\/\/toledo.ufpr.br\/enfermagemtoledo\/programa-de-orientacao-academica-poa\/","title":{"rendered":"Programa de Orienta\u00e7\u00e3o Acad\u00eamica (POA)"},"content":{"rendered":"\n<p>O Programa de Orienta\u00e7\u00e3o Acad\u00eamica do Curso de Enfermagem do Campus Toledo, tem como objetivo geral acompanhar e orientar por meio de tutoria os\/as estudantes do Curso de Enfermagem em sua trajet\u00f3ria acad\u00eamica, com intuito de acolher as concep\u00e7\u00f5es, d\u00favidas, experi\u00eancias e sugest\u00f5es de cada sujeito.<\/p>\n\n\n\n<p>Regulamento do Programa de Orienta\u00e7\u00e3o Acad\u00eamica: <a href=\"https:\/\/toledo.ufpr.br\/enfermagemtoledo\/wp-content\/uploads\/sites\/5\/2025\/11\/REGULAMENTO-DO-PROGRAMA-DE-ORIENTACAO-ENFERMAGEM-TOLEDO.pdf\" target=\"_blank\" rel=\"noreferrer noopener\"><img decoding=\"async\" class=\"wp-image-7605\" style=\"width: 50px;\" src=\"https:\/\/toledo.ufpr.br\/medicinatoledo\/wp-content\/uploads\/sites\/3\/2024\/09\/image-e1726165696764.png\" alt=\"\"><\/a><\/p>\n\n\n\n<hr class=\"wp-block-separator has-alpha-channel-opacity\"\/>\n\n\n\n<p class=\"has-text-align-right\">Atualizado em 12\/11\/25<\/p>\n","protected":false},"excerpt":{"rendered":"<p>O Programa de Orienta\u00e7\u00e3o Acad\u00eamica do Curso de Enfermagem do Campus Toledo, tem como objetivo [&hellip;]<\/p>\n","protected":false},"author":2796,"featured_media":0,"parent":0,"menu_order":0,"comment_status":"closed","ping_status":"closed","template":"","meta":{"ngg_post_thumbnail":0,"footnotes":""},"class_list":["post-486","page","type-page","status-publish","hentry"],"_links":{"self":[{"href":"https:\/\/toledo.ufpr.br\/enfermagemtoledo\/wp-json\/wp\/v2\/pages\/486","targetHints":{"allow":["GET"]}}],"collection":[{"href":"https:\/\/toledo.ufpr.br\/enfermagemtoledo\/wp-json\/wp\/v2\/pages"}],"about":[{"href":"https:\/\/toledo.ufpr.br\/enfermagemtoledo\/wp-json\/wp\/v2\/types\/page"}],"author":[{"embeddable":true,"href":"https:\/\/toledo.ufpr.br\/enfermagemtoledo\/wp-json\/wp\/v2\/users\/2796"}],"replies":[{"embeddable":true,"href":"https:\/\/toledo.ufpr.br\/enfermagemtoledo\/wp-json\/wp\/v2\/comments?post=486"}],"version-history":[{"count":4,"href":"https:\/\/toledo.ufpr.br\/enfermagemtoledo\/wp-json\/wp\/v2\/pages\/486\/revisions"}],"predecessor-version":[{"id":635,"href":"https:\/\/toledo.ufpr.br\/enfermagemtoledo\/wp-json\/wp\/v2\/pages\/486\/revisions\/635"}],"wp:attachment":[{"href":"https:\/\/toledo.ufpr.br\/enfermagemtoledo\/wp-json\/wp\/v2\/media?parent=486"}],"curies":[{"name":"wp","href":"https:\/\/api.w.org\/{rel}","templated":true}]}}