{"id":477,"date":"2025-11-12T15:17:37","date_gmt":"2025-11-12T18:17:37","guid":{"rendered":"https:\/\/toledo.ufpr.br\/enfermagemtoledo\/?page_id=477"},"modified":"2025-11-12T15:21:22","modified_gmt":"2025-11-12T18:21:22","slug":"unidade-de-assuntos-estudantis","status":"publish","type":"page","link":"https:\/\/toledo.ufpr.br\/enfermagemtoledo\/unidade-de-assuntos-estudantis\/","title":{"rendered":"Unidade de Assuntos Estudantis"},"content":{"rendered":"\n<p class=\"has-text-color has-link-color has-medium-font-size wp-elements-1a8998250770db0b58131e0fba61b3bc\" style=\"color:#044d33\"><strong>Sobre a Unidade de Assuntos Estudantis <\/strong><\/p>\n\n\n\n<p>A Unidade de Assuntos Estudantis do <em>campus<\/em> Toledo tem por objetivo acolher, orientar, acompanhar e encaminhar para outros profissionais e servi\u00e7os, quando necess\u00e1rio os(as) estudantes do <em>campus<\/em> de acordo com as demandas apresentadas, tais como:<\/p>\n\n\n\n<ul class=\"wp-block-list\">\n<li>Assist\u00eancia Estudantil: orienta\u00e7\u00e3o sobre aux\u00edlios financeiros e outras modalidades de aux\u00edlios existentes na Universidade; realiza\u00e7\u00e3o de avalia\u00e7\u00e3o socioecon\u00f4mica; acompanhamento pr\u00f3prio do Servi\u00e7o Social para orienta\u00e7\u00f5es e acompanhamento relacionado a demandas diversas e, se necess\u00e1rio, encaminhamento para acompanhamento psicol\u00f3gico e pedag\u00f3gico, dentre outras atividades;<\/li>\n\n\n\n<li>Educa\u00e7\u00e3o Especial: atendimento aos estudantes com defici\u00eancia, com transtorno do espectro autista ou com necessidades espec\u00edficas de acompanhamento e\/ou adapta\u00e7\u00f5es;<\/li>\n\n\n\n<li>Suporte a estudantes ind\u00edgenas, quilombolas, migrantes e refugiados;<\/li>\n\n\n\n<li>Tradu\u00e7\u00e3o e Interpreta\u00e7\u00e3o em Libras de acordo com a demanda da comunidade acad\u00eamica;<\/li>\n\n\n\n<li>Orienta\u00e7\u00f5es a docentes, t\u00e9cnicos-administrativos, coordena\u00e7\u00e3o e dire\u00e7\u00e3o de <em>campus<\/em> sobre demandas que envolvem os acad\u00eamicos do curso;<\/li>\n\n\n\n<li>Divulga\u00e7\u00e3o de informa\u00e7\u00f5es;<\/li>\n\n\n\n<li>Promo\u00e7\u00e3o de atividades educativas de acordo com a demanda.<\/li>\n<\/ul>\n\n\n\n<p>As atividades s\u00e3o realizadas tamb\u00e9m em conjunto com a Pr\u00f3-Reitoria de Pertencimento e Pol\u00edticas de Perman\u00eancia Estudantil (P4E) e com a Pr\u00f3-Reitoria de A\u00e7\u00f5es Afirmativas e Equidade (PROAFE).<\/p>\n\n\n\n<div class=\"wp-block-group is-vertical is-layout-flex wp-container-core-group-is-layout-8cf370e7 wp-block-group-is-layout-flex\">\n<p class=\"has-text-color has-link-color wp-elements-89bf853325b48fa290a077917cebc23b\" style=\"color:#21694a\"><strong>Equipe: <\/strong><\/p>\n\n\n\n<p class=\"has-text-color has-link-color wp-elements-42c90916368677f94e3c14e8f8dabf60\" style=\"color:#21694a\">            <strong>Assistente Social: Jaqueline Budny       <\/strong><\/p>\n\n\n\n<p class=\"has-text-color has-link-color wp-elements-4c5eb84c9267fd2fbea182855edfe00e\" style=\"color:#21694a\">             <strong>E-mail: ssocialtoledo@ufpr.br <\/strong><\/p>\n\n\n\n<p><\/p>\n<\/div>\n\n\n\n<div class=\"wp-block-group\"><div class=\"wp-block-group__inner-container is-layout-constrained wp-block-group-is-layout-constrained\">\n<div class=\"wp-block-group is-vertical is-layout-flex wp-container-core-group-is-layout-8cf370e7 wp-block-group-is-layout-flex\">\n<p class=\"has-text-color has-link-color wp-elements-443703b44115c68752725e1d5401f570\" style=\"color:#21694a\">            <strong>Tradutor e Int\u00e9rprete de Libras: Thiago Rafael Mazzarollo    <\/strong><\/p>\n\n\n\n<p class=\"has-text-color has-link-color wp-elements-8b7c0fc7af87cfd7427d5c77d808aac8\" style=\"color:#21694a\">             <strong>E-mail: thiago.mazzarollo@ufpr.br<\/strong><\/p>\n<\/div>\n<\/div><\/div>\n\n\n\n<p><\/p>\n\n\n\n<p class=\"has-vivid-purple-color has-text-color has-link-color has-medium-font-size wp-elements-270fe22b4f6500ee19b966b25f4c8f9b\"><strong>Sobre a Pr\u00f3-Reitoria de Pertencimento e Pol\u00edticas de Perman\u00eancia Estudantil (P4E)<\/strong><\/p>\n\n\n\n<p>A&nbsp;<strong>Pr\u00f3-Reitoria de Pertencimento e Pol\u00edticas de Perman\u00eancia Estudantil (P4E)<\/strong>&nbsp;tem como principal objetivo desenvolver e consolidar pol\u00edticas institucionais que garantam a&nbsp;perman\u00eancia, o pertencimento e o sucesso acad\u00eamico das(os) estudantes da UFPR. Sua atua\u00e7\u00e3o se baseia em uma abordagem que valoriza&nbsp;a inclus\u00e3o, o desenvolvimento integral e a equidade, assegurando que todas(os) as(os) estudantes possam concluir sua forma\u00e7\u00e3o com qualidade de vida, participa\u00e7\u00e3o ativa na comunidade acad\u00eamica e perspectivas de crescimento pessoal e profissional.<\/p>\n\n\n\n<p><\/p>\n\n\n\n<p class=\"has-vivid-purple-color has-text-color has-link-color has-medium-font-size wp-elements-eff6ed74aa14eac06251ab5a73d27284\"><strong><b>Apoio Psicol\u00f3gico<\/b><\/strong><\/p>\n\n\n\n<p>A P4E&nbsp; disponibiliza o atendimento Psicol\u00f3gico para os estudantes do <em>campus<\/em> Toledo de forma remota:<\/p>\n\n\n\n<p>Para agendamento envie um e-mail para<strong>: toledo.p4e@ufpr.br<\/strong><\/p>\n\n\n\n<p><\/p>\n\n\n\n<p class=\"has-vivid-purple-color has-text-color has-link-color has-medium-font-size wp-elements-f24fa6c97b76141794dee36012508e5b\"><strong>Rede de Escuta e Apoio estudantil<\/strong><\/p>\n\n\n\n<p>A P4E disponibiliza uma Rede de Escuta e Apoio Estudantil para acessar basta clicar neste link: <a href=\"https:\/\/prae.ufpr.br\/comunicacao-de-trotes-e-acolhimento\/\" target=\"_blank\" rel=\"noreferrer noopener\">https:\/\/prae.ufpr.br\/comunicacao-de-trotes-e-acolhimento\/<\/a><\/p>\n\n\n\n<p><span style=\"font-size: revert;color: initial\">Mais informa\u00e7\u00f5es sobre os programas e editais disponibilizados acessar o site da <\/span><a href=\"http:\/\/www.prae.ufpr.br\/prae\/\" target=\"_blank\" rel=\"noreferrer noopener\">Pr\u00f3-Reitoria de Pertencimento e Pol\u00edticas de Perman\u00eancia Estudantil <\/a><span style=\"font-size: revert;color: initial\">.<\/span><br><\/p>\n\n\n\n<p><\/p>\n\n\n\n<p class=\"has-text-color has-link-color has-medium-font-size wp-elements-50605c009421326a20355bfdda1840ff\" style=\"color:#f18233\"><strong>Sobre a Pr\u00f3-Reitoria de A\u00e7\u00f5es Afirmativas e Equidade (PROAFE)<\/strong><\/p>\n\n\n\n<p>Sobre a <strong>Pr\u00f3-Reitoria de A\u00e7\u00f5es Afirmativas e Equidade (PROAFE)<\/strong> tem como miss\u00e3o propor, fortalecer e concretizar pol\u00edticas de promo\u00e7\u00e3o de igualdade e da defesa de Direitos Humanos, visando o desenvolvimento de a\u00e7\u00f5es afirmativas; o reconhecimento da diferen\u00e7a e da diversidade; o atendimento aos direitos de pessoas com defici\u00eancia, altas habilidades\/superdota\u00e7\u00e3o, pessoas surdas, pessoas negras, pessoas ind\u00edgenas, quilombolas, comunidades tradicionais, povos do campo, mulheres, LGBTIs, migrantes, refugiados\/as, solicitantes de ref\u00fagio ou portadores\/as de acolhida humanit\u00e1ria, ap\u00e1tridas e outros grupos hist\u00f3rica e socialmente subalternizados, no \u00e2mbito acad\u00eamico, pedag\u00f3gico e institucional da comunidade da UFPR.<\/p>\n\n\n\n<p><span style=\"font-size: revert;color: initial\">Mais informa\u00e7\u00f5es sobre os programas e editais disponibilizados acessar o site da <\/span><a href=\"http:\/\/www.sipad.ufpr.br\/\" target=\"_blank\" rel=\"noreferrer noopener\">Pr\u00f3-Reitoria de A\u00e7\u00f5es Afirmativas e Equidade<\/a><\/p>\n\n\n\n<p><em>Quantitativo de estudantes atendidos pelos PROGRAMAS da PRAE a partir do ano de 2018<\/em>:\u00a0<a href=\"https:\/\/toledo.ufpr.br\/wp-content\/uploads\/2022\/01\/Quantitativo-de-estudantes-atendidos-pelos-PROGRAMAS-da-PRAE-no-campus-Toledo.pdf\" target=\"_blank\" rel=\"noreferrer noopener\">Quantitativo-de-estudantes-atendidos-pelos-programas-da-prae-no-campus-Toledo<\/a><\/p>\n\n\n\n<p>Informa\u00e7\u00f5es sobre estudantes que recebem aux\u00edlios estudantis acessar: <a href=\"https:\/\/p4e.ufpr.br\/portal-da-transparencia\/\" target=\"_blank\" rel=\"noreferrer noopener\">https:\/\/p4e.ufpr.br\/portal-da-transparencia\/<\/a><\/p>\n\n\n\n<hr class=\"wp-block-separator has-alpha-channel-opacity\"\/>\n\n\n\n<p class=\"has-text-align-right\">Atualizado em 12\/11\/25<\/p>\n","protected":false},"excerpt":{"rendered":"<p>Sobre a Unidade de Assuntos Estudantis A Unidade de Assuntos Estudantis do campus Toledo tem [&hellip;]<\/p>\n","protected":false},"author":2796,"featured_media":0,"parent":0,"menu_order":0,"comment_status":"closed","ping_status":"closed","template":"","meta":{"ngg_post_thumbnail":0,"footnotes":""},"class_list":["post-477","page","type-page","status-publish","hentry"],"_links":{"self":[{"href":"https:\/\/toledo.ufpr.br\/enfermagemtoledo\/wp-json\/wp\/v2\/pages\/477","targetHints":{"allow":["GET"]}}],"collection":[{"href":"https:\/\/toledo.ufpr.br\/enfermagemtoledo\/wp-json\/wp\/v2\/pages"}],"about":[{"href":"https:\/\/toledo.ufpr.br\/enfermagemtoledo\/wp-json\/wp\/v2\/types\/page"}],"author":[{"embeddable":true,"href":"https:\/\/toledo.ufpr.br\/enfermagemtoledo\/wp-json\/wp\/v2\/users\/2796"}],"replies":[{"embeddable":true,"href":"https:\/\/toledo.ufpr.br\/enfermagemtoledo\/wp-json\/wp\/v2\/comments?post=477"}],"version-history":[{"count":3,"href":"https:\/\/toledo.ufpr.br\/enfermagemtoledo\/wp-json\/wp\/v2\/pages\/477\/revisions"}],"predecessor-version":[{"id":485,"href":"https:\/\/toledo.ufpr.br\/enfermagemtoledo\/wp-json\/wp\/v2\/pages\/477\/revisions\/485"}],"wp:attachment":[{"href":"https:\/\/toledo.ufpr.br\/enfermagemtoledo\/wp-json\/wp\/v2\/media?parent=477"}],"curies":[{"name":"wp","href":"https:\/\/api.w.org\/{rel}","templated":true}]}}