{"id":415,"date":"2025-11-12T14:23:17","date_gmt":"2025-11-12T17:23:17","guid":{"rendered":"https:\/\/toledo.ufpr.br\/enfermagemtoledo\/?page_id=415"},"modified":"2025-11-13T10:04:06","modified_gmt":"2025-11-13T13:04:06","slug":"projeto-pedagogico","status":"publish","type":"page","link":"https:\/\/toledo.ufpr.br\/enfermagemtoledo\/projeto-pedagogico\/","title":{"rendered":"Projeto Pedag\u00f3gico"},"content":{"rendered":"\n<p>O Projeto Pedag\u00f3gico do Curso de Enfermagem em implementa\u00e7\u00e3o na Cidade de Toledo decorre de uma constru\u00e7\u00e3o coletiva desenvolvida pelos professores, Coordena\u00e7\u00e3o do Curso de Medicina e Dire\u00e7\u00e3o do Campus Toledo.<\/p>\n\n\n\n<p><strong><a href=\"https:\/\/toledo.ufpr.br\/enfermagemtoledo\/wp-content\/uploads\/sites\/5\/2025\/11\/Projeto-Pedagogico-do-Curso-PPC.pdf\" data-type=\"link\" data-id=\"https:\/\/toledo.ufpr.br\/wp-content\/uploads\/2025\/11\/Projeto-Pedagogico-do-Curso-PPC.pdf\" target=\"_blank\" rel=\"noreferrer noopener\">Acesse aqui o Projeto Pedag\u00f3gico do Curso de Enfermagem<\/a><\/strong><\/p>\n\n\n\n<hr class=\"wp-block-separator has-alpha-channel-opacity\"\/>\n\n\n\n<h2 class=\"wp-block-heading\"><strong>DADOS GERAIS DO CURSO<\/strong><\/h2>\n\n\n\n<p>Denomina\u00e7\u00e3o: Curso de Gradua\u00e7\u00e3o em Enfermagem Grau: Bacharelado<\/p>\n\n\n\n<p>N\u00edvel: Superior Modalidade: Presencial N\u00famero de vagas: 60 vagas, com entradas de 30 alunos a cada semestre<\/p>\n\n\n\n<p>Regime de matr\u00edcula: Semestral<\/p>\n\n\n\n<p><strong>Turno: Matutino<\/strong><strong><\/strong><\/p>\n\n\n\n<p>Carga hor\u00e1ria curricular total: 4.118 horas<\/p>\n\n\n\n<p>Integraliza\u00e7\u00e3o curricular: m\u00ednimo de 10 (dez) e m\u00e1ximo de 15 (quinze) semestres letivos Diploma concedido: Enfermeiro\/Enfermeira (Bacharel em Enfermagem)<\/p>\n\n\n\n<hr class=\"wp-block-separator has-alpha-channel-opacity\"\/>\n\n\n\n<p class=\"has-text-align-right\">Atualizado em 12\/11\/25<\/p>\n","protected":false},"excerpt":{"rendered":"<p>O Projeto Pedag\u00f3gico do Curso de Enfermagem em implementa\u00e7\u00e3o na Cidade de Toledo decorre de [&hellip;]<\/p>\n","protected":false},"author":2796,"featured_media":0,"parent":0,"menu_order":0,"comment_status":"closed","ping_status":"closed","template":"","meta":{"ngg_post_thumbnail":0,"footnotes":""},"class_list":["post-415","page","type-page","status-publish","hentry"],"_links":{"self":[{"href":"https:\/\/toledo.ufpr.br\/enfermagemtoledo\/wp-json\/wp\/v2\/pages\/415","targetHints":{"allow":["GET"]}}],"collection":[{"href":"https:\/\/toledo.ufpr.br\/enfermagemtoledo\/wp-json\/wp\/v2\/pages"}],"about":[{"href":"https:\/\/toledo.ufpr.br\/enfermagemtoledo\/wp-json\/wp\/v2\/types\/page"}],"author":[{"embeddable":true,"href":"https:\/\/toledo.ufpr.br\/enfermagemtoledo\/wp-json\/wp\/v2\/users\/2796"}],"replies":[{"embeddable":true,"href":"https:\/\/toledo.ufpr.br\/enfermagemtoledo\/wp-json\/wp\/v2\/comments?post=415"}],"version-history":[{"count":6,"href":"https:\/\/toledo.ufpr.br\/enfermagemtoledo\/wp-json\/wp\/v2\/pages\/415\/revisions"}],"predecessor-version":[{"id":627,"href":"https:\/\/toledo.ufpr.br\/enfermagemtoledo\/wp-json\/wp\/v2\/pages\/415\/revisions\/627"}],"wp:attachment":[{"href":"https:\/\/toledo.ufpr.br\/enfermagemtoledo\/wp-json\/wp\/v2\/media?parent=415"}],"curies":[{"name":"wp","href":"https:\/\/api.w.org\/{rel}","templated":true}]}}