{"id":408,"date":"2025-11-12T14:18:30","date_gmt":"2025-11-12T17:18:30","guid":{"rendered":"https:\/\/toledo.ufpr.br\/enfermagemtoledo\/?page_id=408"},"modified":"2025-11-13T10:02:37","modified_gmt":"2025-11-13T13:02:37","slug":"matriz-curricular","status":"publish","type":"page","link":"https:\/\/toledo.ufpr.br\/enfermagemtoledo\/matriz-curricular\/","title":{"rendered":"Matriz Curricular"},"content":{"rendered":"\n<p>O curso contempla uma matriz com dura\u00e7\u00e3o de <strong>cinco anos<\/strong>, dez semestres letivos, em per\u00edodo <strong>MATUTINO<\/strong>. Prev\u00ea-se uma estrutura modular para disciplinas do 1\u00ba ao 8\u00ba per\u00edodo do curso, com vistas a interdisciplinaridade no ensino, e os dois \u00faltimos semestres do curso compreendem o Est\u00e1gio Curricular Supervisionado.<\/p>\n\n\n\n<p>O curr\u00edculo foi organizado de modo a incluir as atividades formativas complementares, considerar a import\u00e2ncia da indissociabilidade entre ensino, pesquisa e extens\u00e3o, da indissociabilidade entre teoria e pr\u00e1tica e da integra\u00e7\u00e3o com a comunidade para o desenvolvimento de compet\u00eancias gerais e espec\u00edficas inerentes a atua\u00e7\u00e3o do enfermeiro.<\/p>\n\n\n\n<p>Do ponto de vista did\u00e1tico-pedag\u00f3gico compreende-se a import\u00e2ncia da participa\u00e7\u00e3o ativa do estudante no seu processo de ensino-aprendizagem, considerando, para tanto, a aplica\u00e7\u00e3o de metodologias ativas no ensino, tais como o Team Based Learning (TBL), discuss\u00e3o de casos, <em>Objective Structured Clinical Examination<\/em>&nbsp;(OSCE) e outros ao longo do processo formativo e nas avalia\u00e7\u00f5es de compet\u00eancia.<\/p>\n\n\n\n<p>A estrutura curricular inclui disciplinas obrigat\u00f3rias, disciplinas optativas e atividades formativas. H\u00e1 disciplinas com carga te\u00f3rica reconhecidas como aulas-padr\u00e3o, com carga hor\u00e1ria em laborat\u00f3rio, atividades de est\u00e1gio, pr\u00e1ticas espec\u00edficas e atividades curriculares de extens\u00e3o.<\/p>\n\n\n\n<p>O curso possui um total de 4.118 horas, destas 918 horas s\u00e3o de atividades pr\u00e1ticas em laborat\u00f3rio ou servi\u00e7os de sa\u00fade, e 900 horas est\u00e3o previstas para o Est\u00e1gio Curricular Supervisionado. &nbsp;O est\u00e1gio curricular, conceituado como elemento curricular de car\u00e1ter formador e como um ato educativo supervisionado previsto para o Curso de Enfermagem, est\u00e1 regulamentado em conson\u00e2ncia com a defini\u00e7\u00e3o do perfil do profissional egresso, bem como com os objetivos para a sua forma\u00e7\u00e3o. Suas 900 horas, permitem cumprir o item das diretrizes curriculares nacionais que afirma: \u201ca carga hor\u00e1ria m\u00ednima do est\u00e1gio curricular supervisionado dever\u00e1 totalizar 20% (vinte por cento) da carga hor\u00e1ria total do Curso de Gradua\u00e7\u00e3o em Enfermagem proposto\u201d (CONSELHO NACIONAL DA EDUCA\u00c7\u00c3O, 2001, p. 4)<\/p>\n\n\n\n<p>Al\u00e9m disso, a matriz curricular prev\u00ea as Atividades Curriculares de Extens\u00e3o (ACE) que, conforme Resolu\u00e7\u00e3o n\u00ba 7, de 18 de dezembro de 2018, envolvem a aproxima\u00e7\u00e3o e inser\u00e7\u00e3o na comunidade, com a finalidade de promover uma intera\u00e7\u00e3o entre a universidade e a sociedade que contribua para gerar transforma\u00e7\u00f5es e melhoria na sa\u00fade e na vida das pessoas, por meio da articula\u00e7\u00e3o com o ensino e com a pesquisa.<\/p>\n\n\n\n<p>As atividades curriculares de extens\u00e3o compreendem \u2013 na matriz curricular &#8211; uma carga hor\u00e1ria m\u00ednima de 10% do total da carga hor\u00e1ria do curso, atendendo ao disposto na Resolu\u00e7\u00e3o n\u00ba 7, de 18 de dezembro de 2018, e na Resolu\u00e7\u00e3o n\u00ba 86\/2020-CEPE [disp\u00f5e sobre a credita\u00e7\u00e3o das Atividades Curriculares de Extens\u00e3o &#8211; ACE nos curr\u00edculos plenos dos cursos de gradua\u00e7\u00e3o da UFPR]. Esta carga hor\u00e1ria m\u00ednima de credita\u00e7\u00e3o da extens\u00e3o no curso, est\u00e1 assegurada na matriz curricular, integrada \u00e0s disciplinas obrigat\u00f3rias do curso.<\/p>\n\n\n\n<p>O curso de Enfermagem se organiza por meio de<strong>&nbsp;semana padr\u00e3o<\/strong>&nbsp;que ser\u00e1 a unidade na qual o curso ir\u00e1 se basear do primeiro ao oitavo semestre.<\/p>\n\n\n\n<p>A semana padr\u00e3o possibilita uma utiliza\u00e7\u00e3o racional da estrutura f\u00edsica do Campus, al\u00e9m de fornecer ao estudante uma no\u00e7\u00e3o espec\u00edfica de seu tempo durante os dez semestres letivos, incluindo tempo livre para o estudo individual (denominada \u201c\u00e1rea verde\u201d).<\/p>\n\n\n\n<p><strong><a href=\"https:\/\/toledo.ufpr.br\/enfermagemtoledo\/wp-content\/uploads\/sites\/5\/2025\/11\/Matriz-Curricular-Enfermagem-Toledo.pdf\" data-type=\"link\" data-id=\"https:\/\/toledo.ufpr.br\/wp-content\/uploads\/2025\/11\/Matriz-Curricular-Enfermagem-Toledo.pdf\" target=\"_blank\" rel=\"noreferrer noopener\">Acesse a Matriz Curricular do curso<\/a><\/strong><\/p>\n\n\n\n<hr class=\"wp-block-separator has-alpha-channel-opacity\"\/>\n\n\n\n<p class=\"has-text-align-right\">Atualizado em 12\/11\/25<\/p>\n","protected":false},"excerpt":{"rendered":"<p>O curso contempla uma matriz com dura\u00e7\u00e3o de cinco anos, dez semestres letivos, em per\u00edodo [&hellip;]<\/p>\n","protected":false},"author":2796,"featured_media":0,"parent":0,"menu_order":0,"comment_status":"closed","ping_status":"closed","template":"","meta":{"ngg_post_thumbnail":0,"footnotes":""},"class_list":["post-408","page","type-page","status-publish","hentry"],"_links":{"self":[{"href":"https:\/\/toledo.ufpr.br\/enfermagemtoledo\/wp-json\/wp\/v2\/pages\/408","targetHints":{"allow":["GET"]}}],"collection":[{"href":"https:\/\/toledo.ufpr.br\/enfermagemtoledo\/wp-json\/wp\/v2\/pages"}],"about":[{"href":"https:\/\/toledo.ufpr.br\/enfermagemtoledo\/wp-json\/wp\/v2\/types\/page"}],"author":[{"embeddable":true,"href":"https:\/\/toledo.ufpr.br\/enfermagemtoledo\/wp-json\/wp\/v2\/users\/2796"}],"replies":[{"embeddable":true,"href":"https:\/\/toledo.ufpr.br\/enfermagemtoledo\/wp-json\/wp\/v2\/comments?post=408"}],"version-history":[{"count":3,"href":"https:\/\/toledo.ufpr.br\/enfermagemtoledo\/wp-json\/wp\/v2\/pages\/408\/revisions"}],"predecessor-version":[{"id":625,"href":"https:\/\/toledo.ufpr.br\/enfermagemtoledo\/wp-json\/wp\/v2\/pages\/408\/revisions\/625"}],"wp:attachment":[{"href":"https:\/\/toledo.ufpr.br\/enfermagemtoledo\/wp-json\/wp\/v2\/media?parent=408"}],"curies":[{"name":"wp","href":"https:\/\/api.w.org\/{rel}","templated":true}]}}