{"id":212,"date":"2025-11-12T09:50:09","date_gmt":"2025-11-12T12:50:09","guid":{"rendered":"https:\/\/toledo.ufpr.br\/enfermagemtoledo\/?page_id=212"},"modified":"2025-11-13T09:27:55","modified_gmt":"2025-11-13T12:27:55","slug":"colegiado-do-curso","status":"publish","type":"page","link":"https:\/\/toledo.ufpr.br\/enfermagemtoledo\/colegiado-do-curso\/","title":{"rendered":"Colegiado do Curso"},"content":{"rendered":"\n<p>O Colegiado do curso de Enfermagem est\u00e1 composto pelos professores (<a href=\"https:\/\/toledo.ufpr.br\/enfermagemtoledo\/wp-content\/uploads\/sites\/5\/2025\/11\/SEI_7961282_Portaria_63_2025.pdf\" data-type=\"link\" data-id=\"https:\/\/toledo.ufpr.br\/wp-content\/uploads\/2025\/11\/SEI_7961282_Portaria_63_2025.pdf\" target=\"_blank\" rel=\"noreferrer noopener\">Portaria UFPR 63\/2025<\/a>):&nbsp;<\/p>\n\n\n\n<p>I. Presidente: Profa. Dra. J\u00e9ssica Cristina Ruths<\/p>\n\n\n\n<p>II. Vice-Presidente: Prof. Dr. Diego Alexandre Rozendo da Silva<\/p>\n\n\n\n<p>III. Profa. Dra. Juliana Bernardi Wenzel<\/p>\n\n\n\n<p>II. Profa. Dra. Heloisa Deola Confortim<\/p>\n\n\n\n<p>III. Profa. Dra. Tatiele Estefani Schonholzer<\/p>\n\n\n\n<p>IV. Profa. Msc. Sabrina Lima Machado<\/p>\n\n\n\n<p>V. Profa. Msc. Patricia Leen Kosako Cerutti<\/p>\n\n\n\n<hr class=\"wp-block-separator has-alpha-channel-opacity\"\/>\n\n\n\n<p><strong>Aten\u00e7\u00e3o:<\/strong><strong><\/strong><\/p>\n\n\n\n<p>\u201cO prazo de envio de processos\/solicita\u00e7\u00f5es ao Colegiado deve ser de no m\u00ednimo, <strong>10 dias de anteced\u00eancia da data da reuni\u00e3o<\/strong>. As solicita\u00e7\u00f5es devem ser encaminhadas para o e-mail: <a href=\"mailto:enfermagemtoledo@ufpr.br\"><u>enfermagemtoledo@ufpr.br<\/u><\/a>\u00a0<br>\u2013 No assunto do e-mail deve constar: \u201cAprecia\u00e7\u00e3o do Colegiado do Curso \u2013 Nome do requerente\u201d;<br>\u2013 No corpo do e-mail deve conter: nome completo do requerente, GRR\/Matr\u00edcula e motivo da solicita\u00e7\u00e3o.<br>\u2013 Anexar formul\u00e1rio correspondente ao tipo de solicita\u00e7\u00e3o\u00a0e, quando n\u00e3o houver um formul\u00e1rio espec\u00edfico, deve-se utilizar o <a href=\"https:\/\/toledo.ufpr.br\/wp-content\/uploads\/2021\/12\/Formul%C3%A1rio-Requerimento-Geral.pdf\" target=\"_blank\" rel=\"noreferrer noopener\">Formul\u00e1rio Requerimento Geral<\/a>, dispon\u00edvel na p\u00e1gina do Campus.<br>\u2013 Anexar hist\u00f3rico escolar do(a) aluno(a).<\/p>\n\n\n\n<hr class=\"wp-block-separator has-alpha-channel-opacity\"\/>\n\n\n\n<p><strong>Calend\u00e1rio de Reuni\u00f5es \u2013 Colegiado de Curso \u2013 2026<\/strong><strong><\/strong><\/p>\n\n\n\n<p><strong>*Em constru\u00e7\u00e3o<\/strong><\/p>\n\n\n\n<p>* As reuni\u00f5es habitualmente ocorrem na segunda ou terceira ter\u00e7a-feira de cada m\u00eas. Podem ser alteradas em virtude de feriados, recessos ou solicita\u00e7\u00e3o da Coordena\u00e7\u00e3o do Curso.<\/p>\n\n\n\n<p>As atas de reuni\u00f5es est\u00e3o dispon\u00edveis na secretaria acad\u00eamica, quando houver necessidade de acesso solicitar por e-mail: <a href=\"mailto:enfermagemtoledo@ufpr.br\"><u>enfermagemtoledo@ufpr.br<\/u><\/a><\/p>\n\n\n\n<hr class=\"wp-block-separator has-alpha-channel-opacity\"\/>\n\n\n\n<p class=\"has-text-align-right\">Atualizado em 12\/11\/25<\/p>\n","protected":false},"excerpt":{"rendered":"<p>O Colegiado do curso de Enfermagem est\u00e1 composto pelos professores (Portaria UFPR 63\/2025):&nbsp; I. Presidente: [&hellip;]<\/p>\n","protected":false},"author":2796,"featured_media":0,"parent":0,"menu_order":0,"comment_status":"closed","ping_status":"closed","template":"","meta":{"ngg_post_thumbnail":0,"footnotes":""},"class_list":["post-212","page","type-page","status-publish","hentry"],"_links":{"self":[{"href":"https:\/\/toledo.ufpr.br\/enfermagemtoledo\/wp-json\/wp\/v2\/pages\/212","targetHints":{"allow":["GET"]}}],"collection":[{"href":"https:\/\/toledo.ufpr.br\/enfermagemtoledo\/wp-json\/wp\/v2\/pages"}],"about":[{"href":"https:\/\/toledo.ufpr.br\/enfermagemtoledo\/wp-json\/wp\/v2\/types\/page"}],"author":[{"embeddable":true,"href":"https:\/\/toledo.ufpr.br\/enfermagemtoledo\/wp-json\/wp\/v2\/users\/2796"}],"replies":[{"embeddable":true,"href":"https:\/\/toledo.ufpr.br\/enfermagemtoledo\/wp-json\/wp\/v2\/comments?post=212"}],"version-history":[{"count":4,"href":"https:\/\/toledo.ufpr.br\/enfermagemtoledo\/wp-json\/wp\/v2\/pages\/212\/revisions"}],"predecessor-version":[{"id":601,"href":"https:\/\/toledo.ufpr.br\/enfermagemtoledo\/wp-json\/wp\/v2\/pages\/212\/revisions\/601"}],"wp:attachment":[{"href":"https:\/\/toledo.ufpr.br\/enfermagemtoledo\/wp-json\/wp\/v2\/media?parent=212"}],"curies":[{"name":"wp","href":"https:\/\/api.w.org\/{rel}","templated":true}]}}