{"id":207,"date":"2025-11-12T09:44:26","date_gmt":"2025-11-12T12:44:26","guid":{"rendered":"https:\/\/toledo.ufpr.br\/enfermagemtoledo\/?page_id=207"},"modified":"2025-11-12T09:44:26","modified_gmt":"2025-11-12T12:44:26","slug":"coordenacao-de-periodos","status":"publish","type":"page","link":"https:\/\/toledo.ufpr.br\/enfermagemtoledo\/coordenacao-de-periodos\/","title":{"rendered":"Coordena\u00e7\u00e3o de Per\u00edodos"},"content":{"rendered":"\n<h4 class=\"wp-block-heading has-text-align-center\">\ud83d\udcda <strong> 2\u00ba Semestre\/202<\/strong>6<\/h4>\n\n\n\n<h4 class=\"wp-block-heading\">\ud83c\udf93 <strong>Per\u00edodos Acad\u00eamicos (1\u00ba ao 8\u00ba)<\/strong><\/h4>\n\n\n\n<figure class=\"wp-block-table\"><table><thead><tr><th>\ud83d\udcc5 <strong>Per\u00edodo<\/strong><\/th><th>\ud83d\udc69\u200d\ud83c\udfeb <strong>Professor(a) Coordenador(a)<\/strong><\/th><\/tr><\/thead><tbody><tr><td>1\u00ba<\/td><td>Prof.\u00aa Jessica Cristina Ruths<\/td><\/tr><\/tbody><\/table><\/figure>\n\n\n\n<div class=\"wp-block-group\"><div class=\"wp-block-group__inner-container is-layout-constrained wp-block-group-is-layout-constrained\">\n<hr class=\"wp-block-separator has-alpha-channel-opacity\"\/>\n<\/div><\/div>\n\n\n\n<p class=\"has-text-align-right\">Atualizado em 12\/11\/25<\/p>\n\n\n\n<p><\/p>\n","protected":false},"excerpt":{"rendered":"<p>\ud83d\udcda 2\u00ba Semestre\/2026 \ud83c\udf93 Per\u00edodos Acad\u00eamicos (1\u00ba ao 8\u00ba) \ud83d\udcc5 Per\u00edodo \ud83d\udc69\u200d\ud83c\udfeb Professor(a) Coordenador(a) 1\u00ba [&hellip;]<\/p>\n","protected":false},"author":2796,"featured_media":0,"parent":0,"menu_order":0,"comment_status":"closed","ping_status":"closed","template":"","meta":{"ngg_post_thumbnail":0,"footnotes":""},"class_list":["post-207","page","type-page","status-publish","hentry"],"_links":{"self":[{"href":"https:\/\/toledo.ufpr.br\/enfermagemtoledo\/wp-json\/wp\/v2\/pages\/207","targetHints":{"allow":["GET"]}}],"collection":[{"href":"https:\/\/toledo.ufpr.br\/enfermagemtoledo\/wp-json\/wp\/v2\/pages"}],"about":[{"href":"https:\/\/toledo.ufpr.br\/enfermagemtoledo\/wp-json\/wp\/v2\/types\/page"}],"author":[{"embeddable":true,"href":"https:\/\/toledo.ufpr.br\/enfermagemtoledo\/wp-json\/wp\/v2\/users\/2796"}],"replies":[{"embeddable":true,"href":"https:\/\/toledo.ufpr.br\/enfermagemtoledo\/wp-json\/wp\/v2\/comments?post=207"}],"version-history":[{"count":1,"href":"https:\/\/toledo.ufpr.br\/enfermagemtoledo\/wp-json\/wp\/v2\/pages\/207\/revisions"}],"predecessor-version":[{"id":210,"href":"https:\/\/toledo.ufpr.br\/enfermagemtoledo\/wp-json\/wp\/v2\/pages\/207\/revisions\/210"}],"wp:attachment":[{"href":"https:\/\/toledo.ufpr.br\/enfermagemtoledo\/wp-json\/wp\/v2\/media?parent=207"}],"curies":[{"name":"wp","href":"https:\/\/api.w.org\/{rel}","templated":true}]}}