{"id":147,"date":"2025-11-11T13:35:06","date_gmt":"2025-11-11T16:35:06","guid":{"rendered":"https:\/\/toledo.ufpr.br\/enfermagemtoledo\/?page_id=147"},"modified":"2025-11-12T16:55:39","modified_gmt":"2025-11-12T19:55:39","slug":"curso-de-enfermagem-campus-toledo","status":"publish","type":"page","link":"https:\/\/toledo.ufpr.br\/enfermagemtoledo\/curso-de-enfermagem-campus-toledo\/","title":{"rendered":"CURSO DE ENFERMAGEM \u2013 CAMPUS TOLEDO"},"content":{"rendered":"\n<p>O Campus Toledo da Universidade Federal do Paran\u00e1 (UFPR) foi criado por meio da Resolu\u00e7\u00e3o n\u00ba 26\/14-COUN com a finalidade de implantar o curso de Gradua\u00e7\u00e3o em Medicina e demais cursos na \u00e1rea da sa\u00fade (Conselho Universit\u00e1rio, 2014).<\/p>\n\n\n\n<p><br>Entendendo que o Campus Toledo cumpriu o primeiro objetivo, de implanta\u00e7\u00e3o do curso de Medicina, inclusive com a conclus\u00e3o da primeira turma, iniciou-se em outubro de 2022 um estudo de viabilidade com rela\u00e7\u00e3o \u00e0 implanta\u00e7\u00e3o do curso de Bacharelado em Enfermagem, conforme previsto no Planejamento Estrat\u00e9gico 2020-2024 do Campus (Campus Toledo, 2020).<\/p>\n\n\n\n<p><br>Esse estudo de viabilidade foi conduzido por uma Comiss\u00e3o designada a partir da Portaria UFPR n\u00ba 1.213 de 06 de outubro de 2022 e ap\u00f3s a elabora\u00e7\u00e3o do <strong><a href=\"https:\/\/toledo.ufpr.br\/enfermagemtoledo\/wp-content\/uploads\/sites\/5\/2025\/11\/Projeto-Pedagogico-do-Curso-PPC.pdf\" data-type=\"link\" data-id=\"https:\/\/toledo.ufpr.br\/enfermagemtoledo\/wp-content\/uploads\/sites\/5\/2025\/11\/Projeto-Pedagogico-do-Curso-PPC.pdf\" target=\"_blank\" rel=\"noreferrer noopener\">Projeto Pedag\u00f3gico do Curso (PPC)<\/a><\/strong> e tr\u00e2mites regulares, em setembro de 2025 o Campus recebeu a avalia\u00e7\u00e3o externa do MEC e a aprova\u00e7\u00e3o do curso de Enfermagem com nota m\u00e1xima, ou seja nota 5.<\/p>\n\n\n\n<p><br>Com um curr\u00edculo moderno, utilizando metodologias ativas de ensino aprendizagem, importante contato com a comunidade nas Unidades B\u00e1sicas de Sa\u00fade desde os primeiros semestres letivos, o curso apresenta-se em conformidade com&nbsp;<a href=\"https:\/\/portal.mec.gov.br\/index.php?option=com_docman&amp;view=download&amp;alias=264151-pces443-24&amp;category_slug=julho-2024&amp;Itemid=30192\" data-type=\"link\" data-id=\"https:\/\/portal.mec.gov.br\/index.php?option=com_docman&amp;view=download&amp;alias=264151-pces443-24&amp;category_slug=julho-2024&amp;Itemid=30192\" target=\"_blank\" rel=\"noreferrer noopener\"><strong>Diretrizes Curriculares Nacionais para os Cursos de Gradua\u00e7\u00e3o em Enfermagem no Brasil<\/strong>&nbsp;(DCN 2014)<\/a>.<\/p>\n\n\n\n<p><\/p>\n\n\n\n<hr class=\"wp-block-separator has-alpha-channel-opacity\"\/>\n\n\n\n<p class=\"has-text-align-right\">Atualizado em 12\/11\/25<\/p>\n","protected":false},"excerpt":{"rendered":"<p>O Campus Toledo da Universidade Federal do Paran\u00e1 (UFPR) foi criado por meio da Resolu\u00e7\u00e3o [&hellip;]<\/p>\n","protected":false},"author":2796,"featured_media":0,"parent":0,"menu_order":0,"comment_status":"closed","ping_status":"closed","template":"","meta":{"ngg_post_thumbnail":0,"footnotes":""},"class_list":["post-147","page","type-page","status-publish","hentry"],"_links":{"self":[{"href":"https:\/\/toledo.ufpr.br\/enfermagemtoledo\/wp-json\/wp\/v2\/pages\/147","targetHints":{"allow":["GET"]}}],"collection":[{"href":"https:\/\/toledo.ufpr.br\/enfermagemtoledo\/wp-json\/wp\/v2\/pages"}],"about":[{"href":"https:\/\/toledo.ufpr.br\/enfermagemtoledo\/wp-json\/wp\/v2\/types\/page"}],"author":[{"embeddable":true,"href":"https:\/\/toledo.ufpr.br\/enfermagemtoledo\/wp-json\/wp\/v2\/users\/2796"}],"replies":[{"embeddable":true,"href":"https:\/\/toledo.ufpr.br\/enfermagemtoledo\/wp-json\/wp\/v2\/comments?post=147"}],"version-history":[{"count":8,"href":"https:\/\/toledo.ufpr.br\/enfermagemtoledo\/wp-json\/wp\/v2\/pages\/147\/revisions"}],"predecessor-version":[{"id":575,"href":"https:\/\/toledo.ufpr.br\/enfermagemtoledo\/wp-json\/wp\/v2\/pages\/147\/revisions\/575"}],"wp:attachment":[{"href":"https:\/\/toledo.ufpr.br\/enfermagemtoledo\/wp-json\/wp\/v2\/media?parent=147"}],"curies":[{"name":"wp","href":"https:\/\/api.w.org\/{rel}","templated":true}]}}